{"id":15457,"date":"2022-07-07T06:52:28","date_gmt":"2022-07-07T06:52:28","guid":{"rendered":"https:\/\/www.santutxu.com\/?page_id=15457"},"modified":"2022-07-07T06:52:29","modified_gmt":"2022-07-07T06:52:29","slug":"entrepots-logistiques-plateformes-de-chargement-de-conteneurs","status":"publish","type":"page","link":"https:\/\/www.santutxu.com\/fr\/solaire\/moyens-de-production\/entrepots-logistiques-plateformes-de-chargement-de-conteneurs\/","title":{"rendered":"Entrep\u00f4ts logistiques \/ Plateformes de chargement de conteneurs"},"content":{"rendered":"<div class=\"wpb-content-wrapper\">[vc_row column_spacing=\u00a0\u00bb20&Prime;][vc_column][vc_column_text]ASEBAL dispose de 60\u00a0000\u00a0m\u00b2 de terrains industriels r\u00e9partis sur six sites diff\u00e9rents au Pays basque et dans les Asturies, ainsi que d\u2019une flotte de camions pour le transport interne entre les installations du groupe.<\/p>\n<p>Asebal dispose de deux plateformes de chargement motoris\u00e9es pour un chargement rapide et s\u00fbr des conteneurs qui seront exp\u00e9di\u00e9s par voie maritime. Des conteneurs de 20\u201c \u00e0 45\u201c peuvent \u00eatre charg\u00e9s.[\/vc_column_text][\/vc_column][\/vc_row][vc_row column_spacing=\u00a0\u00bb20&Prime;][vc_column][rev_slider_vc alias=\u00a0\u00bbalmacen-de-logistica-plataformas-de-carga-de-contenedores\u00a0\u00bb][\/vc_column][\/vc_row]\n<\/div>","protected":false},"excerpt":{"rendered":"<p>[vc_row column_spacing=\u00a0\u00bb20&Prime;][vc_column][vc_column_text]ASEBAL dispose de 60\u00a0000\u00a0m\u00b2 de terrains industriels r\u00e9partis sur six sites diff\u00e9rents au Pays basque et dans les Asturies, ainsi que d\u2019une flotte de camions pour le transport interne entre les installations du groupe. Asebal dispose de deux plateformes de chargement motoris\u00e9es pour un chargement rapide et s\u00fbr des conteneurs qui seront exp\u00e9di\u00e9s par&hellip;<\/p>\n","protected":false},"author":2,"featured_media":0,"parent":15406,"menu_order":0,"comment_status":"closed","ping_status":"closed","template":"","meta":{"footnotes":""},"class_list":["post-15457","page","type-page","status-publish","hentry","entry","no-media"],"yoast_head":"<!-- This site is optimized with the Yoast SEO plugin v27.2 - https:\/\/yoast.com\/product\/yoast-seo-wordpress\/ -->\n<title>Entrep\u00f4ts logistiques \/ Plateformes de chargement de conteneurs - Asebal<\/title>\n<meta name=\"robots\" content=\"noindex, follow, max-snippet:-1, max-image-preview:large, max-video-preview:-1\" \/>\n<meta property=\"og:locale\" content=\"fr_FR\" \/>\n<meta property=\"og:type\" content=\"article\" \/>\n<meta property=\"og:title\" content=\"Entrep\u00f4ts logistiques \/ Plateformes de chargement de conteneurs - Asebal\" \/>\n<meta property=\"og:description\" content=\"[vc_row column_spacing=\u00a0\u00bb20&Prime;][vc_column][vc_column_text]ASEBAL dispose de 60\u00a0000\u00a0m\u00b2 de terrains industriels r\u00e9partis sur six sites diff\u00e9rents au Pays basque et dans les Asturies, ainsi que d\u2019une flotte de camions pour le transport interne entre les installations du groupe. Asebal dispose de deux plateformes de chargement motoris\u00e9es pour un chargement rapide et s\u00fbr des conteneurs qui seront exp\u00e9di\u00e9s par&hellip;\" \/>\n<meta property=\"og:url\" content=\"https:\/\/www.santutxu.com\/fr\/solaire\/moyens-de-production\/entrepots-logistiques-plateformes-de-chargement-de-conteneurs\/\" \/>\n<meta property=\"og:site_name\" content=\"Asebal\" \/>\n<meta property=\"article:modified_time\" content=\"2022-07-07T06:52:29+00:00\" \/>\n<meta name=\"twitter:card\" content=\"summary_large_image\" \/>\n<meta name=\"twitter:label1\" content=\"Dur\u00e9e de lecture estim\u00e9e\" \/>\n\t<meta name=\"twitter:data1\" content=\"1 minute\" \/>\n<script type=\"application\/ld+json\" class=\"yoast-schema-graph\">{\"@context\":\"https:\/\/schema.org\",\"@graph\":[{\"@type\":\"WebPage\",\"@id\":\"https:\/\/www.santutxu.com\/fr\/solaire\/moyens-de-production\/entrepots-logistiques-plateformes-de-chargement-de-conteneurs\/\",\"url\":\"https:\/\/www.santutxu.com\/fr\/solaire\/moyens-de-production\/entrepots-logistiques-plateformes-de-chargement-de-conteneurs\/\",\"name\":\"Entrep\u00f4ts logistiques \/ Plateformes de chargement de conteneurs - Asebal\",\"isPartOf\":{\"@id\":\"https:\/\/www.santutxu.com\/#website\"},\"datePublished\":\"2022-07-07T06:52:28+00:00\",\"dateModified\":\"2022-07-07T06:52:29+00:00\",\"breadcrumb\":{\"@id\":\"https:\/\/www.santutxu.com\/fr\/solaire\/moyens-de-production\/entrepots-logistiques-plateformes-de-chargement-de-conteneurs\/#breadcrumb\"},\"inLanguage\":\"fr-FR\",\"potentialAction\":[{\"@type\":\"ReadAction\",\"target\":[\"https:\/\/www.santutxu.com\/fr\/solaire\/moyens-de-production\/entrepots-logistiques-plateformes-de-chargement-de-conteneurs\/\"]}]},{\"@type\":\"BreadcrumbList\",\"@id\":\"https:\/\/www.santutxu.com\/fr\/solaire\/moyens-de-production\/entrepots-logistiques-plateformes-de-chargement-de-conteneurs\/#breadcrumb\",\"itemListElement\":[{\"@type\":\"ListItem\",\"position\":1,\"name\":\"\",\"item\":\"https:\/\/www.santutxu.com\/fr\/\"},{\"@type\":\"ListItem\",\"position\":2,\"name\":\"Solaire\",\"item\":\"https:\/\/www.santutxu.com\/fr\/solaire\/\"},{\"@type\":\"ListItem\",\"position\":3,\"name\":\"Moyens de production\",\"item\":\"https:\/\/www.santutxu.com\/fr\/solaire\/moyens-de-production\/\"},{\"@type\":\"ListItem\",\"position\":4,\"name\":\"Entrep\u00f4ts logistiques \/ Plateformes de chargement de conteneurs\"}]},{\"@type\":\"WebSite\",\"@id\":\"https:\/\/www.santutxu.com\/#website\",\"url\":\"https:\/\/www.santutxu.com\/\",\"name\":\"Asebal\",\"description\":\"Otro sitio realizado con WordPress\",\"publisher\":{\"@id\":\"https:\/\/www.santutxu.com\/#organization\"},\"potentialAction\":[{\"@type\":\"SearchAction\",\"target\":{\"@type\":\"EntryPoint\",\"urlTemplate\":\"https:\/\/www.santutxu.com\/?s={search_term_string}\"},\"query-input\":{\"@type\":\"PropertyValueSpecification\",\"valueRequired\":true,\"valueName\":\"search_term_string\"}}],\"inLanguage\":\"fr-FR\"},{\"@type\":\"Organization\",\"@id\":\"https:\/\/www.santutxu.com\/#organization\",\"name\":\"Asebal\",\"url\":\"https:\/\/www.santutxu.com\/\",\"logo\":{\"@type\":\"ImageObject\",\"inLanguage\":\"fr-FR\",\"@id\":\"https:\/\/www.santutxu.com\/#\/schema\/logo\/image\/\",\"url\":\"https:\/\/www.santutxu.com\/wp-content\/uploads\/2015\/06\/logo-asebal1.png\",\"contentUrl\":\"https:\/\/www.santutxu.com\/wp-content\/uploads\/2015\/06\/logo-asebal1.png\",\"width\":265,\"height\":50,\"caption\":\"Asebal\"},\"image\":{\"@id\":\"https:\/\/www.santutxu.com\/#\/schema\/logo\/image\/\"}}]}<\/script>\n<!-- \/ Yoast SEO plugin. -->","yoast_head_json":{"title":"Entrep\u00f4ts logistiques \/ Plateformes de chargement de conteneurs - Asebal","robots":{"index":"noindex","follow":"follow","max-snippet":"max-snippet:-1","max-image-preview":"max-image-preview:large","max-video-preview":"max-video-preview:-1"},"og_locale":"fr_FR","og_type":"article","og_title":"Entrep\u00f4ts logistiques \/ Plateformes de chargement de conteneurs - Asebal","og_description":"[vc_row column_spacing=\u00a0\u00bb20&Prime;][vc_column][vc_column_text]ASEBAL dispose de 60\u00a0000\u00a0m\u00b2 de terrains industriels r\u00e9partis sur six sites diff\u00e9rents au Pays basque et dans les Asturies, ainsi que d\u2019une flotte de camions pour le transport interne entre les installations du groupe. Asebal dispose de deux plateformes de chargement motoris\u00e9es pour un chargement rapide et s\u00fbr des conteneurs qui seront exp\u00e9di\u00e9s par&hellip;","og_url":"https:\/\/www.santutxu.com\/fr\/solaire\/moyens-de-production\/entrepots-logistiques-plateformes-de-chargement-de-conteneurs\/","og_site_name":"Asebal","article_modified_time":"2022-07-07T06:52:29+00:00","twitter_card":"summary_large_image","twitter_misc":{"Dur\u00e9e de lecture estim\u00e9e":"1 minute"},"schema":{"@context":"https:\/\/schema.org","@graph":[{"@type":"WebPage","@id":"https:\/\/www.santutxu.com\/fr\/solaire\/moyens-de-production\/entrepots-logistiques-plateformes-de-chargement-de-conteneurs\/","url":"https:\/\/www.santutxu.com\/fr\/solaire\/moyens-de-production\/entrepots-logistiques-plateformes-de-chargement-de-conteneurs\/","name":"Entrep\u00f4ts logistiques \/ Plateformes de chargement de conteneurs - Asebal","isPartOf":{"@id":"https:\/\/www.santutxu.com\/#website"},"datePublished":"2022-07-07T06:52:28+00:00","dateModified":"2022-07-07T06:52:29+00:00","breadcrumb":{"@id":"https:\/\/www.santutxu.com\/fr\/solaire\/moyens-de-production\/entrepots-logistiques-plateformes-de-chargement-de-conteneurs\/#breadcrumb"},"inLanguage":"fr-FR","potentialAction":[{"@type":"ReadAction","target":["https:\/\/www.santutxu.com\/fr\/solaire\/moyens-de-production\/entrepots-logistiques-plateformes-de-chargement-de-conteneurs\/"]}]},{"@type":"BreadcrumbList","@id":"https:\/\/www.santutxu.com\/fr\/solaire\/moyens-de-production\/entrepots-logistiques-plateformes-de-chargement-de-conteneurs\/#breadcrumb","itemListElement":[{"@type":"ListItem","position":1,"name":"","item":"https:\/\/www.santutxu.com\/fr\/"},{"@type":"ListItem","position":2,"name":"Solaire","item":"https:\/\/www.santutxu.com\/fr\/solaire\/"},{"@type":"ListItem","position":3,"name":"Moyens de production","item":"https:\/\/www.santutxu.com\/fr\/solaire\/moyens-de-production\/"},{"@type":"ListItem","position":4,"name":"Entrep\u00f4ts logistiques \/ Plateformes de chargement de conteneurs"}]},{"@type":"WebSite","@id":"https:\/\/www.santutxu.com\/#website","url":"https:\/\/www.santutxu.com\/","name":"Asebal","description":"Otro sitio realizado con WordPress","publisher":{"@id":"https:\/\/www.santutxu.com\/#organization"},"potentialAction":[{"@type":"SearchAction","target":{"@type":"EntryPoint","urlTemplate":"https:\/\/www.santutxu.com\/?s={search_term_string}"},"query-input":{"@type":"PropertyValueSpecification","valueRequired":true,"valueName":"search_term_string"}}],"inLanguage":"fr-FR"},{"@type":"Organization","@id":"https:\/\/www.santutxu.com\/#organization","name":"Asebal","url":"https:\/\/www.santutxu.com\/","logo":{"@type":"ImageObject","inLanguage":"fr-FR","@id":"https:\/\/www.santutxu.com\/#\/schema\/logo\/image\/","url":"https:\/\/www.santutxu.com\/wp-content\/uploads\/2015\/06\/logo-asebal1.png","contentUrl":"https:\/\/www.santutxu.com\/wp-content\/uploads\/2015\/06\/logo-asebal1.png","width":265,"height":50,"caption":"Asebal"},"image":{"@id":"https:\/\/www.santutxu.com\/#\/schema\/logo\/image\/"}}]}},"_links":{"self":[{"href":"https:\/\/www.santutxu.com\/fr\/wp-json\/wp\/v2\/pages\/15457","targetHints":{"allow":["GET"]}}],"collection":[{"href":"https:\/\/www.santutxu.com\/fr\/wp-json\/wp\/v2\/pages"}],"about":[{"href":"https:\/\/www.santutxu.com\/fr\/wp-json\/wp\/v2\/types\/page"}],"author":[{"embeddable":true,"href":"https:\/\/www.santutxu.com\/fr\/wp-json\/wp\/v2\/users\/2"}],"replies":[{"embeddable":true,"href":"https:\/\/www.santutxu.com\/fr\/wp-json\/wp\/v2\/comments?post=15457"}],"version-history":[{"count":1,"href":"https:\/\/www.santutxu.com\/fr\/wp-json\/wp\/v2\/pages\/15457\/revisions"}],"predecessor-version":[{"id":15458,"href":"https:\/\/www.santutxu.com\/fr\/wp-json\/wp\/v2\/pages\/15457\/revisions\/15458"}],"up":[{"embeddable":true,"href":"https:\/\/www.santutxu.com\/fr\/wp-json\/wp\/v2\/pages\/15406"}],"wp:attachment":[{"href":"https:\/\/www.santutxu.com\/fr\/wp-json\/wp\/v2\/media?parent=15457"}],"curies":[{"name":"wp","href":"https:\/\/api.w.org\/{rel}","templated":true}]}}