{"id":15429,"date":"2022-07-07T06:17:21","date_gmt":"2022-07-07T06:17:21","guid":{"rendered":"https:\/\/www.santutxu.com\/?page_id=15429"},"modified":"2022-07-07T06:17:22","modified_gmt":"2022-07-07T06:17:22","slug":"structure-fixe","status":"publish","type":"page","link":"https:\/\/www.santutxu.com\/fr\/solaire\/references-douvrages\/structure-fixe\/","title":{"rendered":"Structure fixe"},"content":{"rendered":"<div class=\"wpb-content-wrapper\">[vc_row column_spacing=\u00a0\u00bb20&Prime;][vc_column][rev_slider_vc alias=\u00a0\u00bbestructura-fija\u00a0\u00bb][\/vc_column][\/vc_row][vc_row column_spacing=\u00a0\u00bb20&Prime;][vc_column][vc_column_text]<em>Liste des plus importants projets de structures fixes entre 2014 et 2016.<\/em>[\/vc_column_text][vc_empty_space height=\u00a0\u00bb20px\u00a0\u00bb][vc_column_text]\n<table style=\"border: 1px #000000; height: 20px;\" width=\"100%\" cellpadding=\"2\">\n<tbody>\n<tr style=\"border-color: #000000;\">\n<td style=\"width: 20%; height: 40px; border: 1px solid #000000; background-color: #404040; text-align: center; vertical-align: middle;\"><span style=\"color: #ffffff;\"><strong>Pays<\/strong><\/span><\/td>\n<td style=\"width: 20%; height: 40px; border: 1px solid #000000; background-color: #404040; text-align: center; vertical-align: middle;\"><span style=\"color: #ffffff;\"><strong>Projet<\/strong><\/span><\/td>\n<td style=\"width: 20%; height: 40px; border: 1px solid #000000; background-color: #404040; text-align: center; vertical-align: middle;\"><span style=\"color: #ffffff;\"><strong>MW<\/strong><\/span><\/td>\n<\/tr>\n<tr style=\"border-color: #000000;\">\n<td style=\"width: 20%; height: 40px; border: 1px solid #000000; text-align: center; vertical-align: middle;\">Australie<\/td>\n<td style=\"width: 20%; height: 40px; border: 1px solid #000000; text-align: center; vertical-align: middle;\">Royalla<\/td>\n<td style=\"width: 20%; height: 40px; border: 1px solid #000000; text-align: center; vertical-align: middle;\">24,0<\/td>\n<\/tr>\n<tr>\n<td style=\"width: 20%; height: 40px; border: 1px solid #000000; text-align: center; vertical-align: middle;\">Jordanie<\/td>\n<td style=\"width: 20%; height: 40px; border: 1px solid #000000; text-align: center; vertical-align: middle;\">Ma\u2019an<\/td>\n<td style=\"width: 20%; height: 40px; border: 1px solid #000000; text-align: center; vertical-align: middle;\">1,0<\/td>\n<\/tr>\n<tr>\n<td style=\"width: 20%; height: 40px; border: 1px solid #000000; text-align: center; vertical-align: middle;\">\u00c9gypte<\/td>\n<td style=\"width: 21%; height: 40px; border: 1px solid #000000; text-align: center; vertical-align: middle;\">Le Caire<\/td>\n<td style=\"width: 20%; height: 40px; border: 1px solid #000000; text-align: center; vertical-align: middle;\">1,0<\/td>\n<\/tr>\n<tr>\n<td style=\"width: 20%; height: 40px; border: 1px solid #000000; text-align: center; vertical-align: middle;\">Guatemala<\/td>\n<td style=\"width: 21%; height: 40px; border: 1px solid #000000; text-align: center; vertical-align: middle;\">Sibo<\/td>\n<td style=\"width: 20%; height: 40px; border: 1px solid #000000; text-align: center; vertical-align: middle;\">1,0<\/td>\n<\/tr>\n<tr>\n<td style=\"width: 20%; height: 40px; border: 1px solid #000000; text-align: center; vertical-align: middle;\">Chili<\/td>\n<td style=\"width: 21%; height: 40px; border: 1px solid #000000; text-align: center; vertical-align: middle;\">Diego de Almagro<\/td>\n<td style=\"width: 20%; height: 40px; border: 1px solid #000000; text-align: center; vertical-align: middle;\">13,8<\/td>\n<\/tr>\n<tr>\n<td style=\"width: 20%; height: 40px; border: 1px solid #000000; text-align: center; vertical-align: middle;\">Espagne<\/td>\n<td style=\"width: 21%; height: 40px; border: 1px solid #000000; text-align: center; vertical-align: middle;\">Installations isol\u00e9es<\/td>\n<td style=\"width: 20%; height: 40px; border: 1px solid #000000; text-align: center; vertical-align: middle;\">25,8<\/td>\n<\/tr>\n<tr>\n<td style=\"width: 20%; height: 40px; border: 1px solid #000000; text-align: center; vertical-align: middle;\">Uruguay<\/td>\n<td style=\"width: 21%; height: 40px; border: 1px solid #000000; text-align: center; vertical-align: middle;\">Jacinta<\/td>\n<td style=\"width: 20%; height: 40px; border: 1px solid #000000; text-align: center; vertical-align: middle;\">65<\/td>\n<\/tr>\n<tr>\n<td style=\"width: 20%; height: 40px; border: 1px solid #000000; text-align: center; vertical-align: middle;\">Royaume-Uni<\/td>\n<td style=\"width: 21%; height: 40px; border: 1px solid #000000; text-align: center; vertical-align: middle;\">Installations vari\u00e9es<\/td>\n<td style=\"width: 20%; height: 40px; border: 1px solid #000000; text-align: center; vertical-align: middle;\">376,2<\/td>\n<\/tr>\n<tr>\n<td style=\"width: 20%; height: 40px; border: 1px solid #000000; text-align: center; vertical-align: middle;\">Jordanie<\/td>\n<td style=\"width: 21%; height: 40px; border: 1px solid #000000; text-align: center; vertical-align: middle;\">Jordanie<\/td>\n<td style=\"width: 20%; height: 40px; border: 1px solid #000000; text-align: center; vertical-align: middle;\">3,5<\/td>\n<\/tr>\n<tr>\n<td style=\"width: 20%; height: 40px; border: 1px solid #000000; text-align: center; vertical-align: middle;\">Honduras<\/td>\n<td style=\"width: 21%; height: 40px; border: 1px solid #000000; text-align: center; vertical-align: middle;\">Choluteca<\/td>\n<td style=\"width: 20%; height: 40px; border: 1px solid #000000; text-align: center; vertical-align: middle;\">60<\/td>\n<\/tr>\n<tr>\n<td style=\"width: 20%; height: 40px; border: 1px solid #000000; text-align: center; vertical-align: middle;\">France<\/td>\n<td style=\"width: 21%; height: 40px; border: 1px solid #000000; text-align: center; vertical-align: middle;\">Loule<\/td>\n<td style=\"width: 20%; height: 40px; border: 1px solid #000000; text-align: center; vertical-align: middle;\">10<\/td>\n<\/tr>\n<tr>\n<td style=\"width: 20%; height: 40px; border: 1px solid #000000; text-align: center; vertical-align: middle;\">Mexique<\/td>\n<td style=\"width: 21%; height: 40px; border: 1px solid #000000; text-align: center; vertical-align: middle;\">Mexico<\/td>\n<td style=\"width: 20%; height: 40px; border: 1px solid #000000; text-align: center; vertical-align: middle;\">15<\/td>\n<\/tr>\n<tr>\n<td style=\"width: 20%; height: 40px; border: 1px solid #000000; text-align: center; vertical-align: middle;\">Espagne<\/td>\n<td style=\"width: 21%; height: 40px; border: 1px solid #000000; text-align: center; vertical-align: middle;\">S\u00e9ville<\/td>\n<td style=\"width: 20%; height: 40px; border: 1px solid #000000; text-align: center; vertical-align: middle;\">2,6<\/td>\n<\/tr>\n<tr>\n<td style=\"width: 20%; height: 40px; border: 1px solid #000000; text-align: center; vertical-align: middle;\">France<\/td>\n<td style=\"width: 21%; height: 40px; border: 1px solid #000000; text-align: center; vertical-align: middle;\">Installations vari\u00e9es<\/td>\n<td style=\"width: 20%; height: 40px; border: 1px solid #000000; text-align: center; vertical-align: middle;\">63<\/td>\n<\/tr>\n<tr>\n<td style=\"width: 20%; height: 40px; border: 1px solid #000000; text-align: center; vertical-align: middle;\">Panama<\/td>\n<td style=\"width: 21%; height: 40px; border: 1px solid #000000; text-align: center; vertical-align: middle;\">Panama<\/td>\n<td style=\"width: 20%; height: 40px; border: 1px solid #000000; text-align: center; vertical-align: middle;\">34,7<\/td>\n<\/tr>\n<tr>\n<td style=\"width: 20%; height: 40px; border: 1px solid #000000; text-align: center; vertical-align: middle;\">Jordanie<\/td>\n<td style=\"width: 21%; height: 40px; border: 1px solid #000000; text-align: center; vertical-align: middle;\">Falcon<\/td>\n<td style=\"width: 20%; height: 40px; border: 1px solid #000000; text-align: center; vertical-align: middle;\">35<\/td>\n<\/tr>\n<tr>\n<td style=\"width: 20%; height: 40px; border: 1px solid #000000; text-align: center; vertical-align: middle;\">Philippines<\/td>\n<td style=\"width: 21%; height: 40px; border: 1px solid #000000; text-align: center; vertical-align: middle;\">Leyte<\/td>\n<td style=\"width: 20%; height: 40px; border: 1px solid #000000; text-align: center; vertical-align: middle;\">50<\/td>\n<\/tr>\n<tr>\n<td style=\"width: 20%; height: 40px; border: 1px solid #000000; text-align: center; vertical-align: middle;\">Chili<\/td>\n<td style=\"width: 21%; height: 40px; border: 1px solid #000000; text-align: center; vertical-align: middle;\">El Romero<\/td>\n<td style=\"width: 20%; height: 40px; border: 1px solid #000000; text-align: center; vertical-align: middle;\">120<\/td>\n<\/tr>\n<tr>\n<td style=\"width: 20%; height: 40px; border: 1px solid #000000; text-align: center; vertical-align: middle;\">S\u00e9n\u00e9gal<\/td>\n<td style=\"width: 21%; height: 40px; border: 1px solid #000000; text-align: center; vertical-align: middle;\">Bokhol<\/td>\n<td style=\"width: 20%; height: 40px; border: 1px solid #000000; text-align: center; vertical-align: middle;\">20<\/td>\n<\/tr>\n<tr>\n<td style=\"width: 20%; height: 40px; border: 1px solid #000000; text-align: center; vertical-align: middle;\">Chili<\/td>\n<td style=\"width: 21%; height: 40px; border: 1px solid #000000; text-align: center; vertical-align: middle;\">Orianas I et II<\/td>\n<td style=\"width: 20%; height: 40px; border: 1px solid #000000; text-align: center; vertical-align: middle;\">57<\/td>\n<\/tr>\n<tr>\n<td style=\"width: 20%; height: 40px; border: 1px solid #000000; text-align: center; vertical-align: middle;\">Hollande<\/td>\n<td style=\"width: 21%; height: 40px; border: 1px solid #000000; text-align: center; vertical-align: middle;\">Hollande<\/td>\n<td style=\"width: 20%; height: 40px; border: 1px solid #000000; text-align: center; vertical-align: middle;\">5,5<\/td>\n<\/tr>\n<tr>\n<td style=\"width: 20%; height: 40px; border: 1px solid #000000; text-align: center; vertical-align: middle;\">Espagne<\/td>\n<td style=\"width: 21%; height: 40px; border: 1px solid #000000; text-align: center; vertical-align: middle;\">Barcelone<\/td>\n<td style=\"width: 20%; height: 40px; border: 1px solid #000000; text-align: center; vertical-align: middle;\">1,2<\/td>\n<\/tr>\n<tr>\n<td style=\"width: 20%; height: 40px; border: 1px solid #000000; text-align: center; vertical-align: middle;\">Japon<\/td>\n<td style=\"width: 21%; height: 40px; border: 1px solid #000000; text-align: center; vertical-align: middle;\">Japon<\/td>\n<td style=\"width: 20%; height: 40px; border: 1px solid #000000; text-align: center; vertical-align: middle;\">20<\/td>\n<\/tr>\n<tr>\n<td style=\"width: 20px; height: 20px; border: 1px none #000000;\"><\/td>\n<td style=\"width: 20px; height: 40px; border: 1px solid #000000; background-color: #404040; text-align: center; vertical-align: middle;\"><span style=\"color: #ffffff;\">Total<\/span><\/td>\n<td style=\"width: 20px; height: 20px; border: 1px solid #000000; text-align: center; vertical-align: middle;\">1\u00a0005,3<\/td>\n<\/tr>\n<\/tbody>\n<\/table>\n[\/vc_column_text][\/vc_column][\/vc_row]\n<\/div>","protected":false},"excerpt":{"rendered":"<p>[vc_row column_spacing=\u00a0\u00bb20&Prime;][vc_column][rev_slider_vc alias=\u00a0\u00bbestructura-fija\u00a0\u00bb][\/vc_column][\/vc_row][vc_row column_spacing=\u00a0\u00bb20&Prime;][vc_column][vc_column_text]Liste des plus importants projets de structures fixes entre 2014 et 2016.[\/vc_column_text][vc_empty_space height=\u00a0\u00bb20px\u00a0\u00bb][vc_column_text] Pays Projet MW Australie Royalla 24,0 Jordanie Ma\u2019an 1,0 \u00c9gypte Le Caire 1,0 Guatemala Sibo 1,0 Chili Diego de Almagro 13,8 Espagne Installations isol\u00e9es 25,8 Uruguay Jacinta 65 Royaume-Uni Installations vari\u00e9es 376,2 Jordanie Jordanie 3,5 Honduras Choluteca 60 France&hellip;<\/p>\n","protected":false},"author":2,"featured_media":0,"parent":15398,"menu_order":0,"comment_status":"open","ping_status":"open","template":"","meta":{"footnotes":""},"class_list":["post-15429","page","type-page","status-publish","hentry","entry","no-media"],"yoast_head":"<!-- This site is optimized with the Yoast SEO plugin v27.2 - https:\/\/yoast.com\/product\/yoast-seo-wordpress\/ -->\n<title>Structure fixe - Asebal<\/title>\n<meta name=\"robots\" content=\"noindex, follow, max-snippet:-1, max-image-preview:large, max-video-preview:-1\" \/>\n<meta property=\"og:locale\" content=\"fr_FR\" \/>\n<meta property=\"og:type\" content=\"article\" \/>\n<meta property=\"og:title\" content=\"Structure fixe - Asebal\" \/>\n<meta property=\"og:description\" content=\"[vc_row column_spacing=\u00a0\u00bb20&Prime;][vc_column][rev_slider_vc alias=\u00a0\u00bbestructura-fija\u00a0\u00bb][\/vc_column][\/vc_row][vc_row column_spacing=\u00a0\u00bb20&Prime;][vc_column][vc_column_text]Liste des plus importants projets de structures fixes entre 2014 et 2016.[\/vc_column_text][vc_empty_space height=\u00a0\u00bb20px\u00a0\u00bb][vc_column_text] Pays Projet MW Australie Royalla 24,0 Jordanie Ma\u2019an 1,0 \u00c9gypte Le Caire 1,0 Guatemala Sibo 1,0 Chili Diego de Almagro 13,8 Espagne Installations isol\u00e9es 25,8 Uruguay Jacinta 65 Royaume-Uni Installations vari\u00e9es 376,2 Jordanie Jordanie 3,5 Honduras Choluteca 60 France&hellip;\" \/>\n<meta property=\"og:url\" content=\"https:\/\/www.santutxu.com\/fr\/solaire\/references-douvrages\/structure-fixe\/\" \/>\n<meta property=\"og:site_name\" content=\"Asebal\" \/>\n<meta property=\"article:modified_time\" content=\"2022-07-07T06:17:22+00:00\" \/>\n<meta name=\"twitter:card\" content=\"summary_large_image\" \/>\n<meta name=\"twitter:label1\" content=\"Dur\u00e9e de lecture estim\u00e9e\" \/>\n\t<meta name=\"twitter:data1\" content=\"1 minute\" \/>\n<script type=\"application\/ld+json\" class=\"yoast-schema-graph\">{\"@context\":\"https:\/\/schema.org\",\"@graph\":[{\"@type\":\"WebPage\",\"@id\":\"https:\/\/www.santutxu.com\/fr\/solaire\/references-douvrages\/structure-fixe\/\",\"url\":\"https:\/\/www.santutxu.com\/fr\/solaire\/references-douvrages\/structure-fixe\/\",\"name\":\"Structure fixe - Asebal\",\"isPartOf\":{\"@id\":\"https:\/\/www.santutxu.com\/#website\"},\"datePublished\":\"2022-07-07T06:17:21+00:00\",\"dateModified\":\"2022-07-07T06:17:22+00:00\",\"breadcrumb\":{\"@id\":\"https:\/\/www.santutxu.com\/fr\/solaire\/references-douvrages\/structure-fixe\/#breadcrumb\"},\"inLanguage\":\"fr-FR\",\"potentialAction\":[{\"@type\":\"ReadAction\",\"target\":[\"https:\/\/www.santutxu.com\/fr\/solaire\/references-douvrages\/structure-fixe\/\"]}]},{\"@type\":\"BreadcrumbList\",\"@id\":\"https:\/\/www.santutxu.com\/fr\/solaire\/references-douvrages\/structure-fixe\/#breadcrumb\",\"itemListElement\":[{\"@type\":\"ListItem\",\"position\":1,\"name\":\"\",\"item\":\"https:\/\/www.santutxu.com\/fr\/\"},{\"@type\":\"ListItem\",\"position\":2,\"name\":\"Solaire\",\"item\":\"https:\/\/www.santutxu.com\/fr\/solaire\/\"},{\"@type\":\"ListItem\",\"position\":3,\"name\":\"R\u00e9f\u00e9rences d\u2019ouvrages\",\"item\":\"https:\/\/www.santutxu.com\/fr\/solaire\/references-douvrages\/\"},{\"@type\":\"ListItem\",\"position\":4,\"name\":\"Structure fixe\"}]},{\"@type\":\"WebSite\",\"@id\":\"https:\/\/www.santutxu.com\/#website\",\"url\":\"https:\/\/www.santutxu.com\/\",\"name\":\"Asebal\",\"description\":\"Otro sitio realizado con WordPress\",\"publisher\":{\"@id\":\"https:\/\/www.santutxu.com\/#organization\"},\"potentialAction\":[{\"@type\":\"SearchAction\",\"target\":{\"@type\":\"EntryPoint\",\"urlTemplate\":\"https:\/\/www.santutxu.com\/?s={search_term_string}\"},\"query-input\":{\"@type\":\"PropertyValueSpecification\",\"valueRequired\":true,\"valueName\":\"search_term_string\"}}],\"inLanguage\":\"fr-FR\"},{\"@type\":\"Organization\",\"@id\":\"https:\/\/www.santutxu.com\/#organization\",\"name\":\"Asebal\",\"url\":\"https:\/\/www.santutxu.com\/\",\"logo\":{\"@type\":\"ImageObject\",\"inLanguage\":\"fr-FR\",\"@id\":\"https:\/\/www.santutxu.com\/#\/schema\/logo\/image\/\",\"url\":\"https:\/\/www.santutxu.com\/wp-content\/uploads\/2015\/06\/logo-asebal1.png\",\"contentUrl\":\"https:\/\/www.santutxu.com\/wp-content\/uploads\/2015\/06\/logo-asebal1.png\",\"width\":265,\"height\":50,\"caption\":\"Asebal\"},\"image\":{\"@id\":\"https:\/\/www.santutxu.com\/#\/schema\/logo\/image\/\"}}]}<\/script>\n<!-- \/ Yoast SEO plugin. -->","yoast_head_json":{"title":"Structure fixe - Asebal","robots":{"index":"noindex","follow":"follow","max-snippet":"max-snippet:-1","max-image-preview":"max-image-preview:large","max-video-preview":"max-video-preview:-1"},"og_locale":"fr_FR","og_type":"article","og_title":"Structure fixe - Asebal","og_description":"[vc_row column_spacing=\u00a0\u00bb20&Prime;][vc_column][rev_slider_vc alias=\u00a0\u00bbestructura-fija\u00a0\u00bb][\/vc_column][\/vc_row][vc_row column_spacing=\u00a0\u00bb20&Prime;][vc_column][vc_column_text]Liste des plus importants projets de structures fixes entre 2014 et 2016.[\/vc_column_text][vc_empty_space height=\u00a0\u00bb20px\u00a0\u00bb][vc_column_text] Pays Projet MW Australie Royalla 24,0 Jordanie Ma\u2019an 1,0 \u00c9gypte Le Caire 1,0 Guatemala Sibo 1,0 Chili Diego de Almagro 13,8 Espagne Installations isol\u00e9es 25,8 Uruguay Jacinta 65 Royaume-Uni Installations vari\u00e9es 376,2 Jordanie Jordanie 3,5 Honduras Choluteca 60 France&hellip;","og_url":"https:\/\/www.santutxu.com\/fr\/solaire\/references-douvrages\/structure-fixe\/","og_site_name":"Asebal","article_modified_time":"2022-07-07T06:17:22+00:00","twitter_card":"summary_large_image","twitter_misc":{"Dur\u00e9e de lecture estim\u00e9e":"1 minute"},"schema":{"@context":"https:\/\/schema.org","@graph":[{"@type":"WebPage","@id":"https:\/\/www.santutxu.com\/fr\/solaire\/references-douvrages\/structure-fixe\/","url":"https:\/\/www.santutxu.com\/fr\/solaire\/references-douvrages\/structure-fixe\/","name":"Structure fixe - Asebal","isPartOf":{"@id":"https:\/\/www.santutxu.com\/#website"},"datePublished":"2022-07-07T06:17:21+00:00","dateModified":"2022-07-07T06:17:22+00:00","breadcrumb":{"@id":"https:\/\/www.santutxu.com\/fr\/solaire\/references-douvrages\/structure-fixe\/#breadcrumb"},"inLanguage":"fr-FR","potentialAction":[{"@type":"ReadAction","target":["https:\/\/www.santutxu.com\/fr\/solaire\/references-douvrages\/structure-fixe\/"]}]},{"@type":"BreadcrumbList","@id":"https:\/\/www.santutxu.com\/fr\/solaire\/references-douvrages\/structure-fixe\/#breadcrumb","itemListElement":[{"@type":"ListItem","position":1,"name":"","item":"https:\/\/www.santutxu.com\/fr\/"},{"@type":"ListItem","position":2,"name":"Solaire","item":"https:\/\/www.santutxu.com\/fr\/solaire\/"},{"@type":"ListItem","position":3,"name":"R\u00e9f\u00e9rences d\u2019ouvrages","item":"https:\/\/www.santutxu.com\/fr\/solaire\/references-douvrages\/"},{"@type":"ListItem","position":4,"name":"Structure fixe"}]},{"@type":"WebSite","@id":"https:\/\/www.santutxu.com\/#website","url":"https:\/\/www.santutxu.com\/","name":"Asebal","description":"Otro sitio realizado con WordPress","publisher":{"@id":"https:\/\/www.santutxu.com\/#organization"},"potentialAction":[{"@type":"SearchAction","target":{"@type":"EntryPoint","urlTemplate":"https:\/\/www.santutxu.com\/?s={search_term_string}"},"query-input":{"@type":"PropertyValueSpecification","valueRequired":true,"valueName":"search_term_string"}}],"inLanguage":"fr-FR"},{"@type":"Organization","@id":"https:\/\/www.santutxu.com\/#organization","name":"Asebal","url":"https:\/\/www.santutxu.com\/","logo":{"@type":"ImageObject","inLanguage":"fr-FR","@id":"https:\/\/www.santutxu.com\/#\/schema\/logo\/image\/","url":"https:\/\/www.santutxu.com\/wp-content\/uploads\/2015\/06\/logo-asebal1.png","contentUrl":"https:\/\/www.santutxu.com\/wp-content\/uploads\/2015\/06\/logo-asebal1.png","width":265,"height":50,"caption":"Asebal"},"image":{"@id":"https:\/\/www.santutxu.com\/#\/schema\/logo\/image\/"}}]}},"_links":{"self":[{"href":"https:\/\/www.santutxu.com\/fr\/wp-json\/wp\/v2\/pages\/15429","targetHints":{"allow":["GET"]}}],"collection":[{"href":"https:\/\/www.santutxu.com\/fr\/wp-json\/wp\/v2\/pages"}],"about":[{"href":"https:\/\/www.santutxu.com\/fr\/wp-json\/wp\/v2\/types\/page"}],"author":[{"embeddable":true,"href":"https:\/\/www.santutxu.com\/fr\/wp-json\/wp\/v2\/users\/2"}],"replies":[{"embeddable":true,"href":"https:\/\/www.santutxu.com\/fr\/wp-json\/wp\/v2\/comments?post=15429"}],"version-history":[{"count":1,"href":"https:\/\/www.santutxu.com\/fr\/wp-json\/wp\/v2\/pages\/15429\/revisions"}],"predecessor-version":[{"id":15430,"href":"https:\/\/www.santutxu.com\/fr\/wp-json\/wp\/v2\/pages\/15429\/revisions\/15430"}],"up":[{"embeddable":true,"href":"https:\/\/www.santutxu.com\/fr\/wp-json\/wp\/v2\/pages\/15398"}],"wp:attachment":[{"href":"https:\/\/www.santutxu.com\/fr\/wp-json\/wp\/v2\/media?parent=15429"}],"curies":[{"name":"wp","href":"https:\/\/api.w.org\/{rel}","templated":true}]}}