{"id":15422,"date":"2022-07-07T06:02:17","date_gmt":"2022-07-07T06:02:17","guid":{"rendered":"https:\/\/www.santutxu.com\/?page_id=15422"},"modified":"2022-07-07T06:02:18","modified_gmt":"2022-07-07T06:02:18","slug":"matieres-premieres","status":"publish","type":"page","link":"https:\/\/www.santutxu.com\/fr\/solaire\/matieres-premieres\/","title":{"rendered":"Mati\u00e8res premi\u00e8res"},"content":{"rendered":"<div class=\"wpb-content-wrapper\">[vc_row column_spacing=\u00a0\u00bb20&Prime;][vc_column][vc_column_text]Afin de r\u00e9pondre rapidement et efficacement aux besoins des clients, Asebal dispose en moyenne d\u2019un stock permanent de 15\u00a0000 tonnes d\u2019acier, dans diff\u00e9rentes qualit\u00e9s et \u00e9paisseurs.<\/p>\n<p>Depuis fin 2014, nous travaillons avec des bobines en alliage Mg\/Al pr\u00e9-galvanis\u00e9es avec une garantie fabricant de 25 ans. (Magnelis- Arcelormittal &#8211; Posmac-Posco)<\/p>\n<p>Nos fournisseurs d\u2019acier sont des aci\u00e9ries de premier ordre sur le march\u00e9 international.[\/vc_column_text][\/vc_column][\/vc_row][vc_row column_spacing=\u00a0\u00bb20&Prime;][vc_column][rev_slider_vc alias=\u00a0\u00bbmaterias-primas\u00a0\u00bb][\/vc_column][\/vc_row][vc_row column_spacing=\u00a0\u00bb20&Prime;][vc_column][vc_column_text]<strong>Mat\u00e9riau en stock lamin\u00e9 \u00e0 chaud :<\/strong>[\/vc_column_text][vc_empty_space height=\u00a0\u00bb20px\u00a0\u00bb][vc_column_text]\n<table style=\"border: 1px solid #000000; height: 20px;\" border=\"2\" width=\"100%\" cellpadding=\"2\">\n<tbody>\n<tr style=\"border-color: #000000;\">\n<td style=\"width: 20%; height: 40px; border: 1px solid #000000; background-color: #404040; text-align: center; vertical-align: middle;\"><span style=\"color: #ffffff;\"><strong>Qualit\u00e9<\/strong><\/span><\/td>\n<td style=\"width: 20%; height: 40px; border: 1px solid #000000; background-color: #404040; text-align: center; vertical-align: middle;\"><span style=\"color: #ffffff;\"><strong>\u00c9paisseurs<\/strong><\/span><\/td>\n<td style=\"width: 20%; height: 40px; border: 1px solid #000000; background-color: #404040; text-align: center; vertical-align: middle;\"><span style=\"color: #ffffff;\"><strong>Norme<\/strong><\/span><\/td>\n<\/tr>\n<tr style=\"border-color: #000000;\">\n<td style=\"width: 20%; height: 40px; border: 1px solid #000000; text-align: center; vertical-align: middle;\">S235JR<\/td>\n<td style=\"width: 20%; height: 40px; border: 1px solid #000000; text-align: center; vertical-align: middle;\">1\u00b45 a 10 mm<\/td>\n<td style=\"width: 20%; height: 40px; border: 1px solid #000000; text-align: center; vertical-align: middle;\">UNE EN 10025<\/td>\n<\/tr>\n<tr>\n<td style=\"width: 20%; height: 40px; border: 1px solid #000000; text-align: center; vertical-align: middle;\">S275JR<\/td>\n<td style=\"width: 20%; height: 40px; border: 1px solid #000000; text-align: center; vertical-align: middle;\">1\u00b45 a 10 mm<\/td>\n<td style=\"width: 20%; height: 40px; border: 1px solid #000000; text-align: center; vertical-align: middle;\">UNE EN 10025<\/td>\n<\/tr>\n<tr>\n<td style=\"width: 20%; height: 40px; border: 1px solid #000000; text-align: center; vertical-align: middle;\">S355JR<\/td>\n<td style=\"width: 21%; height: 40px; border: 1px solid #000000; text-align: center; vertical-align: middle;\">1\u00b45 a 10 mm<\/td>\n<td style=\"width: 20%; height: 40px; border: 1px solid #000000; text-align: center; vertical-align: middle;\">UNE EN 10025<\/td>\n<\/tr>\n<\/tbody>\n<\/table>\n[\/vc_column_text][vc_empty_space height=\u00a0\u00bb20px\u00a0\u00bb][vc_column_text]<strong>Mat\u00e9riau en stock pr\u00e9-galvanis\u00e9 avec alliage de Mg-AI :<\/strong>[\/vc_column_text][vc_empty_space height=\u00a0\u00bb20px\u00a0\u00bb][vc_column_text]\n<table style=\"border: 1px solid #000000; height: 20px;\" border=\"2\" width=\"100%\" cellpadding=\"2\">\n<tbody>\n<tr style=\"border-color: #000000;\">\n<td style=\"width: 20%; height: 40px; border: 1px solid #000000; background-color: #404040; text-align: center; vertical-align: middle;\"><span style=\"color: #ffffff;\"><strong>Qualit\u00e9<\/strong><\/span><\/td>\n<td style=\"width: 20%; height: 40px; border: 1px solid #000000; background-color: #404040; text-align: center; vertical-align: middle;\"><span style=\"color: #ffffff;\"><strong>\u00c9paisseurs<\/strong><\/span><\/td>\n<td style=\"width: 20%; height: 40px; border: 1px solid #000000; background-color: #404040; text-align: center; vertical-align: middle;\"><span style=\"color: #ffffff;\"><strong>Norme<\/strong><\/span><\/td>\n<\/tr>\n<tr style=\"border-color: #000000;\">\n<td style=\"width: 20%; height: 40px; border: 1px solid #000000; text-align: center; vertical-align: middle;\">S280GD+ZM310-430<\/td>\n<td style=\"width: 20%; height: 40px; border: 1px solid #000000; text-align: center; vertical-align: middle;\">1\u00b45 &#8211; 1\u00b48 &#8211; 2 mm<\/td>\n<td style=\"width: 20%; height: 40px; border: 1px solid #000000; text-align: center; vertical-align: middle;\">UNE EN 10346<\/td>\n<\/tr>\n<tr>\n<td style=\"width: 20%; height: 40px; border: 1px solid #000000; text-align: center; vertical-align: middle;\">S350GD+ZM310-430<\/td>\n<td style=\"width: 20%; height: 40px; border: 1px solid #000000; text-align: center; vertical-align: middle;\">1\u00b45 &#8211; 1\u00b48 &#8211; 2 mm<\/td>\n<td style=\"width: 20%; height: 40px; border: 1px solid #000000; text-align: center; vertical-align: middle;\">UNE EN 10346<\/td>\n<\/tr>\n<\/tbody>\n<\/table>\n[\/vc_column_text][\/vc_column][\/vc_row]\n<\/div>","protected":false},"excerpt":{"rendered":"<p>[vc_row column_spacing=\u00a0\u00bb20&Prime;][vc_column][vc_column_text]Afin de r\u00e9pondre rapidement et efficacement aux besoins des clients, Asebal dispose en moyenne d\u2019un stock permanent de 15\u00a0000 tonnes d\u2019acier, dans diff\u00e9rentes qualit\u00e9s et \u00e9paisseurs. Depuis fin 2014, nous travaillons avec des bobines en alliage Mg\/Al pr\u00e9-galvanis\u00e9es avec une garantie fabricant de 25 ans. (Magnelis- Arcelormittal &#8211; Posmac-Posco) Nos fournisseurs d\u2019acier sont des&hellip;<\/p>\n","protected":false},"author":2,"featured_media":0,"parent":14846,"menu_order":0,"comment_status":"closed","ping_status":"closed","template":"","meta":{"footnotes":""},"class_list":["post-15422","page","type-page","status-publish","hentry","entry","no-media"],"yoast_head":"<!-- This site is optimized with the Yoast SEO plugin v27.2 - https:\/\/yoast.com\/product\/yoast-seo-wordpress\/ -->\n<title>Mati\u00e8res premi\u00e8res - Asebal<\/title>\n<meta name=\"robots\" content=\"noindex, follow, max-snippet:-1, max-image-preview:large, max-video-preview:-1\" \/>\n<meta property=\"og:locale\" content=\"fr_FR\" \/>\n<meta property=\"og:type\" content=\"article\" \/>\n<meta property=\"og:title\" content=\"Mati\u00e8res premi\u00e8res - Asebal\" \/>\n<meta property=\"og:description\" content=\"[vc_row column_spacing=\u00a0\u00bb20&Prime;][vc_column][vc_column_text]Afin de r\u00e9pondre rapidement et efficacement aux besoins des clients, Asebal dispose en moyenne d\u2019un stock permanent de 15\u00a0000 tonnes d\u2019acier, dans diff\u00e9rentes qualit\u00e9s et \u00e9paisseurs. Depuis fin 2014, nous travaillons avec des bobines en alliage Mg\/Al pr\u00e9-galvanis\u00e9es avec une garantie fabricant de 25 ans. (Magnelis- Arcelormittal &#8211; Posmac-Posco) Nos fournisseurs d\u2019acier sont des&hellip;\" \/>\n<meta property=\"og:url\" content=\"https:\/\/www.santutxu.com\/fr\/solaire\/matieres-premieres\/\" \/>\n<meta property=\"og:site_name\" content=\"Asebal\" \/>\n<meta property=\"article:modified_time\" content=\"2022-07-07T06:02:18+00:00\" \/>\n<meta name=\"twitter:card\" content=\"summary_large_image\" \/>\n<meta name=\"twitter:label1\" content=\"Dur\u00e9e de lecture estim\u00e9e\" \/>\n\t<meta name=\"twitter:data1\" content=\"1 minute\" \/>\n<script type=\"application\/ld+json\" class=\"yoast-schema-graph\">{\"@context\":\"https:\/\/schema.org\",\"@graph\":[{\"@type\":\"WebPage\",\"@id\":\"https:\/\/www.santutxu.com\/fr\/solaire\/matieres-premieres\/\",\"url\":\"https:\/\/www.santutxu.com\/fr\/solaire\/matieres-premieres\/\",\"name\":\"Mati\u00e8res premi\u00e8res - Asebal\",\"isPartOf\":{\"@id\":\"https:\/\/www.santutxu.com\/#website\"},\"datePublished\":\"2022-07-07T06:02:17+00:00\",\"dateModified\":\"2022-07-07T06:02:18+00:00\",\"breadcrumb\":{\"@id\":\"https:\/\/www.santutxu.com\/fr\/solaire\/matieres-premieres\/#breadcrumb\"},\"inLanguage\":\"fr-FR\",\"potentialAction\":[{\"@type\":\"ReadAction\",\"target\":[\"https:\/\/www.santutxu.com\/fr\/solaire\/matieres-premieres\/\"]}]},{\"@type\":\"BreadcrumbList\",\"@id\":\"https:\/\/www.santutxu.com\/fr\/solaire\/matieres-premieres\/#breadcrumb\",\"itemListElement\":[{\"@type\":\"ListItem\",\"position\":1,\"name\":\"\",\"item\":\"https:\/\/www.santutxu.com\/fr\/\"},{\"@type\":\"ListItem\",\"position\":2,\"name\":\"Solaire\",\"item\":\"https:\/\/www.santutxu.com\/fr\/solaire\/\"},{\"@type\":\"ListItem\",\"position\":3,\"name\":\"Mati\u00e8res premi\u00e8res\"}]},{\"@type\":\"WebSite\",\"@id\":\"https:\/\/www.santutxu.com\/#website\",\"url\":\"https:\/\/www.santutxu.com\/\",\"name\":\"Asebal\",\"description\":\"Otro sitio realizado con WordPress\",\"publisher\":{\"@id\":\"https:\/\/www.santutxu.com\/#organization\"},\"potentialAction\":[{\"@type\":\"SearchAction\",\"target\":{\"@type\":\"EntryPoint\",\"urlTemplate\":\"https:\/\/www.santutxu.com\/?s={search_term_string}\"},\"query-input\":{\"@type\":\"PropertyValueSpecification\",\"valueRequired\":true,\"valueName\":\"search_term_string\"}}],\"inLanguage\":\"fr-FR\"},{\"@type\":\"Organization\",\"@id\":\"https:\/\/www.santutxu.com\/#organization\",\"name\":\"Asebal\",\"url\":\"https:\/\/www.santutxu.com\/\",\"logo\":{\"@type\":\"ImageObject\",\"inLanguage\":\"fr-FR\",\"@id\":\"https:\/\/www.santutxu.com\/#\/schema\/logo\/image\/\",\"url\":\"https:\/\/www.santutxu.com\/wp-content\/uploads\/2015\/06\/logo-asebal1.png\",\"contentUrl\":\"https:\/\/www.santutxu.com\/wp-content\/uploads\/2015\/06\/logo-asebal1.png\",\"width\":265,\"height\":50,\"caption\":\"Asebal\"},\"image\":{\"@id\":\"https:\/\/www.santutxu.com\/#\/schema\/logo\/image\/\"}}]}<\/script>\n<!-- \/ Yoast SEO plugin. -->","yoast_head_json":{"title":"Mati\u00e8res premi\u00e8res - Asebal","robots":{"index":"noindex","follow":"follow","max-snippet":"max-snippet:-1","max-image-preview":"max-image-preview:large","max-video-preview":"max-video-preview:-1"},"og_locale":"fr_FR","og_type":"article","og_title":"Mati\u00e8res premi\u00e8res - Asebal","og_description":"[vc_row column_spacing=\u00a0\u00bb20&Prime;][vc_column][vc_column_text]Afin de r\u00e9pondre rapidement et efficacement aux besoins des clients, Asebal dispose en moyenne d\u2019un stock permanent de 15\u00a0000 tonnes d\u2019acier, dans diff\u00e9rentes qualit\u00e9s et \u00e9paisseurs. Depuis fin 2014, nous travaillons avec des bobines en alliage Mg\/Al pr\u00e9-galvanis\u00e9es avec une garantie fabricant de 25 ans. (Magnelis- Arcelormittal &#8211; Posmac-Posco) Nos fournisseurs d\u2019acier sont des&hellip;","og_url":"https:\/\/www.santutxu.com\/fr\/solaire\/matieres-premieres\/","og_site_name":"Asebal","article_modified_time":"2022-07-07T06:02:18+00:00","twitter_card":"summary_large_image","twitter_misc":{"Dur\u00e9e de lecture estim\u00e9e":"1 minute"},"schema":{"@context":"https:\/\/schema.org","@graph":[{"@type":"WebPage","@id":"https:\/\/www.santutxu.com\/fr\/solaire\/matieres-premieres\/","url":"https:\/\/www.santutxu.com\/fr\/solaire\/matieres-premieres\/","name":"Mati\u00e8res premi\u00e8res - Asebal","isPartOf":{"@id":"https:\/\/www.santutxu.com\/#website"},"datePublished":"2022-07-07T06:02:17+00:00","dateModified":"2022-07-07T06:02:18+00:00","breadcrumb":{"@id":"https:\/\/www.santutxu.com\/fr\/solaire\/matieres-premieres\/#breadcrumb"},"inLanguage":"fr-FR","potentialAction":[{"@type":"ReadAction","target":["https:\/\/www.santutxu.com\/fr\/solaire\/matieres-premieres\/"]}]},{"@type":"BreadcrumbList","@id":"https:\/\/www.santutxu.com\/fr\/solaire\/matieres-premieres\/#breadcrumb","itemListElement":[{"@type":"ListItem","position":1,"name":"","item":"https:\/\/www.santutxu.com\/fr\/"},{"@type":"ListItem","position":2,"name":"Solaire","item":"https:\/\/www.santutxu.com\/fr\/solaire\/"},{"@type":"ListItem","position":3,"name":"Mati\u00e8res premi\u00e8res"}]},{"@type":"WebSite","@id":"https:\/\/www.santutxu.com\/#website","url":"https:\/\/www.santutxu.com\/","name":"Asebal","description":"Otro sitio realizado con WordPress","publisher":{"@id":"https:\/\/www.santutxu.com\/#organization"},"potentialAction":[{"@type":"SearchAction","target":{"@type":"EntryPoint","urlTemplate":"https:\/\/www.santutxu.com\/?s={search_term_string}"},"query-input":{"@type":"PropertyValueSpecification","valueRequired":true,"valueName":"search_term_string"}}],"inLanguage":"fr-FR"},{"@type":"Organization","@id":"https:\/\/www.santutxu.com\/#organization","name":"Asebal","url":"https:\/\/www.santutxu.com\/","logo":{"@type":"ImageObject","inLanguage":"fr-FR","@id":"https:\/\/www.santutxu.com\/#\/schema\/logo\/image\/","url":"https:\/\/www.santutxu.com\/wp-content\/uploads\/2015\/06\/logo-asebal1.png","contentUrl":"https:\/\/www.santutxu.com\/wp-content\/uploads\/2015\/06\/logo-asebal1.png","width":265,"height":50,"caption":"Asebal"},"image":{"@id":"https:\/\/www.santutxu.com\/#\/schema\/logo\/image\/"}}]}},"_links":{"self":[{"href":"https:\/\/www.santutxu.com\/fr\/wp-json\/wp\/v2\/pages\/15422","targetHints":{"allow":["GET"]}}],"collection":[{"href":"https:\/\/www.santutxu.com\/fr\/wp-json\/wp\/v2\/pages"}],"about":[{"href":"https:\/\/www.santutxu.com\/fr\/wp-json\/wp\/v2\/types\/page"}],"author":[{"embeddable":true,"href":"https:\/\/www.santutxu.com\/fr\/wp-json\/wp\/v2\/users\/2"}],"replies":[{"embeddable":true,"href":"https:\/\/www.santutxu.com\/fr\/wp-json\/wp\/v2\/comments?post=15422"}],"version-history":[{"count":1,"href":"https:\/\/www.santutxu.com\/fr\/wp-json\/wp\/v2\/pages\/15422\/revisions"}],"predecessor-version":[{"id":15423,"href":"https:\/\/www.santutxu.com\/fr\/wp-json\/wp\/v2\/pages\/15422\/revisions\/15423"}],"up":[{"embeddable":true,"href":"https:\/\/www.santutxu.com\/fr\/wp-json\/wp\/v2\/pages\/14846"}],"wp:attachment":[{"href":"https:\/\/www.santutxu.com\/fr\/wp-json\/wp\/v2\/media?parent=15422"}],"curies":[{"name":"wp","href":"https:\/\/api.w.org\/{rel}","templated":true}]}}