{"id":15406,"date":"2022-07-07T05:54:02","date_gmt":"2022-07-07T05:54:02","guid":{"rendered":"https:\/\/www.santutxu.com\/?page_id=15406"},"modified":"2022-07-07T06:53:18","modified_gmt":"2022-07-07T06:53:18","slug":"moyens-de-production","status":"publish","type":"page","link":"https:\/\/www.santutxu.com\/fr\/solaire\/moyens-de-production\/","title":{"rendered":"Moyens de production"},"content":{"rendered":"<div class=\"wpb-content-wrapper\">[vc_row column_spacing=\u00a0\u00bb20&Prime;][vc_column][vc_column_text]Asebal dispose de tous les moyens de production pour \u00eatre consid\u00e9r\u00e9 comme un fabricant complet de structures pour les fermes solaires. Nous partons de la bobine provenant directement de l\u2019aci\u00e9rie. Nous la d\u00e9coupons en feuillards par profilage, pliage, estampage ou d\u00e9coupe au laser. Nous la galvanisons \u00e0 chaud en interne et nous la laquons thermiquement avec de la peinture \u00e9poxy si les sp\u00e9cifications du projet l\u2019exigent.<\/p>\n<p>Dans notre entrep\u00f4t logistique, nous disposons de deux plateformes de chargement de conteneurs pour le chargement rapide, s\u00fbr et optimis\u00e9 de conteneurs de 20 \u00e0 45\u201c.[\/vc_column_text][\/vc_column][\/vc_row][vc_row column_spacing=\u00a0\u00bb20&Prime;][vc_column width=\u00a0\u00bb1\/2&Prime;][vc_single_image image=\u00a0\u00bb14038&Prime; img_size=\u00a0\u00bb600&#215;350&Prime; onclick=\u00a0\u00bbcustom_link\u00a0\u00bb link=\u00a0\u00bbhttps:\/\/www.santutxu.com\/fr\/solaire\/moyens-de-production\/profileuses-plieuses\/\u00a0\u00bb][vc_empty_space height=\u00a0\u00bb20px\u00a0\u00bb][vc_text_separator title=\u00a0\u00bbProfileuses \/ Plieuses\u00a0\u00bb title_align=\u00a0\u00bbseparator_align_left\u00a0\u00bb][\/vc_column][vc_column width=\u00a0\u00bb1\/2&Prime;][vc_single_image image=\u00a0\u00bb14039&Prime; img_size=\u00a0\u00bb600&#215;350&Prime; onclick=\u00a0\u00bbcustom_link\u00a0\u00bb link=\u00a0\u00bbhttps:\/\/www.santutxu.com\/fr\/solaire\/moyens-de-production\/decoupe-laser-de-tube-de-tole\/\u00a0\u00bb][vc_empty_space height=\u00a0\u00bb20px\u00a0\u00bb][vc_text_separator title=\u00a0\u00bbD\u00e9coupe laser de tube \/ de t\u00f4le\u00a0\u00bb title_align=\u00a0\u00bbseparator_align_left\u00a0\u00bb][\/vc_column][\/vc_row][vc_row column_spacing=\u00a0\u00bb20&Prime;][vc_column width=\u00a0\u00bb1\/2&Prime;][vc_single_image image=\u00a0\u00bb14040&Prime; img_size=\u00a0\u00bb600&#215;350&Prime; onclick=\u00a0\u00bbcustom_link\u00a0\u00bb link=\u00a0\u00bbhttps:\/\/www.santutxu.com\/fr\/solaire\/moyens-de-production\/usine-de-galvanisation-cabine-de-thermolaquage-avec-peinture-epoxy\/\u00a0\u00bb][vc_empty_space height=\u00a0\u00bb20px\u00a0\u00bb][vc_text_separator title=\u00a0\u00bbUsine de galvanisation \/ Cabine de thermolaquage avec peinture \u00e9poxy\u00a0\u00bb title_align=\u00a0\u00bbseparator_align_left\u00a0\u00bb][\/vc_column][vc_column width=\u00a0\u00bb1\/2&Prime;][vc_single_image image=\u00a0\u00bb14041&Prime; img_size=\u00a0\u00bb600&#215;350&Prime; onclick=\u00a0\u00bbcustom_link\u00a0\u00bb link=\u00a0\u00bbhttps:\/\/www.santutxu.com\/fr\/solaire\/moyens-de-production\/entrepots-logistiques-plateformes-de-chargement-de-conteneurs\/\u00a0\u00bb][vc_empty_space height=\u00a0\u00bb20px\u00a0\u00bb][vc_text_separator title=\u00a0\u00bbEntrep\u00f4ts logistiques \/ Plateformes de chargement de conteneurs\u00a0\u00bb title_align=\u00a0\u00bbseparator_align_left\u00a0\u00bb][\/vc_column][\/vc_row]\n<\/div>","protected":false},"excerpt":{"rendered":"<p>[vc_row column_spacing=\u00a0\u00bb20&Prime;][vc_column][vc_column_text]Asebal dispose de tous les moyens de production pour \u00eatre consid\u00e9r\u00e9 comme un fabricant complet de structures pour les fermes solaires. Nous partons de la bobine provenant directement de l\u2019aci\u00e9rie. Nous la d\u00e9coupons en feuillards par profilage, pliage, estampage ou d\u00e9coupe au laser. Nous la galvanisons \u00e0 chaud en interne et nous la laquons&hellip;<\/p>\n","protected":false},"author":2,"featured_media":0,"parent":14846,"menu_order":0,"comment_status":"open","ping_status":"open","template":"","meta":{"footnotes":""},"class_list":["post-15406","page","type-page","status-publish","hentry","entry","no-media"],"yoast_head":"<!-- This site is optimized with the Yoast SEO plugin v27.2 - https:\/\/yoast.com\/product\/yoast-seo-wordpress\/ -->\n<title>Moyens de production - Asebal<\/title>\n<meta name=\"robots\" content=\"noindex, follow, max-snippet:-1, max-image-preview:large, max-video-preview:-1\" \/>\n<meta property=\"og:locale\" content=\"fr_FR\" \/>\n<meta property=\"og:type\" content=\"article\" \/>\n<meta property=\"og:title\" content=\"Moyens de production - Asebal\" \/>\n<meta property=\"og:description\" content=\"[vc_row column_spacing=\u00a0\u00bb20&Prime;][vc_column][vc_column_text]Asebal dispose de tous les moyens de production pour \u00eatre consid\u00e9r\u00e9 comme un fabricant complet de structures pour les fermes solaires. Nous partons de la bobine provenant directement de l\u2019aci\u00e9rie. Nous la d\u00e9coupons en feuillards par profilage, pliage, estampage ou d\u00e9coupe au laser. Nous la galvanisons \u00e0 chaud en interne et nous la laquons&hellip;\" \/>\n<meta property=\"og:url\" content=\"https:\/\/www.santutxu.com\/fr\/solaire\/moyens-de-production\/\" \/>\n<meta property=\"og:site_name\" content=\"Asebal\" \/>\n<meta property=\"article:modified_time\" content=\"2022-07-07T06:53:18+00:00\" \/>\n<meta name=\"twitter:card\" content=\"summary_large_image\" \/>\n<meta name=\"twitter:label1\" content=\"Dur\u00e9e de lecture estim\u00e9e\" \/>\n\t<meta name=\"twitter:data1\" content=\"1 minute\" \/>\n<script type=\"application\/ld+json\" class=\"yoast-schema-graph\">{\"@context\":\"https:\/\/schema.org\",\"@graph\":[{\"@type\":\"WebPage\",\"@id\":\"https:\/\/www.santutxu.com\/fr\/solaire\/moyens-de-production\/\",\"url\":\"https:\/\/www.santutxu.com\/fr\/solaire\/moyens-de-production\/\",\"name\":\"Moyens de production - Asebal\",\"isPartOf\":{\"@id\":\"https:\/\/www.santutxu.com\/#website\"},\"datePublished\":\"2022-07-07T05:54:02+00:00\",\"dateModified\":\"2022-07-07T06:53:18+00:00\",\"breadcrumb\":{\"@id\":\"https:\/\/www.santutxu.com\/fr\/solaire\/moyens-de-production\/#breadcrumb\"},\"inLanguage\":\"fr-FR\",\"potentialAction\":[{\"@type\":\"ReadAction\",\"target\":[\"https:\/\/www.santutxu.com\/fr\/solaire\/moyens-de-production\/\"]}]},{\"@type\":\"BreadcrumbList\",\"@id\":\"https:\/\/www.santutxu.com\/fr\/solaire\/moyens-de-production\/#breadcrumb\",\"itemListElement\":[{\"@type\":\"ListItem\",\"position\":1,\"name\":\"\",\"item\":\"https:\/\/www.santutxu.com\/fr\/\"},{\"@type\":\"ListItem\",\"position\":2,\"name\":\"Solaire\",\"item\":\"https:\/\/www.santutxu.com\/fr\/solaire\/\"},{\"@type\":\"ListItem\",\"position\":3,\"name\":\"Moyens de production\"}]},{\"@type\":\"WebSite\",\"@id\":\"https:\/\/www.santutxu.com\/#website\",\"url\":\"https:\/\/www.santutxu.com\/\",\"name\":\"Asebal\",\"description\":\"Otro sitio realizado con WordPress\",\"publisher\":{\"@id\":\"https:\/\/www.santutxu.com\/#organization\"},\"potentialAction\":[{\"@type\":\"SearchAction\",\"target\":{\"@type\":\"EntryPoint\",\"urlTemplate\":\"https:\/\/www.santutxu.com\/?s={search_term_string}\"},\"query-input\":{\"@type\":\"PropertyValueSpecification\",\"valueRequired\":true,\"valueName\":\"search_term_string\"}}],\"inLanguage\":\"fr-FR\"},{\"@type\":\"Organization\",\"@id\":\"https:\/\/www.santutxu.com\/#organization\",\"name\":\"Asebal\",\"url\":\"https:\/\/www.santutxu.com\/\",\"logo\":{\"@type\":\"ImageObject\",\"inLanguage\":\"fr-FR\",\"@id\":\"https:\/\/www.santutxu.com\/#\/schema\/logo\/image\/\",\"url\":\"https:\/\/www.santutxu.com\/wp-content\/uploads\/2015\/06\/logo-asebal1.png\",\"contentUrl\":\"https:\/\/www.santutxu.com\/wp-content\/uploads\/2015\/06\/logo-asebal1.png\",\"width\":265,\"height\":50,\"caption\":\"Asebal\"},\"image\":{\"@id\":\"https:\/\/www.santutxu.com\/#\/schema\/logo\/image\/\"}}]}<\/script>\n<!-- \/ Yoast SEO plugin. -->","yoast_head_json":{"title":"Moyens de production - Asebal","robots":{"index":"noindex","follow":"follow","max-snippet":"max-snippet:-1","max-image-preview":"max-image-preview:large","max-video-preview":"max-video-preview:-1"},"og_locale":"fr_FR","og_type":"article","og_title":"Moyens de production - Asebal","og_description":"[vc_row column_spacing=\u00a0\u00bb20&Prime;][vc_column][vc_column_text]Asebal dispose de tous les moyens de production pour \u00eatre consid\u00e9r\u00e9 comme un fabricant complet de structures pour les fermes solaires. Nous partons de la bobine provenant directement de l\u2019aci\u00e9rie. Nous la d\u00e9coupons en feuillards par profilage, pliage, estampage ou d\u00e9coupe au laser. Nous la galvanisons \u00e0 chaud en interne et nous la laquons&hellip;","og_url":"https:\/\/www.santutxu.com\/fr\/solaire\/moyens-de-production\/","og_site_name":"Asebal","article_modified_time":"2022-07-07T06:53:18+00:00","twitter_card":"summary_large_image","twitter_misc":{"Dur\u00e9e de lecture estim\u00e9e":"1 minute"},"schema":{"@context":"https:\/\/schema.org","@graph":[{"@type":"WebPage","@id":"https:\/\/www.santutxu.com\/fr\/solaire\/moyens-de-production\/","url":"https:\/\/www.santutxu.com\/fr\/solaire\/moyens-de-production\/","name":"Moyens de production - Asebal","isPartOf":{"@id":"https:\/\/www.santutxu.com\/#website"},"datePublished":"2022-07-07T05:54:02+00:00","dateModified":"2022-07-07T06:53:18+00:00","breadcrumb":{"@id":"https:\/\/www.santutxu.com\/fr\/solaire\/moyens-de-production\/#breadcrumb"},"inLanguage":"fr-FR","potentialAction":[{"@type":"ReadAction","target":["https:\/\/www.santutxu.com\/fr\/solaire\/moyens-de-production\/"]}]},{"@type":"BreadcrumbList","@id":"https:\/\/www.santutxu.com\/fr\/solaire\/moyens-de-production\/#breadcrumb","itemListElement":[{"@type":"ListItem","position":1,"name":"","item":"https:\/\/www.santutxu.com\/fr\/"},{"@type":"ListItem","position":2,"name":"Solaire","item":"https:\/\/www.santutxu.com\/fr\/solaire\/"},{"@type":"ListItem","position":3,"name":"Moyens de production"}]},{"@type":"WebSite","@id":"https:\/\/www.santutxu.com\/#website","url":"https:\/\/www.santutxu.com\/","name":"Asebal","description":"Otro sitio realizado con WordPress","publisher":{"@id":"https:\/\/www.santutxu.com\/#organization"},"potentialAction":[{"@type":"SearchAction","target":{"@type":"EntryPoint","urlTemplate":"https:\/\/www.santutxu.com\/?s={search_term_string}"},"query-input":{"@type":"PropertyValueSpecification","valueRequired":true,"valueName":"search_term_string"}}],"inLanguage":"fr-FR"},{"@type":"Organization","@id":"https:\/\/www.santutxu.com\/#organization","name":"Asebal","url":"https:\/\/www.santutxu.com\/","logo":{"@type":"ImageObject","inLanguage":"fr-FR","@id":"https:\/\/www.santutxu.com\/#\/schema\/logo\/image\/","url":"https:\/\/www.santutxu.com\/wp-content\/uploads\/2015\/06\/logo-asebal1.png","contentUrl":"https:\/\/www.santutxu.com\/wp-content\/uploads\/2015\/06\/logo-asebal1.png","width":265,"height":50,"caption":"Asebal"},"image":{"@id":"https:\/\/www.santutxu.com\/#\/schema\/logo\/image\/"}}]}},"_links":{"self":[{"href":"https:\/\/www.santutxu.com\/fr\/wp-json\/wp\/v2\/pages\/15406","targetHints":{"allow":["GET"]}}],"collection":[{"href":"https:\/\/www.santutxu.com\/fr\/wp-json\/wp\/v2\/pages"}],"about":[{"href":"https:\/\/www.santutxu.com\/fr\/wp-json\/wp\/v2\/types\/page"}],"author":[{"embeddable":true,"href":"https:\/\/www.santutxu.com\/fr\/wp-json\/wp\/v2\/users\/2"}],"replies":[{"embeddable":true,"href":"https:\/\/www.santutxu.com\/fr\/wp-json\/wp\/v2\/comments?post=15406"}],"version-history":[{"count":18,"href":"https:\/\/www.santutxu.com\/fr\/wp-json\/wp\/v2\/pages\/15406\/revisions"}],"predecessor-version":[{"id":15459,"href":"https:\/\/www.santutxu.com\/fr\/wp-json\/wp\/v2\/pages\/15406\/revisions\/15459"}],"up":[{"embeddable":true,"href":"https:\/\/www.santutxu.com\/fr\/wp-json\/wp\/v2\/pages\/14846"}],"wp:attachment":[{"href":"https:\/\/www.santutxu.com\/fr\/wp-json\/wp\/v2\/media?parent=15406"}],"curies":[{"name":"wp","href":"https:\/\/api.w.org\/{rel}","templated":true}]}}