{"id":15401,"date":"2022-07-07T05:45:43","date_gmt":"2022-07-07T05:45:43","guid":{"rendered":"https:\/\/www.santutxu.com\/?page_id=15401"},"modified":"2022-07-07T05:45:44","modified_gmt":"2022-07-07T05:45:44","slug":"produits","status":"publish","type":"page","link":"https:\/\/www.santutxu.com\/fr\/solaire\/produits\/","title":{"rendered":"Produits"},"content":{"rendered":"<div class=\"wpb-content-wrapper\">[vc_row column_spacing=\u00a0\u00bb20&Prime;][vc_column][vc_column_text]La philosophie d\u2019Asebal est de fabriquer tout type de profil\u00e9 en suivant le plan du client. Nous disposons de tous types de machines d\u00e9di\u00e9es \u00e0 la fabrication de profil\u00e9s pour pieux, courroies, poutres et tirants. Nous disposons \u00e9galement de processus d\u2019estampage, laser ou soudure pour fabriquer tous les accessoires n\u00e9cessaires \u00e0 l\u2019assemblage des structures.<\/p>\n<p>&nbsp;<\/p>\n<ul>\n<li><strong>Exemples de quelques types de profil\u00e9s fabriqu\u00e9s par Asebal<\/strong><\/li>\n<\/ul>\n[\/vc_column_text][\/vc_column][\/vc_row][vc_row column_spacing=\u00a0\u00bb20&Prime;][vc_column width=\u00a0\u00bb1\/3&Prime;][vc_single_image image=\u00a0\u00bb14120&Prime;][vc_column_text css=\u00a0\u00bb.vc_custom_1657172634556{margin-top: 5px !important;}\u00a0\u00bb]\n<p style=\"text-align: center;\"><strong>Profil\u00e9 en U<br \/>\n<\/strong><\/p>\n[\/vc_column_text][\/vc_column][vc_column width=\u00a0\u00bb1\/3&Prime;][vc_single_image image=\u00a0\u00bb14121&Prime;][vc_column_text css=\u00a0\u00bb.vc_custom_1657172737145{margin-top: 5px !important;}\u00a0\u00bb]\n<p style=\"text-align: center;\"><strong>Profil\u00e9 en Om\u00e9ga<br \/>\n<\/strong><\/p>\n[\/vc_column_text][\/vc_column][vc_column width=\u00a0\u00bb1\/3&Prime;][vc_single_image image=\u00a0\u00bb14122&Prime;][vc_column_text css=\u00a0\u00bb.vc_custom_1657172649436{margin-top: 5px !important;}\u00a0\u00bb]\n<p style=\"text-align: center;\"><strong>Profil\u00e9 Sigma<\/strong><\/p>\n[\/vc_column_text][\/vc_column][\/vc_row][vc_row column_spacing=\u00a0\u00bb20&Prime;][vc_column width=\u00a0\u00bb1\/3&Prime;][vc_single_image image=\u00a0\u00bb14123&Prime; style=\u00a0\u00bbvc_box_rounded\u00a0\u00bb][vc_column_text css=\u00a0\u00bb.vc_custom_1657172657892{margin-top: 5px !important;}\u00a0\u00bb]\n<p style=\"text-align: center;\"><strong>Profil\u00e9 en C<br \/>\n<\/strong><\/p>\n[\/vc_column_text][\/vc_column][vc_column width=\u00a0\u00bb1\/3&Prime;][vc_single_image image=\u00a0\u00bb14124&Prime; style=\u00a0\u00bbvc_box_rounded\u00a0\u00bb][vc_column_text css=\u00a0\u00bb.vc_custom_1657172663971{margin-top: 5px !important;}\u00a0\u00bb]\n<p style=\"text-align: center;\"><strong>Profil\u00e9 en Z<br \/>\n<\/strong><\/p>\n[\/vc_column_text][\/vc_column][vc_column width=\u00a0\u00bb1\/3&Prime;][vc_single_image image=\u00a0\u00bb14125&Prime;][vc_column_text css=\u00a0\u00bb.vc_custom_1657172689578{margin-top: 5px !important;}\u00a0\u00bb]\n<p style=\"text-align: center;\"><strong>Profil\u00e9 par estampage ou laser<\/strong><\/p>\n[\/vc_column_text][\/vc_column][\/vc_row][vc_row column_spacing=\u00a0\u00bb20&Prime;][vc_column width=\u00a0\u00bb1\/3&Prime;][vc_single_image image=\u00a0\u00bb14126&Prime; style=\u00a0\u00bbvc_box_rounded\u00a0\u00bb][vc_column_text css=\u00a0\u00bb.vc_custom_1657172707194{margin-top: 5px !important;}\u00a0\u00bb]\n<p style=\"text-align: center;\"><strong>Profil\u00e9 lamin\u00e9 \u00e0 chaud<\/strong><\/p>\n[\/vc_column_text][\/vc_column][vc_column width=\u00a0\u00bb1\/3&Prime;][vc_single_image image=\u00a0\u00bb14127&Prime; style=\u00a0\u00bbvc_box_rounded\u00a0\u00bb][vc_column_text css=\u00a0\u00bb.vc_custom_1657172724497{margin-top: 5px !important;}\u00a0\u00bb]\n<p style=\"text-align: center;\"><strong>Pi\u00e8ces soud\u00e9es<\/strong><\/p>\n[\/vc_column_text][\/vc_column][vc_column width=\u00a0\u00bb1\/3&Prime;][\/vc_column][\/vc_row]\n<\/div>","protected":false},"excerpt":{"rendered":"<p>[vc_row column_spacing=\u00a0\u00bb20&Prime;][vc_column][vc_column_text]La philosophie d\u2019Asebal est de fabriquer tout type de profil\u00e9 en suivant le plan du client. Nous disposons de tous types de machines d\u00e9di\u00e9es \u00e0 la fabrication de profil\u00e9s pour pieux, courroies, poutres et tirants. Nous disposons \u00e9galement de processus d\u2019estampage, laser ou soudure pour fabriquer tous les accessoires n\u00e9cessaires \u00e0 l\u2019assemblage des structures.&hellip;<\/p>\n","protected":false},"author":2,"featured_media":0,"parent":14846,"menu_order":0,"comment_status":"open","ping_status":"open","template":"","meta":{"footnotes":""},"class_list":["post-15401","page","type-page","status-publish","hentry","entry","no-media"],"yoast_head":"<!-- This site is optimized with the Yoast SEO plugin v27.2 - https:\/\/yoast.com\/product\/yoast-seo-wordpress\/ -->\n<title>Produits - Asebal<\/title>\n<meta name=\"robots\" content=\"noindex, follow, max-snippet:-1, max-image-preview:large, max-video-preview:-1\" \/>\n<meta property=\"og:locale\" content=\"fr_FR\" \/>\n<meta property=\"og:type\" content=\"article\" \/>\n<meta property=\"og:title\" content=\"Produits - Asebal\" \/>\n<meta property=\"og:description\" content=\"[vc_row column_spacing=\u00a0\u00bb20&Prime;][vc_column][vc_column_text]La philosophie d\u2019Asebal est de fabriquer tout type de profil\u00e9 en suivant le plan du client. Nous disposons de tous types de machines d\u00e9di\u00e9es \u00e0 la fabrication de profil\u00e9s pour pieux, courroies, poutres et tirants. Nous disposons \u00e9galement de processus d\u2019estampage, laser ou soudure pour fabriquer tous les accessoires n\u00e9cessaires \u00e0 l\u2019assemblage des structures.&hellip;\" \/>\n<meta property=\"og:url\" content=\"https:\/\/www.santutxu.com\/fr\/solaire\/produits\/\" \/>\n<meta property=\"og:site_name\" content=\"Asebal\" \/>\n<meta property=\"article:modified_time\" content=\"2022-07-07T05:45:44+00:00\" \/>\n<meta name=\"twitter:card\" content=\"summary_large_image\" \/>\n<meta name=\"twitter:label1\" content=\"Dur\u00e9e de lecture estim\u00e9e\" \/>\n\t<meta name=\"twitter:data1\" content=\"1 minute\" \/>\n<script type=\"application\/ld+json\" class=\"yoast-schema-graph\">{\"@context\":\"https:\/\/schema.org\",\"@graph\":[{\"@type\":\"WebPage\",\"@id\":\"https:\/\/www.santutxu.com\/fr\/solaire\/produits\/\",\"url\":\"https:\/\/www.santutxu.com\/fr\/solaire\/produits\/\",\"name\":\"Produits - Asebal\",\"isPartOf\":{\"@id\":\"https:\/\/www.santutxu.com\/#website\"},\"datePublished\":\"2022-07-07T05:45:43+00:00\",\"dateModified\":\"2022-07-07T05:45:44+00:00\",\"breadcrumb\":{\"@id\":\"https:\/\/www.santutxu.com\/fr\/solaire\/produits\/#breadcrumb\"},\"inLanguage\":\"fr-FR\",\"potentialAction\":[{\"@type\":\"ReadAction\",\"target\":[\"https:\/\/www.santutxu.com\/fr\/solaire\/produits\/\"]}]},{\"@type\":\"BreadcrumbList\",\"@id\":\"https:\/\/www.santutxu.com\/fr\/solaire\/produits\/#breadcrumb\",\"itemListElement\":[{\"@type\":\"ListItem\",\"position\":1,\"name\":\"\",\"item\":\"https:\/\/www.santutxu.com\/fr\/\"},{\"@type\":\"ListItem\",\"position\":2,\"name\":\"Solaire\",\"item\":\"https:\/\/www.santutxu.com\/fr\/solaire\/\"},{\"@type\":\"ListItem\",\"position\":3,\"name\":\"Produits\"}]},{\"@type\":\"WebSite\",\"@id\":\"https:\/\/www.santutxu.com\/#website\",\"url\":\"https:\/\/www.santutxu.com\/\",\"name\":\"Asebal\",\"description\":\"Otro sitio realizado con WordPress\",\"publisher\":{\"@id\":\"https:\/\/www.santutxu.com\/#organization\"},\"potentialAction\":[{\"@type\":\"SearchAction\",\"target\":{\"@type\":\"EntryPoint\",\"urlTemplate\":\"https:\/\/www.santutxu.com\/?s={search_term_string}\"},\"query-input\":{\"@type\":\"PropertyValueSpecification\",\"valueRequired\":true,\"valueName\":\"search_term_string\"}}],\"inLanguage\":\"fr-FR\"},{\"@type\":\"Organization\",\"@id\":\"https:\/\/www.santutxu.com\/#organization\",\"name\":\"Asebal\",\"url\":\"https:\/\/www.santutxu.com\/\",\"logo\":{\"@type\":\"ImageObject\",\"inLanguage\":\"fr-FR\",\"@id\":\"https:\/\/www.santutxu.com\/#\/schema\/logo\/image\/\",\"url\":\"https:\/\/www.santutxu.com\/wp-content\/uploads\/2015\/06\/logo-asebal1.png\",\"contentUrl\":\"https:\/\/www.santutxu.com\/wp-content\/uploads\/2015\/06\/logo-asebal1.png\",\"width\":265,\"height\":50,\"caption\":\"Asebal\"},\"image\":{\"@id\":\"https:\/\/www.santutxu.com\/#\/schema\/logo\/image\/\"}}]}<\/script>\n<!-- \/ Yoast SEO plugin. -->","yoast_head_json":{"title":"Produits - Asebal","robots":{"index":"noindex","follow":"follow","max-snippet":"max-snippet:-1","max-image-preview":"max-image-preview:large","max-video-preview":"max-video-preview:-1"},"og_locale":"fr_FR","og_type":"article","og_title":"Produits - Asebal","og_description":"[vc_row column_spacing=\u00a0\u00bb20&Prime;][vc_column][vc_column_text]La philosophie d\u2019Asebal est de fabriquer tout type de profil\u00e9 en suivant le plan du client. Nous disposons de tous types de machines d\u00e9di\u00e9es \u00e0 la fabrication de profil\u00e9s pour pieux, courroies, poutres et tirants. Nous disposons \u00e9galement de processus d\u2019estampage, laser ou soudure pour fabriquer tous les accessoires n\u00e9cessaires \u00e0 l\u2019assemblage des structures.&hellip;","og_url":"https:\/\/www.santutxu.com\/fr\/solaire\/produits\/","og_site_name":"Asebal","article_modified_time":"2022-07-07T05:45:44+00:00","twitter_card":"summary_large_image","twitter_misc":{"Dur\u00e9e de lecture estim\u00e9e":"1 minute"},"schema":{"@context":"https:\/\/schema.org","@graph":[{"@type":"WebPage","@id":"https:\/\/www.santutxu.com\/fr\/solaire\/produits\/","url":"https:\/\/www.santutxu.com\/fr\/solaire\/produits\/","name":"Produits - Asebal","isPartOf":{"@id":"https:\/\/www.santutxu.com\/#website"},"datePublished":"2022-07-07T05:45:43+00:00","dateModified":"2022-07-07T05:45:44+00:00","breadcrumb":{"@id":"https:\/\/www.santutxu.com\/fr\/solaire\/produits\/#breadcrumb"},"inLanguage":"fr-FR","potentialAction":[{"@type":"ReadAction","target":["https:\/\/www.santutxu.com\/fr\/solaire\/produits\/"]}]},{"@type":"BreadcrumbList","@id":"https:\/\/www.santutxu.com\/fr\/solaire\/produits\/#breadcrumb","itemListElement":[{"@type":"ListItem","position":1,"name":"","item":"https:\/\/www.santutxu.com\/fr\/"},{"@type":"ListItem","position":2,"name":"Solaire","item":"https:\/\/www.santutxu.com\/fr\/solaire\/"},{"@type":"ListItem","position":3,"name":"Produits"}]},{"@type":"WebSite","@id":"https:\/\/www.santutxu.com\/#website","url":"https:\/\/www.santutxu.com\/","name":"Asebal","description":"Otro sitio realizado con WordPress","publisher":{"@id":"https:\/\/www.santutxu.com\/#organization"},"potentialAction":[{"@type":"SearchAction","target":{"@type":"EntryPoint","urlTemplate":"https:\/\/www.santutxu.com\/?s={search_term_string}"},"query-input":{"@type":"PropertyValueSpecification","valueRequired":true,"valueName":"search_term_string"}}],"inLanguage":"fr-FR"},{"@type":"Organization","@id":"https:\/\/www.santutxu.com\/#organization","name":"Asebal","url":"https:\/\/www.santutxu.com\/","logo":{"@type":"ImageObject","inLanguage":"fr-FR","@id":"https:\/\/www.santutxu.com\/#\/schema\/logo\/image\/","url":"https:\/\/www.santutxu.com\/wp-content\/uploads\/2015\/06\/logo-asebal1.png","contentUrl":"https:\/\/www.santutxu.com\/wp-content\/uploads\/2015\/06\/logo-asebal1.png","width":265,"height":50,"caption":"Asebal"},"image":{"@id":"https:\/\/www.santutxu.com\/#\/schema\/logo\/image\/"}}]}},"_links":{"self":[{"href":"https:\/\/www.santutxu.com\/fr\/wp-json\/wp\/v2\/pages\/15401","targetHints":{"allow":["GET"]}}],"collection":[{"href":"https:\/\/www.santutxu.com\/fr\/wp-json\/wp\/v2\/pages"}],"about":[{"href":"https:\/\/www.santutxu.com\/fr\/wp-json\/wp\/v2\/types\/page"}],"author":[{"embeddable":true,"href":"https:\/\/www.santutxu.com\/fr\/wp-json\/wp\/v2\/users\/2"}],"replies":[{"embeddable":true,"href":"https:\/\/www.santutxu.com\/fr\/wp-json\/wp\/v2\/comments?post=15401"}],"version-history":[{"count":2,"href":"https:\/\/www.santutxu.com\/fr\/wp-json\/wp\/v2\/pages\/15401\/revisions"}],"predecessor-version":[{"id":15403,"href":"https:\/\/www.santutxu.com\/fr\/wp-json\/wp\/v2\/pages\/15401\/revisions\/15403"}],"up":[{"embeddable":true,"href":"https:\/\/www.santutxu.com\/fr\/wp-json\/wp\/v2\/pages\/14846"}],"wp:attachment":[{"href":"https:\/\/www.santutxu.com\/fr\/wp-json\/wp\/v2\/media?parent=15401"}],"curies":[{"name":"wp","href":"https:\/\/api.w.org\/{rel}","templated":true}]}}