{"id":15301,"date":"2022-07-05T07:10:57","date_gmt":"2022-07-05T07:10:57","guid":{"rendered":"https:\/\/www.santutxu.com\/?page_id=15301"},"modified":"2022-07-05T07:14:33","modified_gmt":"2022-07-05T07:14:33","slug":"attenuateur-tau","status":"publish","type":"page","link":"https:\/\/www.santutxu.com\/fr\/equipement-routier\/attenuateurs-de-choc\/attenuateur-tau\/","title":{"rendered":"Att\u00e9nuateur TAU"},"content":{"rendered":"<div class=\"wpb-content-wrapper\">[vc_row column_spacing=\u00a0\u00bb20&Prime;][vc_column][rev_slider_vc alias=\u00a0\u00bbamortiguador-tau-fr\u00a0\u00bb][\/vc_column][\/vc_row][vc_row column_spacing=\u00a0\u00bb20&Prime;][vc_column][vc_text_separator title=\u00a0\u00bbD\u00e9finition\u00a0\u00bb title_align=\u00a0\u00bbseparator_align_left\u00a0\u00bb el_class=\u00a0\u00bbh1&Prime;][vc_column_text]La s\u00e9rie d\u2019att\u00e9nuateurs redirectifs TAU consiste en une gamme compl\u00e8te d\u2019att\u00e9nuateurs de choc r\u00e9utilisables con\u00e7us pour r\u00e9pondre aux exigences de la norme EN1317-3. Les dispositifs sont disponibles en plusieurs longueurs et capacit\u00e9s pour les applications \u00e0 basse et haute vitesse (50-100 km\/h). Le dispositif TAU offre une protection contre les dangers jusqu\u2019\u00e0 3,1 m de large. Le dispositif TAU est particuli\u00e8rement adapt\u00e9 aux dangers de la route, tels que les extr\u00e9mit\u00e9s de glissi\u00e8res en b\u00e9ton, les glissi\u00e8res m\u00e9talliques, les extr\u00e9mit\u00e9s de ponts, les panneaux, etc. Il convient \u00e0 presque tous les types de routes et peut \u00eatre install\u00e9 sur des pentes avec des croisements longitudinaux.[\/vc_column_text][\/vc_column][\/vc_row][vc_row column_spacing=\u00a0\u00bb20&Prime;][vc_column width=\u00a0\u00bb1\/2&Prime;][vc_text_separator title=\u00a0\u00bbAvantages\u00a0\u00bb title_align=\u00a0\u00bbseparator_align_left\u00a0\u00bb el_class=\u00a0\u00bbh1&Prime;][vc_empty_space height=\u00a0\u00bb15px\u00a0\u00bb][vc_column_text]\n<ul>\n<li>Il est facile \u00e0 installer<\/li>\n<li>Plusieurs options de transition<\/li>\n<li>Kit de pi\u00e8ces universel disponible pour r\u00e9parer ou<br \/>\nconstruire des unit\u00e9s de toute taille.<\/li>\n<li>Un nombre minimal d\u2019ancrages est n\u00e9cessaire pour<br \/>\ns\u00e9curiser le dispositif.<\/li>\n<li>Formes de nez personnalis\u00e9es pour r\u00e9pondre aux<br \/>\nexigences des pays<\/li>\n<li>Diff\u00e9rentes options d\u2019ancrage disponibles pour le b\u00e9ton,<br \/>\nl\u2019asphalte, les ponts, etc.<\/li>\n<li>Prot\u00e8ge contre les dangers de diff\u00e9rentes largeurs<\/li>\n<li>Conception r\u00e9utilisable<\/li>\n<li>Installation rapide et simple<\/li>\n<li>R\u00e9pond aux exigences de la norme 1317-3<\/li>\n<li>Avec marquage CE<\/li>\n<\/ul>\n[\/vc_column_text][\/vc_column][vc_column width=\u00a0\u00bb1\/2&Prime;][vc_text_separator title=\u00a0\u00bbUtilisation\u00a0\u00bb title_align=\u00a0\u00bbseparator_align_left\u00a0\u00bb el_class=\u00a0\u00bbh1&Prime;][vc_empty_space][vc_single_image image=\u00a0\u00bb15314&Prime;][\/vc_column][\/vc_row][vc_row column_spacing=\u00a0\u00bb20&Prime;][vc_column width=\u00a0\u00bb1\/2&Prime;][vc_text_separator title=\u00a0\u00bbSp\u00e9cifications techniques\u00a0\u00bb title_align=\u00a0\u00bbseparator_align_left\u00a0\u00bb el_class=\u00a0\u00bbh1&Prime;][vc_empty_space height=\u00a0\u00bb15px\u00a0\u00bb][vc_column_text css=\u00a0\u00bb.vc_custom_1657004911072{margin-bottom: 5px !important;}\u00a0\u00bb]\n<table style=\"border: 1px solid #404040; height: auto;\" border=\"1\" width=\"100%\" cellpadding=\"5\">\n<tbody>\n<tr>\n<td style=\"width: 10%; height: 30px; text-align: center; vertical-align: middle;\">1<\/td>\n<td style=\"width: 45%; background-color: #cccccc; height: 30px; text-align: left; vertical-align: middle;\">\u00a0 Classification<\/td>\n<td style=\"width: 45%; background-color: #424242; height: 30px; text-align: center; vertical-align: middle;\"><span style=\"color: #ffffff;\">Redirectif<\/span><\/td>\n<\/tr>\n<\/tbody>\n<\/table>\n[\/vc_column_text][vc_column_text css=\u00a0\u00bb.vc_custom_1657004924642{margin-bottom: 5px !important;}\u00a0\u00bb]\n<table style=\"border: 1px solid #404040; height: auto;\" border=\"1\" width=\"100%\" cellpadding=\"5\">\n<tbody>\n<tr>\n<td style=\"width: 10%; height: 30px; text-align: center; vertical-align: middle;\">2<\/td>\n<td style=\"width: 45%; background-color: #cccccc; height: 30px; text-align: left; vertical-align: middle;\">\u00a0 Longueur<\/td>\n<td style=\"width: 45%; background-color: #424242; height: 30px; text-align: center; vertical-align: middle;\"><span style=\"color: #ffffff;\">4,5 &#8211; 9,8 m<\/span><\/td>\n<\/tr>\n<\/tbody>\n<\/table>\n[\/vc_column_text][vc_column_text css=\u00a0\u00bb.vc_custom_1657004935848{margin-bottom: 5px !important;}\u00a0\u00bb]\n<table style=\"border: 1px solid #404040; height: auto;\" border=\"1\" width=\"100%\" cellpadding=\"5\">\n<tbody>\n<tr>\n<td style=\"width: 10%; height: 30px; text-align: center; vertical-align: middle;\">3<\/td>\n<td style=\"width: 45%; background-color: #cccccc; height: 30px; text-align: left; vertical-align: middle;\">\u00a0 Largeur<\/td>\n<td style=\"width: 45%; background-color: #424242; height: 30px; text-align: center; vertical-align: middle;\"><span style=\"color: #ffffff;\">0,9 &#8211; 3,1 m<\/span><\/td>\n<\/tr>\n<\/tbody>\n<\/table>\n[\/vc_column_text][vc_column_text css=\u00a0\u00bb.vc_custom_1657004947200{margin-bottom: 5px !important;}\u00a0\u00bb]\n<table style=\"border: 1px solid #404040; height: auto;\" border=\"1\" width=\"100%\" cellpadding=\"5\">\n<tbody>\n<tr>\n<td style=\"width: 10%; height: 30px; text-align: center; vertical-align: middle;\">4<\/td>\n<td style=\"width: 45%; background-color: #cccccc; height: 30px; text-align: left; vertical-align: middle;\">\u00a0 Hauteur<\/td>\n<td style=\"width: 45%; background-color: #424242; height: 30px; text-align: center; vertical-align: middle;\"><span style=\"color: #ffffff;\">800 mm<\/span><\/td>\n<\/tr>\n<\/tbody>\n<\/table>\n[\/vc_column_text][vc_column_text css=\u00a0\u00bb.vc_custom_1657004960743{margin-bottom: 5px !important;}\u00a0\u00bb]\n<table style=\"border: 1px solid #404040; height: auto;\" border=\"1\" width=\"100%\" cellpadding=\"5\">\n<tbody>\n<tr>\n<td style=\"width: 10%; height: 30px; text-align: center; vertical-align: middle;\">5<\/td>\n<td style=\"width: 45%; background-color: #cccccc; height: 30px; text-align: left; vertical-align: middle;\">\u00a0 Poids<\/td>\n<td style=\"width: 45%; background-color: #424242; height: 30px; text-align: center; vertical-align: middle;\"><span style=\"color: #ffffff;\">700-2200 kg<\/span><\/td>\n<\/tr>\n<\/tbody>\n<\/table>\n[\/vc_column_text][vc_column_text]\n<table style=\"border: 1px solid #404040; height: auto;\" border=\"1\" width=\"100%\" cellpadding=\"5\">\n<tbody>\n<tr>\n<td style=\"width: 10%; height: 30px; text-align: center; vertical-align: middle;\">6<\/td>\n<td style=\"width: 45%; background-color: #cccccc; height: 30px; text-align: left; vertical-align: middle;\">\u00a0 Norme<\/td>\n<td style=\"width: 45%; background-color: #424242; height: 30px; text-align: center; vertical-align: middle;\"><span style=\"color: #ffffff;\">EN 1317-3<\/span><\/td>\n<\/tr>\n<\/tbody>\n<\/table>\n[\/vc_column_text][\/vc_column][vc_column width=\u00a0\u00bb1\/2&Prime;][vc_empty_space][vc_single_image image=\u00a0\u00bb15302&Prime;][\/vc_column][\/vc_row][vc_row column_spacing=\u00a0\u00bb20&Prime;][vc_column][vc_text_separator title=\u00a0\u00bbQuestions fr\u00e9quentes\u00a0\u00bb title_align=\u00a0\u00bbseparator_align_left\u00a0\u00bb el_class=\u00a0\u00bbh1&Prime;][vc_empty_space][vc_column_text]<span style=\"color: #ff0000;\">Les att\u00e9nuateurs de choc TAU sont-ils faciles \u00e0 installer ?<\/span><br \/>\nOui. Avec les bons outils et trois ouvriers qualifi\u00e9s, le temps d\u2019installation est estim\u00e9 \u00e0 environ 4 heures.<\/p>\n<p><span style=\"color: #ff0000;\">\u00c0 quels types de glissi\u00e8res de s\u00e9curit\u00e9 peut-on raccorder le dispositif TAU ?<\/span><br \/>\nLe dispositif TAU est con\u00e7u pour \u00eatre fix\u00e9 \u00e0 pratiquement n\u2019importe quelle glissi\u00e8re de s\u00e9curit\u00e9, qu\u2019elle soit en m\u00e9tal ou en b\u00e9ton \u00e0 deux ou trois ondulations.<\/p>\n<p><span style=\"color: #ff0000;\">Quels \u00e9l\u00e9ments doivent \u00eatre remplac\u00e9s apr\u00e8s un choc ?<\/span><br \/>\nEn g\u00e9n\u00e9ral, le dispositif TAU peut \u00eatre restaur\u00e9 en rempla\u00e7ant uniquement les coussins gonflables \u00e0<br \/>\nabsorption d\u2019\u00e9nergie.[\/vc_column_text][vc_row_inner][vc_column_inner width=\u00a0\u00bb1\/2&Prime;][\/vc_column_inner][vc_column_inner width=\u00a0\u00bb1\/2&Prime;][vc_empty_space][vc_single_image image=\u00a0\u00bb13097&Prime; img_size=\u00a0\u00bb64&#215;64&Prime; alignment=\u00a0\u00bbcenter\u00a0\u00bb][vc_column_text]\n<p style=\"text-align: center;\"><a title=\"T\u00e9l\u00e9charger la fiche en PDF\" href=\"https:\/\/www.santutxu.com\/wp-content\/uploads\/2022\/07\/Amortiguador-TAU-FR.pdf\" target=\"_blank\" rel=\"noopener\">T\u00e9l\u00e9charger la fiche en PDF<\/a><\/p>\n[\/vc_column_text][\/vc_column_inner][\/vc_row_inner][\/vc_column][\/vc_row]\n<\/div>","protected":false},"excerpt":{"rendered":"<p>[vc_row column_spacing=\u00a0\u00bb20&Prime;][vc_column][rev_slider_vc alias=\u00a0\u00bbamortiguador-tau-fr\u00a0\u00bb][\/vc_column][\/vc_row][vc_row column_spacing=\u00a0\u00bb20&Prime;][vc_column][vc_text_separator title=\u00a0\u00bbD\u00e9finition\u00a0\u00bb title_align=\u00a0\u00bbseparator_align_left\u00a0\u00bb el_class=\u00a0\u00bbh1&Prime;][vc_column_text]La s\u00e9rie d\u2019att\u00e9nuateurs redirectifs TAU consiste en une gamme compl\u00e8te d\u2019att\u00e9nuateurs de choc r\u00e9utilisables con\u00e7us pour r\u00e9pondre aux exigences de la norme EN1317-3. Les dispositifs sont disponibles en plusieurs longueurs et capacit\u00e9s pour les applications \u00e0 basse et haute vitesse (50-100 km\/h). Le dispositif TAU offre une protection contre&hellip;<\/p>\n","protected":false},"author":2,"featured_media":0,"parent":14831,"menu_order":0,"comment_status":"closed","ping_status":"closed","template":"","meta":{"footnotes":""},"class_list":["post-15301","page","type-page","status-publish","hentry","entry","no-media"],"yoast_head":"<!-- This site is optimized with the Yoast SEO plugin v27.2 - https:\/\/yoast.com\/product\/yoast-seo-wordpress\/ -->\n<title>Att\u00e9nuateur TAU - Asebal<\/title>\n<meta name=\"robots\" content=\"noindex, follow, max-snippet:-1, max-image-preview:large, max-video-preview:-1\" \/>\n<meta property=\"og:locale\" content=\"fr_FR\" \/>\n<meta property=\"og:type\" content=\"article\" \/>\n<meta property=\"og:title\" content=\"Att\u00e9nuateur TAU - Asebal\" \/>\n<meta property=\"og:description\" content=\"[vc_row column_spacing=\u00a0\u00bb20&Prime;][vc_column][rev_slider_vc alias=\u00a0\u00bbamortiguador-tau-fr\u00a0\u00bb][\/vc_column][\/vc_row][vc_row column_spacing=\u00a0\u00bb20&Prime;][vc_column][vc_text_separator title=\u00a0\u00bbD\u00e9finition\u00a0\u00bb title_align=\u00a0\u00bbseparator_align_left\u00a0\u00bb el_class=\u00a0\u00bbh1&Prime;][vc_column_text]La s\u00e9rie d\u2019att\u00e9nuateurs redirectifs TAU consiste en une gamme compl\u00e8te d\u2019att\u00e9nuateurs de choc r\u00e9utilisables con\u00e7us pour r\u00e9pondre aux exigences de la norme EN1317-3. Les dispositifs sont disponibles en plusieurs longueurs et capacit\u00e9s pour les applications \u00e0 basse et haute vitesse (50-100 km\/h). Le dispositif TAU offre une protection contre&hellip;\" \/>\n<meta property=\"og:url\" content=\"https:\/\/www.santutxu.com\/fr\/equipement-routier\/attenuateurs-de-choc\/attenuateur-tau\/\" \/>\n<meta property=\"og:site_name\" content=\"Asebal\" \/>\n<meta property=\"article:modified_time\" content=\"2022-07-05T07:14:33+00:00\" \/>\n<meta name=\"twitter:card\" content=\"summary_large_image\" \/>\n<meta name=\"twitter:label1\" content=\"Dur\u00e9e de lecture estim\u00e9e\" \/>\n\t<meta name=\"twitter:data1\" content=\"2 minutes\" \/>\n<script type=\"application\/ld+json\" class=\"yoast-schema-graph\">{\"@context\":\"https:\/\/schema.org\",\"@graph\":[{\"@type\":\"WebPage\",\"@id\":\"https:\/\/www.santutxu.com\/fr\/equipement-routier\/attenuateurs-de-choc\/attenuateur-tau\/\",\"url\":\"https:\/\/www.santutxu.com\/fr\/equipement-routier\/attenuateurs-de-choc\/attenuateur-tau\/\",\"name\":\"Att\u00e9nuateur TAU - Asebal\",\"isPartOf\":{\"@id\":\"https:\/\/www.santutxu.com\/#website\"},\"datePublished\":\"2022-07-05T07:10:57+00:00\",\"dateModified\":\"2022-07-05T07:14:33+00:00\",\"breadcrumb\":{\"@id\":\"https:\/\/www.santutxu.com\/fr\/equipement-routier\/attenuateurs-de-choc\/attenuateur-tau\/#breadcrumb\"},\"inLanguage\":\"fr-FR\",\"potentialAction\":[{\"@type\":\"ReadAction\",\"target\":[\"https:\/\/www.santutxu.com\/fr\/equipement-routier\/attenuateurs-de-choc\/attenuateur-tau\/\"]}]},{\"@type\":\"BreadcrumbList\",\"@id\":\"https:\/\/www.santutxu.com\/fr\/equipement-routier\/attenuateurs-de-choc\/attenuateur-tau\/#breadcrumb\",\"itemListElement\":[{\"@type\":\"ListItem\",\"position\":1,\"name\":\"\",\"item\":\"https:\/\/www.santutxu.com\/fr\/\"},{\"@type\":\"ListItem\",\"position\":2,\"name\":\"\u00c9quipement routier\",\"item\":\"https:\/\/www.santutxu.com\/fr\/equipement-routier\/\"},{\"@type\":\"ListItem\",\"position\":3,\"name\":\"Att\u00e9nuateurs de choc\",\"item\":\"https:\/\/www.santutxu.com\/fr\/equipement-routier\/attenuateurs-de-choc\/\"},{\"@type\":\"ListItem\",\"position\":4,\"name\":\"Att\u00e9nuateur TAU\"}]},{\"@type\":\"WebSite\",\"@id\":\"https:\/\/www.santutxu.com\/#website\",\"url\":\"https:\/\/www.santutxu.com\/\",\"name\":\"Asebal\",\"description\":\"Otro sitio realizado con WordPress\",\"publisher\":{\"@id\":\"https:\/\/www.santutxu.com\/#organization\"},\"potentialAction\":[{\"@type\":\"SearchAction\",\"target\":{\"@type\":\"EntryPoint\",\"urlTemplate\":\"https:\/\/www.santutxu.com\/?s={search_term_string}\"},\"query-input\":{\"@type\":\"PropertyValueSpecification\",\"valueRequired\":true,\"valueName\":\"search_term_string\"}}],\"inLanguage\":\"fr-FR\"},{\"@type\":\"Organization\",\"@id\":\"https:\/\/www.santutxu.com\/#organization\",\"name\":\"Asebal\",\"url\":\"https:\/\/www.santutxu.com\/\",\"logo\":{\"@type\":\"ImageObject\",\"inLanguage\":\"fr-FR\",\"@id\":\"https:\/\/www.santutxu.com\/#\/schema\/logo\/image\/\",\"url\":\"https:\/\/www.santutxu.com\/wp-content\/uploads\/2015\/06\/logo-asebal1.png\",\"contentUrl\":\"https:\/\/www.santutxu.com\/wp-content\/uploads\/2015\/06\/logo-asebal1.png\",\"width\":265,\"height\":50,\"caption\":\"Asebal\"},\"image\":{\"@id\":\"https:\/\/www.santutxu.com\/#\/schema\/logo\/image\/\"}}]}<\/script>\n<!-- \/ Yoast SEO plugin. -->","yoast_head_json":{"title":"Att\u00e9nuateur TAU - Asebal","robots":{"index":"noindex","follow":"follow","max-snippet":"max-snippet:-1","max-image-preview":"max-image-preview:large","max-video-preview":"max-video-preview:-1"},"og_locale":"fr_FR","og_type":"article","og_title":"Att\u00e9nuateur TAU - Asebal","og_description":"[vc_row column_spacing=\u00a0\u00bb20&Prime;][vc_column][rev_slider_vc alias=\u00a0\u00bbamortiguador-tau-fr\u00a0\u00bb][\/vc_column][\/vc_row][vc_row column_spacing=\u00a0\u00bb20&Prime;][vc_column][vc_text_separator title=\u00a0\u00bbD\u00e9finition\u00a0\u00bb title_align=\u00a0\u00bbseparator_align_left\u00a0\u00bb el_class=\u00a0\u00bbh1&Prime;][vc_column_text]La s\u00e9rie d\u2019att\u00e9nuateurs redirectifs TAU consiste en une gamme compl\u00e8te d\u2019att\u00e9nuateurs de choc r\u00e9utilisables con\u00e7us pour r\u00e9pondre aux exigences de la norme EN1317-3. Les dispositifs sont disponibles en plusieurs longueurs et capacit\u00e9s pour les applications \u00e0 basse et haute vitesse (50-100 km\/h). Le dispositif TAU offre une protection contre&hellip;","og_url":"https:\/\/www.santutxu.com\/fr\/equipement-routier\/attenuateurs-de-choc\/attenuateur-tau\/","og_site_name":"Asebal","article_modified_time":"2022-07-05T07:14:33+00:00","twitter_card":"summary_large_image","twitter_misc":{"Dur\u00e9e de lecture estim\u00e9e":"2 minutes"},"schema":{"@context":"https:\/\/schema.org","@graph":[{"@type":"WebPage","@id":"https:\/\/www.santutxu.com\/fr\/equipement-routier\/attenuateurs-de-choc\/attenuateur-tau\/","url":"https:\/\/www.santutxu.com\/fr\/equipement-routier\/attenuateurs-de-choc\/attenuateur-tau\/","name":"Att\u00e9nuateur TAU - Asebal","isPartOf":{"@id":"https:\/\/www.santutxu.com\/#website"},"datePublished":"2022-07-05T07:10:57+00:00","dateModified":"2022-07-05T07:14:33+00:00","breadcrumb":{"@id":"https:\/\/www.santutxu.com\/fr\/equipement-routier\/attenuateurs-de-choc\/attenuateur-tau\/#breadcrumb"},"inLanguage":"fr-FR","potentialAction":[{"@type":"ReadAction","target":["https:\/\/www.santutxu.com\/fr\/equipement-routier\/attenuateurs-de-choc\/attenuateur-tau\/"]}]},{"@type":"BreadcrumbList","@id":"https:\/\/www.santutxu.com\/fr\/equipement-routier\/attenuateurs-de-choc\/attenuateur-tau\/#breadcrumb","itemListElement":[{"@type":"ListItem","position":1,"name":"","item":"https:\/\/www.santutxu.com\/fr\/"},{"@type":"ListItem","position":2,"name":"\u00c9quipement routier","item":"https:\/\/www.santutxu.com\/fr\/equipement-routier\/"},{"@type":"ListItem","position":3,"name":"Att\u00e9nuateurs de choc","item":"https:\/\/www.santutxu.com\/fr\/equipement-routier\/attenuateurs-de-choc\/"},{"@type":"ListItem","position":4,"name":"Att\u00e9nuateur TAU"}]},{"@type":"WebSite","@id":"https:\/\/www.santutxu.com\/#website","url":"https:\/\/www.santutxu.com\/","name":"Asebal","description":"Otro sitio realizado con WordPress","publisher":{"@id":"https:\/\/www.santutxu.com\/#organization"},"potentialAction":[{"@type":"SearchAction","target":{"@type":"EntryPoint","urlTemplate":"https:\/\/www.santutxu.com\/?s={search_term_string}"},"query-input":{"@type":"PropertyValueSpecification","valueRequired":true,"valueName":"search_term_string"}}],"inLanguage":"fr-FR"},{"@type":"Organization","@id":"https:\/\/www.santutxu.com\/#organization","name":"Asebal","url":"https:\/\/www.santutxu.com\/","logo":{"@type":"ImageObject","inLanguage":"fr-FR","@id":"https:\/\/www.santutxu.com\/#\/schema\/logo\/image\/","url":"https:\/\/www.santutxu.com\/wp-content\/uploads\/2015\/06\/logo-asebal1.png","contentUrl":"https:\/\/www.santutxu.com\/wp-content\/uploads\/2015\/06\/logo-asebal1.png","width":265,"height":50,"caption":"Asebal"},"image":{"@id":"https:\/\/www.santutxu.com\/#\/schema\/logo\/image\/"}}]}},"_links":{"self":[{"href":"https:\/\/www.santutxu.com\/fr\/wp-json\/wp\/v2\/pages\/15301","targetHints":{"allow":["GET"]}}],"collection":[{"href":"https:\/\/www.santutxu.com\/fr\/wp-json\/wp\/v2\/pages"}],"about":[{"href":"https:\/\/www.santutxu.com\/fr\/wp-json\/wp\/v2\/types\/page"}],"author":[{"embeddable":true,"href":"https:\/\/www.santutxu.com\/fr\/wp-json\/wp\/v2\/users\/2"}],"replies":[{"embeddable":true,"href":"https:\/\/www.santutxu.com\/fr\/wp-json\/wp\/v2\/comments?post=15301"}],"version-history":[{"count":4,"href":"https:\/\/www.santutxu.com\/fr\/wp-json\/wp\/v2\/pages\/15301\/revisions"}],"predecessor-version":[{"id":15320,"href":"https:\/\/www.santutxu.com\/fr\/wp-json\/wp\/v2\/pages\/15301\/revisions\/15320"}],"up":[{"embeddable":true,"href":"https:\/\/www.santutxu.com\/fr\/wp-json\/wp\/v2\/pages\/14831"}],"wp:attachment":[{"href":"https:\/\/www.santutxu.com\/fr\/wp-json\/wp\/v2\/media?parent=15301"}],"curies":[{"name":"wp","href":"https:\/\/api.w.org\/{rel}","templated":true}]}}