{"id":15279,"date":"2022-07-05T06:16:08","date_gmt":"2022-07-05T06:16:08","guid":{"rendered":"https:\/\/www.santutxu.com\/?page_id=15279"},"modified":"2022-07-05T06:51:55","modified_gmt":"2022-07-05T06:51:55","slug":"attenuateur-tau-b-110","status":"publish","type":"page","link":"https:\/\/www.santutxu.com\/fr\/equipement-routier\/attenuateurs-de-choc\/attenuateur-tau-b-110\/","title":{"rendered":"Att\u00e9nuateur TAU-B 110"},"content":{"rendered":"<div class=\"wpb-content-wrapper\">[vc_row column_spacing=\u00a0\u00bb20&Prime;][vc_column][rev_slider_vc alias=\u00a0\u00bbamortiguador-tau-b-110-fr\u00a0\u00bb][\/vc_column][\/vc_row][vc_row column_spacing=\u00a0\u00bb20&Prime;][vc_column][vc_text_separator title=\u00a0\u00bbD\u00e9finition\u00a0\u00bb title_align=\u00a0\u00bbseparator_align_left\u00a0\u00bb el_class=\u00a0\u00bbh1&Prime;][vc_column_text]La s\u00e9rie d\u2019att\u00e9nuateurs de choc redirectifs TAU-B 110 consiste en une gamme compl\u00e8te d\u2019att\u00e9nuateurs de choc r\u00e9utilisables con\u00e7us pour r\u00e9pondre aux exigences en mati\u00e8re de haute vitesse (110 km\/h) \u00e9tablies dans la norme EN1317-3. Le dispositif TAU-B offre une protection contre les dangers jusqu\u2019\u00e0 2,6m de large. Le dispositif TAU-B est particuli\u00e8rement adapt\u00e9 aux dangers de la route, tels que les extr\u00e9mit\u00e9s de glissi\u00e8res en b\u00e9ton, les glissi\u00e8res m\u00e9talliques, les extr\u00e9mit\u00e9s de ponts, les panneaux, etc.<br \/>\nIl convient \u00e0 pratiquement tous les types de routes et peut \u00eatre install\u00e9 sur des pentes avec des croisements longitudinaux.[\/vc_column_text][\/vc_column][\/vc_row][vc_row column_spacing=\u00a0\u00bb20&Prime;][vc_column width=\u00a0\u00bb1\/2&Prime;][vc_text_separator title=\u00a0\u00bbAvantages\u00a0\u00bb title_align=\u00a0\u00bbseparator_align_left\u00a0\u00bb el_class=\u00a0\u00bbh1&Prime;][vc_empty_space height=\u00a0\u00bb15px\u00a0\u00bb][vc_column_text]\n<ul>\n<li>Il r\u00e9pond aux crit\u00e8res d\u2019essai de la norme EN<br \/>\n1317-3, \u00e0 110 km\/h.<\/li>\n<li>Il est facile \u00e0 installer<\/li>\n<li>Plusieurs options de transition<\/li>\n<li>Kit de pi\u00e8ces universel disponible pour r\u00e9parer ou<br \/>\nconstruire des unit\u00e9s de toute taille.<\/li>\n<li>Un nombre minimal d\u2019ancrages est n\u00e9cessaire<br \/>\npour s\u00e9curiser le dispositif.<\/li>\n<li>Diff\u00e9rentes options d\u2019ancrage disponibles pour le<br \/>\nb\u00e9ton, l\u2019asphalte, les ponts, etc.<\/li>\n<li>Formes de nez personnalis\u00e9es pour r\u00e9pondre aux<br \/>\nexigences des pays<\/li>\n<\/ul>\n[\/vc_column_text][\/vc_column][vc_column width=\u00a0\u00bb1\/2&Prime;][vc_text_separator title=\u00a0\u00bbUtilisation\u00a0\u00bb title_align=\u00a0\u00bbseparator_align_left\u00a0\u00bb el_class=\u00a0\u00bbh1&Prime;][vc_single_image image=\u00a0\u00bb15291&Prime;][\/vc_column][\/vc_row][vc_row column_spacing=\u00a0\u00bb20&Prime;][vc_column width=\u00a0\u00bb1\/2&Prime;][vc_text_separator title=\u00a0\u00bbSp\u00e9cifications techniques\u00a0\u00bb title_align=\u00a0\u00bbseparator_align_left\u00a0\u00bb el_class=\u00a0\u00bbh1&Prime;][vc_empty_space height=\u00a0\u00bb15px\u00a0\u00bb][vc_column_text css=\u00a0\u00bb.vc_custom_1657002082895{margin-bottom: 5px !important;}\u00a0\u00bb]\n<table style=\"border: 1px solid #404040; height: auto;\" border=\"1\" width=\"100%\" cellpadding=\"5\">\n<tbody>\n<tr>\n<td style=\"width: 10%; height: 30px; text-align: center; vertical-align: middle;\">1<\/td>\n<td style=\"width: 45%; background-color: #cccccc; height: 30px; text-align: left; vertical-align: middle;\">\u00a0 Classification<\/td>\n<td style=\"width: 45%; background-color: #424242; height: 30px; text-align: center; vertical-align: middle;\"><span style=\"color: #ffffff;\">Redirectif<\/span><\/td>\n<\/tr>\n<\/tbody>\n<\/table>\n[\/vc_column_text][vc_column_text css=\u00a0\u00bb.vc_custom_1657002096894{margin-bottom: 5px !important;}\u00a0\u00bb]\n<table style=\"border: 1px solid #404040; height: auto;\" border=\"1\" width=\"100%\" cellpadding=\"5\">\n<tbody>\n<tr>\n<td style=\"width: 10%; height: 30px; text-align: center; vertical-align: middle;\">2<\/td>\n<td style=\"width: 45%; background-color: #cccccc; height: 30px; text-align: left; vertical-align: middle;\">\u00a0 Longueur<\/td>\n<td style=\"width: 45%; background-color: #424242; height: 30px; text-align: center; vertical-align: middle;\"><span style=\"color: #ffffff;\">9,7 &#8211; 9,9 m<\/span><\/td>\n<\/tr>\n<\/tbody>\n<\/table>\n[\/vc_column_text][vc_column_text css=\u00a0\u00bb.vc_custom_1657002110158{margin-bottom: 5px !important;}\u00a0\u00bb]\n<table style=\"border: 1px solid #404040; height: auto;\" border=\"1\" width=\"100%\" cellpadding=\"5\">\n<tbody>\n<tr>\n<td style=\"width: 10%; height: 30px; text-align: center; vertical-align: middle;\">3<\/td>\n<td style=\"width: 45%; background-color: #cccccc; height: 30px; text-align: left; vertical-align: middle;\">\u00a0 Largeur<\/td>\n<td style=\"width: 45%; background-color: #424242; height: 30px; text-align: center; vertical-align: middle;\"><span style=\"color: #ffffff;\">0,9 &#8211; 2,6 m<\/span><\/td>\n<\/tr>\n<\/tbody>\n<\/table>\n[\/vc_column_text][vc_column_text css=\u00a0\u00bb.vc_custom_1657002123210{margin-bottom: 5px !important;}\u00a0\u00bb]\n<table style=\"border: 1px solid #404040; height: auto;\" border=\"1\" width=\"100%\" cellpadding=\"5\">\n<tbody>\n<tr>\n<td style=\"width: 10%; height: 30px; text-align: center; vertical-align: middle;\">4<\/td>\n<td style=\"width: 45%; background-color: #cccccc; height: 30px; text-align: left; vertical-align: middle;\">\u00a0 Hauteur<\/td>\n<td style=\"width: 45%; background-color: #424242; height: 30px; text-align: center; vertical-align: middle;\"><span style=\"color: #ffffff;\">800 mm<\/span><\/td>\n<\/tr>\n<\/tbody>\n<\/table>\n[\/vc_column_text][vc_column_text css=\u00a0\u00bb.vc_custom_1657002159469{margin-bottom: 5px !important;}\u00a0\u00bb]\n<table style=\"border: 1px solid #404040; height: auto;\" border=\"1\" width=\"100%\" cellpadding=\"5\">\n<tbody>\n<tr>\n<td style=\"width: 10%; height: 30px; text-align: center; vertical-align: middle;\">5<\/td>\n<td style=\"width: 45%; background-color: #cccccc; height: 30px; text-align: left; vertical-align: middle;\">\u00a0 Poids<\/td>\n<td style=\"width: 45%; background-color: #424242; height: 30px; text-align: center; vertical-align: middle;\"><span style=\"color: #ffffff;\">1700-2200 kg<\/span><\/td>\n<\/tr>\n<\/tbody>\n<\/table>\n[\/vc_column_text][vc_column_text]\n<table style=\"border: 1px solid #404040; height: auto;\" border=\"1\" width=\"100%\" cellpadding=\"5\">\n<tbody>\n<tr>\n<td style=\"width: 10%; height: 30px; text-align: center; vertical-align: middle;\">6<\/td>\n<td style=\"width: 45%; background-color: #cccccc; height: 30px; text-align: left; vertical-align: middle;\">\u00a0 Norme<\/td>\n<td style=\"width: 45%; background-color: #424242; height: 30px; text-align: center; vertical-align: middle;\"><span style=\"color: #ffffff;\">EN 1317-3<\/span><\/td>\n<\/tr>\n<\/tbody>\n<\/table>\n[\/vc_column_text][\/vc_column][vc_column width=\u00a0\u00bb1\/2&Prime;][vc_empty_space][vc_single_image image=\u00a0\u00bb15294&Prime;][\/vc_column][\/vc_row][vc_row column_spacing=\u00a0\u00bb20&Prime;][vc_column][vc_text_separator title=\u00a0\u00bbQuestions fr\u00e9quentes\u00a0\u00bb title_align=\u00a0\u00bbseparator_align_left\u00a0\u00bb el_class=\u00a0\u00bbh1&Prime;][vc_empty_space][vc_column_text]<span style=\"color: #ff0000;\">Le dispositif TAU-B 110 est-il adapt\u00e9 aux autoroutes \u00e0 grande vitesse ?<\/span><br \/>\nOui. Le dispositif TAU-B 110 est adapt\u00e9 \u00e0 une utilisation sur les autoroutes o\u00f9 la vitesse de circulation est de 110 km\/heure.<\/p>\n<p><span style=\"color: #ff0000;\">Quels \u00e9l\u00e9ments doivent \u00eatre remplac\u00e9s apr\u00e8s un choc ?<\/span><br \/>\nEn g\u00e9n\u00e9ral, le dispositif TAU-B peut \u00eatre restaur\u00e9 en rempla\u00e7ant uniquement les cartouches \u00e0<br \/>\nabsorption d\u2019\u00e9nergie.<\/p>\n<p><span style=\"color: #ff0000;\">Quels types de glissi\u00e8res de s\u00e9curit\u00e9 peuvent \u00eatre raccord\u00e9s au dispositif TAU-B 110 ?<\/span><br \/>\nLe dispositif TAU-B est con\u00e7u pour \u00eatre raccord\u00e9 \u00e0 presque toutes les glissi\u00e8res de s\u00e9curit\u00e9, y compris les glissi\u00e8res \u00e0 double ou triple ondulation et les glissi\u00e8res en b\u00e9ton.[\/vc_column_text][vc_row_inner][vc_column_inner width=\u00a0\u00bb1\/2&Prime;][\/vc_column_inner][vc_column_inner width=\u00a0\u00bb1\/2&Prime;][vc_empty_space][vc_single_image image=\u00a0\u00bb13097&Prime; img_size=\u00a0\u00bb64&#215;64&Prime; alignment=\u00a0\u00bbcenter\u00a0\u00bb][vc_column_text]\n<p style=\"text-align: center;\"><a title=\"T\u00e9l\u00e9charger la fiche en PDF\" href=\"https:\/\/www.santutxu.com\/wp-content\/uploads\/2022\/07\/Amortiguador-TAU-B-110-FR.pdf\" target=\"_blank\" rel=\"noopener\">T\u00e9l\u00e9charger la fiche en PDF<\/a><\/p>\n[\/vc_column_text][\/vc_column_inner][\/vc_row_inner][\/vc_column][\/vc_row]\n<\/div>","protected":false},"excerpt":{"rendered":"<p>[vc_row column_spacing=\u00a0\u00bb20&Prime;][vc_column][rev_slider_vc alias=\u00a0\u00bbamortiguador-tau-b-110-fr\u00a0\u00bb][\/vc_column][\/vc_row][vc_row column_spacing=\u00a0\u00bb20&Prime;][vc_column][vc_text_separator title=\u00a0\u00bbD\u00e9finition\u00a0\u00bb title_align=\u00a0\u00bbseparator_align_left\u00a0\u00bb el_class=\u00a0\u00bbh1&Prime;][vc_column_text]La s\u00e9rie d\u2019att\u00e9nuateurs de choc redirectifs TAU-B 110 consiste en une gamme compl\u00e8te d\u2019att\u00e9nuateurs de choc r\u00e9utilisables con\u00e7us pour r\u00e9pondre aux exigences en mati\u00e8re de haute vitesse (110 km\/h) \u00e9tablies dans la norme EN1317-3. Le dispositif TAU-B offre une protection contre les dangers jusqu\u2019\u00e0 2,6m de large. Le dispositif&hellip;<\/p>\n","protected":false},"author":2,"featured_media":0,"parent":14831,"menu_order":0,"comment_status":"closed","ping_status":"closed","template":"","meta":{"footnotes":""},"class_list":["post-15279","page","type-page","status-publish","hentry","entry","no-media"],"yoast_head":"<!-- This site is optimized with the Yoast SEO plugin v27.2 - https:\/\/yoast.com\/product\/yoast-seo-wordpress\/ -->\n<title>Att\u00e9nuateur TAU-B 110 - Asebal<\/title>\n<meta name=\"robots\" content=\"noindex, follow, max-snippet:-1, max-image-preview:large, max-video-preview:-1\" \/>\n<meta property=\"og:locale\" content=\"fr_FR\" \/>\n<meta property=\"og:type\" content=\"article\" \/>\n<meta property=\"og:title\" content=\"Att\u00e9nuateur TAU-B 110 - Asebal\" \/>\n<meta property=\"og:description\" content=\"[vc_row column_spacing=\u00a0\u00bb20&Prime;][vc_column][rev_slider_vc alias=\u00a0\u00bbamortiguador-tau-b-110-fr\u00a0\u00bb][\/vc_column][\/vc_row][vc_row column_spacing=\u00a0\u00bb20&Prime;][vc_column][vc_text_separator title=\u00a0\u00bbD\u00e9finition\u00a0\u00bb title_align=\u00a0\u00bbseparator_align_left\u00a0\u00bb el_class=\u00a0\u00bbh1&Prime;][vc_column_text]La s\u00e9rie d\u2019att\u00e9nuateurs de choc redirectifs TAU-B 110 consiste en une gamme compl\u00e8te d\u2019att\u00e9nuateurs de choc r\u00e9utilisables con\u00e7us pour r\u00e9pondre aux exigences en mati\u00e8re de haute vitesse (110 km\/h) \u00e9tablies dans la norme EN1317-3. Le dispositif TAU-B offre une protection contre les dangers jusqu\u2019\u00e0 2,6m de large. Le dispositif&hellip;\" \/>\n<meta property=\"og:url\" content=\"https:\/\/www.santutxu.com\/fr\/equipement-routier\/attenuateurs-de-choc\/attenuateur-tau-b-110\/\" \/>\n<meta property=\"og:site_name\" content=\"Asebal\" \/>\n<meta property=\"article:modified_time\" content=\"2022-07-05T06:51:55+00:00\" \/>\n<meta name=\"twitter:card\" content=\"summary_large_image\" \/>\n<meta name=\"twitter:label1\" content=\"Dur\u00e9e de lecture estim\u00e9e\" \/>\n\t<meta name=\"twitter:data1\" content=\"2 minutes\" \/>\n<script type=\"application\/ld+json\" class=\"yoast-schema-graph\">{\"@context\":\"https:\/\/schema.org\",\"@graph\":[{\"@type\":\"WebPage\",\"@id\":\"https:\/\/www.santutxu.com\/fr\/equipement-routier\/attenuateurs-de-choc\/attenuateur-tau-b-110\/\",\"url\":\"https:\/\/www.santutxu.com\/fr\/equipement-routier\/attenuateurs-de-choc\/attenuateur-tau-b-110\/\",\"name\":\"Att\u00e9nuateur TAU-B 110 - Asebal\",\"isPartOf\":{\"@id\":\"https:\/\/www.santutxu.com\/#website\"},\"datePublished\":\"2022-07-05T06:16:08+00:00\",\"dateModified\":\"2022-07-05T06:51:55+00:00\",\"breadcrumb\":{\"@id\":\"https:\/\/www.santutxu.com\/fr\/equipement-routier\/attenuateurs-de-choc\/attenuateur-tau-b-110\/#breadcrumb\"},\"inLanguage\":\"fr-FR\",\"potentialAction\":[{\"@type\":\"ReadAction\",\"target\":[\"https:\/\/www.santutxu.com\/fr\/equipement-routier\/attenuateurs-de-choc\/attenuateur-tau-b-110\/\"]}]},{\"@type\":\"BreadcrumbList\",\"@id\":\"https:\/\/www.santutxu.com\/fr\/equipement-routier\/attenuateurs-de-choc\/attenuateur-tau-b-110\/#breadcrumb\",\"itemListElement\":[{\"@type\":\"ListItem\",\"position\":1,\"name\":\"\",\"item\":\"https:\/\/www.santutxu.com\/fr\/\"},{\"@type\":\"ListItem\",\"position\":2,\"name\":\"\u00c9quipement routier\",\"item\":\"https:\/\/www.santutxu.com\/fr\/equipement-routier\/\"},{\"@type\":\"ListItem\",\"position\":3,\"name\":\"Att\u00e9nuateurs de choc\",\"item\":\"https:\/\/www.santutxu.com\/fr\/equipement-routier\/attenuateurs-de-choc\/\"},{\"@type\":\"ListItem\",\"position\":4,\"name\":\"Att\u00e9nuateur TAU-B 110\"}]},{\"@type\":\"WebSite\",\"@id\":\"https:\/\/www.santutxu.com\/#website\",\"url\":\"https:\/\/www.santutxu.com\/\",\"name\":\"Asebal\",\"description\":\"Otro sitio realizado con WordPress\",\"publisher\":{\"@id\":\"https:\/\/www.santutxu.com\/#organization\"},\"potentialAction\":[{\"@type\":\"SearchAction\",\"target\":{\"@type\":\"EntryPoint\",\"urlTemplate\":\"https:\/\/www.santutxu.com\/?s={search_term_string}\"},\"query-input\":{\"@type\":\"PropertyValueSpecification\",\"valueRequired\":true,\"valueName\":\"search_term_string\"}}],\"inLanguage\":\"fr-FR\"},{\"@type\":\"Organization\",\"@id\":\"https:\/\/www.santutxu.com\/#organization\",\"name\":\"Asebal\",\"url\":\"https:\/\/www.santutxu.com\/\",\"logo\":{\"@type\":\"ImageObject\",\"inLanguage\":\"fr-FR\",\"@id\":\"https:\/\/www.santutxu.com\/#\/schema\/logo\/image\/\",\"url\":\"https:\/\/www.santutxu.com\/wp-content\/uploads\/2015\/06\/logo-asebal1.png\",\"contentUrl\":\"https:\/\/www.santutxu.com\/wp-content\/uploads\/2015\/06\/logo-asebal1.png\",\"width\":265,\"height\":50,\"caption\":\"Asebal\"},\"image\":{\"@id\":\"https:\/\/www.santutxu.com\/#\/schema\/logo\/image\/\"}}]}<\/script>\n<!-- \/ Yoast SEO plugin. -->","yoast_head_json":{"title":"Att\u00e9nuateur TAU-B 110 - Asebal","robots":{"index":"noindex","follow":"follow","max-snippet":"max-snippet:-1","max-image-preview":"max-image-preview:large","max-video-preview":"max-video-preview:-1"},"og_locale":"fr_FR","og_type":"article","og_title":"Att\u00e9nuateur TAU-B 110 - Asebal","og_description":"[vc_row column_spacing=\u00a0\u00bb20&Prime;][vc_column][rev_slider_vc alias=\u00a0\u00bbamortiguador-tau-b-110-fr\u00a0\u00bb][\/vc_column][\/vc_row][vc_row column_spacing=\u00a0\u00bb20&Prime;][vc_column][vc_text_separator title=\u00a0\u00bbD\u00e9finition\u00a0\u00bb title_align=\u00a0\u00bbseparator_align_left\u00a0\u00bb el_class=\u00a0\u00bbh1&Prime;][vc_column_text]La s\u00e9rie d\u2019att\u00e9nuateurs de choc redirectifs TAU-B 110 consiste en une gamme compl\u00e8te d\u2019att\u00e9nuateurs de choc r\u00e9utilisables con\u00e7us pour r\u00e9pondre aux exigences en mati\u00e8re de haute vitesse (110 km\/h) \u00e9tablies dans la norme EN1317-3. Le dispositif TAU-B offre une protection contre les dangers jusqu\u2019\u00e0 2,6m de large. Le dispositif&hellip;","og_url":"https:\/\/www.santutxu.com\/fr\/equipement-routier\/attenuateurs-de-choc\/attenuateur-tau-b-110\/","og_site_name":"Asebal","article_modified_time":"2022-07-05T06:51:55+00:00","twitter_card":"summary_large_image","twitter_misc":{"Dur\u00e9e de lecture estim\u00e9e":"2 minutes"},"schema":{"@context":"https:\/\/schema.org","@graph":[{"@type":"WebPage","@id":"https:\/\/www.santutxu.com\/fr\/equipement-routier\/attenuateurs-de-choc\/attenuateur-tau-b-110\/","url":"https:\/\/www.santutxu.com\/fr\/equipement-routier\/attenuateurs-de-choc\/attenuateur-tau-b-110\/","name":"Att\u00e9nuateur TAU-B 110 - Asebal","isPartOf":{"@id":"https:\/\/www.santutxu.com\/#website"},"datePublished":"2022-07-05T06:16:08+00:00","dateModified":"2022-07-05T06:51:55+00:00","breadcrumb":{"@id":"https:\/\/www.santutxu.com\/fr\/equipement-routier\/attenuateurs-de-choc\/attenuateur-tau-b-110\/#breadcrumb"},"inLanguage":"fr-FR","potentialAction":[{"@type":"ReadAction","target":["https:\/\/www.santutxu.com\/fr\/equipement-routier\/attenuateurs-de-choc\/attenuateur-tau-b-110\/"]}]},{"@type":"BreadcrumbList","@id":"https:\/\/www.santutxu.com\/fr\/equipement-routier\/attenuateurs-de-choc\/attenuateur-tau-b-110\/#breadcrumb","itemListElement":[{"@type":"ListItem","position":1,"name":"","item":"https:\/\/www.santutxu.com\/fr\/"},{"@type":"ListItem","position":2,"name":"\u00c9quipement routier","item":"https:\/\/www.santutxu.com\/fr\/equipement-routier\/"},{"@type":"ListItem","position":3,"name":"Att\u00e9nuateurs de choc","item":"https:\/\/www.santutxu.com\/fr\/equipement-routier\/attenuateurs-de-choc\/"},{"@type":"ListItem","position":4,"name":"Att\u00e9nuateur TAU-B 110"}]},{"@type":"WebSite","@id":"https:\/\/www.santutxu.com\/#website","url":"https:\/\/www.santutxu.com\/","name":"Asebal","description":"Otro sitio realizado con WordPress","publisher":{"@id":"https:\/\/www.santutxu.com\/#organization"},"potentialAction":[{"@type":"SearchAction","target":{"@type":"EntryPoint","urlTemplate":"https:\/\/www.santutxu.com\/?s={search_term_string}"},"query-input":{"@type":"PropertyValueSpecification","valueRequired":true,"valueName":"search_term_string"}}],"inLanguage":"fr-FR"},{"@type":"Organization","@id":"https:\/\/www.santutxu.com\/#organization","name":"Asebal","url":"https:\/\/www.santutxu.com\/","logo":{"@type":"ImageObject","inLanguage":"fr-FR","@id":"https:\/\/www.santutxu.com\/#\/schema\/logo\/image\/","url":"https:\/\/www.santutxu.com\/wp-content\/uploads\/2015\/06\/logo-asebal1.png","contentUrl":"https:\/\/www.santutxu.com\/wp-content\/uploads\/2015\/06\/logo-asebal1.png","width":265,"height":50,"caption":"Asebal"},"image":{"@id":"https:\/\/www.santutxu.com\/#\/schema\/logo\/image\/"}}]}},"_links":{"self":[{"href":"https:\/\/www.santutxu.com\/fr\/wp-json\/wp\/v2\/pages\/15279","targetHints":{"allow":["GET"]}}],"collection":[{"href":"https:\/\/www.santutxu.com\/fr\/wp-json\/wp\/v2\/pages"}],"about":[{"href":"https:\/\/www.santutxu.com\/fr\/wp-json\/wp\/v2\/types\/page"}],"author":[{"embeddable":true,"href":"https:\/\/www.santutxu.com\/fr\/wp-json\/wp\/v2\/users\/2"}],"replies":[{"embeddable":true,"href":"https:\/\/www.santutxu.com\/fr\/wp-json\/wp\/v2\/comments?post=15279"}],"version-history":[{"count":5,"href":"https:\/\/www.santutxu.com\/fr\/wp-json\/wp\/v2\/pages\/15279\/revisions"}],"predecessor-version":[{"id":15300,"href":"https:\/\/www.santutxu.com\/fr\/wp-json\/wp\/v2\/pages\/15279\/revisions\/15300"}],"up":[{"embeddable":true,"href":"https:\/\/www.santutxu.com\/fr\/wp-json\/wp\/v2\/pages\/14831"}],"wp:attachment":[{"href":"https:\/\/www.santutxu.com\/fr\/wp-json\/wp\/v2\/media?parent=15279"}],"curies":[{"name":"wp","href":"https:\/\/api.w.org\/{rel}","templated":true}]}}