{"id":15254,"date":"2022-07-05T05:12:57","date_gmt":"2022-07-05T05:12:57","guid":{"rendered":"https:\/\/www.santutxu.com\/?page_id=15254"},"modified":"2023-10-11T07:11:35","modified_gmt":"2023-10-11T07:11:35","slug":"cookies","status":"publish","type":"page","link":"https:\/\/www.santutxu.com\/fr\/cookies\/","title":{"rendered":"Cookies"},"content":{"rendered":"<p><strong>Texte de la politique de cookies<\/strong><\/p>\n<p>Le pr\u00e9sent site web, <a href=\"https:\/\/www.santutxu.com\/\">ASEBAL &#8211; Auxiliar de Se\u00f1alizaciones y Balizamientos &#8211; Asebal<\/a> (ci-apr\u00e8s la \u00ab\u00a0<strong>Page Web<\/strong>\u00a0\u00bb) utilise des outils pour suivre la navigation sur la page web et l\u2019adresse IP du destinataire du service, afin d\u2019am\u00e9liorer et de garantir la prestation de services ou le fonctionnement technique de la page web, de vous distinguer des autres utilisateur\/rice\/s et d\u2019analyser vos habitudes de navigation.<\/p>\n<p>L\u2019objectif de cette politique de cookies est de vous communiquer de mani\u00e8re claire et pr\u00e9cise comment fonctionnent et \u00e0 quoi servent les cookies que nous utilisons.<\/p>\n<p><strong>Qu\u2019entend-on par cookies\u00a0?<\/strong><\/p>\n<p>Selon l\u2019article 22.2 de la loi 34\/2002 du 11 juillet sur les services de la soci\u00e9t\u00e9 de l\u2019information et le commerce \u00e9lectronique, les cookies sont tout type de dispositif de stockage et de r\u00e9cup\u00e9ration de donn\u00e9es utilis\u00e9 dans le terminal d\u2019un\/e utilisateur\/rice dans le but de stocker des informations et de r\u00e9cup\u00e9rer des informations d\u00e9j\u00e0 stock\u00e9es.<\/p>\n<p>Les cookies permettent \u00e0 une page web de reconna\u00eetre le dispositif d\u2019un\/e utilisateur\/rice, ce qui facilite la navigation, m\u00e9morise les pr\u00e9f\u00e9rences et, en g\u00e9n\u00e9ral, am\u00e9liore l\u2019exp\u00e9rience de l\u2019utilisateur\/rice, en nous aidant \u00e0 lui proposer des informations et des services en rapport avec ses centres d\u2019int\u00e9r\u00eat. Les cookies ne stockent pas d\u2019informations sensibles sur l\u2019utilisateur\/rice, telles que des donn\u00e9es bancaires ou de carte de cr\u00e9dit, des photographies, des cartes d\u2019identit\u00e9 ou des informations personnelles, etc.<\/p>\n<p>La loi en vigueur nous permet de stocker des cookies sur votre dispositif s\u2019ils sont strictement n\u00e9cessaires au fonctionnement de cette page. C\u2019est pourquoi nous devons obtenir votre autorisation pour tous les autres types de cookies.<\/p>\n<p>&nbsp;<\/p>\n<p><strong>Quels sont les diff\u00e9rents types de cookies\u00a0?<\/strong><\/p>\n<p>Nous informons nos utilisateur\/rice\/s que cette page web utilise diff\u00e9rents types de cookies, qui peuvent \u00eatre class\u00e9s comme suit\u00a0:<\/p>\n<ol>\n<li><strong>Types de cookies li\u00e9s \u00e0 l\u2019entit\u00e9 qui en fait usage\u00a0:<\/strong><\/li>\n<\/ol>\n<ul>\n<li>Cookies internes\u00a0: ce sont des cookies cr\u00e9\u00e9s par la page web que vous visitez.<\/li>\n<li>Cookies de tiers\u00a0: ce sont des cookies cr\u00e9\u00e9s par des services de tiers qui sont h\u00e9berg\u00e9s sur notre page web.<\/li>\n<\/ul>\n<p>&nbsp;<\/p>\n<ol>\n<li><strong>Types de cookies li\u00e9s \u00e0 la dur\u00e9e de leur pr\u00e9sence sur notre site\u00a0:<\/strong><\/li>\n<\/ol>\n<ul>\n<li>Cookies de session\u00a0: ce sont des cookies con\u00e7us pour recueillir et stocker des donn\u00e9es lorsque l\u2019utilisateur\/rice acc\u00e8de \u00e0 une page web\u00a0; ces cookies ne sont pas enregistr\u00e9s sur le disque dur de l\u2019utilisateur\/rice.<\/li>\n<li>Cookies persistants\u00a0: ce sont des cookies qui stockent des donn\u00e9es dans le terminal et qui peuvent \u00eatre consult\u00e9s et trait\u00e9s pendant une p\u00e9riode d\u00e9finie par le\/la responsable du cookie.\n<ol>\n<li><strong>Types de cookies li\u00e9s \u00e0 une finalit\u00e9\u00a0:<\/strong><\/li>\n<\/ol>\n<\/li>\n<li>Cookies techniques\u00a0: ce sont des cookies qui permettent \u00e0 l\u2019utilisateur\/rice de naviguer sur notre page web et d\u2019utiliser les diff\u00e9rentes options ou services qui y sont propos\u00e9s, c\u2019est pourquoi ils sont \u00e9galement appel\u00e9s \u00ab\u00a0strictement n\u00e9cessaires\u00a0\u00bb.<\/li>\n<li>Cookies de personnalisation\u00a0: ce sont des cookies qui permettent de m\u00e9moriser des informations afin que chaque utilisateur\/rice puisse acc\u00e9der au service en fonction de ses pr\u00e9f\u00e9rences (par exemple, langue, r\u00e9gion \u00e0 partir de laquelle il\/elle acc\u00e8de \u00e0 la page web ou nombre de r\u00e9sultats \u00e0 afficher lors d\u2019une recherche).<\/li>\n<li>Cookies analytiques ou de performance\u00a0: ce sont des cookies qui nous permettent de suivre et d\u2019analyser de mani\u00e8re anonyme le comportement des utilisateur\/rice\/s sur la page web (par exemple, nombre de visites ou crit\u00e8res de navigation).<\/li>\n<li>Cookies de publicit\u00e9 comportementale\u00a0: ce sont des cookies qui stockent des informations sur le comportement des utilisateur\/rice\/s afin de pouvoir introduire des param\u00e8tres d\u2019efficacit\u00e9 dans la publicit\u00e9 propos\u00e9e sur les pages web.<\/li>\n<\/ul>\n<p><strong>\u00a0<\/strong><\/p>\n<p><strong>Quels sont les cookies utilis\u00e9s sur ce site\u00a0?<\/strong><\/p>\n<p><strong>Cat\u00e9gorie\u00a0: N\u00e9cessaires \/ Techniques<\/strong><\/p>\n<p><strong>\u00a0<\/strong><\/p>\n<table>\n<thead>\n<tr>\n<td width=\"146\"><strong>Nom<\/strong><\/td>\n<td width=\"120\"><strong>Fournisseur<\/strong><\/td>\n<td width=\"124\"><strong>Objectif<\/strong><\/td>\n<td width=\"100\"><strong>Expiration<\/strong><\/td>\n<td width=\"77\"><strong>Type<\/strong><\/td>\n<\/tr>\n<\/thead>\n<tbody>\n<tr>\n<td width=\"146\">CookieLawInfoConsent<\/td>\n<td width=\"120\"><a href=\"https:\/\/asesorestv.com\/\">asebal.com<\/a><\/td>\n<td width=\"124\">Pour lire si des cookies peuvent \u00eatre d\u00e9pos\u00e9s<\/td>\n<td width=\"100\">1\u00a0an<\/td>\n<td width=\"77\">HTTP<\/td>\n<\/tr>\n<tr>\n<td width=\"146\">cookielawinfo-checkbox-necessary<\/td>\n<td width=\"120\">asebal.com<\/td>\n<td width=\"124\">Pour lire si des cookies peuvent \u00eatre d\u00e9pos\u00e9s<\/td>\n<td width=\"100\">1\u00a0an<\/td>\n<td width=\"77\">HTTP<\/td>\n<\/tr>\n<tr>\n<td width=\"146\">cookielawinfo-checkbox-non-necessary<\/td>\n<td width=\"120\">asebal.com<\/td>\n<td width=\"124\">Pour lire si des cookies peuvent \u00eatre d\u00e9pos\u00e9s<\/td>\n<td width=\"100\">1\u00a0an<\/td>\n<td width=\"77\">HTTP<\/td>\n<\/tr>\n<tr>\n<td width=\"146\">viewed_cookie_policy<\/td>\n<td width=\"120\">asebal.com<\/td>\n<td width=\"124\">Pour savoir si un message a \u00e9t\u00e9 affich\u00e9<\/td>\n<td width=\"100\">1\u00a0an<\/td>\n<td width=\"77\">HTTP<\/td>\n<\/tr>\n<\/tbody>\n<\/table>\n<p><strong>\u00a0<\/strong><\/p>\n<p><strong>Comment d\u00e9sinstaller les cookies\u00a0?<\/strong><\/p>\n<p>Lors de son premier acc\u00e8s au site web, l\u2019utilisateur\/rice peut configurer et accepter ou rejeter les cookies sur cette Page Web. Par la suite, l\u2019utilisateur peut, \u00e0 tout moment, modifier ou retirer son consentement par le biais de la pr\u00e9sente politique de cookies ou en configurant son navigateur.<\/p>\n<p>Les principaux navigateurs disposent d\u2019options pour bloquer et supprimer les cookies encore que la proc\u00e9dure puisse varier d\u2019un navigateur \u00e0 l\u2019autre. Pour d\u00e9sinstaller les cookies, nous vous recommandons de suivre les instructions fournies par le d\u00e9veloppeur du navigateur internet de l\u2019utilisateur\/rice. Vous trouverez ci-dessous des liens vers les principaux navigateurs et dispositifs\u00a0:<\/p>\n<ul>\n<li><a href=\"https:\/\/support.mozilla.org\/es\/kb\/habilitar-y-deshabilitar-cookies-sitios-web-rastrear-preferencias\">Firefox<\/a><\/li>\n<li><a href=\"https:\/\/support.google.com\/chrome\/answer\/95647?co=GENIE.Platform=Desktop&amp;hl=es\">Chrome<\/a><\/li>\n<li><a href=\"https:\/\/support.apple.com\/es-es\/guide\/safari\/sfri11471\/mac\">Safari<\/a><\/li>\n<li><a href=\"https:\/\/support.microsoft.com\/es-es\/help\/17442\/windows-internet-explorer-delete-manage-cookies\">Internet Explorer<\/a><\/li>\n<li><a href=\"https:\/\/privacy.microsoft.com\/es-es\/windows-10-microsoft-edge-and-privacy\">Microsoft Edge<\/a><\/li>\n<\/ul>\n<p>&nbsp;<\/p>\n<p>Dans le cas des dispositifs mobiles, ces options se trouvent g\u00e9n\u00e9ralement dans la rubrique \u00ab\u00a0Param\u00e8tres\u00a0\u00bb du navigateur.<\/p>\n<p>Toutefois, il faut savoir que si le navigateur rejette les cookies, les pr\u00e9f\u00e9rences de l\u2019utilisateur\/rice ne seront pas conserv\u00e9es et certaines pages pourraient ne pas \u00eatre disponibles.<\/p>\n","protected":false},"excerpt":{"rendered":"<p>Texte de la politique de cookies Le pr\u00e9sent site web, ASEBAL &#8211; Auxiliar de Se\u00f1alizaciones y Balizamientos &#8211; Asebal (ci-apr\u00e8s la \u00ab\u00a0Page Web\u00a0\u00bb) utilise des outils pour suivre la navigation sur la page web et l\u2019adresse IP du destinataire du service, afin d\u2019am\u00e9liorer et de garantir la prestation de services ou le fonctionnement technique de&hellip;<\/p>\n","protected":false},"author":2,"featured_media":0,"parent":0,"menu_order":0,"comment_status":"open","ping_status":"open","template":"","meta":{"footnotes":""},"class_list":["post-15254","page","type-page","status-publish","hentry","entry","no-media"],"yoast_head":"<!-- This site is optimized with the Yoast SEO plugin v27.2 - https:\/\/yoast.com\/product\/yoast-seo-wordpress\/ -->\n<title>Cookies - Asebal<\/title>\n<meta name=\"robots\" content=\"noindex, follow, max-snippet:-1, max-image-preview:large, max-video-preview:-1\" \/>\n<meta property=\"og:locale\" content=\"fr_FR\" \/>\n<meta property=\"og:type\" content=\"article\" \/>\n<meta property=\"og:title\" content=\"Cookies - Asebal\" \/>\n<meta property=\"og:description\" content=\"Texte de la politique de cookies Le pr\u00e9sent site web, ASEBAL &#8211; Auxiliar de Se\u00f1alizaciones y Balizamientos &#8211; Asebal (ci-apr\u00e8s la \u00ab\u00a0Page Web\u00a0\u00bb) utilise des outils pour suivre la navigation sur la page web et l\u2019adresse IP du destinataire du service, afin d\u2019am\u00e9liorer et de garantir la prestation de services ou le fonctionnement technique de&hellip;\" \/>\n<meta property=\"og:url\" content=\"https:\/\/www.santutxu.com\/fr\/cookies\/\" \/>\n<meta property=\"og:site_name\" content=\"Asebal\" \/>\n<meta property=\"article:modified_time\" content=\"2023-10-11T07:11:35+00:00\" \/>\n<meta name=\"twitter:card\" content=\"summary_large_image\" \/>\n<meta name=\"twitter:label1\" content=\"Dur\u00e9e de lecture estim\u00e9e\" \/>\n\t<meta name=\"twitter:data1\" content=\"4 minutes\" \/>\n<script type=\"application\/ld+json\" class=\"yoast-schema-graph\">{\"@context\":\"https:\/\/schema.org\",\"@graph\":[{\"@type\":\"WebPage\",\"@id\":\"https:\/\/www.santutxu.com\/fr\/cookies\/\",\"url\":\"https:\/\/www.santutxu.com\/fr\/cookies\/\",\"name\":\"Cookies - Asebal\",\"isPartOf\":{\"@id\":\"https:\/\/www.santutxu.com\/#website\"},\"datePublished\":\"2022-07-05T05:12:57+00:00\",\"dateModified\":\"2023-10-11T07:11:35+00:00\",\"breadcrumb\":{\"@id\":\"https:\/\/www.santutxu.com\/fr\/cookies\/#breadcrumb\"},\"inLanguage\":\"fr-FR\",\"potentialAction\":[{\"@type\":\"ReadAction\",\"target\":[\"https:\/\/www.santutxu.com\/fr\/cookies\/\"]}]},{\"@type\":\"BreadcrumbList\",\"@id\":\"https:\/\/www.santutxu.com\/fr\/cookies\/#breadcrumb\",\"itemListElement\":[{\"@type\":\"ListItem\",\"position\":1,\"name\":\"\",\"item\":\"https:\/\/www.santutxu.com\/fr\/\"},{\"@type\":\"ListItem\",\"position\":2,\"name\":\"Cookies\"}]},{\"@type\":\"WebSite\",\"@id\":\"https:\/\/www.santutxu.com\/#website\",\"url\":\"https:\/\/www.santutxu.com\/\",\"name\":\"Asebal\",\"description\":\"Otro sitio realizado con WordPress\",\"publisher\":{\"@id\":\"https:\/\/www.santutxu.com\/#organization\"},\"potentialAction\":[{\"@type\":\"SearchAction\",\"target\":{\"@type\":\"EntryPoint\",\"urlTemplate\":\"https:\/\/www.santutxu.com\/?s={search_term_string}\"},\"query-input\":{\"@type\":\"PropertyValueSpecification\",\"valueRequired\":true,\"valueName\":\"search_term_string\"}}],\"inLanguage\":\"fr-FR\"},{\"@type\":\"Organization\",\"@id\":\"https:\/\/www.santutxu.com\/#organization\",\"name\":\"Asebal\",\"url\":\"https:\/\/www.santutxu.com\/\",\"logo\":{\"@type\":\"ImageObject\",\"inLanguage\":\"fr-FR\",\"@id\":\"https:\/\/www.santutxu.com\/#\/schema\/logo\/image\/\",\"url\":\"https:\/\/www.santutxu.com\/wp-content\/uploads\/2015\/06\/logo-asebal1.png\",\"contentUrl\":\"https:\/\/www.santutxu.com\/wp-content\/uploads\/2015\/06\/logo-asebal1.png\",\"width\":265,\"height\":50,\"caption\":\"Asebal\"},\"image\":{\"@id\":\"https:\/\/www.santutxu.com\/#\/schema\/logo\/image\/\"}}]}<\/script>\n<!-- \/ Yoast SEO plugin. -->","yoast_head_json":{"title":"Cookies - Asebal","robots":{"index":"noindex","follow":"follow","max-snippet":"max-snippet:-1","max-image-preview":"max-image-preview:large","max-video-preview":"max-video-preview:-1"},"og_locale":"fr_FR","og_type":"article","og_title":"Cookies - Asebal","og_description":"Texte de la politique de cookies Le pr\u00e9sent site web, ASEBAL &#8211; Auxiliar de Se\u00f1alizaciones y Balizamientos &#8211; Asebal (ci-apr\u00e8s la \u00ab\u00a0Page Web\u00a0\u00bb) utilise des outils pour suivre la navigation sur la page web et l\u2019adresse IP du destinataire du service, afin d\u2019am\u00e9liorer et de garantir la prestation de services ou le fonctionnement technique de&hellip;","og_url":"https:\/\/www.santutxu.com\/fr\/cookies\/","og_site_name":"Asebal","article_modified_time":"2023-10-11T07:11:35+00:00","twitter_card":"summary_large_image","twitter_misc":{"Dur\u00e9e de lecture estim\u00e9e":"4 minutes"},"schema":{"@context":"https:\/\/schema.org","@graph":[{"@type":"WebPage","@id":"https:\/\/www.santutxu.com\/fr\/cookies\/","url":"https:\/\/www.santutxu.com\/fr\/cookies\/","name":"Cookies - Asebal","isPartOf":{"@id":"https:\/\/www.santutxu.com\/#website"},"datePublished":"2022-07-05T05:12:57+00:00","dateModified":"2023-10-11T07:11:35+00:00","breadcrumb":{"@id":"https:\/\/www.santutxu.com\/fr\/cookies\/#breadcrumb"},"inLanguage":"fr-FR","potentialAction":[{"@type":"ReadAction","target":["https:\/\/www.santutxu.com\/fr\/cookies\/"]}]},{"@type":"BreadcrumbList","@id":"https:\/\/www.santutxu.com\/fr\/cookies\/#breadcrumb","itemListElement":[{"@type":"ListItem","position":1,"name":"","item":"https:\/\/www.santutxu.com\/fr\/"},{"@type":"ListItem","position":2,"name":"Cookies"}]},{"@type":"WebSite","@id":"https:\/\/www.santutxu.com\/#website","url":"https:\/\/www.santutxu.com\/","name":"Asebal","description":"Otro sitio realizado con WordPress","publisher":{"@id":"https:\/\/www.santutxu.com\/#organization"},"potentialAction":[{"@type":"SearchAction","target":{"@type":"EntryPoint","urlTemplate":"https:\/\/www.santutxu.com\/?s={search_term_string}"},"query-input":{"@type":"PropertyValueSpecification","valueRequired":true,"valueName":"search_term_string"}}],"inLanguage":"fr-FR"},{"@type":"Organization","@id":"https:\/\/www.santutxu.com\/#organization","name":"Asebal","url":"https:\/\/www.santutxu.com\/","logo":{"@type":"ImageObject","inLanguage":"fr-FR","@id":"https:\/\/www.santutxu.com\/#\/schema\/logo\/image\/","url":"https:\/\/www.santutxu.com\/wp-content\/uploads\/2015\/06\/logo-asebal1.png","contentUrl":"https:\/\/www.santutxu.com\/wp-content\/uploads\/2015\/06\/logo-asebal1.png","width":265,"height":50,"caption":"Asebal"},"image":{"@id":"https:\/\/www.santutxu.com\/#\/schema\/logo\/image\/"}}]}},"_links":{"self":[{"href":"https:\/\/www.santutxu.com\/fr\/wp-json\/wp\/v2\/pages\/15254","targetHints":{"allow":["GET"]}}],"collection":[{"href":"https:\/\/www.santutxu.com\/fr\/wp-json\/wp\/v2\/pages"}],"about":[{"href":"https:\/\/www.santutxu.com\/fr\/wp-json\/wp\/v2\/types\/page"}],"author":[{"embeddable":true,"href":"https:\/\/www.santutxu.com\/fr\/wp-json\/wp\/v2\/users\/2"}],"replies":[{"embeddable":true,"href":"https:\/\/www.santutxu.com\/fr\/wp-json\/wp\/v2\/comments?post=15254"}],"version-history":[{"count":3,"href":"https:\/\/www.santutxu.com\/fr\/wp-json\/wp\/v2\/pages\/15254\/revisions"}],"predecessor-version":[{"id":16848,"href":"https:\/\/www.santutxu.com\/fr\/wp-json\/wp\/v2\/pages\/15254\/revisions\/16848"}],"wp:attachment":[{"href":"https:\/\/www.santutxu.com\/fr\/wp-json\/wp\/v2\/media?parent=15254"}],"curies":[{"name":"wp","href":"https:\/\/api.w.org\/{rel}","templated":true}]}}