{"id":15251,"date":"2022-07-05T05:06:30","date_gmt":"2022-07-05T05:06:30","guid":{"rendered":"https:\/\/www.santutxu.com\/?page_id=15251"},"modified":"2023-10-11T06:13:35","modified_gmt":"2023-10-11T06:13:35","slug":"avis-juridique","status":"publish","type":"page","link":"https:\/\/www.santutxu.com\/fr\/avis-juridique\/","title":{"rendered":"Avis juridique"},"content":{"rendered":"<p><span style=\"color: #ff0000;\"><strong>Texte sur la protection des donn\u00e9es\u00a0:<\/strong><\/span><\/p>\n<p><strong>Identit\u00e9 et coordonn\u00e9es du\/de la responsable<\/strong><\/p>\n<p>&nbsp;<\/p>\n<p><strong>Auxiliar de Se\u00f1alizaciones y Balizamientos, S.L. <\/strong><\/p>\n<p>Code d\u2019identification fiscale \/ Num\u00e9ro de CNI\u00a0: B48601181<\/p>\n<p>T\u00e9l\u00e9phone\u00a0: +34 946 32 22 02<\/p>\n<p>&nbsp;<\/p>\n<p><strong>Auxiliar de Se\u00f1alizaciones y Balizamientos S.L.<\/strong>, dont les donn\u00e9es d\u2019identification et d\u2019enregistrement figurent dans l\u2019en-t\u00eate du pr\u00e9sent avis juridique, est responsable du traitement des donn\u00e9es et garantit leur s\u00e9curit\u00e9 et leur traitement confidentiel conform\u00e9ment aux dispositions du R\u00e8glement g\u00e9n\u00e9ral sur la protection des donn\u00e9es (RGPD), \u00e0 celles de la loi organique 3\/2018 du 5 d\u00e9cembre sur la protection des donn\u00e9es \u00e0 caract\u00e8re personnel et la garantie des droits num\u00e9riques (LOPDGDD), ainsi qu\u2019aux dispositions de toute autre l\u00e9gislation applicable.<\/p>\n<p>L\u2019utilisateur\/rice peut contacter le\/la responsable du traitement des donn\u00e9es pour r\u00e9soudre toute question portant sur le traitement de ses donn\u00e9es \u00e0 caract\u00e8re personnel en \u00e9crivant \u00e0 l\u2019adresse \u00e9lectronique <a href=\"mailto:rgpdasebal@www.santutxu.com\">rgpdasebal@www.santutxu.com<\/a>.<\/p>\n<p><strong>\u00a0<\/strong><\/p>\n<p><strong>\u00a0<\/strong><\/p>\n<p><strong>Finalit\u00e9 du traitement<\/strong><strong>\u00a0<\/strong><\/p>\n<p>Les donn\u00e9es \u00e0 caract\u00e8re personnel de l\u2019utilisateur\/rice seront collect\u00e9es et trait\u00e9es \u00e0 travers la plateforme num\u00e9rique d\u2019<strong>Auxiliar de Se\u00f1alizaciones y Balizamientos<\/strong> <strong>S.L.<\/strong>, selon le contexte et la nature, et en poursuivant les finalit\u00e9s suivantes\u00a0:<\/p>\n<p><strong>\u00a0<\/strong><\/p>\n<ol>\n<li>Traiter les demandes transmises \u00e0 travers le formulaire fourni sur la page web.<\/li>\n<li>G\u00e9rer les coordonn\u00e9es des clients et des fournisseurs li\u00e9s \u00e0 l\u2019entreprise \u00e0 des fins commerciales, d\u2019affaires ou de marketing.<\/li>\n<\/ol>\n<p><strong>\u00a0<\/strong><\/p>\n<p><strong>L\u00e9gitimit\u00e9 du traitement<\/strong><\/p>\n<p>Dans le cadre de l\u2019interaction avec les utilisateur\/rice\/s de la page web, le traitement de leurs donn\u00e9es \u00e0 caract\u00e8re personnel sera en g\u00e9n\u00e9ral l\u00e9gitim\u00e9 par la relation contractuelle et pr\u00e9contractuelle et, le cas \u00e9ch\u00e9ant, par l\u2019int\u00e9r\u00eat l\u00e9gitime \u00e0 maintenir des relations commerciales.<\/p>\n<p>&nbsp;<\/p>\n<p>&nbsp;<\/p>\n<p><strong>Conservation des donn\u00e9es<\/strong><\/p>\n<p>Pour chaque traitement, les donn\u00e9es seront conserv\u00e9es pendant la dur\u00e9e des relations maintenues et, par la suite, pendant les d\u00e9lais l\u00e9gaux applicables et le temps n\u00e9cessaire pour atteindre la finalit\u00e9 pour laquelle elles ont \u00e9t\u00e9 collect\u00e9es et pour d\u00e9terminer \u00a0les \u00e9ventuelles responsabilit\u00e9s qui pourraient d\u00e9couler de cette finalit\u00e9 et du traitement des donn\u00e9es. Seules les donn\u00e9es n\u00e9cessaires \u00e0 chaque traitement sont demand\u00e9es. Si vous ne renseignez pas nos formulaires en ligne avec vos donn\u00e9es, nous ne serons pas en mesure de traiter vos demandes.<\/p>\n<p><strong>\u00a0<\/strong><\/p>\n<p><strong>Exercice des droits<\/strong><strong>\u00a0<\/strong><\/p>\n<p>Nous vous informons que vous pourrez exercer les droits suivants\u00a0:<\/p>\n<p>&nbsp;<\/p>\n<ol>\n<li>le droit d\u2019acc\u00e8s \u00e0 vos donn\u00e9es \u00e0 caract\u00e8re personnel afin de savoir quelles donn\u00e9es sont trait\u00e9es\u00a0;<\/li>\n<li>le droit de rectifier toute donn\u00e9e \u00e0 caract\u00e8re personnel inexacte\u00a0;<\/li>\n<li>le droit \u00e0 la suppression de vos donn\u00e9es \u00e0 caract\u00e8re personnel, lorsque cela est possible\u00a0;<\/li>\n<li>le droit de demander la limitation du traitement de vos donn\u00e9es \u00e0 caract\u00e8re personnel lorsque l\u2019exactitude, la l\u00e9galit\u00e9 ou la n\u00e9cessit\u00e9 du traitement des donn\u00e9es est mise en doute, auquel cas nous pouvons conserver les donn\u00e9es \u00e0 des fins d\u2019exercice ou de d\u00e9fense des r\u00e9clamations\u00a0;<\/li>\n<li>le droit de vous opposer au traitement de vos donn\u00e9es \u00e0 caract\u00e8re personnel, lorsque la base juridique qui nous permet de traiter vos donn\u00e9es \u00e0 caract\u00e8re personnel est l\u2019int\u00e9r\u00eat l\u00e9gitime. <strong>Auxiliar de Se\u00f1alizaciones y Balizamientos S.L.<\/strong> cessera de traiter vos donn\u00e9es \u00e0 moins qu\u2019elle ne soit motiv\u00e9e par un int\u00e9r\u00eat l\u00e9gitime imp\u00e9rieux ou qu\u2019elle en ait besoin pour formuler, exercer ou d\u00e9fendre des r\u00e9clamations\u00a0;<\/li>\n<li>le droit \u00e0 la portabilit\u00e9 de vos donn\u00e9es, lorsque la base juridique qui nous permet de traiter les donn\u00e9es indiqu\u00e9es est votre consentement.<\/li>\n<\/ol>\n<p>Ces droits peuvent \u00eatre exerc\u00e9s gratuitement par l\u2019int\u00e9ress\u00e9\/e et, le cas \u00e9ch\u00e9ant, par son\/sa repr\u00e9sentant\/e, au moyen d\u2019une demande \u00e9crite adress\u00e9e \u00e0 <a href=\"mailto:rgpdasebal@www.santutxu.com\">rgpdasebal@www.santutxu.com<\/a>.<\/p>\n<p>Outre les droits susmentionn\u00e9s, l\u2019int\u00e9ress\u00e9\/e a le droit de retirer le consentement pr\u00eat\u00e9 \u00e0 tout moment, sans que ce retrait affecte la l\u00e9galit\u00e9 du traitement effectu\u00e9 pr\u00e9alablement au retrait du consentement. <strong>Auxiliar de Se\u00f1alizaciones y Balizamientos S.L.<\/strong> peut continuer de traiter les donn\u00e9es de l\u2019int\u00e9ress\u00e9\/e dans la mesure permise par la loi applicable.<\/p>\n<p><strong>Auxiliar de Se\u00f1alizaciones y Balizamientos S.L.<\/strong> rappelle \u00e0 l\u2019int\u00e9ress\u00e9\/e qu\u2019il\/elle a le droit de d\u00e9poser une r\u00e9clamation aupr\u00e8s de l\u2019Autorit\u00e9 de contr\u00f4le comp\u00e9tente du pays dans lequel il\/elle se trouve.<\/p>\n<p><strong>\u00a0<\/strong><\/p>\n<p><strong>Quelles mesures de s\u00e9curit\u00e9 mettons-nous en \u0153uvre\u00a0?<\/strong><\/p>\n<p>&nbsp;<\/p>\n<p><strong>Auxiliar de Se\u00f1alizaciones y Balizamientos S.L.<\/strong> s\u2019engage \u00e0 respecter son obligation de maintenir le secret des donn\u00e9es \u00e0 caract\u00e8re personnel et son obligation de les conserver, et adoptera les mesures n\u00e9cessaires pour \u00e9viter leur modification, perte, traitement ou acc\u00e8s non autoris\u00e9, conform\u00e9ment aux dispositions de la r\u00e9glementation applicable.<\/p>\n<p>&nbsp;<\/p>\n<p><strong>Auxiliar de Se\u00f1alizaciones y Balizamientos S.L.<\/strong> met en \u0153uvre les mesures de s\u00e9curit\u00e9 techniques et organisationnelles n\u00e9cessaires pour garantir la s\u00e9curit\u00e9 de vos donn\u00e9es \u00e0 caract\u00e8re personnel et \u00e9viter leur modification, perte et traitement et\/ou acc\u00e8s non autoris\u00e9, compte tenu de l\u2019\u00e9tat de la technologie, de la nature des donn\u00e9es stock\u00e9es et des risques auxquels elles sont expos\u00e9es, que ceux-ci d\u00e9coulent de l\u2019action humaine ou de l\u2019environnement physique ou naturel, conform\u00e9ment aux dispositions de la r\u00e9glementation applicable.<\/p>\n<p>&nbsp;<\/p>\n<p><strong>Confidentialit\u00e9<\/strong><\/p>\n<p>Les donn\u00e9es \u00e0 caract\u00e8re personnel que nous pourrions recueillir par le biais du site web ou de nos diff\u00e9rents \u00e9changes seront trait\u00e9es de mani\u00e8re confidentielle et nous nous engageons \u00e0 les tenir secr\u00e8tes, conform\u00e9ment aux dispositions de la l\u00e9gislation applicable.<\/p>\n<p><strong>\u00a0<\/strong><\/p>\n<p><strong>Liens vers d&rsquo;autres sites web<\/strong><\/p>\n<p>Cette page web peut contenir des hyperliens vers d\u2019autres sites qui ne sont pas g\u00e9r\u00e9s ou contr\u00f4l\u00e9s par <strong>Auxiliar de Se\u00f1alizaciones y Balizamientos S.L.<\/strong> C\u2019est pourquoi <strong>Auxiliar de Se\u00f1alizaciones y Balizamientos S.L.<\/strong> ne garantit pas et n\u2019est pas responsable de la l\u00e9galit\u00e9, de la fiabilit\u00e9, de l\u2019utilit\u00e9, de la v\u00e9racit\u00e9 et de l\u2019actualit\u00e9 du contenu de ces sites web ou de leurs pratiques en mati\u00e8re de protection de la vie priv\u00e9e. Notez bien qu\u2019avant de fournir des informations personnelles \u00e0 des sites web \u00e9trangers \u00e0 <strong>Auxiliar de Se\u00f1alizaciones y Balizamientos S.L.<\/strong>, vous devez \u00eatre conscient\/e que leur conformit\u00e9 en mati\u00e8re de protection des donn\u00e9es peut diff\u00e9rer de la n\u00f4tre.<\/p>\n<p><strong>\u00a0<\/strong><\/p>\n<p><strong>Mise \u00e0 jour de la politique de confidentialit\u00e9<\/strong><\/p>\n<p>Le contenu de la politique de protection des donn\u00e9es peut faire l\u2019objet de modifications \u00e0 des fins d\u2019adaptation aux potentiels changements l\u00e9gislatifs, ainsi qu\u2019aux crit\u00e8res \u00e9mis et positions prises par les autorit\u00e9s de contr\u00f4le. En tout \u00e9tat de cause, toute modification de la politique de confidentialit\u00e9 sera d\u00fbment notifi\u00e9e \u00e0 la Partie Concern\u00e9e afin que cette derni\u00e8re puisse \u00eatre inform\u00e9e des changements apport\u00e9s au traitement de ses donn\u00e9es \u00e0 caract\u00e8re personnel et, au cas o\u00f9 la r\u00e9glementation applicable l\u2019exigerait, afin qu\u2019elle puisse pr\u00eater son consentement.<\/p>\n<p>&nbsp;<\/p>\n<p>&nbsp;<\/p>\n<p><strong>Propri\u00e9t\u00e9 intellectuelle<\/strong><\/p>\n<p>Les contenus de ce site web, de ces textes, images, sons, animations, etc. ainsi que sa conception graphique et son code source sont prot\u00e9g\u00e9s par la l\u00e9gislation espagnole sur les droits de propri\u00e9t\u00e9 intellectuelle et industrielle en faveur d\u2019<strong>Auxiliar de Se\u00f1alizaciones y Balizamientos S.L.<\/strong> Par cons\u00e9quent, leur reproduction, distribution ou communication publique, en tout ou en partie, sans l\u2019autorisation expresse d\u2019<strong>Auxiliar de Se\u00f1alizaciones y Balizamientos S.L.<\/strong> sont strictement interdits.<\/p>\n<p>&nbsp;<\/p>\n<p><strong>Contenu du site web et liens<\/strong><\/p>\n<p><strong>Auxiliar de Se\u00f1alizaciones y Balizamientos S.L.<\/strong> n\u2019est pas responsable de la mauvaise utilisation des contenus de son site web, la personne qui y acc\u00e8de ou les utilise \u00e9tant la seule responsable. Nous n\u2019assumons pas non plus de responsabilit\u00e9 au regard des informations contenues dans les pages web de tiers auxquelles il est possible d\u2019acc\u00e9der \u00e0 travers des liens ou des moteurs de recherche depuis ce site web.<\/p>\n<p><strong>\u00a0<\/strong><\/p>\n<p><strong>Mise \u00e0 jour et modification de la page web<\/strong><\/p>\n<p><strong>Auxiliar de Se\u00f1alizaciones y Balizamientos S.L.<\/strong> se r\u00e9serve le droit de modifier ou de supprimer sans pr\u00e9avis aussi bien l\u2019information pr\u00e9sente sur son site web que sa configuration et sa pr\u00e9sentation, sans assumer aucune responsabilit\u00e9 en cons\u00e9quence.<\/p>\n<p><strong>\u00a0<\/strong><\/p>\n<p><strong>Remarques sur les aspects techniques<\/strong><\/p>\n<p><strong>Auxiliar de Se\u00f1alizaciones y Balizamientos S.L.<\/strong> n\u2019assume aucune responsabilit\u00e9 pouvant d\u00e9couler de probl\u00e8mes techniques ou de d\u00e9faillances de l\u2019\u00e9quipement informatique lors de la connexion \u00e0 internet, ni de tout dommage pouvant \u00eatre caus\u00e9 par des tiers par le biais d\u2019interf\u00e9rences ill\u00e9gitimes \u00e9chappant au contr\u00f4le d\u2019<strong>Auxiliar de Se\u00f1alizaciones y Balizamientos S.L.<\/strong> Nous nous exon\u00e9rons \u00e9galement de toute responsabilit\u00e9 pour les \u00e9ventuels dommages que l\u2019utilisateur\/rice pourrait subir en raison d\u2019erreurs, de d\u00e9fauts ou d\u2019omissions dans l\u2019information que nous fournissons lorsqu\u2019elle provient de sources ext\u00e9rieures.<\/p>\n","protected":false},"excerpt":{"rendered":"<p>Texte sur la protection des donn\u00e9es\u00a0: Identit\u00e9 et coordonn\u00e9es du\/de la responsable &nbsp; Auxiliar de Se\u00f1alizaciones y Balizamientos, S.L. Code d\u2019identification fiscale \/ Num\u00e9ro de CNI\u00a0: B48601181 T\u00e9l\u00e9phone\u00a0: +34 946 32 22 02 &nbsp; Auxiliar de Se\u00f1alizaciones y Balizamientos S.L., dont les donn\u00e9es d\u2019identification et d\u2019enregistrement figurent dans l\u2019en-t\u00eate du pr\u00e9sent avis juridique, est responsable&hellip;<\/p>\n","protected":false},"author":2,"featured_media":0,"parent":0,"menu_order":0,"comment_status":"open","ping_status":"open","template":"","meta":{"footnotes":""},"class_list":["post-15251","page","type-page","status-publish","hentry","entry","no-media"],"yoast_head":"<!-- This site is optimized with the Yoast SEO plugin v27.2 - https:\/\/yoast.com\/product\/yoast-seo-wordpress\/ -->\n<title>Avis juridique - Asebal<\/title>\n<meta name=\"robots\" content=\"noindex, follow, max-snippet:-1, max-image-preview:large, max-video-preview:-1\" \/>\n<meta property=\"og:locale\" content=\"fr_FR\" \/>\n<meta property=\"og:type\" content=\"article\" \/>\n<meta property=\"og:title\" content=\"Avis juridique - Asebal\" \/>\n<meta property=\"og:description\" content=\"Texte sur la protection des donn\u00e9es\u00a0: Identit\u00e9 et coordonn\u00e9es du\/de la responsable &nbsp; Auxiliar de Se\u00f1alizaciones y Balizamientos, S.L. Code d\u2019identification fiscale \/ Num\u00e9ro de CNI\u00a0: B48601181 T\u00e9l\u00e9phone\u00a0: +34 946 32 22 02 &nbsp; Auxiliar de Se\u00f1alizaciones y Balizamientos S.L., dont les donn\u00e9es d\u2019identification et d\u2019enregistrement figurent dans l\u2019en-t\u00eate du pr\u00e9sent avis juridique, est responsable&hellip;\" \/>\n<meta property=\"og:url\" content=\"https:\/\/www.santutxu.com\/fr\/avis-juridique\/\" \/>\n<meta property=\"og:site_name\" content=\"Asebal\" \/>\n<meta property=\"article:modified_time\" content=\"2023-10-11T06:13:35+00:00\" \/>\n<meta name=\"twitter:card\" content=\"summary_large_image\" \/>\n<meta name=\"twitter:label1\" content=\"Dur\u00e9e de lecture estim\u00e9e\" \/>\n\t<meta name=\"twitter:data1\" content=\"6 minutes\" \/>\n<script type=\"application\/ld+json\" class=\"yoast-schema-graph\">{\"@context\":\"https:\/\/schema.org\",\"@graph\":[{\"@type\":\"WebPage\",\"@id\":\"https:\/\/www.santutxu.com\/fr\/avis-juridique\/\",\"url\":\"https:\/\/www.santutxu.com\/fr\/avis-juridique\/\",\"name\":\"Avis juridique - Asebal\",\"isPartOf\":{\"@id\":\"https:\/\/www.santutxu.com\/#website\"},\"datePublished\":\"2022-07-05T05:06:30+00:00\",\"dateModified\":\"2023-10-11T06:13:35+00:00\",\"breadcrumb\":{\"@id\":\"https:\/\/www.santutxu.com\/fr\/avis-juridique\/#breadcrumb\"},\"inLanguage\":\"fr-FR\",\"potentialAction\":[{\"@type\":\"ReadAction\",\"target\":[\"https:\/\/www.santutxu.com\/fr\/avis-juridique\/\"]}]},{\"@type\":\"BreadcrumbList\",\"@id\":\"https:\/\/www.santutxu.com\/fr\/avis-juridique\/#breadcrumb\",\"itemListElement\":[{\"@type\":\"ListItem\",\"position\":1,\"name\":\"\",\"item\":\"https:\/\/www.santutxu.com\/fr\/\"},{\"@type\":\"ListItem\",\"position\":2,\"name\":\"Avis juridique\"}]},{\"@type\":\"WebSite\",\"@id\":\"https:\/\/www.santutxu.com\/#website\",\"url\":\"https:\/\/www.santutxu.com\/\",\"name\":\"Asebal\",\"description\":\"Otro sitio realizado con WordPress\",\"publisher\":{\"@id\":\"https:\/\/www.santutxu.com\/#organization\"},\"potentialAction\":[{\"@type\":\"SearchAction\",\"target\":{\"@type\":\"EntryPoint\",\"urlTemplate\":\"https:\/\/www.santutxu.com\/?s={search_term_string}\"},\"query-input\":{\"@type\":\"PropertyValueSpecification\",\"valueRequired\":true,\"valueName\":\"search_term_string\"}}],\"inLanguage\":\"fr-FR\"},{\"@type\":\"Organization\",\"@id\":\"https:\/\/www.santutxu.com\/#organization\",\"name\":\"Asebal\",\"url\":\"https:\/\/www.santutxu.com\/\",\"logo\":{\"@type\":\"ImageObject\",\"inLanguage\":\"fr-FR\",\"@id\":\"https:\/\/www.santutxu.com\/#\/schema\/logo\/image\/\",\"url\":\"https:\/\/www.santutxu.com\/wp-content\/uploads\/2015\/06\/logo-asebal1.png\",\"contentUrl\":\"https:\/\/www.santutxu.com\/wp-content\/uploads\/2015\/06\/logo-asebal1.png\",\"width\":265,\"height\":50,\"caption\":\"Asebal\"},\"image\":{\"@id\":\"https:\/\/www.santutxu.com\/#\/schema\/logo\/image\/\"}}]}<\/script>\n<!-- \/ Yoast SEO plugin. -->","yoast_head_json":{"title":"Avis juridique - Asebal","robots":{"index":"noindex","follow":"follow","max-snippet":"max-snippet:-1","max-image-preview":"max-image-preview:large","max-video-preview":"max-video-preview:-1"},"og_locale":"fr_FR","og_type":"article","og_title":"Avis juridique - Asebal","og_description":"Texte sur la protection des donn\u00e9es\u00a0: Identit\u00e9 et coordonn\u00e9es du\/de la responsable &nbsp; Auxiliar de Se\u00f1alizaciones y Balizamientos, S.L. Code d\u2019identification fiscale \/ Num\u00e9ro de CNI\u00a0: B48601181 T\u00e9l\u00e9phone\u00a0: +34 946 32 22 02 &nbsp; Auxiliar de Se\u00f1alizaciones y Balizamientos S.L., dont les donn\u00e9es d\u2019identification et d\u2019enregistrement figurent dans l\u2019en-t\u00eate du pr\u00e9sent avis juridique, est responsable&hellip;","og_url":"https:\/\/www.santutxu.com\/fr\/avis-juridique\/","og_site_name":"Asebal","article_modified_time":"2023-10-11T06:13:35+00:00","twitter_card":"summary_large_image","twitter_misc":{"Dur\u00e9e de lecture estim\u00e9e":"6 minutes"},"schema":{"@context":"https:\/\/schema.org","@graph":[{"@type":"WebPage","@id":"https:\/\/www.santutxu.com\/fr\/avis-juridique\/","url":"https:\/\/www.santutxu.com\/fr\/avis-juridique\/","name":"Avis juridique - Asebal","isPartOf":{"@id":"https:\/\/www.santutxu.com\/#website"},"datePublished":"2022-07-05T05:06:30+00:00","dateModified":"2023-10-11T06:13:35+00:00","breadcrumb":{"@id":"https:\/\/www.santutxu.com\/fr\/avis-juridique\/#breadcrumb"},"inLanguage":"fr-FR","potentialAction":[{"@type":"ReadAction","target":["https:\/\/www.santutxu.com\/fr\/avis-juridique\/"]}]},{"@type":"BreadcrumbList","@id":"https:\/\/www.santutxu.com\/fr\/avis-juridique\/#breadcrumb","itemListElement":[{"@type":"ListItem","position":1,"name":"","item":"https:\/\/www.santutxu.com\/fr\/"},{"@type":"ListItem","position":2,"name":"Avis juridique"}]},{"@type":"WebSite","@id":"https:\/\/www.santutxu.com\/#website","url":"https:\/\/www.santutxu.com\/","name":"Asebal","description":"Otro sitio realizado con WordPress","publisher":{"@id":"https:\/\/www.santutxu.com\/#organization"},"potentialAction":[{"@type":"SearchAction","target":{"@type":"EntryPoint","urlTemplate":"https:\/\/www.santutxu.com\/?s={search_term_string}"},"query-input":{"@type":"PropertyValueSpecification","valueRequired":true,"valueName":"search_term_string"}}],"inLanguage":"fr-FR"},{"@type":"Organization","@id":"https:\/\/www.santutxu.com\/#organization","name":"Asebal","url":"https:\/\/www.santutxu.com\/","logo":{"@type":"ImageObject","inLanguage":"fr-FR","@id":"https:\/\/www.santutxu.com\/#\/schema\/logo\/image\/","url":"https:\/\/www.santutxu.com\/wp-content\/uploads\/2015\/06\/logo-asebal1.png","contentUrl":"https:\/\/www.santutxu.com\/wp-content\/uploads\/2015\/06\/logo-asebal1.png","width":265,"height":50,"caption":"Asebal"},"image":{"@id":"https:\/\/www.santutxu.com\/#\/schema\/logo\/image\/"}}]}},"_links":{"self":[{"href":"https:\/\/www.santutxu.com\/fr\/wp-json\/wp\/v2\/pages\/15251","targetHints":{"allow":["GET"]}}],"collection":[{"href":"https:\/\/www.santutxu.com\/fr\/wp-json\/wp\/v2\/pages"}],"about":[{"href":"https:\/\/www.santutxu.com\/fr\/wp-json\/wp\/v2\/types\/page"}],"author":[{"embeddable":true,"href":"https:\/\/www.santutxu.com\/fr\/wp-json\/wp\/v2\/users\/2"}],"replies":[{"embeddable":true,"href":"https:\/\/www.santutxu.com\/fr\/wp-json\/wp\/v2\/comments?post=15251"}],"version-history":[{"count":4,"href":"https:\/\/www.santutxu.com\/fr\/wp-json\/wp\/v2\/pages\/15251\/revisions"}],"predecessor-version":[{"id":16845,"href":"https:\/\/www.santutxu.com\/fr\/wp-json\/wp\/v2\/pages\/15251\/revisions\/16845"}],"wp:attachment":[{"href":"https:\/\/www.santutxu.com\/fr\/wp-json\/wp\/v2\/media?parent=15251"}],"curies":[{"name":"wp","href":"https:\/\/api.w.org\/{rel}","templated":true}]}}