{"id":15225,"date":"2022-07-04T09:14:03","date_gmt":"2022-07-04T09:14:03","guid":{"rendered":"https:\/\/www.santutxu.com\/?page_id=15225"},"modified":"2022-07-04T10:12:29","modified_gmt":"2022-07-04T10:12:29","slug":"attenuateur-tau-tube","status":"publish","type":"page","link":"https:\/\/www.santutxu.com\/fr\/equipement-routier\/attenuateurs-de-choc\/attenuateur-tau-tube\/","title":{"rendered":"Att\u00e9nuateur TAU TUBE"},"content":{"rendered":"<div class=\"wpb-content-wrapper\">[vc_row column_spacing=\u00a0\u00bb20&Prime;][vc_column][rev_slider_vc alias=\u00a0\u00bbamortiguador-tau-tube-fr\u00a0\u00bb][\/vc_column][\/vc_row][vc_row column_spacing=\u00a0\u00bb20&Prime;][vc_column][vc_text_separator title=\u00a0\u00bbD\u00e9finition\u00a0\u00bb title_align=\u00a0\u00bbseparator_align_left\u00a0\u00bb el_class=\u00a0\u00bbh1&Prime;][vc_column_text]L\u2019att\u00e9nuateur de choc redirectif TAU TUBE offre une excellente performance en cas de choc, \u00e0 un prix abordable gr\u00e2ce \u00e0 l\u2019utilisation d\u2019une conception pliable absorbant l\u2019\u00e9nergie. L\u2019att\u00e9nuateur de choc TAU TUBE absorbe les chocs jusqu\u2019\u00e0 110\u00a0km\/h en moins de 6\u00a0m et offre les hautes performances d\u2019un att\u00e9nuateur de choc redirectif dans les espaces tr\u00e8s \u00e9troits et les tunnels.<\/p>\n<p>L\u2019att\u00e9nuateur de choc TAU TUBE a \u00e9t\u00e9 con\u00e7u pour permettre l\u2019interchangeabilit\u00e9 avec les pi\u00e8ces de rechange TAU, ce qui permet de r\u00e9aliser des \u00e9conomies importantes en termes d\u2019inventaire et d\u2019entretien. L\u2019att\u00e9nuateur de choc TAU TUBE a \u00e9t\u00e9 con\u00e7u \u00e0 l\u2019aide des meilleures solutions d\u2019ing\u00e9nierie et des mat\u00e9riaux les plus avanc\u00e9s pour garantir les meilleures performances. Les pi\u00e8ces en aluminium utilis\u00e9es pour absorber l\u2019\u00e9nergie r\u00e9sistent \u00e0 tous les types de corrosion.[\/vc_column_text][\/vc_column][\/vc_row][vc_row column_spacing=\u00a0\u00bb20&Prime;][vc_column width=\u00a0\u00bb1\/2&Prime;][vc_text_separator title=\u00a0\u00bbAvantages\u00a0\u00bb title_align=\u00a0\u00bbseparator_align_left\u00a0\u00bb el_class=\u00a0\u00bbh1&Prime;][vc_empty_space height=\u00a0\u00bb15px\u00a0\u00bb][vc_column_text]\n<ul>\n<li>Il r\u00e9pond aux crit\u00e8res d\u2019essai de la norme<br \/>\nEN 1317-3, \u00e0 110\u00a0km\/h.<\/li>\n<li>Protection contre les risques \u00e0 faible co\u00fbt<\/li>\n<li>Il absorbe les chocs jusqu\u2019\u00e0 110\u00a0km\/h en moins de 6\u00a0m<\/li>\n<li>Il peut \u00eatre install\u00e9 dans des tunnels et des endroits \u00e9troits et dangereux<\/li>\n<li>Il utilise des composants similaires \u00e0 ceux du mod\u00e8le TAU<\/li>\n<li>Il est facile \u00e0 installer<\/li>\n<li>Possibilit\u00e9 de le raccorder \u00e0 tous les types de glissi\u00e8res, qu\u2019elles soient<br \/>\nm\u00e9talliques ou en b\u00e9ton.<\/li>\n<li>Tous les mod\u00e8les peuvent \u00eatre install\u00e9s sur la m\u00eame<br \/>\nbase en b\u00e9ton.<\/li>\n<li>Le syst\u00e8me d\u2019ancrage pour asphalte permet de d\u00e9monter et de remonter<br \/>\nl\u2019att\u00e9nuateur de choc plusieurs fois.<\/li>\n<li>Le mod\u00e8le parall\u00e8le TAU TUBE avec plaque de base est sp\u00e9cialement<br \/>\ncon\u00e7u pour une installation temporaire dans les zones de chantier.<\/li>\n<li>La plage de vitesse s\u2019\u00e9tend de 50 \u00e0 110\u00a0km\/h.<\/li>\n<\/ul>\n[\/vc_column_text][\/vc_column][vc_column width=\u00a0\u00bb1\/2&Prime;][vc_text_separator title=\u00a0\u00bbUtilisation\u00a0\u00bb title_align=\u00a0\u00bbseparator_align_left\u00a0\u00bb el_class=\u00a0\u00bbh1&Prime;][vc_single_image image=\u00a0\u00bb15241&Prime;][\/vc_column][\/vc_row][vc_row column_spacing=\u00a0\u00bb20&Prime;][vc_column width=\u00a0\u00bb1\/2&Prime;][vc_text_separator title=\u00a0\u00bbSp\u00e9cifications techniques\u00a0\u00bb title_align=\u00a0\u00bbseparator_align_left\u00a0\u00bb el_class=\u00a0\u00bbh1&Prime;][vc_empty_space height=\u00a0\u00bb15px\u00a0\u00bb][vc_column_text css=\u00a0\u00bb.vc_custom_1656925700215{margin-bottom: 5px !important;}\u00a0\u00bb]\n<table style=\"border: 1px solid #404040; height: auto;\" border=\"1\" width=\"100%\" cellpadding=\"5\">\n<tbody>\n<tr>\n<td style=\"width: 10%; height: 30px; text-align: center; vertical-align: middle;\">1<\/td>\n<td style=\"width: 45%; background-color: #cccccc; height: 30px; text-align: left; vertical-align: middle;\">\u00a0 Classification<\/td>\n<td style=\"width: 45%; background-color: #424242; height: 30px; text-align: center; vertical-align: middle;\"><span style=\"color: #ffffff;\">Redirectif<\/span><\/td>\n<\/tr>\n<\/tbody>\n<\/table>\n[\/vc_column_text][vc_column_text css=\u00a0\u00bb.vc_custom_1656925725080{margin-bottom: 5px !important;}\u00a0\u00bb]\n<table style=\"border: 1px solid #404040; height: auto;\" border=\"1\" width=\"100%\" cellpadding=\"5\">\n<tbody>\n<tr>\n<td style=\"width: 10%; height: 30px; text-align: center; vertical-align: middle;\">2<\/td>\n<td style=\"width: 45%; background-color: #cccccc; height: 30px; text-align: left; vertical-align: middle;\">\u00a0 Longueur<\/td>\n<td style=\"width: 45%; background-color: #424242; height: 30px; text-align: center; vertical-align: middle;\"><span style=\"color: #ffffff;\">1.900-5.900 mm<\/span><\/td>\n<\/tr>\n<\/tbody>\n<\/table>\n[\/vc_column_text][vc_column_text css=\u00a0\u00bb.vc_custom_1656925749582{margin-bottom: 5px !important;}\u00a0\u00bb]\n<table style=\"border: 1px solid #404040; height: auto;\" border=\"1\" width=\"100%\" cellpadding=\"5\">\n<tbody>\n<tr>\n<td style=\"width: 10%; height: 30px; text-align: center; vertical-align: middle;\">3<\/td>\n<td style=\"width: 45%; background-color: #cccccc; height: 30px; text-align: left; vertical-align: middle;\">\u00a0 Largeur<\/td>\n<td style=\"width: 45%; background-color: #424242; height: 30px; text-align: center; vertical-align: middle;\"><span style=\"color: #ffffff;\">850-2.600 mm<\/span><\/td>\n<\/tr>\n<\/tbody>\n<\/table>\n[\/vc_column_text][vc_column_text css=\u00a0\u00bb.vc_custom_1656925770822{margin-bottom: 5px !important;}\u00a0\u00bb]\n<table style=\"border: 1px solid #404040; height: auto;\" border=\"1\" width=\"100%\" cellpadding=\"5\">\n<tbody>\n<tr>\n<td style=\"width: 10%; height: 30px; text-align: center; vertical-align: middle;\">4<\/td>\n<td style=\"width: 45%; background-color: #cccccc; height: 30px; text-align: left; vertical-align: middle;\">\u00a0 Hauteur<\/td>\n<td style=\"width: 45%; background-color: #424242; height: 30px; text-align: center; vertical-align: middle;\"><span style=\"color: #ffffff;\">820 mm<\/span><\/td>\n<\/tr>\n<\/tbody>\n<\/table>\n[\/vc_column_text][vc_column_text css=\u00a0\u00bb.vc_custom_1656925778732{margin-bottom: 5px !important;}\u00a0\u00bb]\n<table style=\"border: 1px solid #404040; height: auto;\" border=\"1\" width=\"100%\" cellpadding=\"5\">\n<tbody>\n<tr>\n<td style=\"width: 10%; height: 30px; text-align: center; vertical-align: middle;\">5<\/td>\n<td style=\"width: 45%; background-color: #cccccc; height: 30px; text-align: left; vertical-align: middle;\">\u00a0 Poids<\/td>\n<td style=\"width: 45%; background-color: #424242; height: 30px; text-align: center; vertical-align: middle;\"><span style=\"color: #ffffff;\">500-1.500 kg<\/span><\/td>\n<\/tr>\n<\/tbody>\n<\/table>\n[\/vc_column_text][vc_column_text css=\u00a0\u00bb.vc_custom_1656925817285{margin-bottom: 5px !important;}\u00a0\u00bb]\n<table style=\"border: 1px solid #404040; height: auto;\" border=\"1\" width=\"100%\" cellpadding=\"5\">\n<tbody>\n<tr>\n<td style=\"width: 10%; height: 30px; text-align: center; vertical-align: middle;\">6<\/td>\n<td style=\"width: 45%; background-color: #cccccc; height: 30px; text-align: left; vertical-align: middle;\">\u00a0 Vitesse (*)<\/td>\n<td style=\"width: 45%; background-color: #424242; height: 30px; text-align: center; vertical-align: middle;\"><span style=\"color: #ffffff;\">50, 80, 10 et 110 km\/h<\/span><\/td>\n<\/tr>\n<\/tbody>\n<\/table>\n[\/vc_column_text][vc_column_text css=\u00a0\u00bb.vc_custom_1656925854197{margin-bottom: 5px !important;}\u00a0\u00bb]\n<table style=\"border: 1px solid #404040; height: auto;\" border=\"1\" width=\"100%\" cellpadding=\"5\">\n<tbody>\n<tr>\n<td style=\"width: 10%; height: 30px; text-align: center; vertical-align: middle;\">7<\/td>\n<td style=\"width: 45%; background-color: #cccccc; height: 30px; text-align: left; vertical-align: middle;\">\u00a0 Vitesse (**)<\/td>\n<td style=\"width: 45%; background-color: #424242; height: 30px; text-align: center; vertical-align: middle;\"><span style=\"color: #ffffff;\">80, 100 et 110 km\/h<\/span><\/td>\n<\/tr>\n<\/tbody>\n<\/table>\n[\/vc_column_text][vc_column_text]\n<table style=\"border: 1px solid #404040; height: auto;\" border=\"1\" width=\"100%\" cellpadding=\"5\">\n<tbody>\n<tr>\n<td style=\"width: 10%; height: 30px; text-align: center; vertical-align: middle;\">8<\/td>\n<td style=\"width: 45%; background-color: #cccccc; height: 30px; text-align: left; vertical-align: middle;\">\u00a0 Norme<\/td>\n<td style=\"width: 45%; background-color: #424242; height: 30px; text-align: center; vertical-align: middle;\"><span style=\"color: #ffffff;\">EN 1317-3<\/span><\/td>\n<\/tr>\n<\/tbody>\n<\/table>\n[\/vc_column_text][vc_empty_space height=\u00a0\u00bb15px\u00a0\u00bb][vc_column_text](*) Mod\u00e8le parall\u00e8le<br \/>\n(**) Mod\u00e8le XL[\/vc_column_text][\/vc_column][vc_column width=\u00a0\u00bb1\/2&Prime;][vc_empty_space][vc_single_image image=\u00a0\u00bb15244&Prime;][\/vc_column][\/vc_row][vc_row column_spacing=\u00a0\u00bb20&Prime;][vc_column][vc_text_separator title=\u00a0\u00bbQuestions fr\u00e9quentes\u00a0\u00bb title_align=\u00a0\u00bbseparator_align_left\u00a0\u00bb el_class=\u00a0\u00bbh1&Prime;][vc_empty_space][vc_column_text]<span style=\"color: #ff0000;\">Qu\u2019est-ce qui diff\u00e9rencie l\u2019att\u00e9nuateur de choc TAU TUBE des autres att\u00e9nuateurs de choc redirectifs du march\u00e9 ?<br \/>\n<\/span>Le TAU TUBE a une conception pliante avec une haute technologie qui permet de fournir des performances s\u00fbres et constantes \u00e0 un co\u00fbt inf\u00e9rieur \u00e0 celui des autres att\u00e9nuateurs de choc redirectifs.<br \/>\nTAU TUBE peut absorber un choc allant jusqu\u2019\u00e0 110 km\/h en moins de 6 m.<\/p>\n<p><span style=\"color: #ff0000;\">\u00c0 quels types de glissi\u00e8res de s\u00e9curit\u00e9 peut-on raccorder un att\u00e9nuateur de choc TAU TUBE ?<br \/>\n<\/span>Le dispositif TAU TUBE est con\u00e7u pour \u00eatre raccord\u00e9 \u00e0 presque toutes les glissi\u00e8res de s\u00e9curit\u00e9, y compris les glissi\u00e8res \u00e0 double ou triple ondulation et les glissi\u00e8res en b\u00e9ton.<\/p>\n<p><span style=\"color: #ff0000;\">O\u00f9 peut-on installer un att\u00e9nuateur de choc TAU TUBE ?<br \/>\n<\/span>Le TAU TUBE peut \u00eatre install\u00e9 sur une dalle en b\u00e9ton.[\/vc_column_text][vc_row_inner][vc_column_inner width=\u00a0\u00bb1\/2&Prime;][\/vc_column_inner][vc_column_inner width=\u00a0\u00bb1\/2&Prime;][vc_empty_space][vc_single_image image=\u00a0\u00bb13097&Prime; img_size=\u00a0\u00bb64&#215;64&Prime; alignment=\u00a0\u00bbcenter\u00a0\u00bb][vc_column_text]\n<p style=\"text-align: center;\"><a title=\"T\u00e9l\u00e9charger la fiche en Pdf\" href=\"https:\/\/www.santutxu.com\/wp-content\/uploads\/2022\/07\/Amortiguador-TAU-TUBE-FR-1.pdf\" target=\"_blank\" rel=\"noopener\">T\u00e9l\u00e9charger la fiche en Pdf<\/a><\/p>\n[\/vc_column_text][\/vc_column_inner][\/vc_row_inner][\/vc_column][\/vc_row]\n<\/div>","protected":false},"excerpt":{"rendered":"<p>[vc_row column_spacing=\u00a0\u00bb20&Prime;][vc_column][rev_slider_vc alias=\u00a0\u00bbamortiguador-tau-tube-fr\u00a0\u00bb][\/vc_column][\/vc_row][vc_row column_spacing=\u00a0\u00bb20&Prime;][vc_column][vc_text_separator title=\u00a0\u00bbD\u00e9finition\u00a0\u00bb title_align=\u00a0\u00bbseparator_align_left\u00a0\u00bb el_class=\u00a0\u00bbh1&Prime;][vc_column_text]L\u2019att\u00e9nuateur de choc redirectif TAU TUBE offre une excellente performance en cas de choc, \u00e0 un prix abordable gr\u00e2ce \u00e0 l\u2019utilisation d\u2019une conception pliable absorbant l\u2019\u00e9nergie. L\u2019att\u00e9nuateur de choc TAU TUBE absorbe les chocs jusqu\u2019\u00e0 110\u00a0km\/h en moins de 6\u00a0m et offre les hautes performances d\u2019un att\u00e9nuateur de choc&hellip;<\/p>\n","protected":false},"author":2,"featured_media":0,"parent":14831,"menu_order":0,"comment_status":"closed","ping_status":"closed","template":"","meta":{"footnotes":""},"class_list":["post-15225","page","type-page","status-publish","hentry","entry","no-media"],"yoast_head":"<!-- This site is optimized with the Yoast SEO plugin v27.2 - https:\/\/yoast.com\/product\/yoast-seo-wordpress\/ -->\n<title>Att\u00e9nuateur TAU TUBE - Asebal<\/title>\n<meta name=\"robots\" content=\"noindex, follow, max-snippet:-1, max-image-preview:large, max-video-preview:-1\" \/>\n<meta property=\"og:locale\" content=\"fr_FR\" \/>\n<meta property=\"og:type\" content=\"article\" \/>\n<meta property=\"og:title\" content=\"Att\u00e9nuateur TAU TUBE - Asebal\" \/>\n<meta property=\"og:description\" content=\"[vc_row column_spacing=\u00a0\u00bb20&Prime;][vc_column][rev_slider_vc alias=\u00a0\u00bbamortiguador-tau-tube-fr\u00a0\u00bb][\/vc_column][\/vc_row][vc_row column_spacing=\u00a0\u00bb20&Prime;][vc_column][vc_text_separator title=\u00a0\u00bbD\u00e9finition\u00a0\u00bb title_align=\u00a0\u00bbseparator_align_left\u00a0\u00bb el_class=\u00a0\u00bbh1&Prime;][vc_column_text]L\u2019att\u00e9nuateur de choc redirectif TAU TUBE offre une excellente performance en cas de choc, \u00e0 un prix abordable gr\u00e2ce \u00e0 l\u2019utilisation d\u2019une conception pliable absorbant l\u2019\u00e9nergie. L\u2019att\u00e9nuateur de choc TAU TUBE absorbe les chocs jusqu\u2019\u00e0 110\u00a0km\/h en moins de 6\u00a0m et offre les hautes performances d\u2019un att\u00e9nuateur de choc&hellip;\" \/>\n<meta property=\"og:url\" content=\"https:\/\/www.santutxu.com\/fr\/equipement-routier\/attenuateurs-de-choc\/attenuateur-tau-tube\/\" \/>\n<meta property=\"og:site_name\" content=\"Asebal\" \/>\n<meta property=\"article:modified_time\" content=\"2022-07-04T10:12:29+00:00\" \/>\n<meta name=\"twitter:card\" content=\"summary_large_image\" \/>\n<meta name=\"twitter:label1\" content=\"Dur\u00e9e de lecture estim\u00e9e\" \/>\n\t<meta name=\"twitter:data1\" content=\"3 minutes\" \/>\n<script type=\"application\/ld+json\" class=\"yoast-schema-graph\">{\"@context\":\"https:\/\/schema.org\",\"@graph\":[{\"@type\":\"WebPage\",\"@id\":\"https:\/\/www.santutxu.com\/fr\/equipement-routier\/attenuateurs-de-choc\/attenuateur-tau-tube\/\",\"url\":\"https:\/\/www.santutxu.com\/fr\/equipement-routier\/attenuateurs-de-choc\/attenuateur-tau-tube\/\",\"name\":\"Att\u00e9nuateur TAU TUBE - Asebal\",\"isPartOf\":{\"@id\":\"https:\/\/www.santutxu.com\/#website\"},\"datePublished\":\"2022-07-04T09:14:03+00:00\",\"dateModified\":\"2022-07-04T10:12:29+00:00\",\"breadcrumb\":{\"@id\":\"https:\/\/www.santutxu.com\/fr\/equipement-routier\/attenuateurs-de-choc\/attenuateur-tau-tube\/#breadcrumb\"},\"inLanguage\":\"fr-FR\",\"potentialAction\":[{\"@type\":\"ReadAction\",\"target\":[\"https:\/\/www.santutxu.com\/fr\/equipement-routier\/attenuateurs-de-choc\/attenuateur-tau-tube\/\"]}]},{\"@type\":\"BreadcrumbList\",\"@id\":\"https:\/\/www.santutxu.com\/fr\/equipement-routier\/attenuateurs-de-choc\/attenuateur-tau-tube\/#breadcrumb\",\"itemListElement\":[{\"@type\":\"ListItem\",\"position\":1,\"name\":\"\",\"item\":\"https:\/\/www.santutxu.com\/fr\/\"},{\"@type\":\"ListItem\",\"position\":2,\"name\":\"\u00c9quipement routier\",\"item\":\"https:\/\/www.santutxu.com\/fr\/equipement-routier\/\"},{\"@type\":\"ListItem\",\"position\":3,\"name\":\"Att\u00e9nuateurs de choc\",\"item\":\"https:\/\/www.santutxu.com\/fr\/equipement-routier\/attenuateurs-de-choc\/\"},{\"@type\":\"ListItem\",\"position\":4,\"name\":\"Att\u00e9nuateur TAU TUBE\"}]},{\"@type\":\"WebSite\",\"@id\":\"https:\/\/www.santutxu.com\/#website\",\"url\":\"https:\/\/www.santutxu.com\/\",\"name\":\"Asebal\",\"description\":\"Otro sitio realizado con WordPress\",\"publisher\":{\"@id\":\"https:\/\/www.santutxu.com\/#organization\"},\"potentialAction\":[{\"@type\":\"SearchAction\",\"target\":{\"@type\":\"EntryPoint\",\"urlTemplate\":\"https:\/\/www.santutxu.com\/?s={search_term_string}\"},\"query-input\":{\"@type\":\"PropertyValueSpecification\",\"valueRequired\":true,\"valueName\":\"search_term_string\"}}],\"inLanguage\":\"fr-FR\"},{\"@type\":\"Organization\",\"@id\":\"https:\/\/www.santutxu.com\/#organization\",\"name\":\"Asebal\",\"url\":\"https:\/\/www.santutxu.com\/\",\"logo\":{\"@type\":\"ImageObject\",\"inLanguage\":\"fr-FR\",\"@id\":\"https:\/\/www.santutxu.com\/#\/schema\/logo\/image\/\",\"url\":\"https:\/\/www.santutxu.com\/wp-content\/uploads\/2015\/06\/logo-asebal1.png\",\"contentUrl\":\"https:\/\/www.santutxu.com\/wp-content\/uploads\/2015\/06\/logo-asebal1.png\",\"width\":265,\"height\":50,\"caption\":\"Asebal\"},\"image\":{\"@id\":\"https:\/\/www.santutxu.com\/#\/schema\/logo\/image\/\"}}]}<\/script>\n<!-- \/ Yoast SEO plugin. -->","yoast_head_json":{"title":"Att\u00e9nuateur TAU TUBE - Asebal","robots":{"index":"noindex","follow":"follow","max-snippet":"max-snippet:-1","max-image-preview":"max-image-preview:large","max-video-preview":"max-video-preview:-1"},"og_locale":"fr_FR","og_type":"article","og_title":"Att\u00e9nuateur TAU TUBE - Asebal","og_description":"[vc_row column_spacing=\u00a0\u00bb20&Prime;][vc_column][rev_slider_vc alias=\u00a0\u00bbamortiguador-tau-tube-fr\u00a0\u00bb][\/vc_column][\/vc_row][vc_row column_spacing=\u00a0\u00bb20&Prime;][vc_column][vc_text_separator title=\u00a0\u00bbD\u00e9finition\u00a0\u00bb title_align=\u00a0\u00bbseparator_align_left\u00a0\u00bb el_class=\u00a0\u00bbh1&Prime;][vc_column_text]L\u2019att\u00e9nuateur de choc redirectif TAU TUBE offre une excellente performance en cas de choc, \u00e0 un prix abordable gr\u00e2ce \u00e0 l\u2019utilisation d\u2019une conception pliable absorbant l\u2019\u00e9nergie. L\u2019att\u00e9nuateur de choc TAU TUBE absorbe les chocs jusqu\u2019\u00e0 110\u00a0km\/h en moins de 6\u00a0m et offre les hautes performances d\u2019un att\u00e9nuateur de choc&hellip;","og_url":"https:\/\/www.santutxu.com\/fr\/equipement-routier\/attenuateurs-de-choc\/attenuateur-tau-tube\/","og_site_name":"Asebal","article_modified_time":"2022-07-04T10:12:29+00:00","twitter_card":"summary_large_image","twitter_misc":{"Dur\u00e9e de lecture estim\u00e9e":"3 minutes"},"schema":{"@context":"https:\/\/schema.org","@graph":[{"@type":"WebPage","@id":"https:\/\/www.santutxu.com\/fr\/equipement-routier\/attenuateurs-de-choc\/attenuateur-tau-tube\/","url":"https:\/\/www.santutxu.com\/fr\/equipement-routier\/attenuateurs-de-choc\/attenuateur-tau-tube\/","name":"Att\u00e9nuateur TAU TUBE - Asebal","isPartOf":{"@id":"https:\/\/www.santutxu.com\/#website"},"datePublished":"2022-07-04T09:14:03+00:00","dateModified":"2022-07-04T10:12:29+00:00","breadcrumb":{"@id":"https:\/\/www.santutxu.com\/fr\/equipement-routier\/attenuateurs-de-choc\/attenuateur-tau-tube\/#breadcrumb"},"inLanguage":"fr-FR","potentialAction":[{"@type":"ReadAction","target":["https:\/\/www.santutxu.com\/fr\/equipement-routier\/attenuateurs-de-choc\/attenuateur-tau-tube\/"]}]},{"@type":"BreadcrumbList","@id":"https:\/\/www.santutxu.com\/fr\/equipement-routier\/attenuateurs-de-choc\/attenuateur-tau-tube\/#breadcrumb","itemListElement":[{"@type":"ListItem","position":1,"name":"","item":"https:\/\/www.santutxu.com\/fr\/"},{"@type":"ListItem","position":2,"name":"\u00c9quipement routier","item":"https:\/\/www.santutxu.com\/fr\/equipement-routier\/"},{"@type":"ListItem","position":3,"name":"Att\u00e9nuateurs de choc","item":"https:\/\/www.santutxu.com\/fr\/equipement-routier\/attenuateurs-de-choc\/"},{"@type":"ListItem","position":4,"name":"Att\u00e9nuateur TAU TUBE"}]},{"@type":"WebSite","@id":"https:\/\/www.santutxu.com\/#website","url":"https:\/\/www.santutxu.com\/","name":"Asebal","description":"Otro sitio realizado con WordPress","publisher":{"@id":"https:\/\/www.santutxu.com\/#organization"},"potentialAction":[{"@type":"SearchAction","target":{"@type":"EntryPoint","urlTemplate":"https:\/\/www.santutxu.com\/?s={search_term_string}"},"query-input":{"@type":"PropertyValueSpecification","valueRequired":true,"valueName":"search_term_string"}}],"inLanguage":"fr-FR"},{"@type":"Organization","@id":"https:\/\/www.santutxu.com\/#organization","name":"Asebal","url":"https:\/\/www.santutxu.com\/","logo":{"@type":"ImageObject","inLanguage":"fr-FR","@id":"https:\/\/www.santutxu.com\/#\/schema\/logo\/image\/","url":"https:\/\/www.santutxu.com\/wp-content\/uploads\/2015\/06\/logo-asebal1.png","contentUrl":"https:\/\/www.santutxu.com\/wp-content\/uploads\/2015\/06\/logo-asebal1.png","width":265,"height":50,"caption":"Asebal"},"image":{"@id":"https:\/\/www.santutxu.com\/#\/schema\/logo\/image\/"}}]}},"_links":{"self":[{"href":"https:\/\/www.santutxu.com\/fr\/wp-json\/wp\/v2\/pages\/15225","targetHints":{"allow":["GET"]}}],"collection":[{"href":"https:\/\/www.santutxu.com\/fr\/wp-json\/wp\/v2\/pages"}],"about":[{"href":"https:\/\/www.santutxu.com\/fr\/wp-json\/wp\/v2\/types\/page"}],"author":[{"embeddable":true,"href":"https:\/\/www.santutxu.com\/fr\/wp-json\/wp\/v2\/users\/2"}],"replies":[{"embeddable":true,"href":"https:\/\/www.santutxu.com\/fr\/wp-json\/wp\/v2\/comments?post=15225"}],"version-history":[{"count":7,"href":"https:\/\/www.santutxu.com\/fr\/wp-json\/wp\/v2\/pages\/15225\/revisions"}],"predecessor-version":[{"id":15250,"href":"https:\/\/www.santutxu.com\/fr\/wp-json\/wp\/v2\/pages\/15225\/revisions\/15250"}],"up":[{"embeddable":true,"href":"https:\/\/www.santutxu.com\/fr\/wp-json\/wp\/v2\/pages\/14831"}],"wp:attachment":[{"href":"https:\/\/www.santutxu.com\/fr\/wp-json\/wp\/v2\/media?parent=15225"}],"curies":[{"name":"wp","href":"https:\/\/api.w.org\/{rel}","templated":true}]}}