{"id":15193,"date":"2022-07-04T07:44:55","date_gmt":"2022-07-04T07:44:55","guid":{"rendered":"https:\/\/www.santutxu.com\/?page_id=15193"},"modified":"2022-07-04T07:44:55","modified_gmt":"2022-07-04T07:44:55","slug":"autres-normes","status":"publish","type":"page","link":"https:\/\/www.santutxu.com\/fr\/equipement-routier\/glissieres-de-securite\/reglementation\/autres-normes\/","title":{"rendered":"Autres normes"},"content":{"rendered":"<div class=\"wpb-content-wrapper\">[vc_row column_spacing=\u00a0\u00bb20&Prime;][vc_column][vc_column_text]Chez Asebal, nous fabriquons tous les dispositifs de retenue routiers (DRR) requis par les pays dans lesquels le certificat CE n\u2019est pas encore g\u00e9n\u00e9ralis\u00e9. C\u2019est pourquoi nous nous adaptons aux r\u00e8glementations nationales de chacun de ces pays, en fabriquant les dispositifs dont ils ont besoin et en les faisant agr\u00e9er par l\u2019institution comp\u00e9tente dans chaque cas\u00a0:<\/p>\n<p>Exemples de certains des pays o\u00f9 ces diff\u00e9rentes r\u00e8glementations sont utilis\u00e9es (certains d\u2019entre eux suivent ces r\u00e8glementations ainsi que le certificat CE)\u00a0:<\/p>\n<p><span style=\"color: #ff0000;\">\u2022 P\u00e9rou\u00a0:<\/span>\u00a0Protections fabriqu\u00e9es conform\u00e9ment \u00e0 la norme AASHTO M-180.<\/p>\n<p><span style=\"color: #ff0000;\">\u2022 Colombie\u00a0:<\/span>\u00a0Barreaudage et accessoires fabriqu\u00e9s conform\u00e9ment aux normes AASTHO M-180\/NTC-3755 et NTC-3783.<\/p>\n<p><span style=\"color: #ff0000;\">\u2022 Bolivie\u00a0:<\/span>\u00a0Protections fabriqu\u00e9es conform\u00e9ment \u00e0 la norme NB-165002 de l\u2019Institut bolivien de normalisation et de qualit\u00e9 (Ibnorca).<\/p>\n<p><span style=\"color: #ff0000;\">\u2022 Chili\u00a0:<\/span>\u00a0Protections routi\u00e8res fabriqu\u00e9es conform\u00e9ment au manuel routier MOP. Norme chilienne Nch 2032. D\u00e9fense nationale Ces normes et d\u2019autres contr\u00f4lent le type d\u2019acier, les caract\u00e9ristiques m\u00e9caniques, la g\u00e9om\u00e9trie des pi\u00e8ces, les \u00e9paisseurs du mat\u00e9riau de base, les \u00e9paisseurs de la galvanisation, etc. Tous ces contr\u00f4les sont effectu\u00e9s sur les composants en vrac formant les diff\u00e9rents dispositifs de retenue.<\/p>\n<p>Dans tous ces cas, les crit\u00e8res d\u2019application et les manuels ou processus d\u2019installation observent les r\u00e8gles fournies par les propri\u00e9taires des routes\u00a0: minist\u00e8re des Transports et des Communications du P\u00e9rou (MTC), minist\u00e8re des Travaux publics du Chili (MOP), minist\u00e8re des Travaux publics et des communications du Paraguay (MOPC), Agence nationale des infrastructures de Colombie (ANI), Administration bolivienne des routes (ABC).[\/vc_column_text][\/vc_column][\/vc_row]\n<\/div>","protected":false},"excerpt":{"rendered":"<p>[vc_row column_spacing=\u00a0\u00bb20&Prime;][vc_column][vc_column_text]Chez Asebal, nous fabriquons tous les dispositifs de retenue routiers (DRR) requis par les pays dans lesquels le certificat CE n\u2019est pas encore g\u00e9n\u00e9ralis\u00e9. C\u2019est pourquoi nous nous adaptons aux r\u00e8glementations nationales de chacun de ces pays, en fabriquant les dispositifs dont ils ont besoin et en les faisant agr\u00e9er par l\u2019institution comp\u00e9tente dans&hellip;<\/p>\n","protected":false},"author":2,"featured_media":0,"parent":14866,"menu_order":0,"comment_status":"open","ping_status":"open","template":"","meta":{"footnotes":""},"class_list":["post-15193","page","type-page","status-publish","hentry","entry","no-media"],"yoast_head":"<!-- This site is optimized with the Yoast SEO plugin v27.2 - https:\/\/yoast.com\/product\/yoast-seo-wordpress\/ -->\n<title>Autres normes - Asebal<\/title>\n<meta name=\"robots\" content=\"noindex, follow, max-snippet:-1, max-image-preview:large, max-video-preview:-1\" \/>\n<meta property=\"og:locale\" content=\"fr_FR\" \/>\n<meta property=\"og:type\" content=\"article\" \/>\n<meta property=\"og:title\" content=\"Autres normes - Asebal\" \/>\n<meta property=\"og:description\" content=\"[vc_row column_spacing=\u00a0\u00bb20&Prime;][vc_column][vc_column_text]Chez Asebal, nous fabriquons tous les dispositifs de retenue routiers (DRR) requis par les pays dans lesquels le certificat CE n\u2019est pas encore g\u00e9n\u00e9ralis\u00e9. C\u2019est pourquoi nous nous adaptons aux r\u00e8glementations nationales de chacun de ces pays, en fabriquant les dispositifs dont ils ont besoin et en les faisant agr\u00e9er par l\u2019institution comp\u00e9tente dans&hellip;\" \/>\n<meta property=\"og:url\" content=\"https:\/\/www.santutxu.com\/fr\/equipement-routier\/glissieres-de-securite\/reglementation\/autres-normes\/\" \/>\n<meta property=\"og:site_name\" content=\"Asebal\" \/>\n<meta name=\"twitter:card\" content=\"summary_large_image\" \/>\n<meta name=\"twitter:label1\" content=\"Dur\u00e9e de lecture estim\u00e9e\" \/>\n\t<meta name=\"twitter:data1\" content=\"2 minutes\" \/>\n<script type=\"application\/ld+json\" class=\"yoast-schema-graph\">{\"@context\":\"https:\/\/schema.org\",\"@graph\":[{\"@type\":\"WebPage\",\"@id\":\"https:\/\/www.santutxu.com\/fr\/equipement-routier\/glissieres-de-securite\/reglementation\/autres-normes\/\",\"url\":\"https:\/\/www.santutxu.com\/fr\/equipement-routier\/glissieres-de-securite\/reglementation\/autres-normes\/\",\"name\":\"Autres normes - Asebal\",\"isPartOf\":{\"@id\":\"https:\/\/www.santutxu.com\/#website\"},\"datePublished\":\"2022-07-04T07:44:55+00:00\",\"breadcrumb\":{\"@id\":\"https:\/\/www.santutxu.com\/fr\/equipement-routier\/glissieres-de-securite\/reglementation\/autres-normes\/#breadcrumb\"},\"inLanguage\":\"fr-FR\",\"potentialAction\":[{\"@type\":\"ReadAction\",\"target\":[\"https:\/\/www.santutxu.com\/fr\/equipement-routier\/glissieres-de-securite\/reglementation\/autres-normes\/\"]}]},{\"@type\":\"BreadcrumbList\",\"@id\":\"https:\/\/www.santutxu.com\/fr\/equipement-routier\/glissieres-de-securite\/reglementation\/autres-normes\/#breadcrumb\",\"itemListElement\":[{\"@type\":\"ListItem\",\"position\":1,\"name\":\"\",\"item\":\"https:\/\/www.santutxu.com\/fr\/\"},{\"@type\":\"ListItem\",\"position\":2,\"name\":\"\u00c9quipement routier\",\"item\":\"https:\/\/www.santutxu.com\/fr\/equipement-routier\/\"},{\"@type\":\"ListItem\",\"position\":3,\"name\":\"Glissi\u00e8res de s\u00e9curit\u00e9\",\"item\":\"https:\/\/www.santutxu.com\/fr\/equipement-routier\/glissieres-de-securite\/\"},{\"@type\":\"ListItem\",\"position\":4,\"name\":\"R\u00e9glementation\",\"item\":\"https:\/\/www.santutxu.com\/fr\/equipement-routier\/glissieres-de-securite\/reglementation\/\"},{\"@type\":\"ListItem\",\"position\":5,\"name\":\"Autres normes\"}]},{\"@type\":\"WebSite\",\"@id\":\"https:\/\/www.santutxu.com\/#website\",\"url\":\"https:\/\/www.santutxu.com\/\",\"name\":\"Asebal\",\"description\":\"Otro sitio realizado con WordPress\",\"publisher\":{\"@id\":\"https:\/\/www.santutxu.com\/#organization\"},\"potentialAction\":[{\"@type\":\"SearchAction\",\"target\":{\"@type\":\"EntryPoint\",\"urlTemplate\":\"https:\/\/www.santutxu.com\/?s={search_term_string}\"},\"query-input\":{\"@type\":\"PropertyValueSpecification\",\"valueRequired\":true,\"valueName\":\"search_term_string\"}}],\"inLanguage\":\"fr-FR\"},{\"@type\":\"Organization\",\"@id\":\"https:\/\/www.santutxu.com\/#organization\",\"name\":\"Asebal\",\"url\":\"https:\/\/www.santutxu.com\/\",\"logo\":{\"@type\":\"ImageObject\",\"inLanguage\":\"fr-FR\",\"@id\":\"https:\/\/www.santutxu.com\/#\/schema\/logo\/image\/\",\"url\":\"https:\/\/www.santutxu.com\/wp-content\/uploads\/2015\/06\/logo-asebal1.png\",\"contentUrl\":\"https:\/\/www.santutxu.com\/wp-content\/uploads\/2015\/06\/logo-asebal1.png\",\"width\":265,\"height\":50,\"caption\":\"Asebal\"},\"image\":{\"@id\":\"https:\/\/www.santutxu.com\/#\/schema\/logo\/image\/\"}}]}<\/script>\n<!-- \/ Yoast SEO plugin. -->","yoast_head_json":{"title":"Autres normes - Asebal","robots":{"index":"noindex","follow":"follow","max-snippet":"max-snippet:-1","max-image-preview":"max-image-preview:large","max-video-preview":"max-video-preview:-1"},"og_locale":"fr_FR","og_type":"article","og_title":"Autres normes - Asebal","og_description":"[vc_row column_spacing=\u00a0\u00bb20&Prime;][vc_column][vc_column_text]Chez Asebal, nous fabriquons tous les dispositifs de retenue routiers (DRR) requis par les pays dans lesquels le certificat CE n\u2019est pas encore g\u00e9n\u00e9ralis\u00e9. C\u2019est pourquoi nous nous adaptons aux r\u00e8glementations nationales de chacun de ces pays, en fabriquant les dispositifs dont ils ont besoin et en les faisant agr\u00e9er par l\u2019institution comp\u00e9tente dans&hellip;","og_url":"https:\/\/www.santutxu.com\/fr\/equipement-routier\/glissieres-de-securite\/reglementation\/autres-normes\/","og_site_name":"Asebal","twitter_card":"summary_large_image","twitter_misc":{"Dur\u00e9e de lecture estim\u00e9e":"2 minutes"},"schema":{"@context":"https:\/\/schema.org","@graph":[{"@type":"WebPage","@id":"https:\/\/www.santutxu.com\/fr\/equipement-routier\/glissieres-de-securite\/reglementation\/autres-normes\/","url":"https:\/\/www.santutxu.com\/fr\/equipement-routier\/glissieres-de-securite\/reglementation\/autres-normes\/","name":"Autres normes - Asebal","isPartOf":{"@id":"https:\/\/www.santutxu.com\/#website"},"datePublished":"2022-07-04T07:44:55+00:00","breadcrumb":{"@id":"https:\/\/www.santutxu.com\/fr\/equipement-routier\/glissieres-de-securite\/reglementation\/autres-normes\/#breadcrumb"},"inLanguage":"fr-FR","potentialAction":[{"@type":"ReadAction","target":["https:\/\/www.santutxu.com\/fr\/equipement-routier\/glissieres-de-securite\/reglementation\/autres-normes\/"]}]},{"@type":"BreadcrumbList","@id":"https:\/\/www.santutxu.com\/fr\/equipement-routier\/glissieres-de-securite\/reglementation\/autres-normes\/#breadcrumb","itemListElement":[{"@type":"ListItem","position":1,"name":"","item":"https:\/\/www.santutxu.com\/fr\/"},{"@type":"ListItem","position":2,"name":"\u00c9quipement routier","item":"https:\/\/www.santutxu.com\/fr\/equipement-routier\/"},{"@type":"ListItem","position":3,"name":"Glissi\u00e8res de s\u00e9curit\u00e9","item":"https:\/\/www.santutxu.com\/fr\/equipement-routier\/glissieres-de-securite\/"},{"@type":"ListItem","position":4,"name":"R\u00e9glementation","item":"https:\/\/www.santutxu.com\/fr\/equipement-routier\/glissieres-de-securite\/reglementation\/"},{"@type":"ListItem","position":5,"name":"Autres normes"}]},{"@type":"WebSite","@id":"https:\/\/www.santutxu.com\/#website","url":"https:\/\/www.santutxu.com\/","name":"Asebal","description":"Otro sitio realizado con WordPress","publisher":{"@id":"https:\/\/www.santutxu.com\/#organization"},"potentialAction":[{"@type":"SearchAction","target":{"@type":"EntryPoint","urlTemplate":"https:\/\/www.santutxu.com\/?s={search_term_string}"},"query-input":{"@type":"PropertyValueSpecification","valueRequired":true,"valueName":"search_term_string"}}],"inLanguage":"fr-FR"},{"@type":"Organization","@id":"https:\/\/www.santutxu.com\/#organization","name":"Asebal","url":"https:\/\/www.santutxu.com\/","logo":{"@type":"ImageObject","inLanguage":"fr-FR","@id":"https:\/\/www.santutxu.com\/#\/schema\/logo\/image\/","url":"https:\/\/www.santutxu.com\/wp-content\/uploads\/2015\/06\/logo-asebal1.png","contentUrl":"https:\/\/www.santutxu.com\/wp-content\/uploads\/2015\/06\/logo-asebal1.png","width":265,"height":50,"caption":"Asebal"},"image":{"@id":"https:\/\/www.santutxu.com\/#\/schema\/logo\/image\/"}}]}},"_links":{"self":[{"href":"https:\/\/www.santutxu.com\/fr\/wp-json\/wp\/v2\/pages\/15193","targetHints":{"allow":["GET"]}}],"collection":[{"href":"https:\/\/www.santutxu.com\/fr\/wp-json\/wp\/v2\/pages"}],"about":[{"href":"https:\/\/www.santutxu.com\/fr\/wp-json\/wp\/v2\/types\/page"}],"author":[{"embeddable":true,"href":"https:\/\/www.santutxu.com\/fr\/wp-json\/wp\/v2\/users\/2"}],"replies":[{"embeddable":true,"href":"https:\/\/www.santutxu.com\/fr\/wp-json\/wp\/v2\/comments?post=15193"}],"version-history":[{"count":1,"href":"https:\/\/www.santutxu.com\/fr\/wp-json\/wp\/v2\/pages\/15193\/revisions"}],"predecessor-version":[{"id":15194,"href":"https:\/\/www.santutxu.com\/fr\/wp-json\/wp\/v2\/pages\/15193\/revisions\/15194"}],"up":[{"embeddable":true,"href":"https:\/\/www.santutxu.com\/fr\/wp-json\/wp\/v2\/pages\/14866"}],"wp:attachment":[{"href":"https:\/\/www.santutxu.com\/fr\/wp-json\/wp\/v2\/media?parent=15193"}],"curies":[{"name":"wp","href":"https:\/\/api.w.org\/{rel}","templated":true}]}}