{"id":15190,"date":"2022-07-04T07:41:47","date_gmt":"2022-07-04T07:41:47","guid":{"rendered":"https:\/\/www.santutxu.com\/?page_id=15190"},"modified":"2022-07-04T07:41:47","modified_gmt":"2022-07-04T07:41:47","slug":"arrete-35-2014","status":"publish","type":"page","link":"https:\/\/www.santutxu.com\/fr\/equipement-routier\/glissieres-de-securite\/reglementation\/arrete-35-2014\/","title":{"rendered":"Arr\u00eat\u00e9 35\/2014"},"content":{"rendered":"<div class=\"wpb-content-wrapper\">[vc_row column_spacing=\u00a0\u00bb20&Prime;][vc_column][vc_column_text]L\u2019arr\u00eat\u00e9 35\/2014 du minist\u00e8re des Travaux publics et des Transports est entr\u00e9 en vigueur le 2 juin 2014. Cet arr\u00eat\u00e9 consiste en des recommandations sur les crit\u00e8res d\u2019application des dispositifs de retenue routiers (glissi\u00e8res de s\u00e9curit\u00e9, garde-corps et dispositifs de protection pour motocyclistes).<\/p>\n<p>En r\u00e9sum\u00e9, les aspects les plus importants de cet arr\u00eat\u00e9 sont les suivants\u00a0:<\/p>\n<p>\u2022 Son champ d\u2019application s\u2019\u00e9tend aux projets de construction de nouvelles routes et \u00e0 l\u2019am\u00e9nagement des routes existantes o\u00f9 des dispositifs de retenue routiers doivent \u00eatre install\u00e9s de fa\u00e7on permanente.<\/p>\n<p>\u2022 Il consid\u00e8re comme efficaces les installations de glissi\u00e8res m\u00e9talliques de s\u00e9curit\u00e9 actuellement en service, dont l\u2019entretien ou le remplacement pourra continuer \u00e0 \u00eatre effectu\u00e9 au moyen d\u2019\u00e9l\u00e9ments ou de dispositifs similaires \u00e0 ceux existants. Toutefois, lorsque cela est techniquement et \u00e9conomiquement viable, l\u2019utilisation de dispositifs certifi\u00e9s est prescrite.<\/p>\n<p>\u2022 Il d\u00e9finit les crit\u00e8res d\u2019application des dispositifs de retenue routiers (DRR) et des DRR \u00e9quip\u00e9s de protection pour motocyclistes.<\/p>\n<p>\u2022\u00a0Il interdit l\u2019utilisation de dispositifs avec supports IPN ou similaires.<\/p>\n<p>\u2022\u00a0Il remplace et annule tous les arr\u00eat\u00e9s pr\u00e9c\u00e9dents\u00a0: O.C 321\/95 T &amp; P, O.C 6\/2001, O.C 18\/2004, O.C 18bis\/2008, O.C 23\/2008 et O.C 28\/2009.<\/p>\n<p>\u2022\u00a0Il oblige les dispositifs de retenue routiers qui doivent \u00eatre install\u00e9s \u00e0 \u00eatre munis du certificat et \u00e0 \u00eatre install\u00e9s dans les m\u00eames conditions que celles dans lesquelles ils ont \u00e9t\u00e9 install\u00e9s lors des essais, en suivant le manuel d\u2019installation du fabricant.<\/p>\n<p>\u2022\u00a0Il d\u00e9finit les situations \u00e0 risque dans lesquelles des dispositifs de retenue routiers doivent \u00eatre install\u00e9s.<\/p>\n<p>\u2022\u00a0Il classifie les types de risques d\u2019accident en\u00a0: tr\u00e8s grave, grave et normal.<\/p>\n<p><strong>S\u00c9LECTION DU NIVEAU DE RETENUE RECOMMAND\u00c9 POUR LES DISPOSITIFS DE RETENUE ROUTIERS EN FONCTION DU RISQUE D\u2019ACCIDENT.<\/strong>[\/vc_column_text][vc_empty_space height=\u00a0\u00bb10px\u00a0\u00bb][vc_column_text css=\u00a0\u00bb.vc_custom_1656920486914{margin-left: 105px !important;}\u00a0\u00bb]\n<table style=\"border: 1px solid #404040; height: 92px;\" border=\"1\" width=\"756\" cellpadding=\"1\">\n<tbody>\n<tr style=\"border-color: #000000;\">\n<td style=\"border: 2px solid #000000; background-color: #242222; text-align: center;\" rowspan=\"2\">\n<p>&nbsp;<\/p>\n<p><span style=\"color: #ffffff;\">RISQUE D\u2019ACCIDENT (*)<\/span><\/p>\n<p>&nbsp;<\/td>\n<td style=\"border: 2px solid #404040; background-color: #242222; text-align: center;\" rowspan=\"2\">\n<p>&nbsp;<\/p>\n<p><span style=\"color: #ffffff;\">IMD et IMDp PAR SENS<\/span><\/p>\n<p>&nbsp;<\/td>\n<td style=\"border: 2px solid #404040; background-color: #242222; text-align: center;\" colspan=\"2\">\n<p>&nbsp;<\/p>\n<p><span style=\"color: #ffffff;\">NIVEAU DE RETENUE RECOMMAND\u00c9<\/span><\/td>\n<\/tr>\n<tr style=\"border-color: #000000;\">\n<td style=\"border: 2px solid #404040; background-color: #242222; text-align: center;\"><span style=\"color: #ffffff;\">GLISSI\u00c8RES<\/span><\/td>\n<td style=\"border: 2px solid #404040; background-color: #242222; text-align: center;\"><span style=\"color: #ffffff;\">GARDE-CORPS<\/span><\/td>\n<\/tr>\n<tr style=\"border-color: #000000;\">\n<td style=\"border: 2px solid #404040; background-color: #949292; text-align: center;\" rowspan=\"3\">\n<p>&nbsp;<\/p>\n<p><span style=\"color: #000000;\">TR\u00c8S GRAVE<\/span><\/p>\n<p>&nbsp;<\/td>\n<td style=\"border: 2px solid #404040; text-align: center;\">\u00a0IMDp \u2265 5000<\/td>\n<td style=\"border: 2px solid #404040; text-align: center;\">H3-H4b<\/td>\n<td style=\"border: 2px solid #404040; text-align: center;\">H4b<\/td>\n<\/tr>\n<tr>\n<td style=\"border: 2px solid #404040; text-align: center;\">\u00a05000 &gt; IMDp \u2265 2000<\/td>\n<td style=\"border: 2px solid #404040; text-align: center;\">H2 &#8211; H3<\/td>\n<td style=\"border: 2px solid #404040; text-align: center;\">\u00a0H4b<\/td>\n<\/tr>\n<tr>\n<td style=\"border: 2px solid #404040; text-align: center;\">IMDp &lt; 2000<\/td>\n<td style=\"border: 2px solid #404040; text-align: center;\">H2<\/td>\n<td style=\"border: 2px solid #404040; text-align: center;\">H3<\/td>\n<\/tr>\n<tr>\n<td style=\"border: 2px solid #404040; background-color: #949292; text-align: center;\" rowspan=\"4\">\n<p>&nbsp;<\/p>\n<p><span style=\"color: #000000;\">GRAVE<\/span><\/p>\n<p>&nbsp;<\/td>\n<td style=\"border: 2px solid #404040; text-align: center;\">IMDp \u2265 10000<\/td>\n<td style=\"border: 2px solid #404040; text-align: center;\">H1 &#8211; H2<\/td>\n<td style=\"border: 2px solid #404040; text-align: center;\">H3<\/td>\n<\/tr>\n<tr>\n<td style=\"border: 2px solid #404040; text-align: center;\">IMDp \u2265 2000<\/td>\n<td style=\"border: 2px solid #404040; text-align: center;\">H2<\/td>\n<td style=\"border: 2px solid #404040; text-align: center;\">H3<\/td>\n<\/tr>\n<tr>\n<td style=\"border: 2px solid #404040; text-align: center;\">400 \u2264 IMDp &lt; 2000<\/td>\n<td style=\"border: 2px solid #404040; text-align: center;\">H1<\/td>\n<td style=\"border: 2px solid #404040; text-align: center;\">H2<\/td>\n<\/tr>\n<tr>\n<td style=\"border: 2px solid #404040; text-align: center;\">IMDp &lt; 400<\/td>\n<td style=\"border: 2px solid #404040; text-align: center;\">N2 &#8211; H1<\/td>\n<td style=\"border: 2px solid #404040; text-align: center;\">H1 &#8211; H2<\/td>\n<\/tr>\n<tr>\n<td style=\"border: 2px solid #404040; background-color: #949292; text-align: center;\" rowspan=\"4\">\n<p>&nbsp;<\/p>\n<p><span style=\"color: #000000;\">NORMAL<\/span><\/p>\n<p>&nbsp;<\/td>\n<td style=\"border: 2px solid #404040; text-align: center;\">IMDp \u2265 2000<\/td>\n<td style=\"border: 2px solid #404040; text-align: center;\">H1<\/td>\n<td style=\"border: 2px solid #404040; text-align: center;\">H1 &#8211; H2<\/td>\n<\/tr>\n<tr>\n<td style=\"border: 2px solid #404040; text-align: center;\">400 \u2264 IMDp &lt; 2000<\/td>\n<td style=\"border: 2px solid #404040; text-align: center;\">N2 &#8211; H1<\/td>\n<td style=\"border: 2px solid #404040; text-align: center;\">H1<\/td>\n<\/tr>\n<tr>\n<td style=\"border: 2px solid #404040; text-align: center;\">IMDp &lt; 400<\/td>\n<td style=\"border: 2px solid #404040; text-align: center;\">N2<\/td>\n<td style=\"border: 2px solid #404040; text-align: center;\">N2 &#8211; H1<\/td>\n<\/tr>\n<tr>\n<td style=\"border: 2px solid #404040; text-align: center;\">IMDp &lt; 50 y Vp \u226480 km\/h<\/td>\n<td style=\"border: 2px solid #404040; text-align: center;\">N1 &#8211; N2<\/td>\n<td style=\"border: 2px solid #404040; text-align: center;\">N2<\/td>\n<\/tr>\n<\/tbody>\n<\/table>\n<p><strong><span style=\"font-size: 18px;\"><span style=\"font-size: 14px;\">* D\u00e9finition du risque d\u2019accident selon la section 2.2 \u00ab Crit\u00e8res d\u2019installation \u00bb du chapitre 2.<\/span><\/span><\/strong><em><strong><span style=\"font-size: 18px;\"><br \/>\n<\/span><\/strong><\/em>[\/vc_column_text][vc_empty_space height=\u00a0\u00bb10px\u00a0\u00bb][vc_column_text]\u2022 Il d\u00e9finit les param\u00e8tres de la norme EN-1317\u00a0:<\/p>\n<p>\u2013\u00a0Types de retenue\u00a0: Tr\u00e8s \u00e9lev\u00e9, \u00e9lev\u00e9 et normal.<br \/>\n\u2013 D\u00e9placement transversal\u00a0: Largeur de fonctionnement (W) et d\u00e9flexion dynamique (D).<br \/>\n\u2013\u00a0S\u00e9v\u00e9rit\u00e9\u00a0: types A, B ou C.<\/p>\n<p>\u2022 Il \u00e9tablit des crit\u00e8res pour la s\u00e9lection du niveau de retenue, de la largeur de fonctionnement, de la d\u00e9flexion dynamique et de la s\u00e9v\u00e9rit\u00e9.<\/p>\n<p>\u2022 Il \u00e9tablit des crit\u00e8res pour le choix du dispositif le plus appropri\u00e9.<\/p>\n<p>\u2022 Il \u00e9tablit les crit\u00e8res de disposition longitudinale et transversale pour l\u2019installation des dispositifs de retenue routiers.<\/p>\n<p>\u2022 Il exige que les dispositifs de retenue routiers soient conformes \u00e0 l\u2019article 704 du cahier des charges des travaux routiers et des ponts (PG3).<\/p>\n<p>\u2022 Il \u00e9tablit les crit\u00e8res d\u2019utilisation, de disposition et de s\u00e9lection des dispositifs de protection pour motocyclistes.<\/p>\n<p>\u2022 Il recommande l\u2019utilisation d\u2019att\u00e9nuateurs, d\u2019extr\u00e9mit\u00e9s de file et de lits d\u2019arr\u00eat.[\/vc_column_text][\/vc_column][\/vc_row]\n<\/div>","protected":false},"excerpt":{"rendered":"<p>[vc_row column_spacing=\u00a0\u00bb20&Prime;][vc_column][vc_column_text]L\u2019arr\u00eat\u00e9 35\/2014 du minist\u00e8re des Travaux publics et des Transports est entr\u00e9 en vigueur le 2 juin 2014. Cet arr\u00eat\u00e9 consiste en des recommandations sur les crit\u00e8res d\u2019application des dispositifs de retenue routiers (glissi\u00e8res de s\u00e9curit\u00e9, garde-corps et dispositifs de protection pour motocyclistes). En r\u00e9sum\u00e9, les aspects les plus importants de cet arr\u00eat\u00e9 sont&hellip;<\/p>\n","protected":false},"author":2,"featured_media":0,"parent":14866,"menu_order":0,"comment_status":"open","ping_status":"open","template":"","meta":{"footnotes":""},"class_list":["post-15190","page","type-page","status-publish","hentry","entry","no-media"],"yoast_head":"<!-- This site is optimized with the Yoast SEO plugin v27.2 - https:\/\/yoast.com\/product\/yoast-seo-wordpress\/ -->\n<title>Arr\u00eat\u00e9 35\/2014 - Asebal<\/title>\n<meta name=\"robots\" content=\"noindex, follow, max-snippet:-1, max-image-preview:large, max-video-preview:-1\" \/>\n<meta property=\"og:locale\" content=\"fr_FR\" \/>\n<meta property=\"og:type\" content=\"article\" \/>\n<meta property=\"og:title\" content=\"Arr\u00eat\u00e9 35\/2014 - Asebal\" \/>\n<meta property=\"og:description\" content=\"[vc_row column_spacing=\u00a0\u00bb20&Prime;][vc_column][vc_column_text]L\u2019arr\u00eat\u00e9 35\/2014 du minist\u00e8re des Travaux publics et des Transports est entr\u00e9 en vigueur le 2 juin 2014. Cet arr\u00eat\u00e9 consiste en des recommandations sur les crit\u00e8res d\u2019application des dispositifs de retenue routiers (glissi\u00e8res de s\u00e9curit\u00e9, garde-corps et dispositifs de protection pour motocyclistes). En r\u00e9sum\u00e9, les aspects les plus importants de cet arr\u00eat\u00e9 sont&hellip;\" \/>\n<meta property=\"og:url\" content=\"https:\/\/www.santutxu.com\/fr\/equipement-routier\/glissieres-de-securite\/reglementation\/arrete-35-2014\/\" \/>\n<meta property=\"og:site_name\" content=\"Asebal\" \/>\n<meta name=\"twitter:card\" content=\"summary_large_image\" \/>\n<meta name=\"twitter:label1\" content=\"Dur\u00e9e de lecture estim\u00e9e\" \/>\n\t<meta name=\"twitter:data1\" content=\"3 minutes\" \/>\n<script type=\"application\/ld+json\" class=\"yoast-schema-graph\">{\"@context\":\"https:\/\/schema.org\",\"@graph\":[{\"@type\":\"WebPage\",\"@id\":\"https:\/\/www.santutxu.com\/fr\/equipement-routier\/glissieres-de-securite\/reglementation\/arrete-35-2014\/\",\"url\":\"https:\/\/www.santutxu.com\/fr\/equipement-routier\/glissieres-de-securite\/reglementation\/arrete-35-2014\/\",\"name\":\"Arr\u00eat\u00e9 35\/2014 - Asebal\",\"isPartOf\":{\"@id\":\"https:\/\/www.santutxu.com\/#website\"},\"datePublished\":\"2022-07-04T07:41:47+00:00\",\"breadcrumb\":{\"@id\":\"https:\/\/www.santutxu.com\/fr\/equipement-routier\/glissieres-de-securite\/reglementation\/arrete-35-2014\/#breadcrumb\"},\"inLanguage\":\"fr-FR\",\"potentialAction\":[{\"@type\":\"ReadAction\",\"target\":[\"https:\/\/www.santutxu.com\/fr\/equipement-routier\/glissieres-de-securite\/reglementation\/arrete-35-2014\/\"]}]},{\"@type\":\"BreadcrumbList\",\"@id\":\"https:\/\/www.santutxu.com\/fr\/equipement-routier\/glissieres-de-securite\/reglementation\/arrete-35-2014\/#breadcrumb\",\"itemListElement\":[{\"@type\":\"ListItem\",\"position\":1,\"name\":\"\",\"item\":\"https:\/\/www.santutxu.com\/fr\/\"},{\"@type\":\"ListItem\",\"position\":2,\"name\":\"\u00c9quipement routier\",\"item\":\"https:\/\/www.santutxu.com\/fr\/equipement-routier\/\"},{\"@type\":\"ListItem\",\"position\":3,\"name\":\"Glissi\u00e8res de s\u00e9curit\u00e9\",\"item\":\"https:\/\/www.santutxu.com\/fr\/equipement-routier\/glissieres-de-securite\/\"},{\"@type\":\"ListItem\",\"position\":4,\"name\":\"R\u00e9glementation\",\"item\":\"https:\/\/www.santutxu.com\/fr\/equipement-routier\/glissieres-de-securite\/reglementation\/\"},{\"@type\":\"ListItem\",\"position\":5,\"name\":\"Arr\u00eat\u00e9 35\/2014\"}]},{\"@type\":\"WebSite\",\"@id\":\"https:\/\/www.santutxu.com\/#website\",\"url\":\"https:\/\/www.santutxu.com\/\",\"name\":\"Asebal\",\"description\":\"Otro sitio realizado con WordPress\",\"publisher\":{\"@id\":\"https:\/\/www.santutxu.com\/#organization\"},\"potentialAction\":[{\"@type\":\"SearchAction\",\"target\":{\"@type\":\"EntryPoint\",\"urlTemplate\":\"https:\/\/www.santutxu.com\/?s={search_term_string}\"},\"query-input\":{\"@type\":\"PropertyValueSpecification\",\"valueRequired\":true,\"valueName\":\"search_term_string\"}}],\"inLanguage\":\"fr-FR\"},{\"@type\":\"Organization\",\"@id\":\"https:\/\/www.santutxu.com\/#organization\",\"name\":\"Asebal\",\"url\":\"https:\/\/www.santutxu.com\/\",\"logo\":{\"@type\":\"ImageObject\",\"inLanguage\":\"fr-FR\",\"@id\":\"https:\/\/www.santutxu.com\/#\/schema\/logo\/image\/\",\"url\":\"https:\/\/www.santutxu.com\/wp-content\/uploads\/2015\/06\/logo-asebal1.png\",\"contentUrl\":\"https:\/\/www.santutxu.com\/wp-content\/uploads\/2015\/06\/logo-asebal1.png\",\"width\":265,\"height\":50,\"caption\":\"Asebal\"},\"image\":{\"@id\":\"https:\/\/www.santutxu.com\/#\/schema\/logo\/image\/\"}}]}<\/script>\n<!-- \/ Yoast SEO plugin. -->","yoast_head_json":{"title":"Arr\u00eat\u00e9 35\/2014 - Asebal","robots":{"index":"noindex","follow":"follow","max-snippet":"max-snippet:-1","max-image-preview":"max-image-preview:large","max-video-preview":"max-video-preview:-1"},"og_locale":"fr_FR","og_type":"article","og_title":"Arr\u00eat\u00e9 35\/2014 - Asebal","og_description":"[vc_row column_spacing=\u00a0\u00bb20&Prime;][vc_column][vc_column_text]L\u2019arr\u00eat\u00e9 35\/2014 du minist\u00e8re des Travaux publics et des Transports est entr\u00e9 en vigueur le 2 juin 2014. Cet arr\u00eat\u00e9 consiste en des recommandations sur les crit\u00e8res d\u2019application des dispositifs de retenue routiers (glissi\u00e8res de s\u00e9curit\u00e9, garde-corps et dispositifs de protection pour motocyclistes). En r\u00e9sum\u00e9, les aspects les plus importants de cet arr\u00eat\u00e9 sont&hellip;","og_url":"https:\/\/www.santutxu.com\/fr\/equipement-routier\/glissieres-de-securite\/reglementation\/arrete-35-2014\/","og_site_name":"Asebal","twitter_card":"summary_large_image","twitter_misc":{"Dur\u00e9e de lecture estim\u00e9e":"3 minutes"},"schema":{"@context":"https:\/\/schema.org","@graph":[{"@type":"WebPage","@id":"https:\/\/www.santutxu.com\/fr\/equipement-routier\/glissieres-de-securite\/reglementation\/arrete-35-2014\/","url":"https:\/\/www.santutxu.com\/fr\/equipement-routier\/glissieres-de-securite\/reglementation\/arrete-35-2014\/","name":"Arr\u00eat\u00e9 35\/2014 - Asebal","isPartOf":{"@id":"https:\/\/www.santutxu.com\/#website"},"datePublished":"2022-07-04T07:41:47+00:00","breadcrumb":{"@id":"https:\/\/www.santutxu.com\/fr\/equipement-routier\/glissieres-de-securite\/reglementation\/arrete-35-2014\/#breadcrumb"},"inLanguage":"fr-FR","potentialAction":[{"@type":"ReadAction","target":["https:\/\/www.santutxu.com\/fr\/equipement-routier\/glissieres-de-securite\/reglementation\/arrete-35-2014\/"]}]},{"@type":"BreadcrumbList","@id":"https:\/\/www.santutxu.com\/fr\/equipement-routier\/glissieres-de-securite\/reglementation\/arrete-35-2014\/#breadcrumb","itemListElement":[{"@type":"ListItem","position":1,"name":"","item":"https:\/\/www.santutxu.com\/fr\/"},{"@type":"ListItem","position":2,"name":"\u00c9quipement routier","item":"https:\/\/www.santutxu.com\/fr\/equipement-routier\/"},{"@type":"ListItem","position":3,"name":"Glissi\u00e8res de s\u00e9curit\u00e9","item":"https:\/\/www.santutxu.com\/fr\/equipement-routier\/glissieres-de-securite\/"},{"@type":"ListItem","position":4,"name":"R\u00e9glementation","item":"https:\/\/www.santutxu.com\/fr\/equipement-routier\/glissieres-de-securite\/reglementation\/"},{"@type":"ListItem","position":5,"name":"Arr\u00eat\u00e9 35\/2014"}]},{"@type":"WebSite","@id":"https:\/\/www.santutxu.com\/#website","url":"https:\/\/www.santutxu.com\/","name":"Asebal","description":"Otro sitio realizado con WordPress","publisher":{"@id":"https:\/\/www.santutxu.com\/#organization"},"potentialAction":[{"@type":"SearchAction","target":{"@type":"EntryPoint","urlTemplate":"https:\/\/www.santutxu.com\/?s={search_term_string}"},"query-input":{"@type":"PropertyValueSpecification","valueRequired":true,"valueName":"search_term_string"}}],"inLanguage":"fr-FR"},{"@type":"Organization","@id":"https:\/\/www.santutxu.com\/#organization","name":"Asebal","url":"https:\/\/www.santutxu.com\/","logo":{"@type":"ImageObject","inLanguage":"fr-FR","@id":"https:\/\/www.santutxu.com\/#\/schema\/logo\/image\/","url":"https:\/\/www.santutxu.com\/wp-content\/uploads\/2015\/06\/logo-asebal1.png","contentUrl":"https:\/\/www.santutxu.com\/wp-content\/uploads\/2015\/06\/logo-asebal1.png","width":265,"height":50,"caption":"Asebal"},"image":{"@id":"https:\/\/www.santutxu.com\/#\/schema\/logo\/image\/"}}]}},"_links":{"self":[{"href":"https:\/\/www.santutxu.com\/fr\/wp-json\/wp\/v2\/pages\/15190","targetHints":{"allow":["GET"]}}],"collection":[{"href":"https:\/\/www.santutxu.com\/fr\/wp-json\/wp\/v2\/pages"}],"about":[{"href":"https:\/\/www.santutxu.com\/fr\/wp-json\/wp\/v2\/types\/page"}],"author":[{"embeddable":true,"href":"https:\/\/www.santutxu.com\/fr\/wp-json\/wp\/v2\/users\/2"}],"replies":[{"embeddable":true,"href":"https:\/\/www.santutxu.com\/fr\/wp-json\/wp\/v2\/comments?post=15190"}],"version-history":[{"count":1,"href":"https:\/\/www.santutxu.com\/fr\/wp-json\/wp\/v2\/pages\/15190\/revisions"}],"predecessor-version":[{"id":15191,"href":"https:\/\/www.santutxu.com\/fr\/wp-json\/wp\/v2\/pages\/15190\/revisions\/15191"}],"up":[{"embeddable":true,"href":"https:\/\/www.santutxu.com\/fr\/wp-json\/wp\/v2\/pages\/14866"}],"wp:attachment":[{"href":"https:\/\/www.santutxu.com\/fr\/wp-json\/wp\/v2\/media?parent=15190"}],"curies":[{"name":"wp","href":"https:\/\/api.w.org\/{rel}","templated":true}]}}