{"id":15181,"date":"2022-07-04T07:30:22","date_gmt":"2022-07-04T07:30:22","guid":{"rendered":"https:\/\/www.santutxu.com\/?page_id=15181"},"modified":"2022-07-14T07:47:33","modified_gmt":"2022-07-14T07:47:33","slug":"resume-norme-en-1317","status":"publish","type":"page","link":"https:\/\/www.santutxu.com\/fr\/equipement-routier\/glissieres-de-securite\/reglementation\/resume-norme-en-1317\/","title":{"rendered":"R\u00e9sum\u00e9 Norme EN 1317"},"content":{"rendered":"<div class=\"wpb-content-wrapper\">[vc_row column_spacing=\u00a0\u00bb20&Prime;][vc_column][vc_column_text]<strong>\u00c9valuation des performances et de la classification des Dispositifs de Retenue Routiers (DRR).<\/strong><\/p>\n<p>Depuis le 1<sup>er<\/sup>\u00a0janvier 2011, tous les dispositifs de retenue routiers install\u00e9s de mani\u00e8re permanente sur les routes de l\u2019Union europ\u00e9enne doivent obligatoirement \u00eatre munis d\u2019un certificat. Pour l\u2019obtenir, il est n\u00e9cessaire de suivre la norme UNE EN 1317 harmonis\u00e9e. Cette norme, \u00e0 travers des collisions de v\u00e9hicules en grandeur nature, \u00e9value les performances et classe les dispositifs de retenue routiers.<\/p>\n<p>Les DRR doivent \u00eatre install\u00e9s dans des conditions similaires \u00e0 celles de l\u2019essai et en conformit\u00e9 avec les sp\u00e9cifications contenues dans le manuel d\u2019installation du fabricant.<\/p>\n<p>Les param\u00e8tres d\u00e9terminant les qualit\u00e9s d\u2019un dispositif de retenue routier et le classant dans la norme UNE EN 1317 sont les suivants\u00a0: niveau de retenue, largeur de fonctionnement, d\u00e9flexion dynamique et s\u00e9v\u00e9rit\u00e9 de choc.<\/p>\n<p><span style=\"color: #ff0000;\">\u2022\u00a0Niveau de retenue\u00a0:<\/span>\u00a0indicateur de la capacit\u00e9 d\u2019un dispositif de retenue \u00e0 r\u00e9sister \u00e0 la charge d\u2019impact d\u2019un v\u00e9hicule.<\/p>\n<p style=\"text-align: center;\"><strong>Classes et niveaux de retenue pour les dispositifs de retenue routiers.<\/strong><\/p>\n[\/vc_column_text][\/vc_column][\/vc_row][vc_row column_spacing=\u00a0\u00bb20&Prime;][vc_column][vc_empty_space][vc_single_image image=\u00a0\u00bb16285&Prime; img_size=\u00a0\u00bb500&#215;288&Prime; alignment=\u00a0\u00bbcenter\u00a0\u00bb][vc_empty_space][vc_single_image image=\u00a0\u00bb16282&Prime; img_size=\u00a0\u00bb750&#215;934&Prime; alignment=\u00a0\u00bbcenter\u00a0\u00bb][vc_empty_space][vc_column_text]<strong>Remarque\u00a0:<\/strong>\u00a0Si les dispositifs avec des niveaux de retenue \u00ab\u00a0H\u00a0\u00bb passent l\u2019essai suppl\u00e9mentaire TB-32, ils obtiennent des niveaux de retenue \u00ab\u00a0L\u00a0\u00bb.<\/p>\n<p><span style=\"color: #ff0000;\">\u2022 Largeur de fonctionnement (W)<\/span>\u00a0:\u00a0La distance entre la face du dispositif de retenue la plus proche du flux du trafic, avant le choc, et la position lat\u00e9rale la plus \u00e9loign\u00e9e qui est atteinte, pendant le choc, par toute partie critique de l\u2019ensemble du dispositif de retenue et le v\u00e9hicule.<\/p>\n<p style=\"text-align: center;\"><strong>Classes de largeur de fonctionnement pour les dispositifs de retenue routiers, selon la norme UNE EN-1317<\/strong><\/p>\n[\/vc_column_text][vc_empty_space][vc_single_image image=\u00a0\u00bb16279&Prime; img_size=\u00a0\u00bb510&#215;380&Prime; alignment=\u00a0\u00bbcenter\u00a0\u00bb][vc_empty_space][vc_column_text]<span style=\"color: #ff0000;\">\u2022\u00a0D\u00e9flexion dynamique (D)\u00a0:<\/span><strong>\u00a0<\/strong>D\u00e9placement lat\u00e9ral maximal, de la face du dispositif de retenue la plus proche du flux du trafic, produit pendant le choc.[\/vc_column_text][vc_empty_space][vc_single_image image=\u00a0\u00bb13135&Prime; img_size=\u00a0\u00bb480\u00d7469&Prime; alignment=\u00a0\u00bbcenter\u00a0\u00bb][vc_empty_space][vc_column_text]\n<p style=\"text-align: center;\">Sch\u00e9ma de la largeur de fonctionnement (W) et de la d\u00e9flexion dynamique (D)<\/p>\n<p><span style=\"color: #ff0000;\">\u2022\u00a0S\u00e9v\u00e9rit\u00e9 de choc\u00a0:<\/span>\u00a0Qualit\u00e9 d\u2019un syst\u00e8me qui quantifie les dommages subis \u00e0 l\u2019int\u00e9rieur de l\u2019habitacle d\u2019un v\u00e9hicule percutant un dispositif de retenue.[\/vc_column_text][vc_empty_space][\/vc_column][\/vc_row][vc_row column_spacing=\u00a0\u00bb20&Prime;][vc_column width=\u00a0\u00bb1\/4&Prime;][\/vc_column][vc_column width=\u00a0\u00bb1\/2&Prime;][vc_column_text]\n<table style=\"border: 1px #000000; height: 20px; border-color: #ffffff;\" width=\"100%\" cellpadding=\"2\">\n<tbody>\n<tr style=\"border-color: #000000;\">\n<td style=\"width: 20%; height: 40px; border: 1px solid #636262; background-color: #dc2b28; text-align: center; vertical-align: middle;\" colspan=\"3\"><span style=\"color: #ffffff; font-size: 18px;\"><strong>Niveau de s\u00e9v\u00e9rit\u00e9 de choc<\/strong><\/span><\/td>\n<\/tr>\n<tr style=\"border-color: #000000;\">\n<td style=\"width: 20%; height: 40px; border: 1px solid #636363; text-align: center; vertical-align: middle;\">Niveau ou classe<\/td>\n<td style=\"width: 20%; height: 40px; border: 1px solid #636262; text-align: center; vertical-align: middle;\" colspan=\"2\">Valeurs maximales admissibles<\/td>\n<\/tr>\n<tr>\n<td style=\"width: 20%; height: 40px; border: 1px solid #636262; background-color: #000000; text-align: center; vertical-align: middle;\"><span style=\"color: #ffffff;\">A<\/span><\/td>\n<td style=\"width: 20%; height: 40px; border: 1px solid #636262; background-color: #000000; text-align: center; vertical-align: middle;\"><span style=\"color: #ffffff;\">ASI \u2264 1,0<\/span><\/td>\n<td style=\"width: 20%; height: 40px; border: 1px solid #636262; background-color: #000000; text-align: center; vertical-align: middle;\"><span style=\"color: #ffffff;\">THIV \u2264 33 km\/h<\/span><\/td>\n<\/tr>\n<tr>\n<td style=\"width: 20%; height: 40px; border: 1px solid #636262; background-color: #000000; text-align: center; vertical-align: middle;\"><span style=\"color: #ffffff;\">B<\/span><\/td>\n<td style=\"width: 21%; height: 40px; border: 1px solid #636262; background-color: #000000; text-align: center; vertical-align: middle;\"><span style=\"color: #ffffff;\">1,0 \u2264 ASI \u2264 1,4<\/span><\/td>\n<td style=\"width: 20%; height: 40px; border: 1px solid #636262; background-color: #000000; text-align: center; vertical-align: middle;\"><span style=\"color: #ffffff;\">THIV \u2264 33 km\/h<\/span><\/td>\n<\/tr>\n<tr>\n<td style=\"width: 20%; height: 40px; border: 1px solid #636262; background-color: #000000; text-align: center; vertical-align: middle;\"><span style=\"color: #ffffff;\">C<\/span><\/td>\n<td style=\"width: 21%; height: 40px; border: 1px solid #636262; background-color: #000000; text-align: center; vertical-align: middle;\"><span style=\"color: #ffffff;\">1,4 \u2264 ASI \u2264 1,9<\/span><\/td>\n<td style=\"width: 20%; height: 40px; border: 1px solid #636262; background-color: #000000; text-align: center; vertical-align: middle;\"><span style=\"color: #ffffff;\">THIV \u2264 33 km\/h<\/span><\/td>\n<\/tr>\n<\/tbody>\n<\/table>\n[\/vc_column_text][vc_empty_space][vc_column_text]<span style=\"color: #ff0000;\">ASI:<\/span> Indice de s\u00e9v\u00e9rit\u00e9 de l\u2019acc\u00e9l\u00e9ration<br \/>\n<span style=\"color: #ff0000;\">THIV:<\/span> Vitesse d\u2019impact th\u00e9orique de la t\u00eate[\/vc_column_text][\/vc_column][vc_column width=\u00a0\u00bb1\/4&Prime;][\/vc_column][\/vc_row][vc_row column_spacing=\u00a0\u00bb20&Prime;][vc_column][vc_empty_space][vc_column_text]<span style=\"color: #ff0000;\">Un autre concept \u00e0 prendre en compte est la redirection\u00a0:<\/span><\/p>\n<p><span style=\"color: #ff0000;\">\u2022 Redirection\u00a0:<\/span>\u00a0La capacit\u00e9 d\u2019un dispositif de retenue \u00e0 ramener un v\u00e9hicule, de mani\u00e8re contr\u00f4l\u00e9e, sur la route, en cas de choc avec ce dispositif de retenue.[\/vc_column_text][vc_empty_space][vc_single_image image=\u00a0\u00bb16276&Prime; img_size=\u00a0\u00bb750&#215;387&Prime; alignment=\u00a0\u00bbcenter\u00a0\u00bb][vc_empty_space][vc_column_text]<strong>Bo\u00eete CEN\u00a0: Zone dans laquelle un v\u00e9hicule ayant heurt\u00e9 un dispositif de retenue doit demeurer pendant sa trajectoire de sortie. Le dispositif ne sera certifi\u00e9 que si le v\u00e9hicule est \u00e0 l\u2019int\u00e9rieur de la bo\u00eete CEN au terme de l\u2019essai.<\/strong><\/p>\n<p>Conclusions\u00a0:<\/p>\n<p><span style=\"color: #ff0000;\">\u2022\u00a0Niveau de retenue\u00a0:<\/span><br \/>\nNous nous assurons que le dispositif retient le v\u00e9hicule (pas de retournement, pas de renversement).<\/p>\n<p><span style=\"color: #ff0000;\">\u2022\u00a0S\u00e9v\u00e9rit\u00e9 du choc\u00a0:<\/span><br \/>\nNous garantissons de faibles d\u00e9c\u00e9l\u00e9rations.<\/p>\n<p><span style=\"color: #ff0000;\">\u2022\u00a0D\u00e9formation du dispositif\u00a0:<\/span><br \/>\nNous nous assurons que le v\u00e9hicule et le dispositif ne heurteront pas d\u2019obstacles et que le v\u00e9hicule ne tombera pas non plus dans un d\u00e9nivel\u00e9.<\/p>\n<p><span style=\"color: #ff0000;\">\u2022 Redirection\u00a0:<\/span><br \/>\nNous nous assurons que le v\u00e9hicule n\u2019empi\u00e9tera pas sur les autres voies.[\/vc_column_text][\/vc_column][\/vc_row]\n<\/div>","protected":false},"excerpt":{"rendered":"<p>[vc_row column_spacing=\u00a0\u00bb20&Prime;][vc_column][vc_column_text]\u00c9valuation des performances et de la classification des Dispositifs de Retenue Routiers (DRR). Depuis le 1er\u00a0janvier 2011, tous les dispositifs de retenue routiers install\u00e9s de mani\u00e8re permanente sur les routes de l\u2019Union europ\u00e9enne doivent obligatoirement \u00eatre munis d\u2019un certificat. Pour l\u2019obtenir, il est n\u00e9cessaire de suivre la norme UNE EN 1317 harmonis\u00e9e. Cette norme,&hellip;<\/p>\n","protected":false},"author":2,"featured_media":0,"parent":14866,"menu_order":0,"comment_status":"open","ping_status":"open","template":"","meta":{"footnotes":""},"class_list":["post-15181","page","type-page","status-publish","hentry","entry","no-media"],"yoast_head":"<!-- This site is optimized with the Yoast SEO plugin v27.2 - https:\/\/yoast.com\/product\/yoast-seo-wordpress\/ -->\n<title>R\u00e9sum\u00e9 Norme EN 1317 - Asebal<\/title>\n<meta name=\"robots\" content=\"noindex, follow, max-snippet:-1, max-image-preview:large, max-video-preview:-1\" \/>\n<meta property=\"og:locale\" content=\"fr_FR\" \/>\n<meta property=\"og:type\" content=\"article\" \/>\n<meta property=\"og:title\" content=\"R\u00e9sum\u00e9 Norme EN 1317 - Asebal\" \/>\n<meta property=\"og:description\" content=\"[vc_row column_spacing=\u00a0\u00bb20&Prime;][vc_column][vc_column_text]\u00c9valuation des performances et de la classification des Dispositifs de Retenue Routiers (DRR). Depuis le 1er\u00a0janvier 2011, tous les dispositifs de retenue routiers install\u00e9s de mani\u00e8re permanente sur les routes de l\u2019Union europ\u00e9enne doivent obligatoirement \u00eatre munis d\u2019un certificat. Pour l\u2019obtenir, il est n\u00e9cessaire de suivre la norme UNE EN 1317 harmonis\u00e9e. Cette norme,&hellip;\" \/>\n<meta property=\"og:url\" content=\"https:\/\/www.santutxu.com\/fr\/equipement-routier\/glissieres-de-securite\/reglementation\/resume-norme-en-1317\/\" \/>\n<meta property=\"og:site_name\" content=\"Asebal\" \/>\n<meta property=\"article:modified_time\" content=\"2022-07-14T07:47:33+00:00\" \/>\n<meta name=\"twitter:card\" content=\"summary_large_image\" \/>\n<meta name=\"twitter:label1\" content=\"Dur\u00e9e de lecture estim\u00e9e\" \/>\n\t<meta name=\"twitter:data1\" content=\"3 minutes\" \/>\n<script type=\"application\/ld+json\" class=\"yoast-schema-graph\">{\"@context\":\"https:\/\/schema.org\",\"@graph\":[{\"@type\":\"WebPage\",\"@id\":\"https:\/\/www.santutxu.com\/fr\/equipement-routier\/glissieres-de-securite\/reglementation\/resume-norme-en-1317\/\",\"url\":\"https:\/\/www.santutxu.com\/fr\/equipement-routier\/glissieres-de-securite\/reglementation\/resume-norme-en-1317\/\",\"name\":\"R\u00e9sum\u00e9 Norme EN 1317 - Asebal\",\"isPartOf\":{\"@id\":\"https:\/\/www.santutxu.com\/#website\"},\"datePublished\":\"2022-07-04T07:30:22+00:00\",\"dateModified\":\"2022-07-14T07:47:33+00:00\",\"breadcrumb\":{\"@id\":\"https:\/\/www.santutxu.com\/fr\/equipement-routier\/glissieres-de-securite\/reglementation\/resume-norme-en-1317\/#breadcrumb\"},\"inLanguage\":\"fr-FR\",\"potentialAction\":[{\"@type\":\"ReadAction\",\"target\":[\"https:\/\/www.santutxu.com\/fr\/equipement-routier\/glissieres-de-securite\/reglementation\/resume-norme-en-1317\/\"]}]},{\"@type\":\"BreadcrumbList\",\"@id\":\"https:\/\/www.santutxu.com\/fr\/equipement-routier\/glissieres-de-securite\/reglementation\/resume-norme-en-1317\/#breadcrumb\",\"itemListElement\":[{\"@type\":\"ListItem\",\"position\":1,\"name\":\"\",\"item\":\"https:\/\/www.santutxu.com\/fr\/\"},{\"@type\":\"ListItem\",\"position\":2,\"name\":\"\u00c9quipement routier\",\"item\":\"https:\/\/www.santutxu.com\/fr\/equipement-routier\/\"},{\"@type\":\"ListItem\",\"position\":3,\"name\":\"Glissi\u00e8res de s\u00e9curit\u00e9\",\"item\":\"https:\/\/www.santutxu.com\/fr\/equipement-routier\/glissieres-de-securite\/\"},{\"@type\":\"ListItem\",\"position\":4,\"name\":\"R\u00e9glementation\",\"item\":\"https:\/\/www.santutxu.com\/fr\/equipement-routier\/glissieres-de-securite\/reglementation\/\"},{\"@type\":\"ListItem\",\"position\":5,\"name\":\"R\u00e9sum\u00e9 Norme EN 1317\"}]},{\"@type\":\"WebSite\",\"@id\":\"https:\/\/www.santutxu.com\/#website\",\"url\":\"https:\/\/www.santutxu.com\/\",\"name\":\"Asebal\",\"description\":\"Otro sitio realizado con WordPress\",\"publisher\":{\"@id\":\"https:\/\/www.santutxu.com\/#organization\"},\"potentialAction\":[{\"@type\":\"SearchAction\",\"target\":{\"@type\":\"EntryPoint\",\"urlTemplate\":\"https:\/\/www.santutxu.com\/?s={search_term_string}\"},\"query-input\":{\"@type\":\"PropertyValueSpecification\",\"valueRequired\":true,\"valueName\":\"search_term_string\"}}],\"inLanguage\":\"fr-FR\"},{\"@type\":\"Organization\",\"@id\":\"https:\/\/www.santutxu.com\/#organization\",\"name\":\"Asebal\",\"url\":\"https:\/\/www.santutxu.com\/\",\"logo\":{\"@type\":\"ImageObject\",\"inLanguage\":\"fr-FR\",\"@id\":\"https:\/\/www.santutxu.com\/#\/schema\/logo\/image\/\",\"url\":\"https:\/\/www.santutxu.com\/wp-content\/uploads\/2015\/06\/logo-asebal1.png\",\"contentUrl\":\"https:\/\/www.santutxu.com\/wp-content\/uploads\/2015\/06\/logo-asebal1.png\",\"width\":265,\"height\":50,\"caption\":\"Asebal\"},\"image\":{\"@id\":\"https:\/\/www.santutxu.com\/#\/schema\/logo\/image\/\"}}]}<\/script>\n<!-- \/ Yoast SEO plugin. -->","yoast_head_json":{"title":"R\u00e9sum\u00e9 Norme EN 1317 - Asebal","robots":{"index":"noindex","follow":"follow","max-snippet":"max-snippet:-1","max-image-preview":"max-image-preview:large","max-video-preview":"max-video-preview:-1"},"og_locale":"fr_FR","og_type":"article","og_title":"R\u00e9sum\u00e9 Norme EN 1317 - Asebal","og_description":"[vc_row column_spacing=\u00a0\u00bb20&Prime;][vc_column][vc_column_text]\u00c9valuation des performances et de la classification des Dispositifs de Retenue Routiers (DRR). Depuis le 1er\u00a0janvier 2011, tous les dispositifs de retenue routiers install\u00e9s de mani\u00e8re permanente sur les routes de l\u2019Union europ\u00e9enne doivent obligatoirement \u00eatre munis d\u2019un certificat. Pour l\u2019obtenir, il est n\u00e9cessaire de suivre la norme UNE EN 1317 harmonis\u00e9e. Cette norme,&hellip;","og_url":"https:\/\/www.santutxu.com\/fr\/equipement-routier\/glissieres-de-securite\/reglementation\/resume-norme-en-1317\/","og_site_name":"Asebal","article_modified_time":"2022-07-14T07:47:33+00:00","twitter_card":"summary_large_image","twitter_misc":{"Dur\u00e9e de lecture estim\u00e9e":"3 minutes"},"schema":{"@context":"https:\/\/schema.org","@graph":[{"@type":"WebPage","@id":"https:\/\/www.santutxu.com\/fr\/equipement-routier\/glissieres-de-securite\/reglementation\/resume-norme-en-1317\/","url":"https:\/\/www.santutxu.com\/fr\/equipement-routier\/glissieres-de-securite\/reglementation\/resume-norme-en-1317\/","name":"R\u00e9sum\u00e9 Norme EN 1317 - Asebal","isPartOf":{"@id":"https:\/\/www.santutxu.com\/#website"},"datePublished":"2022-07-04T07:30:22+00:00","dateModified":"2022-07-14T07:47:33+00:00","breadcrumb":{"@id":"https:\/\/www.santutxu.com\/fr\/equipement-routier\/glissieres-de-securite\/reglementation\/resume-norme-en-1317\/#breadcrumb"},"inLanguage":"fr-FR","potentialAction":[{"@type":"ReadAction","target":["https:\/\/www.santutxu.com\/fr\/equipement-routier\/glissieres-de-securite\/reglementation\/resume-norme-en-1317\/"]}]},{"@type":"BreadcrumbList","@id":"https:\/\/www.santutxu.com\/fr\/equipement-routier\/glissieres-de-securite\/reglementation\/resume-norme-en-1317\/#breadcrumb","itemListElement":[{"@type":"ListItem","position":1,"name":"","item":"https:\/\/www.santutxu.com\/fr\/"},{"@type":"ListItem","position":2,"name":"\u00c9quipement routier","item":"https:\/\/www.santutxu.com\/fr\/equipement-routier\/"},{"@type":"ListItem","position":3,"name":"Glissi\u00e8res de s\u00e9curit\u00e9","item":"https:\/\/www.santutxu.com\/fr\/equipement-routier\/glissieres-de-securite\/"},{"@type":"ListItem","position":4,"name":"R\u00e9glementation","item":"https:\/\/www.santutxu.com\/fr\/equipement-routier\/glissieres-de-securite\/reglementation\/"},{"@type":"ListItem","position":5,"name":"R\u00e9sum\u00e9 Norme EN 1317"}]},{"@type":"WebSite","@id":"https:\/\/www.santutxu.com\/#website","url":"https:\/\/www.santutxu.com\/","name":"Asebal","description":"Otro sitio realizado con WordPress","publisher":{"@id":"https:\/\/www.santutxu.com\/#organization"},"potentialAction":[{"@type":"SearchAction","target":{"@type":"EntryPoint","urlTemplate":"https:\/\/www.santutxu.com\/?s={search_term_string}"},"query-input":{"@type":"PropertyValueSpecification","valueRequired":true,"valueName":"search_term_string"}}],"inLanguage":"fr-FR"},{"@type":"Organization","@id":"https:\/\/www.santutxu.com\/#organization","name":"Asebal","url":"https:\/\/www.santutxu.com\/","logo":{"@type":"ImageObject","inLanguage":"fr-FR","@id":"https:\/\/www.santutxu.com\/#\/schema\/logo\/image\/","url":"https:\/\/www.santutxu.com\/wp-content\/uploads\/2015\/06\/logo-asebal1.png","contentUrl":"https:\/\/www.santutxu.com\/wp-content\/uploads\/2015\/06\/logo-asebal1.png","width":265,"height":50,"caption":"Asebal"},"image":{"@id":"https:\/\/www.santutxu.com\/#\/schema\/logo\/image\/"}}]}},"_links":{"self":[{"href":"https:\/\/www.santutxu.com\/fr\/wp-json\/wp\/v2\/pages\/15181","targetHints":{"allow":["GET"]}}],"collection":[{"href":"https:\/\/www.santutxu.com\/fr\/wp-json\/wp\/v2\/pages"}],"about":[{"href":"https:\/\/www.santutxu.com\/fr\/wp-json\/wp\/v2\/types\/page"}],"author":[{"embeddable":true,"href":"https:\/\/www.santutxu.com\/fr\/wp-json\/wp\/v2\/users\/2"}],"replies":[{"embeddable":true,"href":"https:\/\/www.santutxu.com\/fr\/wp-json\/wp\/v2\/comments?post=15181"}],"version-history":[{"count":4,"href":"https:\/\/www.santutxu.com\/fr\/wp-json\/wp\/v2\/pages\/15181\/revisions"}],"predecessor-version":[{"id":16289,"href":"https:\/\/www.santutxu.com\/fr\/wp-json\/wp\/v2\/pages\/15181\/revisions\/16289"}],"up":[{"embeddable":true,"href":"https:\/\/www.santutxu.com\/fr\/wp-json\/wp\/v2\/pages\/14866"}],"wp:attachment":[{"href":"https:\/\/www.santutxu.com\/fr\/wp-json\/wp\/v2\/media?parent=15181"}],"curies":[{"name":"wp","href":"https:\/\/api.w.org\/{rel}","templated":true}]}}