{"id":15159,"date":"2022-07-04T06:31:57","date_gmt":"2022-07-04T06:31:57","guid":{"rendered":"https:\/\/www.santutxu.com\/?page_id=15159"},"modified":"2024-01-23T09:37:53","modified_gmt":"2024-01-23T09:37:53","slug":"localisation","status":"publish","type":"page","link":"https:\/\/www.santutxu.com\/fr\/entreprise\/localisation\/","title":{"rendered":"Localisation"},"content":{"rendered":"<div class=\"wpb-content-wrapper\">[vc_row column_spacing=\u00a0\u00bb20&Prime;][vc_column][vc_gmaps link=\u00a0\u00bb#E-8_JTNDaWZyYW1lJTIwc3JjJTNEJTIyaHR0cHMlM0ElMkYlMkZ3d3cuZ29vZ2xlLmNvbSUyRm1hcHMlMkZkJTJGZW1iZWQlM0ZtaWQlM0QxYjViSnRqclZPc0FHeW5MZVFFSEJkWUFjTzh2RXJYRSUyNmVoYmMlM0QyRTMxMkYlMjIlMjB3aWR0aCUzRCUyMjY0MCUyMiUyMGhlaWdodCUzRCUyMjQ4MCUyMiUzRSUzQyUyRmlmcmFtZSUzRQ==\u00a0\u00bb size=\u00a0\u00bb500&Prime;][\/vc_column][\/vc_row][vc_row column_spacing=\u00a0\u00bb20&Prime;][vc_column]<style>.vcex-heading.vcex_69e096f5d052e .vcex-heading-inner{border-color:#ff0000;}.vcex-heading.vcex_69e096f5d052e{border-color:#e0e0e0;color:#ff0000;font-size:18px;font-weight:700;}.vcex-heading.vcex_69e096f5d052e .vcex-heading-icon{color:#ff0000;}<\/style><div class=\"vcex-heading vcex-heading-bottom-border-w-color vcex-module wpex-heading wpex-text-2xl wpex-text-left wpex-border-b-2 wpex-border-solid wpex-border-main vcex_69e096f5d052e\"><span class=\"vcex-heading-inner wpex-inline-block wpex-relative wpex-pb-5 wpex-border-b-2 wpex-border-solid wpex-border-accent\"><span class=\"vcex-heading-icon vcex-heading-icon-left vcex-icon-wrap wpex-mr-10\"><span class=\"wpex-icon\" aria-hidden=\"true\"><svg xmlns=\"http:\/\/www.w3.org\/2000\/svg\" viewBox=\"0 0 448 512\"><path d=\"M0 96C0 78.3 14.3 64 32 64H416c17.7 0 32 14.3 32 32s-14.3 32-32 32H32C14.3 128 0 113.7 0 96zM0 256c0-17.7 14.3-32 32-32H416c17.7 0 32 14.3 32 32s-14.3 32-32 32H32c-17.7 0-32-14.3-32-32zM448 416c0 17.7-14.3 32-32 32H32c-17.7 0-32-14.3-32-32s14.3-32 32-32H416c17.7 0 32 14.3 32 32z\"\/><\/svg><\/span><\/span>Vizcaya<\/span><\/div>[vc_empty_space][vc_row_inner][vc_column_inner width=\u00a0\u00bb1\/2&Prime;][vc_column_text]<span style=\"color: #ff0000;\">Bureaux centraux (Administration)<\/span><\/p>\n<p>Calle Jos\u00e9 Mar\u00eda Escuza, 1, 2\u00ba Centro.<br \/>\n48013 Bilbao (Vizcaya).<br \/>\n<span  style=\"color:ff0000;font-size:16px;\" class=\"wpex-icon\" aria-hidden=\"true\"><svg xmlns=\"http:\/\/www.w3.org\/2000\/svg\" viewBox=\"0 0 512 512\"><path d=\"M164.9 24.6c-7.7-18.6-28-28.5-47.4-23.2l-88 24C12.1 30.2 0 46 0 64C0 311.4 200.6 512 448 512c18 0 33.8-12.1 38.6-29.5l24-88c5.3-19.4-4.6-39.7-23.2-47.4l-96-40c-16.3-6.8-35.2-2.1-46.3 11.6L304.7 368C234.3 334.7 177.3 277.7 144 207.3L193.3 167c13.7-11.2 18.4-30 11.6-46.3l-40-96z\"\/><\/svg><\/span> Tfno: +34-94.427.00.84[\/vc_column_text][\/vc_column_inner][vc_column_inner width=\u00a0\u00bb1\/2&Prime;][vc_column_text]<span style=\"color: #ff0000;\">Centres de production (Ugao-Miraballes)<\/span><\/p>\n<p>Pol\u00edgono Industrial Usila.<br \/>\nCalle 1 \u2013 Parcela 4 Naves 1 y 2.<br \/>\n48490 Ugao-Miraballes (Vizcaya).<br \/>\n<span  style=\"color:ff0000;font-size:16px;\" class=\"wpex-icon\" aria-hidden=\"true\"><svg xmlns=\"http:\/\/www.w3.org\/2000\/svg\" viewBox=\"0 0 512 512\"><path d=\"M164.9 24.6c-7.7-18.6-28-28.5-47.4-23.2l-88 24C12.1 30.2 0 46 0 64C0 311.4 200.6 512 448 512c18 0 33.8-12.1 38.6-29.5l24-88c5.3-19.4-4.6-39.7-23.2-47.4l-96-40c-16.3-6.8-35.2-2.1-46.3 11.6L304.7 368C234.3 334.7 177.3 277.7 144 207.3L193.3 167c13.7-11.2 18.4-30 11.6-46.3l-40-96z\"\/><\/svg><\/span> Tfno: +34-94.632.22.02[\/vc_column_text][\/vc_column_inner][\/vc_row_inner][\/vc_column][\/vc_row][vc_row column_spacing=\u00a0\u00bb20&Prime;][vc_column]<style>.vcex-heading.vcex_69e096f5d0ef8 .vcex-heading-inner{border-color:#ff0000;}.vcex-heading.vcex_69e096f5d0ef8{border-color:#e0e0e0;color:#ff0000;font-size:18px;font-weight:700;}.vcex-heading.vcex_69e096f5d0ef8 .vcex-heading-icon{color:#ff0000;}<\/style><div class=\"vcex-heading vcex-heading-bottom-border-w-color vcex-module wpex-heading wpex-text-2xl wpex-text-left wpex-border-b-2 wpex-border-solid wpex-border-main vcex_69e096f5d0ef8\"><span class=\"vcex-heading-inner wpex-inline-block wpex-relative wpex-pb-5 wpex-border-b-2 wpex-border-solid wpex-border-accent\"><span class=\"vcex-heading-icon vcex-heading-icon-left vcex-icon-wrap wpex-mr-10\"><span class=\"wpex-icon\" aria-hidden=\"true\"><svg xmlns=\"http:\/\/www.w3.org\/2000\/svg\" viewBox=\"0 0 448 512\"><path d=\"M0 96C0 78.3 14.3 64 32 64H416c17.7 0 32 14.3 32 32s-14.3 32-32 32H32C14.3 128 0 113.7 0 96zM0 256c0-17.7 14.3-32 32-32H416c17.7 0 32 14.3 32 32s-14.3 32-32 32H32c-17.7 0-32-14.3-32-32zM448 416c0 17.7-14.3 32-32 32H32c-17.7 0-32-14.3-32-32s14.3-32 32-32H416c17.7 0 32 14.3 32 32z\"\/><\/svg><\/span><\/span>Asturias<\/span><\/div>[vc_empty_space][vc_column_text]<span style=\"color: #ff0000;\">Logistique-Entrep\u00f4ts-Centres de production<\/span><\/p>\n<p>Pol\u00edgono Industrial Valnal\u00f3n.<br \/>\nCalle Siderurgia, 17.<br \/>\n33930 La Felguera-Langreo (Asturias).<br \/>\n<span  style=\"color:ff0000;font-size:16px;\" class=\"wpex-icon\" aria-hidden=\"true\"><svg xmlns=\"http:\/\/www.w3.org\/2000\/svg\" viewBox=\"0 0 512 512\"><path d=\"M164.9 24.6c-7.7-18.6-28-28.5-47.4-23.2l-88 24C12.1 30.2 0 46 0 64C0 311.4 200.6 512 448 512c18 0 33.8-12.1 38.6-29.5l24-88c5.3-19.4-4.6-39.7-23.2-47.4l-96-40c-16.3-6.8-35.2-2.1-46.3 11.6L304.7 368C234.3 334.7 177.3 277.7 144 207.3L193.3 167c13.7-11.2 18.4-30 11.6-46.3l-40-96z\"\/><\/svg><\/span> Tfno: +34-98.567.83.26[\/vc_column_text][\/vc_column][\/vc_row][vc_row column_spacing=\u00a0\u00bb20&Prime;][vc_column][vc_row_inner][vc_column_inner css=\u00a0\u00bb.vc_custom_1469158085000{margin-bottom: -30px !important;}\u00a0\u00bb]<style>.vcex-heading.vcex_69e096f5d144f .vcex-heading-inner{border-color:#ff0000;}.vcex-heading.vcex_69e096f5d144f{border-color:#e0e0e0;color:#ff0000;font-size:18px;font-weight:700;}.vcex-heading.vcex_69e096f5d144f .vcex-heading-icon{color:#ff0000;}<\/style><div class=\"vcex-heading vcex-heading-bottom-border-w-color vcex-module wpex-heading wpex-text-2xl wpex-text-left wpex-border-b-2 wpex-border-solid wpex-border-main vcex_69e096f5d144f\"><span class=\"vcex-heading-inner wpex-inline-block wpex-relative wpex-pb-5 wpex-border-b-2 wpex-border-solid wpex-border-accent\"><span class=\"vcex-heading-icon vcex-heading-icon-left vcex-icon-wrap wpex-mr-10\"><span class=\"wpex-icon\" aria-hidden=\"true\"><svg xmlns=\"http:\/\/www.w3.org\/2000\/svg\" viewBox=\"0 0 448 512\"><path d=\"M0 96C0 78.3 14.3 64 32 64H416c17.7 0 32 14.3 32 32s-14.3 32-32 32H32C14.3 128 0 113.7 0 96zM0 256c0-17.7 14.3-32 32-32H416c17.7 0 32 14.3 32 32s-14.3 32-32 32H32c-17.7 0-32-14.3-32-32zM448 416c0 17.7-14.3 32-32 32H32c-17.7 0-32-14.3-32-32s14.3-32 32-32H416c17.7 0 32 14.3 32 32z\"\/><\/svg><\/span><\/span>Service commercial (Route)<\/span><\/div>[vc_empty_space][\/vc_column_inner][\/vc_row_inner][vc_row_inner][vc_column_inner width=\u00a0\u00bb1\/2&Prime;][vc_empty_space][vc_column_text]<span style=\"color: #ff0000;\">D\u00e9l\u00e9gation Nord (Bilbao)<\/span><\/p>\n<p>Calle Jos\u00e9 Mar\u00eda Escuza, 1, 2\u00ba Centro.<br \/>\n48013 Bilbao (Vizcaya).<br \/>\n<span  style=\"color:ff0000;font-size:16px;\" class=\"wpex-icon\" aria-hidden=\"true\"><svg xmlns=\"http:\/\/www.w3.org\/2000\/svg\" viewBox=\"0 0 512 512\"><path d=\"M164.9 24.6c-7.7-18.6-28-28.5-47.4-23.2l-88 24C12.1 30.2 0 46 0 64C0 311.4 200.6 512 448 512c18 0 33.8-12.1 38.6-29.5l24-88c5.3-19.4-4.6-39.7-23.2-47.4l-96-40c-16.3-6.8-35.2-2.1-46.3 11.6L304.7 368C234.3 334.7 177.3 277.7 144 207.3L193.3 167c13.7-11.2 18.4-30 11.6-46.3l-40-96z\"\/><\/svg><\/span> Tfno: +34-94.427.00.84[\/vc_column_text][\/vc_column_inner][vc_column_inner width=\u00a0\u00bb1\/2&Prime;][vc_empty_space][vc_column_text]<span style=\"color: #ff0000;\">D\u00e9l\u00e9gation Sud (S\u00e9ville)<\/span><\/p>\n<p>Glorieta del Agua.\u00a0Edificio Aljamar Center.<br \/>\nPortal 2, Planta 1\u00aa Local 11.<br \/>\n41940 Tomares (Sevilla).<br \/>\n<span  style=\"color:ff0000;font-size:16px;\" class=\"wpex-icon\" aria-hidden=\"true\"><svg xmlns=\"http:\/\/www.w3.org\/2000\/svg\" viewBox=\"0 0 512 512\"><path d=\"M164.9 24.6c-7.7-18.6-28-28.5-47.4-23.2l-88 24C12.1 30.2 0 46 0 64C0 311.4 200.6 512 448 512c18 0 33.8-12.1 38.6-29.5l24-88c5.3-19.4-4.6-39.7-23.2-47.4l-96-40c-16.3-6.8-35.2-2.1-46.3 11.6L304.7 368C234.3 334.7 177.3 277.7 144 207.3L193.3 167c13.7-11.2 18.4-30 11.6-46.3l-40-96z\"\/><\/svg><\/span> Tfno: +34-95.415.67.92[\/vc_column_text][\/vc_column_inner][\/vc_row_inner][\/vc_column][\/vc_row][vc_row column_spacing=\u00a0\u00bb20&Prime;][vc_column]<style>.vcex-heading.vcex_69e096f5d19d5 .vcex-heading-inner{border-color:#ff0000;}.vcex-heading.vcex_69e096f5d19d5{border-color:#e0e0e0;color:#ff0000;font-size:18px;font-weight:700;}.vcex-heading.vcex_69e096f5d19d5 .vcex-heading-icon{color:#ff0000;}<\/style><div class=\"vcex-heading vcex-heading-bottom-border-w-color vcex-module wpex-heading wpex-text-2xl wpex-text-left wpex-border-b-2 wpex-border-solid wpex-border-main vcex_69e096f5d19d5\"><span class=\"vcex-heading-inner wpex-inline-block wpex-relative wpex-pb-5 wpex-border-b-2 wpex-border-solid wpex-border-accent\"><span class=\"vcex-heading-icon vcex-heading-icon-left vcex-icon-wrap wpex-mr-10\"><span class=\"wpex-icon\" aria-hidden=\"true\"><svg xmlns=\"http:\/\/www.w3.org\/2000\/svg\" viewBox=\"0 0 448 512\"><path d=\"M0 96C0 78.3 14.3 64 32 64H416c17.7 0 32 14.3 32 32s-14.3 32-32 32H32C14.3 128 0 113.7 0 96zM0 256c0-17.7 14.3-32 32-32H416c17.7 0 32 14.3 32 32s-14.3 32-32 32H32c-17.7 0-32-14.3-32-32zM448 416c0 17.7-14.3 32-32 32H32c-17.7 0-32-14.3-32-32s14.3-32 32-32H416c17.7 0 32 14.3 32 32z\"\/><\/svg><\/span><\/span>Service commercial (Solaire)<\/span><\/div>[vc_empty_space][vc_column_text]<span style=\"color: #ff0000;\">Service commercial (Solaire)<\/span><\/p>\n<p>Pol\u00edgono Industrial Valnal\u00f3n.<br \/>\nCalle Siderurgia, 17.<br \/>\n33930 La Felguera-Langreo (Asturias).<br \/>\n<span  style=\"color:ff0000;font-size:16px;\" class=\"wpex-icon\" aria-hidden=\"true\"><svg xmlns=\"http:\/\/www.w3.org\/2000\/svg\" viewBox=\"0 0 512 512\"><path d=\"M164.9 24.6c-7.7-18.6-28-28.5-47.4-23.2l-88 24C12.1 30.2 0 46 0 64C0 311.4 200.6 512 448 512c18 0 33.8-12.1 38.6-29.5l24-88c5.3-19.4-4.6-39.7-23.2-47.4l-96-40c-16.3-6.8-35.2-2.1-46.3 11.6L304.7 368C234.3 334.7 177.3 277.7 144 207.3L193.3 167c13.7-11.2 18.4-30 11.6-46.3l-40-96z\"\/><\/svg><\/span> Tfno: +34-98.410.86.70[\/vc_column_text][\/vc_column][\/vc_row]\n<\/div>","protected":false},"excerpt":{"rendered":"<p>[vc_row column_spacing=\u00a0\u00bb20&Prime;][vc_column][vc_gmaps link=\u00a0\u00bb#E-8_JTNDaWZyYW1lJTIwc3JjJTNEJTIyaHR0cHMlM0ElMkYlMkZ3d3cuZ29vZ2xlLmNvbSUyRm1hcHMlMkZkJTJGZW1iZWQlM0ZtaWQlM0QxYjViSnRqclZPc0FHeW5MZVFFSEJkWUFjTzh2RXJYRSUyNmVoYmMlM0QyRTMxMkYlMjIlMjB3aWR0aCUzRCUyMjY0MCUyMiUyMGhlaWdodCUzRCUyMjQ4MCUyMiUzRSUzQyUyRmlmcmFtZSUzRQ==\u00a0\u00bb size=\u00a0\u00bb500&Prime;][\/vc_column][\/vc_row][vc_row column_spacing=\u00a0\u00bb20&Prime;][vc_column][vc_empty_space][vc_row_inner][vc_column_inner width=\u00a0\u00bb1\/2&Prime;][vc_column_text]Bureaux centraux (Administration) Calle Jos\u00e9 Mar\u00eda Escuza, 1, 2\u00ba Centro. 48013 Bilbao (Vizcaya). Tfno: +34-94.427.00.84[\/vc_column_text][\/vc_column_inner][vc_column_inner width=\u00a0\u00bb1\/2&Prime;][vc_column_text]Centres de production (Ugao-Miraballes) Pol\u00edgono Industrial Usila. Calle 1 \u2013 Parcela 4 Naves 1 y 2. 48490 Ugao-Miraballes (Vizcaya). Tfno: +34-94.632.22.02[\/vc_column_text][\/vc_column_inner][\/vc_row_inner][\/vc_column][\/vc_row][vc_row column_spacing=\u00a0\u00bb20&Prime;][vc_column][vc_empty_space][vc_column_text]Logistique-Entrep\u00f4ts-Centres de production Pol\u00edgono Industrial Valnal\u00f3n. Calle Siderurgia, 17. 33930 La Felguera-Langreo (Asturias). Tfno:&hellip;<\/p>\n","protected":false},"author":2,"featured_media":0,"parent":14805,"menu_order":0,"comment_status":"open","ping_status":"open","template":"","meta":{"footnotes":""},"class_list":["post-15159","page","type-page","status-publish","hentry","entry","no-media"],"yoast_head":"<!-- This site is optimized with the Yoast SEO plugin v27.2 - https:\/\/yoast.com\/product\/yoast-seo-wordpress\/ -->\n<title>Localisation - Asebal<\/title>\n<meta name=\"robots\" content=\"noindex, follow, max-snippet:-1, max-image-preview:large, max-video-preview:-1\" \/>\n<meta property=\"og:locale\" content=\"fr_FR\" \/>\n<meta property=\"og:type\" content=\"article\" \/>\n<meta property=\"og:title\" content=\"Localisation - Asebal\" \/>\n<meta property=\"og:description\" content=\"[vc_row column_spacing=\u00a0\u00bb20&Prime;][vc_column][vc_gmaps link=\u00a0\u00bb#E-8_JTNDaWZyYW1lJTIwc3JjJTNEJTIyaHR0cHMlM0ElMkYlMkZ3d3cuZ29vZ2xlLmNvbSUyRm1hcHMlMkZkJTJGZW1iZWQlM0ZtaWQlM0QxYjViSnRqclZPc0FHeW5MZVFFSEJkWUFjTzh2RXJYRSUyNmVoYmMlM0QyRTMxMkYlMjIlMjB3aWR0aCUzRCUyMjY0MCUyMiUyMGhlaWdodCUzRCUyMjQ4MCUyMiUzRSUzQyUyRmlmcmFtZSUzRQ==\u00a0\u00bb size=\u00a0\u00bb500&Prime;][\/vc_column][\/vc_row][vc_row column_spacing=\u00a0\u00bb20&Prime;][vc_column][vc_empty_space][vc_row_inner][vc_column_inner width=\u00a0\u00bb1\/2&Prime;][vc_column_text]Bureaux centraux (Administration) Calle Jos\u00e9 Mar\u00eda Escuza, 1, 2\u00ba Centro. 48013 Bilbao (Vizcaya). Tfno: +34-94.427.00.84[\/vc_column_text][\/vc_column_inner][vc_column_inner width=\u00a0\u00bb1\/2&Prime;][vc_column_text]Centres de production (Ugao-Miraballes) Pol\u00edgono Industrial Usila. Calle 1 \u2013 Parcela 4 Naves 1 y 2. 48490 Ugao-Miraballes (Vizcaya). Tfno: +34-94.632.22.02[\/vc_column_text][\/vc_column_inner][\/vc_row_inner][\/vc_column][\/vc_row][vc_row column_spacing=\u00a0\u00bb20&Prime;][vc_column][vc_empty_space][vc_column_text]Logistique-Entrep\u00f4ts-Centres de production Pol\u00edgono Industrial Valnal\u00f3n. Calle Siderurgia, 17. 33930 La Felguera-Langreo (Asturias). Tfno:&hellip;\" \/>\n<meta property=\"og:url\" content=\"https:\/\/www.santutxu.com\/fr\/entreprise\/localisation\/\" \/>\n<meta property=\"og:site_name\" content=\"Asebal\" \/>\n<meta property=\"article:modified_time\" content=\"2024-01-23T09:37:53+00:00\" \/>\n<meta name=\"twitter:card\" content=\"summary_large_image\" \/>\n<meta name=\"twitter:label1\" content=\"Dur\u00e9e de lecture estim\u00e9e\" \/>\n\t<meta name=\"twitter:data1\" content=\"2 minutes\" \/>\n<script type=\"application\/ld+json\" class=\"yoast-schema-graph\">{\"@context\":\"https:\/\/schema.org\",\"@graph\":[{\"@type\":\"WebPage\",\"@id\":\"https:\/\/www.santutxu.com\/fr\/entreprise\/localisation\/\",\"url\":\"https:\/\/www.santutxu.com\/fr\/entreprise\/localisation\/\",\"name\":\"Localisation - Asebal\",\"isPartOf\":{\"@id\":\"https:\/\/www.santutxu.com\/#website\"},\"datePublished\":\"2022-07-04T06:31:57+00:00\",\"dateModified\":\"2024-01-23T09:37:53+00:00\",\"breadcrumb\":{\"@id\":\"https:\/\/www.santutxu.com\/fr\/entreprise\/localisation\/#breadcrumb\"},\"inLanguage\":\"fr-FR\",\"potentialAction\":[{\"@type\":\"ReadAction\",\"target\":[\"https:\/\/www.santutxu.com\/fr\/entreprise\/localisation\/\"]}]},{\"@type\":\"BreadcrumbList\",\"@id\":\"https:\/\/www.santutxu.com\/fr\/entreprise\/localisation\/#breadcrumb\",\"itemListElement\":[{\"@type\":\"ListItem\",\"position\":1,\"name\":\"\",\"item\":\"https:\/\/www.santutxu.com\/fr\/\"},{\"@type\":\"ListItem\",\"position\":2,\"name\":\"Entreprise\",\"item\":\"https:\/\/www.santutxu.com\/fr\/entreprise\/\"},{\"@type\":\"ListItem\",\"position\":3,\"name\":\"Localisation\"}]},{\"@type\":\"WebSite\",\"@id\":\"https:\/\/www.santutxu.com\/#website\",\"url\":\"https:\/\/www.santutxu.com\/\",\"name\":\"Asebal\",\"description\":\"Otro sitio realizado con WordPress\",\"publisher\":{\"@id\":\"https:\/\/www.santutxu.com\/#organization\"},\"potentialAction\":[{\"@type\":\"SearchAction\",\"target\":{\"@type\":\"EntryPoint\",\"urlTemplate\":\"https:\/\/www.santutxu.com\/?s={search_term_string}\"},\"query-input\":{\"@type\":\"PropertyValueSpecification\",\"valueRequired\":true,\"valueName\":\"search_term_string\"}}],\"inLanguage\":\"fr-FR\"},{\"@type\":\"Organization\",\"@id\":\"https:\/\/www.santutxu.com\/#organization\",\"name\":\"Asebal\",\"url\":\"https:\/\/www.santutxu.com\/\",\"logo\":{\"@type\":\"ImageObject\",\"inLanguage\":\"fr-FR\",\"@id\":\"https:\/\/www.santutxu.com\/#\/schema\/logo\/image\/\",\"url\":\"https:\/\/www.santutxu.com\/wp-content\/uploads\/2015\/06\/logo-asebal1.png\",\"contentUrl\":\"https:\/\/www.santutxu.com\/wp-content\/uploads\/2015\/06\/logo-asebal1.png\",\"width\":265,\"height\":50,\"caption\":\"Asebal\"},\"image\":{\"@id\":\"https:\/\/www.santutxu.com\/#\/schema\/logo\/image\/\"}}]}<\/script>\n<!-- \/ Yoast SEO plugin. -->","yoast_head_json":{"title":"Localisation - Asebal","robots":{"index":"noindex","follow":"follow","max-snippet":"max-snippet:-1","max-image-preview":"max-image-preview:large","max-video-preview":"max-video-preview:-1"},"og_locale":"fr_FR","og_type":"article","og_title":"Localisation - Asebal","og_description":"[vc_row column_spacing=\u00a0\u00bb20&Prime;][vc_column][vc_gmaps link=\u00a0\u00bb#E-8_JTNDaWZyYW1lJTIwc3JjJTNEJTIyaHR0cHMlM0ElMkYlMkZ3d3cuZ29vZ2xlLmNvbSUyRm1hcHMlMkZkJTJGZW1iZWQlM0ZtaWQlM0QxYjViSnRqclZPc0FHeW5MZVFFSEJkWUFjTzh2RXJYRSUyNmVoYmMlM0QyRTMxMkYlMjIlMjB3aWR0aCUzRCUyMjY0MCUyMiUyMGhlaWdodCUzRCUyMjQ4MCUyMiUzRSUzQyUyRmlmcmFtZSUzRQ==\u00a0\u00bb size=\u00a0\u00bb500&Prime;][\/vc_column][\/vc_row][vc_row column_spacing=\u00a0\u00bb20&Prime;][vc_column][vc_empty_space][vc_row_inner][vc_column_inner width=\u00a0\u00bb1\/2&Prime;][vc_column_text]Bureaux centraux (Administration) Calle Jos\u00e9 Mar\u00eda Escuza, 1, 2\u00ba Centro. 48013 Bilbao (Vizcaya). Tfno: +34-94.427.00.84[\/vc_column_text][\/vc_column_inner][vc_column_inner width=\u00a0\u00bb1\/2&Prime;][vc_column_text]Centres de production (Ugao-Miraballes) Pol\u00edgono Industrial Usila. Calle 1 \u2013 Parcela 4 Naves 1 y 2. 48490 Ugao-Miraballes (Vizcaya). Tfno: +34-94.632.22.02[\/vc_column_text][\/vc_column_inner][\/vc_row_inner][\/vc_column][\/vc_row][vc_row column_spacing=\u00a0\u00bb20&Prime;][vc_column][vc_empty_space][vc_column_text]Logistique-Entrep\u00f4ts-Centres de production Pol\u00edgono Industrial Valnal\u00f3n. Calle Siderurgia, 17. 33930 La Felguera-Langreo (Asturias). Tfno:&hellip;","og_url":"https:\/\/www.santutxu.com\/fr\/entreprise\/localisation\/","og_site_name":"Asebal","article_modified_time":"2024-01-23T09:37:53+00:00","twitter_card":"summary_large_image","twitter_misc":{"Dur\u00e9e de lecture estim\u00e9e":"2 minutes"},"schema":{"@context":"https:\/\/schema.org","@graph":[{"@type":"WebPage","@id":"https:\/\/www.santutxu.com\/fr\/entreprise\/localisation\/","url":"https:\/\/www.santutxu.com\/fr\/entreprise\/localisation\/","name":"Localisation - Asebal","isPartOf":{"@id":"https:\/\/www.santutxu.com\/#website"},"datePublished":"2022-07-04T06:31:57+00:00","dateModified":"2024-01-23T09:37:53+00:00","breadcrumb":{"@id":"https:\/\/www.santutxu.com\/fr\/entreprise\/localisation\/#breadcrumb"},"inLanguage":"fr-FR","potentialAction":[{"@type":"ReadAction","target":["https:\/\/www.santutxu.com\/fr\/entreprise\/localisation\/"]}]},{"@type":"BreadcrumbList","@id":"https:\/\/www.santutxu.com\/fr\/entreprise\/localisation\/#breadcrumb","itemListElement":[{"@type":"ListItem","position":1,"name":"","item":"https:\/\/www.santutxu.com\/fr\/"},{"@type":"ListItem","position":2,"name":"Entreprise","item":"https:\/\/www.santutxu.com\/fr\/entreprise\/"},{"@type":"ListItem","position":3,"name":"Localisation"}]},{"@type":"WebSite","@id":"https:\/\/www.santutxu.com\/#website","url":"https:\/\/www.santutxu.com\/","name":"Asebal","description":"Otro sitio realizado con WordPress","publisher":{"@id":"https:\/\/www.santutxu.com\/#organization"},"potentialAction":[{"@type":"SearchAction","target":{"@type":"EntryPoint","urlTemplate":"https:\/\/www.santutxu.com\/?s={search_term_string}"},"query-input":{"@type":"PropertyValueSpecification","valueRequired":true,"valueName":"search_term_string"}}],"inLanguage":"fr-FR"},{"@type":"Organization","@id":"https:\/\/www.santutxu.com\/#organization","name":"Asebal","url":"https:\/\/www.santutxu.com\/","logo":{"@type":"ImageObject","inLanguage":"fr-FR","@id":"https:\/\/www.santutxu.com\/#\/schema\/logo\/image\/","url":"https:\/\/www.santutxu.com\/wp-content\/uploads\/2015\/06\/logo-asebal1.png","contentUrl":"https:\/\/www.santutxu.com\/wp-content\/uploads\/2015\/06\/logo-asebal1.png","width":265,"height":50,"caption":"Asebal"},"image":{"@id":"https:\/\/www.santutxu.com\/#\/schema\/logo\/image\/"}}]}},"_links":{"self":[{"href":"https:\/\/www.santutxu.com\/fr\/wp-json\/wp\/v2\/pages\/15159","targetHints":{"allow":["GET"]}}],"collection":[{"href":"https:\/\/www.santutxu.com\/fr\/wp-json\/wp\/v2\/pages"}],"about":[{"href":"https:\/\/www.santutxu.com\/fr\/wp-json\/wp\/v2\/types\/page"}],"author":[{"embeddable":true,"href":"https:\/\/www.santutxu.com\/fr\/wp-json\/wp\/v2\/users\/2"}],"replies":[{"embeddable":true,"href":"https:\/\/www.santutxu.com\/fr\/wp-json\/wp\/v2\/comments?post=15159"}],"version-history":[{"count":6,"href":"https:\/\/www.santutxu.com\/fr\/wp-json\/wp\/v2\/pages\/15159\/revisions"}],"predecessor-version":[{"id":16874,"href":"https:\/\/www.santutxu.com\/fr\/wp-json\/wp\/v2\/pages\/15159\/revisions\/16874"}],"up":[{"embeddable":true,"href":"https:\/\/www.santutxu.com\/fr\/wp-json\/wp\/v2\/pages\/14805"}],"wp:attachment":[{"href":"https:\/\/www.santutxu.com\/fr\/wp-json\/wp\/v2\/media?parent=15159"}],"curies":[{"name":"wp","href":"https:\/\/api.w.org\/{rel}","templated":true}]}}