{"id":15053,"date":"2022-07-01T07:08:07","date_gmt":"2022-07-01T07:08:07","guid":{"rendered":"https:\/\/www.santutxu.com\/?page_id=15053"},"modified":"2022-07-05T05:26:10","modified_gmt":"2022-07-05T05:26:10","slug":"dispositif-att","status":"publish","type":"page","link":"https:\/\/www.santutxu.com\/fr\/equipement-routier\/dispositifs\/dispositif-att\/","title":{"rendered":"Dispositif ATT"},"content":{"rendered":"<div class=\"wpb-content-wrapper\">[vc_row column_spacing=\u00a0\u00bb20&Prime;][vc_column][rev_slider_vc alias=\u00a0\u00bbterminal-att-fr\u00a0\u00bb][\/vc_column][\/vc_row][vc_row column_spacing=\u00a0\u00bb20&Prime;][vc_column][vc_text_separator title=\u00a0\u00bbPrestations du dispositif\u00a0\u00bb title_align=\u00a0\u00bbseparator_align_left\u00a0\u00bb el_class=\u00a0\u00bbh1&Prime;][vc_column_text]L\u2019extr\u00e9mit\u00e9 ATT garantit un haut niveau de s\u00e9curit\u00e9 pour un prix tr\u00e8s comp\u00e9titif.<br \/>\nLa conception r\u00e9ussie de l\u2019extr\u00e9mit\u00e9 ATT par Snoline a conduit au d\u00e9veloppement d\u2019un nouveau dispositif de s\u00e9curit\u00e9 pour les extr\u00e9mit\u00e9s de file.<\/p>\n<p>Gr\u00e2ce \u00e0 sa nouvelle technologie, l\u2019extr\u00e9mit\u00e9 ATT assure une grande capacit\u00e9 d\u2019absorption d\u2019\u00e9nergie en cas de choc lat\u00e9ral ou frontal, et permet de faire d\u00e9c\u00e9l\u00e9rer et de rediriger le v\u00e9hicule sur la route afin de pr\u00e9server la s\u00e9curit\u00e9 des passagers.<\/p>\n<p>L\u2019extr\u00e9mit\u00e9 ATT est facile \u00e0 installer, ne demande pas de travaux de fondation et r\u00e9duit les co\u00fbts d\u2019inventaire et d\u2019entretien car tous ses composants sont standard.[\/vc_column_text][\/vc_column][\/vc_row][vc_row column_spacing=\u00a0\u00bb20&Prime;][vc_column width=\u00a0\u00bb1\/2&Prime;][vc_text_separator title=\u00a0\u00bbCaract\u00e9ristiques\u00a0\u00bb title_align=\u00a0\u00bbseparator_align_left\u00a0\u00bb el_class=\u00a0\u00bbh1&Prime;][vc_empty_space height=\u00a0\u00bb15px\u00a0\u00bb][vc_column_text]\n<ul>\n<li>Classe P4 \u00e0 110 km\/h selon<br \/>\nla norme ENV1317-4<\/li>\n<li>Facile \u00e0 transporter et \u00e0 installer<\/li>\n<li>Aucune fondation requise<\/li>\n<li>Une \u00e9quipe de trois personnes peut<br \/>\nl\u2019installer en l\u2019espace d\u2019une heure<\/li>\n<li>Elle peut \u00eatre fournie avec diff\u00e9rents<br \/>\ntypes de nez d\u2019extr\u00e9mit\u00e9<\/li>\n<li>Bon rapport qualit\u00e9-prix<\/li>\n<\/ul>\n[\/vc_column_text][\/vc_column][vc_column width=\u00a0\u00bb1\/2&Prime;][vc_text_separator title=\u00a0\u00bbUtilisation\u00a0\u00bb title_align=\u00a0\u00bbseparator_align_left\u00a0\u00bb el_class=\u00a0\u00bbh1&Prime;][vc_single_image image=\u00a0\u00bb15060&Prime;][\/vc_column][\/vc_row][vc_row column_spacing=\u00a0\u00bb20&Prime;][vc_column width=\u00a0\u00bb1\/2&Prime;][vc_text_separator title=\u00a0\u00bbSp\u00e9cifications techniques\u00a0\u00bb title_align=\u00a0\u00bbseparator_align_left\u00a0\u00bb el_class=\u00a0\u00bbh1&Prime;][vc_empty_space height=\u00a0\u00bb15px\u00a0\u00bb][vc_column_text css=\u00a0\u00bb.vc_custom_1656655912935{margin-bottom: 5px !important;}\u00a0\u00bb]\n<table style=\"border: 1px solid #404040; height: auto;\" border=\"1\" width=\"100%\" cellpadding=\"5\">\n<tbody>\n<tr>\n<td style=\"width: 10%; height: 30px; text-align: center; vertical-align: middle;\">1<\/td>\n<td style=\"width: 45%; background-color: #cccccc; height: 30px; text-align: left; vertical-align: middle;\">\u00a0 Classification<\/td>\n<td style=\"width: 45%; background-color: #424242; height: 30px; text-align: center; vertical-align: middle;\"><span style=\"color: #ffffff;\">Redirectif<\/span><\/td>\n<\/tr>\n<\/tbody>\n<\/table>\n[\/vc_column_text][vc_column_text css=\u00a0\u00bb.vc_custom_1656659598280{margin-bottom: 5px !important;}\u00a0\u00bb]\n<table style=\"border: 1px solid #404040; height: auto;\" border=\"1\" width=\"100%\" cellpadding=\"5\">\n<tbody>\n<tr>\n<td style=\"width: 10%; height: 30px; text-align: center; vertical-align: middle;\">2<\/td>\n<td style=\"width: 45%; background-color: #cccccc; height: 30px; text-align: left; vertical-align: middle;\">\u00a0 Longueur<\/td>\n<td style=\"width: 45%; background-color: #424242; height: 30px; text-align: center; vertical-align: middle;\"><span style=\"color: #ffffff;\">16,27 m\u00e8tres<\/span><\/td>\n<\/tr>\n<\/tbody>\n<\/table>\n[\/vc_column_text][vc_column_text css=\u00a0\u00bb.vc_custom_1656659611694{margin-bottom: 5px !important;}\u00a0\u00bb]\n<table style=\"border: 1px solid #404040; height: auto;\" border=\"1\" width=\"100%\" cellpadding=\"5\">\n<tbody>\n<tr>\n<td style=\"width: 10%; height: 30px; text-align: center; vertical-align: middle;\">3<\/td>\n<td style=\"width: 45%; background-color: #cccccc; height: 30px; text-align: left; vertical-align: middle;\">\u00a0 Largeur<\/td>\n<td style=\"width: 45%; background-color: #424242; height: 30px; text-align: center; vertical-align: middle;\"><span style=\"color: #ffffff;\">330 mm<\/span><\/td>\n<\/tr>\n<\/tbody>\n<\/table>\n[\/vc_column_text][vc_column_text css=\u00a0\u00bb.vc_custom_1656659643036{margin-bottom: 5px !important;}\u00a0\u00bb]\n<table style=\"border: 1px solid #404040; height: auto;\" border=\"1\" width=\"100%\" cellpadding=\"5\">\n<tbody>\n<tr>\n<td style=\"width: 10%; height: 30px; text-align: center; vertical-align: middle;\">4<\/td>\n<td style=\"width: 45%; background-color: #cccccc; height: 30px; text-align: left; vertical-align: middle;\">\u00a0 Hauteur<\/td>\n<td style=\"width: 45%; background-color: #424242; height: 30px; text-align: center; vertical-align: middle;\"><span style=\"color: #ffffff;\">1.400 mm<\/span><\/td>\n<\/tr>\n<\/tbody>\n<\/table>\n[\/vc_column_text][vc_column_text css=\u00a0\u00bb.vc_custom_1656659658182{margin-bottom: 5px !important;}\u00a0\u00bb]\n<table style=\"border: 1px solid #404040; height: auto;\" border=\"1\" width=\"100%\" cellpadding=\"5\">\n<tbody>\n<tr>\n<td style=\"width: 10%; height: 30px; text-align: center; vertical-align: middle;\">5<\/td>\n<td style=\"width: 45%; background-color: #cccccc; height: 30px; text-align: left; vertical-align: middle;\">\u00a0 Poids<\/td>\n<td style=\"width: 45%; background-color: #424242; height: 30px; text-align: center; vertical-align: middle;\"><span style=\"color: #ffffff;\">350 kg<\/span><\/td>\n<\/tr>\n<\/tbody>\n<\/table>\n[\/vc_column_text][vc_column_text]\n<table style=\"border: 1px solid #404040; height: auto;\" border=\"1\" width=\"100%\" cellpadding=\"5\">\n<tbody>\n<tr>\n<td style=\"width: 10%; height: 30px; text-align: center; vertical-align: middle;\">6<\/td>\n<td style=\"width: 45%; background-color: #cccccc; height: 30px; text-align: left; vertical-align: middle;\">\u00a0 Niveau d\u2019essai<\/td>\n<td style=\"width: 45%; background-color: #424242; height: 30px; text-align: center; vertical-align: middle;\"><span style=\"color: #ffffff;\">ENV1317-4 110 Km\/h<\/span><\/td>\n<\/tr>\n<\/tbody>\n<\/table>\n[\/vc_column_text][\/vc_column][vc_column width=\u00a0\u00bb1\/2&Prime;][vc_empty_space][vc_single_image image=\u00a0\u00bb15063&Prime;][\/vc_column][\/vc_row][vc_row column_spacing=\u00a0\u00bb20&Prime;][vc_column][vc_text_separator title=\u00a0\u00bbQuestions fr\u00e9quentes\u00a0\u00bb title_align=\u00a0\u00bbseparator_align_left\u00a0\u00bb el_class=\u00a0\u00bbh1&Prime;][vc_empty_space][vc_column_text]<span style=\"color: #ff0000;\">Quels types de glissi\u00e8re peuvent \u00eatre raccord\u00e9s \u00e0 l\u2019extr\u00e9mit\u00e9 ATT ?<br \/>\n<\/span><\/p>\n<p>L\u2019extr\u00e9mit\u00e9 ATT peut \u00eatre raccord\u00e9e aux dispositifs de glissi\u00e8res existants ayant la m\u00eame hauteur et le m\u00eame type de profil\u00e9. Si ce n\u2019est pas le cas, notre service technique peut concevoir des raccords sp\u00e9cifiques et fournir les plans des solutions propos\u00e9es.<\/p>\n<p><span style=\"color: #ff0000;\">Quel type d\u2019entretien l\u2019extr\u00e9mit\u00e9 ATT n\u00e9cessite-t-elle ?<br \/>\n<\/span><\/p>\n<p>L\u2019extr\u00e9mit\u00e9 ATT n\u00e9cessite tr\u00e8s peu d\u2019entretien. Une inspection visuelle serait suffisante pour s\u2019assurer que le dispositif conserve ses caract\u00e9ristiques initiales.En cas de choc, nous recommandons d\u2019inspecter le dispositif et de remplacer les \u00e9l\u00e9ments endommag\u00e9s.<\/p>\n<p><span style=\"color: #ff0000;\">L\u2019extr\u00e9mit\u00e9 ATT est-elle facile \u00e0 transporter et \u00e0 installer ?<br \/>\n<\/span><\/p>\n<p>Ne pesant que 350 kilos, elle est facile \u00e0 transporter et peut \u00eatre install\u00e9e en l\u2019espace d\u2019une heure par une \u00e9quipe de trois personnes.<br \/>\n[\/vc_column_text][vc_row_inner][vc_column_inner width=\u00a0\u00bb1\/2&Prime;][\/vc_column_inner][vc_column_inner width=\u00a0\u00bb1\/2&Prime;][vc_empty_space][vc_single_image image=\u00a0\u00bb13097&Prime; img_size=\u00a0\u00bb64&#215;64&Prime; alignment=\u00a0\u00bbcenter\u00a0\u00bb][vc_column_text]\n<p style=\"text-align: center;\"><a title=\"T\u00e9l\u00e9charger la fiche en Pdf\" href=\"https:\/\/www.santutxu.com\/wp-content\/uploads\/2022\/07\/Terminal-ATT-FR.pdf\" target=\"_blank\" rel=\"noopener\">T\u00e9l\u00e9charger la fiche en Pdf<\/a><\/p>\n[\/vc_column_text][\/vc_column_inner][\/vc_row_inner][\/vc_column][\/vc_row]\n<\/div>","protected":false},"excerpt":{"rendered":"<p>[vc_row column_spacing=\u00a0\u00bb20&Prime;][vc_column][rev_slider_vc alias=\u00a0\u00bbterminal-att-fr\u00a0\u00bb][\/vc_column][\/vc_row][vc_row column_spacing=\u00a0\u00bb20&Prime;][vc_column][vc_text_separator title=\u00a0\u00bbPrestations du dispositif\u00a0\u00bb title_align=\u00a0\u00bbseparator_align_left\u00a0\u00bb el_class=\u00a0\u00bbh1&Prime;][vc_column_text]L\u2019extr\u00e9mit\u00e9 ATT garantit un haut niveau de s\u00e9curit\u00e9 pour un prix tr\u00e8s comp\u00e9titif. La conception r\u00e9ussie de l\u2019extr\u00e9mit\u00e9 ATT par Snoline a conduit au d\u00e9veloppement d\u2019un nouveau dispositif de s\u00e9curit\u00e9 pour les extr\u00e9mit\u00e9s de file. Gr\u00e2ce \u00e0 sa nouvelle technologie, l\u2019extr\u00e9mit\u00e9 ATT assure une grande capacit\u00e9 d\u2019absorption&hellip;<\/p>\n","protected":false},"author":2,"featured_media":0,"parent":14839,"menu_order":0,"comment_status":"closed","ping_status":"closed","template":"","meta":{"footnotes":""},"class_list":["post-15053","page","type-page","status-publish","hentry","entry","no-media"],"yoast_head":"<!-- This site is optimized with the Yoast SEO plugin v27.2 - https:\/\/yoast.com\/product\/yoast-seo-wordpress\/ -->\n<title>Dispositif ATT - Asebal<\/title>\n<meta name=\"robots\" content=\"noindex, follow, max-snippet:-1, max-image-preview:large, max-video-preview:-1\" \/>\n<meta property=\"og:locale\" content=\"fr_FR\" \/>\n<meta property=\"og:type\" content=\"article\" \/>\n<meta property=\"og:title\" content=\"Dispositif ATT - Asebal\" \/>\n<meta property=\"og:description\" content=\"[vc_row column_spacing=\u00a0\u00bb20&Prime;][vc_column][rev_slider_vc alias=\u00a0\u00bbterminal-att-fr\u00a0\u00bb][\/vc_column][\/vc_row][vc_row column_spacing=\u00a0\u00bb20&Prime;][vc_column][vc_text_separator title=\u00a0\u00bbPrestations du dispositif\u00a0\u00bb title_align=\u00a0\u00bbseparator_align_left\u00a0\u00bb el_class=\u00a0\u00bbh1&Prime;][vc_column_text]L\u2019extr\u00e9mit\u00e9 ATT garantit un haut niveau de s\u00e9curit\u00e9 pour un prix tr\u00e8s comp\u00e9titif. La conception r\u00e9ussie de l\u2019extr\u00e9mit\u00e9 ATT par Snoline a conduit au d\u00e9veloppement d\u2019un nouveau dispositif de s\u00e9curit\u00e9 pour les extr\u00e9mit\u00e9s de file. Gr\u00e2ce \u00e0 sa nouvelle technologie, l\u2019extr\u00e9mit\u00e9 ATT assure une grande capacit\u00e9 d\u2019absorption&hellip;\" \/>\n<meta property=\"og:url\" content=\"https:\/\/www.santutxu.com\/fr\/equipement-routier\/dispositifs\/dispositif-att\/\" \/>\n<meta property=\"og:site_name\" content=\"Asebal\" \/>\n<meta property=\"article:modified_time\" content=\"2022-07-05T05:26:10+00:00\" \/>\n<meta name=\"twitter:card\" content=\"summary_large_image\" \/>\n<meta name=\"twitter:label1\" content=\"Dur\u00e9e de lecture estim\u00e9e\" \/>\n\t<meta name=\"twitter:data1\" content=\"2 minutes\" \/>\n<script type=\"application\/ld+json\" class=\"yoast-schema-graph\">{\"@context\":\"https:\/\/schema.org\",\"@graph\":[{\"@type\":\"WebPage\",\"@id\":\"https:\/\/www.santutxu.com\/fr\/equipement-routier\/dispositifs\/dispositif-att\/\",\"url\":\"https:\/\/www.santutxu.com\/fr\/equipement-routier\/dispositifs\/dispositif-att\/\",\"name\":\"Dispositif ATT - Asebal\",\"isPartOf\":{\"@id\":\"https:\/\/www.santutxu.com\/#website\"},\"datePublished\":\"2022-07-01T07:08:07+00:00\",\"dateModified\":\"2022-07-05T05:26:10+00:00\",\"breadcrumb\":{\"@id\":\"https:\/\/www.santutxu.com\/fr\/equipement-routier\/dispositifs\/dispositif-att\/#breadcrumb\"},\"inLanguage\":\"fr-FR\",\"potentialAction\":[{\"@type\":\"ReadAction\",\"target\":[\"https:\/\/www.santutxu.com\/fr\/equipement-routier\/dispositifs\/dispositif-att\/\"]}]},{\"@type\":\"BreadcrumbList\",\"@id\":\"https:\/\/www.santutxu.com\/fr\/equipement-routier\/dispositifs\/dispositif-att\/#breadcrumb\",\"itemListElement\":[{\"@type\":\"ListItem\",\"position\":1,\"name\":\"\",\"item\":\"https:\/\/www.santutxu.com\/fr\/\"},{\"@type\":\"ListItem\",\"position\":2,\"name\":\"\u00c9quipement routier\",\"item\":\"https:\/\/www.santutxu.com\/fr\/equipement-routier\/\"},{\"@type\":\"ListItem\",\"position\":3,\"name\":\"Dispositifs\",\"item\":\"https:\/\/www.santutxu.com\/fr\/equipement-routier\/dispositifs\/\"},{\"@type\":\"ListItem\",\"position\":4,\"name\":\"Dispositif ATT\"}]},{\"@type\":\"WebSite\",\"@id\":\"https:\/\/www.santutxu.com\/#website\",\"url\":\"https:\/\/www.santutxu.com\/\",\"name\":\"Asebal\",\"description\":\"Otro sitio realizado con WordPress\",\"publisher\":{\"@id\":\"https:\/\/www.santutxu.com\/#organization\"},\"potentialAction\":[{\"@type\":\"SearchAction\",\"target\":{\"@type\":\"EntryPoint\",\"urlTemplate\":\"https:\/\/www.santutxu.com\/?s={search_term_string}\"},\"query-input\":{\"@type\":\"PropertyValueSpecification\",\"valueRequired\":true,\"valueName\":\"search_term_string\"}}],\"inLanguage\":\"fr-FR\"},{\"@type\":\"Organization\",\"@id\":\"https:\/\/www.santutxu.com\/#organization\",\"name\":\"Asebal\",\"url\":\"https:\/\/www.santutxu.com\/\",\"logo\":{\"@type\":\"ImageObject\",\"inLanguage\":\"fr-FR\",\"@id\":\"https:\/\/www.santutxu.com\/#\/schema\/logo\/image\/\",\"url\":\"https:\/\/www.santutxu.com\/wp-content\/uploads\/2015\/06\/logo-asebal1.png\",\"contentUrl\":\"https:\/\/www.santutxu.com\/wp-content\/uploads\/2015\/06\/logo-asebal1.png\",\"width\":265,\"height\":50,\"caption\":\"Asebal\"},\"image\":{\"@id\":\"https:\/\/www.santutxu.com\/#\/schema\/logo\/image\/\"}}]}<\/script>\n<!-- \/ Yoast SEO plugin. -->","yoast_head_json":{"title":"Dispositif ATT - Asebal","robots":{"index":"noindex","follow":"follow","max-snippet":"max-snippet:-1","max-image-preview":"max-image-preview:large","max-video-preview":"max-video-preview:-1"},"og_locale":"fr_FR","og_type":"article","og_title":"Dispositif ATT - Asebal","og_description":"[vc_row column_spacing=\u00a0\u00bb20&Prime;][vc_column][rev_slider_vc alias=\u00a0\u00bbterminal-att-fr\u00a0\u00bb][\/vc_column][\/vc_row][vc_row column_spacing=\u00a0\u00bb20&Prime;][vc_column][vc_text_separator title=\u00a0\u00bbPrestations du dispositif\u00a0\u00bb title_align=\u00a0\u00bbseparator_align_left\u00a0\u00bb el_class=\u00a0\u00bbh1&Prime;][vc_column_text]L\u2019extr\u00e9mit\u00e9 ATT garantit un haut niveau de s\u00e9curit\u00e9 pour un prix tr\u00e8s comp\u00e9titif. La conception r\u00e9ussie de l\u2019extr\u00e9mit\u00e9 ATT par Snoline a conduit au d\u00e9veloppement d\u2019un nouveau dispositif de s\u00e9curit\u00e9 pour les extr\u00e9mit\u00e9s de file. Gr\u00e2ce \u00e0 sa nouvelle technologie, l\u2019extr\u00e9mit\u00e9 ATT assure une grande capacit\u00e9 d\u2019absorption&hellip;","og_url":"https:\/\/www.santutxu.com\/fr\/equipement-routier\/dispositifs\/dispositif-att\/","og_site_name":"Asebal","article_modified_time":"2022-07-05T05:26:10+00:00","twitter_card":"summary_large_image","twitter_misc":{"Dur\u00e9e de lecture estim\u00e9e":"2 minutes"},"schema":{"@context":"https:\/\/schema.org","@graph":[{"@type":"WebPage","@id":"https:\/\/www.santutxu.com\/fr\/equipement-routier\/dispositifs\/dispositif-att\/","url":"https:\/\/www.santutxu.com\/fr\/equipement-routier\/dispositifs\/dispositif-att\/","name":"Dispositif ATT - Asebal","isPartOf":{"@id":"https:\/\/www.santutxu.com\/#website"},"datePublished":"2022-07-01T07:08:07+00:00","dateModified":"2022-07-05T05:26:10+00:00","breadcrumb":{"@id":"https:\/\/www.santutxu.com\/fr\/equipement-routier\/dispositifs\/dispositif-att\/#breadcrumb"},"inLanguage":"fr-FR","potentialAction":[{"@type":"ReadAction","target":["https:\/\/www.santutxu.com\/fr\/equipement-routier\/dispositifs\/dispositif-att\/"]}]},{"@type":"BreadcrumbList","@id":"https:\/\/www.santutxu.com\/fr\/equipement-routier\/dispositifs\/dispositif-att\/#breadcrumb","itemListElement":[{"@type":"ListItem","position":1,"name":"","item":"https:\/\/www.santutxu.com\/fr\/"},{"@type":"ListItem","position":2,"name":"\u00c9quipement routier","item":"https:\/\/www.santutxu.com\/fr\/equipement-routier\/"},{"@type":"ListItem","position":3,"name":"Dispositifs","item":"https:\/\/www.santutxu.com\/fr\/equipement-routier\/dispositifs\/"},{"@type":"ListItem","position":4,"name":"Dispositif ATT"}]},{"@type":"WebSite","@id":"https:\/\/www.santutxu.com\/#website","url":"https:\/\/www.santutxu.com\/","name":"Asebal","description":"Otro sitio realizado con WordPress","publisher":{"@id":"https:\/\/www.santutxu.com\/#organization"},"potentialAction":[{"@type":"SearchAction","target":{"@type":"EntryPoint","urlTemplate":"https:\/\/www.santutxu.com\/?s={search_term_string}"},"query-input":{"@type":"PropertyValueSpecification","valueRequired":true,"valueName":"search_term_string"}}],"inLanguage":"fr-FR"},{"@type":"Organization","@id":"https:\/\/www.santutxu.com\/#organization","name":"Asebal","url":"https:\/\/www.santutxu.com\/","logo":{"@type":"ImageObject","inLanguage":"fr-FR","@id":"https:\/\/www.santutxu.com\/#\/schema\/logo\/image\/","url":"https:\/\/www.santutxu.com\/wp-content\/uploads\/2015\/06\/logo-asebal1.png","contentUrl":"https:\/\/www.santutxu.com\/wp-content\/uploads\/2015\/06\/logo-asebal1.png","width":265,"height":50,"caption":"Asebal"},"image":{"@id":"https:\/\/www.santutxu.com\/#\/schema\/logo\/image\/"}}]}},"_links":{"self":[{"href":"https:\/\/www.santutxu.com\/fr\/wp-json\/wp\/v2\/pages\/15053","targetHints":{"allow":["GET"]}}],"collection":[{"href":"https:\/\/www.santutxu.com\/fr\/wp-json\/wp\/v2\/pages"}],"about":[{"href":"https:\/\/www.santutxu.com\/fr\/wp-json\/wp\/v2\/types\/page"}],"author":[{"embeddable":true,"href":"https:\/\/www.santutxu.com\/fr\/wp-json\/wp\/v2\/users\/2"}],"replies":[{"embeddable":true,"href":"https:\/\/www.santutxu.com\/fr\/wp-json\/wp\/v2\/comments?post=15053"}],"version-history":[{"count":5,"href":"https:\/\/www.santutxu.com\/fr\/wp-json\/wp\/v2\/pages\/15053\/revisions"}],"predecessor-version":[{"id":15263,"href":"https:\/\/www.santutxu.com\/fr\/wp-json\/wp\/v2\/pages\/15053\/revisions\/15263"}],"up":[{"embeddable":true,"href":"https:\/\/www.santutxu.com\/fr\/wp-json\/wp\/v2\/pages\/14839"}],"wp:attachment":[{"href":"https:\/\/www.santutxu.com\/fr\/wp-json\/wp\/v2\/media?parent=15053"}],"curies":[{"name":"wp","href":"https:\/\/api.w.org\/{rel}","templated":true}]}}