{"id":14914,"date":"2022-06-29T09:14:25","date_gmt":"2022-06-29T09:14:25","guid":{"rendered":"https:\/\/www.santutxu.com\/?page_id=14914"},"modified":"2022-07-05T05:41:31","modified_gmt":"2022-07-05T05:41:31","slug":"glissiere-centrale-mobile","status":"publish","type":"page","link":"https:\/\/www.santutxu.com\/fr\/equipement-routier\/glissiere-centrale\/glissiere-centrale-mobile\/","title":{"rendered":"Glissi\u00e8re centrale mobile"},"content":{"rendered":"<div class=\"wpb-content-wrapper\">[vc_row column_spacing=\u00a0\u00bb20&Prime;][vc_column][rev_slider_vc alias=\u00a0\u00bbpaso-de-mediana-movil-pmm-fr\u00a0\u00bb][\/vc_column][\/vc_row][vc_row column_spacing=\u00a0\u00bb20&Prime;][vc_column][vc_text_separator title=\u00a0\u00bbD\u00e9finition\u00a0\u00bb title_align=\u00a0\u00bbseparator_align_left\u00a0\u00bb el_class=\u00a0\u00bbh1&Prime;][vc_column_text]La glissi\u00e8re centrale mobile est un dispositif de retenue modulaire de niveau H2 sp\u00e9cialement con\u00e7u pour les passages centraux.<br \/>\nElle est con\u00e7ue pour faciliter les interventions d\u2019entretien, d\u2019exploitation et de s\u00e9curit\u00e9 sur les<br \/>\nroutes et autoroutes, car elle permet l\u2019ouverture d\u2019un passage d\u2019urgence en r\u00e9ponse \u00e0 un accident ou<br \/>\nl\u2019ouverture totale du dispositif, en garantissant la retenue et la redirection de la circulation vers l\u2019autre voie.[\/vc_column_text][\/vc_column][\/vc_row][vc_row column_spacing=\u00a0\u00bb20&Prime;][vc_column][vc_text_separator title=\u00a0\u00bbPerformances\u00a0\u00bb title_align=\u00a0\u00bbseparator_align_left\u00a0\u00bb el_class=\u00a0\u00bbh1&Prime;][vc_column_text]\n<div class=\"wpb_text_column wpb_content_element vc_custom_1461917006444\">\n<div class=\"wpb_wrapper\">\n<table style=\"border: 1px solid #404040; height: auto;\" border=\"1\" width=\"100%\" cellpadding=\"1\">\n<tbody>\n<tr style=\"height: 40px;\">\n<td style=\"height: 40px; text-align: center; vertical-align: middle;\">Niveau de retenue<\/td>\n<td style=\"background-color: #424242; text-align: center; vertical-align: middle;\"><span style=\"color: #ffffff;\">H2<\/span><\/td>\n<td style=\"text-align: center; vertical-align: middle;\">Largeur de fonctionnement (W)<\/td>\n<td style=\"background-color: #424242; text-align: center; vertical-align: middle;\"><span style=\"color: #ffffff;\">W5<\/span><\/td>\n<td style=\"text-align: center; vertical-align: middle;\">S\u00e9v\u00e9rit\u00e9 de choc<\/td>\n<td style=\"background-color: #424242; text-align: center; vertical-align: middle;\"><span style=\"color: #ffffff;\">B<\/span><\/td>\n<\/tr>\n<\/tbody>\n<\/table>\n<\/div>\n<\/div>\n[\/vc_column_text][\/vc_column][\/vc_row][vc_row column_spacing=\u00a0\u00bb20&Prime;][vc_column width=\u00a0\u00bb1\/2&Prime;][vc_text_separator title=\u00a0\u00bbAvantages du syst\u00e8me\u00a0\u00bb title_align=\u00a0\u00bbseparator_align_left\u00a0\u00bb el_class=\u00a0\u00bbh1&Prime;][vc_empty_space height=\u00a0\u00bb15px\u00a0\u00bb][vc_column_text]\n<ul>\n<li>Haut niveau de retenue<\/li>\n<li>Elle est compos\u00e9e de modules et peut \u00eatre<br \/>\nadapt\u00e9e \u00e0 diff\u00e9rentes longueurs.<\/li>\n<li>Possibilit\u00e9 d\u2019incorporer un passage d\u2019urgence \u00e0<br \/>\nouverture rapide de 4 m\u00e8tres.<\/li>\n<li>Ouverture maximale de 31,70 m\u00e8tres<\/li>\n<li>Ouverture manuelle du dispositif en moins de 8<br \/>\nminutes<\/li>\n<li>Installation facile<\/li>\n<li>Solutions de transition avec les dispositifs en m\u00e9tal et<br \/>\nen b\u00e9ton<\/li>\n<li>Cl\u00e9 multifonctionnelle adapt\u00e9e \u00e0 toutes les op\u00e9rations<\/li>\n<li>Peu d\u2019entretien<\/li>\n<li>Longue dur\u00e9e. Galvanis\u00e9e \u00e0 chaud selon la norme UNE<br \/>\nEN ISO 1461<\/li>\n<\/ul>\n[\/vc_column_text][\/vc_column][vc_column width=\u00a0\u00bb1\/2&Prime;][vc_text_separator title=\u00a0\u00bbOuverture du passage d\u2019urgence\u00a0\u00bb title_align=\u00a0\u00bbseparator_align_left\u00a0\u00bb el_class=\u00a0\u00bbh1&Prime;][vc_empty_space][vc_single_image image=\u00a0\u00bb13566&Prime;][\/vc_column][\/vc_row][vc_row column_spacing=\u00a0\u00bb20&Prime;][vc_column width=\u00a0\u00bb1\/2&Prime;][vc_text_separator title=\u00a0\u00bbD\u00e9tails\u00a0\u00bb title_align=\u00a0\u00bbseparator_align_left\u00a0\u00bb el_class=\u00a0\u00bbh1&Prime;][vc_single_image image=\u00a0\u00bb13564&Prime;][vc_single_image image=\u00a0\u00bb13569&Prime;][\/vc_column][vc_column width=\u00a0\u00bb1\/2&Prime;][vc_empty_space][vc_single_image image=\u00a0\u00bb13582&Prime; img_size=\u00a0\u00bb1016&#215;792&Prime;][vc_single_image image=\u00a0\u00bb13565&Prime;][\/vc_column][\/vc_row][vc_row][vc_column width=\u00a0\u00bb1\/2&Prime;][\/vc_column][vc_column width=\u00a0\u00bb1\/2&Prime;][vc_empty_space][vc_single_image image=\u00a0\u00bb13097&Prime; img_size=\u00a0\u00bb64&#215;64&Prime; alignment=\u00a0\u00bbcenter\u00a0\u00bb][vc_column_text]\n<p style=\"text-align: center;\"><a title=\"T\u00e9l\u00e9charger la fiche en Pdf\" href=\"https:\/\/www.santutxu.com\/wp-content\/uploads\/2022\/06\/Paso-de-Mediana-Movil-PMM-FR.pdf\" target=\"_blank\" rel=\"noopener\">T\u00e9l\u00e9charger la fiche en Pdf<\/a><\/p>\n[\/vc_column_text][\/vc_column][\/vc_row]\n<\/div>","protected":false},"excerpt":{"rendered":"<p>[vc_row column_spacing=\u00a0\u00bb20&Prime;][vc_column][rev_slider_vc alias=\u00a0\u00bbpaso-de-mediana-movil-pmm-fr\u00a0\u00bb][\/vc_column][\/vc_row][vc_row column_spacing=\u00a0\u00bb20&Prime;][vc_column][vc_text_separator title=\u00a0\u00bbD\u00e9finition\u00a0\u00bb title_align=\u00a0\u00bbseparator_align_left\u00a0\u00bb el_class=\u00a0\u00bbh1&Prime;][vc_column_text]La glissi\u00e8re centrale mobile est un dispositif de retenue modulaire de niveau H2 sp\u00e9cialement con\u00e7u pour les passages centraux. Elle est con\u00e7ue pour faciliter les interventions d\u2019entretien, d\u2019exploitation et de s\u00e9curit\u00e9 sur les routes et autoroutes, car elle permet l\u2019ouverture d\u2019un passage d\u2019urgence en r\u00e9ponse \u00e0 un accident ou&hellip;<\/p>\n","protected":false},"author":2,"featured_media":0,"parent":14835,"menu_order":0,"comment_status":"closed","ping_status":"closed","template":"","meta":{"footnotes":""},"class_list":["post-14914","page","type-page","status-publish","hentry","entry","no-media"],"yoast_head":"<!-- This site is optimized with the Yoast SEO plugin v27.2 - https:\/\/yoast.com\/product\/yoast-seo-wordpress\/ -->\n<title>Glissi\u00e8re centrale mobile - Asebal<\/title>\n<meta name=\"robots\" content=\"noindex, follow, max-snippet:-1, max-image-preview:large, max-video-preview:-1\" \/>\n<meta property=\"og:locale\" content=\"fr_FR\" \/>\n<meta property=\"og:type\" content=\"article\" \/>\n<meta property=\"og:title\" content=\"Glissi\u00e8re centrale mobile - Asebal\" \/>\n<meta property=\"og:description\" content=\"[vc_row column_spacing=\u00a0\u00bb20&Prime;][vc_column][rev_slider_vc alias=\u00a0\u00bbpaso-de-mediana-movil-pmm-fr\u00a0\u00bb][\/vc_column][\/vc_row][vc_row column_spacing=\u00a0\u00bb20&Prime;][vc_column][vc_text_separator title=\u00a0\u00bbD\u00e9finition\u00a0\u00bb title_align=\u00a0\u00bbseparator_align_left\u00a0\u00bb el_class=\u00a0\u00bbh1&Prime;][vc_column_text]La glissi\u00e8re centrale mobile est un dispositif de retenue modulaire de niveau H2 sp\u00e9cialement con\u00e7u pour les passages centraux. Elle est con\u00e7ue pour faciliter les interventions d\u2019entretien, d\u2019exploitation et de s\u00e9curit\u00e9 sur les routes et autoroutes, car elle permet l\u2019ouverture d\u2019un passage d\u2019urgence en r\u00e9ponse \u00e0 un accident ou&hellip;\" \/>\n<meta property=\"og:url\" content=\"https:\/\/www.santutxu.com\/fr\/equipement-routier\/glissiere-centrale\/glissiere-centrale-mobile\/\" \/>\n<meta property=\"og:site_name\" content=\"Asebal\" \/>\n<meta property=\"article:modified_time\" content=\"2022-07-05T05:41:31+00:00\" \/>\n<meta name=\"twitter:card\" content=\"summary_large_image\" \/>\n<meta name=\"twitter:label1\" content=\"Dur\u00e9e de lecture estim\u00e9e\" \/>\n\t<meta name=\"twitter:data1\" content=\"1 minute\" \/>\n<script type=\"application\/ld+json\" class=\"yoast-schema-graph\">{\"@context\":\"https:\/\/schema.org\",\"@graph\":[{\"@type\":\"WebPage\",\"@id\":\"https:\/\/www.santutxu.com\/fr\/equipement-routier\/glissiere-centrale\/glissiere-centrale-mobile\/\",\"url\":\"https:\/\/www.santutxu.com\/fr\/equipement-routier\/glissiere-centrale\/glissiere-centrale-mobile\/\",\"name\":\"Glissi\u00e8re centrale mobile - Asebal\",\"isPartOf\":{\"@id\":\"https:\/\/www.santutxu.com\/#website\"},\"datePublished\":\"2022-06-29T09:14:25+00:00\",\"dateModified\":\"2022-07-05T05:41:31+00:00\",\"breadcrumb\":{\"@id\":\"https:\/\/www.santutxu.com\/fr\/equipement-routier\/glissiere-centrale\/glissiere-centrale-mobile\/#breadcrumb\"},\"inLanguage\":\"fr-FR\",\"potentialAction\":[{\"@type\":\"ReadAction\",\"target\":[\"https:\/\/www.santutxu.com\/fr\/equipement-routier\/glissiere-centrale\/glissiere-centrale-mobile\/\"]}]},{\"@type\":\"BreadcrumbList\",\"@id\":\"https:\/\/www.santutxu.com\/fr\/equipement-routier\/glissiere-centrale\/glissiere-centrale-mobile\/#breadcrumb\",\"itemListElement\":[{\"@type\":\"ListItem\",\"position\":1,\"name\":\"\",\"item\":\"https:\/\/www.santutxu.com\/fr\/\"},{\"@type\":\"ListItem\",\"position\":2,\"name\":\"\u00c9quipement routier\",\"item\":\"https:\/\/www.santutxu.com\/fr\/equipement-routier\/\"},{\"@type\":\"ListItem\",\"position\":3,\"name\":\"Glissi\u00e8re centrale\",\"item\":\"https:\/\/www.santutxu.com\/fr\/equipement-routier\/glissiere-centrale\/\"},{\"@type\":\"ListItem\",\"position\":4,\"name\":\"Glissi\u00e8re centrale mobile\"}]},{\"@type\":\"WebSite\",\"@id\":\"https:\/\/www.santutxu.com\/#website\",\"url\":\"https:\/\/www.santutxu.com\/\",\"name\":\"Asebal\",\"description\":\"Otro sitio realizado con WordPress\",\"publisher\":{\"@id\":\"https:\/\/www.santutxu.com\/#organization\"},\"potentialAction\":[{\"@type\":\"SearchAction\",\"target\":{\"@type\":\"EntryPoint\",\"urlTemplate\":\"https:\/\/www.santutxu.com\/?s={search_term_string}\"},\"query-input\":{\"@type\":\"PropertyValueSpecification\",\"valueRequired\":true,\"valueName\":\"search_term_string\"}}],\"inLanguage\":\"fr-FR\"},{\"@type\":\"Organization\",\"@id\":\"https:\/\/www.santutxu.com\/#organization\",\"name\":\"Asebal\",\"url\":\"https:\/\/www.santutxu.com\/\",\"logo\":{\"@type\":\"ImageObject\",\"inLanguage\":\"fr-FR\",\"@id\":\"https:\/\/www.santutxu.com\/#\/schema\/logo\/image\/\",\"url\":\"https:\/\/www.santutxu.com\/wp-content\/uploads\/2015\/06\/logo-asebal1.png\",\"contentUrl\":\"https:\/\/www.santutxu.com\/wp-content\/uploads\/2015\/06\/logo-asebal1.png\",\"width\":265,\"height\":50,\"caption\":\"Asebal\"},\"image\":{\"@id\":\"https:\/\/www.santutxu.com\/#\/schema\/logo\/image\/\"}}]}<\/script>\n<!-- \/ Yoast SEO plugin. -->","yoast_head_json":{"title":"Glissi\u00e8re centrale mobile - Asebal","robots":{"index":"noindex","follow":"follow","max-snippet":"max-snippet:-1","max-image-preview":"max-image-preview:large","max-video-preview":"max-video-preview:-1"},"og_locale":"fr_FR","og_type":"article","og_title":"Glissi\u00e8re centrale mobile - Asebal","og_description":"[vc_row column_spacing=\u00a0\u00bb20&Prime;][vc_column][rev_slider_vc alias=\u00a0\u00bbpaso-de-mediana-movil-pmm-fr\u00a0\u00bb][\/vc_column][\/vc_row][vc_row column_spacing=\u00a0\u00bb20&Prime;][vc_column][vc_text_separator title=\u00a0\u00bbD\u00e9finition\u00a0\u00bb title_align=\u00a0\u00bbseparator_align_left\u00a0\u00bb el_class=\u00a0\u00bbh1&Prime;][vc_column_text]La glissi\u00e8re centrale mobile est un dispositif de retenue modulaire de niveau H2 sp\u00e9cialement con\u00e7u pour les passages centraux. Elle est con\u00e7ue pour faciliter les interventions d\u2019entretien, d\u2019exploitation et de s\u00e9curit\u00e9 sur les routes et autoroutes, car elle permet l\u2019ouverture d\u2019un passage d\u2019urgence en r\u00e9ponse \u00e0 un accident ou&hellip;","og_url":"https:\/\/www.santutxu.com\/fr\/equipement-routier\/glissiere-centrale\/glissiere-centrale-mobile\/","og_site_name":"Asebal","article_modified_time":"2022-07-05T05:41:31+00:00","twitter_card":"summary_large_image","twitter_misc":{"Dur\u00e9e de lecture estim\u00e9e":"1 minute"},"schema":{"@context":"https:\/\/schema.org","@graph":[{"@type":"WebPage","@id":"https:\/\/www.santutxu.com\/fr\/equipement-routier\/glissiere-centrale\/glissiere-centrale-mobile\/","url":"https:\/\/www.santutxu.com\/fr\/equipement-routier\/glissiere-centrale\/glissiere-centrale-mobile\/","name":"Glissi\u00e8re centrale mobile - Asebal","isPartOf":{"@id":"https:\/\/www.santutxu.com\/#website"},"datePublished":"2022-06-29T09:14:25+00:00","dateModified":"2022-07-05T05:41:31+00:00","breadcrumb":{"@id":"https:\/\/www.santutxu.com\/fr\/equipement-routier\/glissiere-centrale\/glissiere-centrale-mobile\/#breadcrumb"},"inLanguage":"fr-FR","potentialAction":[{"@type":"ReadAction","target":["https:\/\/www.santutxu.com\/fr\/equipement-routier\/glissiere-centrale\/glissiere-centrale-mobile\/"]}]},{"@type":"BreadcrumbList","@id":"https:\/\/www.santutxu.com\/fr\/equipement-routier\/glissiere-centrale\/glissiere-centrale-mobile\/#breadcrumb","itemListElement":[{"@type":"ListItem","position":1,"name":"","item":"https:\/\/www.santutxu.com\/fr\/"},{"@type":"ListItem","position":2,"name":"\u00c9quipement routier","item":"https:\/\/www.santutxu.com\/fr\/equipement-routier\/"},{"@type":"ListItem","position":3,"name":"Glissi\u00e8re centrale","item":"https:\/\/www.santutxu.com\/fr\/equipement-routier\/glissiere-centrale\/"},{"@type":"ListItem","position":4,"name":"Glissi\u00e8re centrale mobile"}]},{"@type":"WebSite","@id":"https:\/\/www.santutxu.com\/#website","url":"https:\/\/www.santutxu.com\/","name":"Asebal","description":"Otro sitio realizado con WordPress","publisher":{"@id":"https:\/\/www.santutxu.com\/#organization"},"potentialAction":[{"@type":"SearchAction","target":{"@type":"EntryPoint","urlTemplate":"https:\/\/www.santutxu.com\/?s={search_term_string}"},"query-input":{"@type":"PropertyValueSpecification","valueRequired":true,"valueName":"search_term_string"}}],"inLanguage":"fr-FR"},{"@type":"Organization","@id":"https:\/\/www.santutxu.com\/#organization","name":"Asebal","url":"https:\/\/www.santutxu.com\/","logo":{"@type":"ImageObject","inLanguage":"fr-FR","@id":"https:\/\/www.santutxu.com\/#\/schema\/logo\/image\/","url":"https:\/\/www.santutxu.com\/wp-content\/uploads\/2015\/06\/logo-asebal1.png","contentUrl":"https:\/\/www.santutxu.com\/wp-content\/uploads\/2015\/06\/logo-asebal1.png","width":265,"height":50,"caption":"Asebal"},"image":{"@id":"https:\/\/www.santutxu.com\/#\/schema\/logo\/image\/"}}]}},"_links":{"self":[{"href":"https:\/\/www.santutxu.com\/fr\/wp-json\/wp\/v2\/pages\/14914","targetHints":{"allow":["GET"]}}],"collection":[{"href":"https:\/\/www.santutxu.com\/fr\/wp-json\/wp\/v2\/pages"}],"about":[{"href":"https:\/\/www.santutxu.com\/fr\/wp-json\/wp\/v2\/types\/page"}],"author":[{"embeddable":true,"href":"https:\/\/www.santutxu.com\/fr\/wp-json\/wp\/v2\/users\/2"}],"replies":[{"embeddable":true,"href":"https:\/\/www.santutxu.com\/fr\/wp-json\/wp\/v2\/comments?post=14914"}],"version-history":[{"count":8,"href":"https:\/\/www.santutxu.com\/fr\/wp-json\/wp\/v2\/pages\/14914\/revisions"}],"predecessor-version":[{"id":15267,"href":"https:\/\/www.santutxu.com\/fr\/wp-json\/wp\/v2\/pages\/14914\/revisions\/15267"}],"up":[{"embeddable":true,"href":"https:\/\/www.santutxu.com\/fr\/wp-json\/wp\/v2\/pages\/14835"}],"wp:attachment":[{"href":"https:\/\/www.santutxu.com\/fr\/wp-json\/wp\/v2\/media?parent=14914"}],"curies":[{"name":"wp","href":"https:\/\/api.w.org\/{rel}","templated":true}]}}