{"id":14909,"date":"2022-06-29T08:22:03","date_gmt":"2022-06-29T08:22:03","guid":{"rendered":"https:\/\/www.santutxu.com\/?page_id=14909"},"modified":"2022-06-29T14:44:10","modified_gmt":"2022-06-29T14:44:10","slug":"balises-pour-systemes-de-confinement","status":"publish","type":"page","link":"https:\/\/www.santutxu.com\/fr\/equipement-routier\/accessoires-pour-la-securite-routiere\/balises-pour-systemes-de-confinement\/","title":{"rendered":"Balises pour syst\u00e8mes de confinement"},"content":{"rendered":"<div class=\"wpb-content-wrapper\">[vc_row column_spacing=\u00a0\u00bb20&Prime;][vc_column][rev_slider_vc alias=\u00a0\u00bbcaptafaros-para-sistemas-de-contencion-fr\u00a0\u00bb][\/vc_column][\/vc_row][vc_row column_spacing=\u00a0\u00bb20&Prime;][vc_column][vc_text_separator title=\u00a0\u00bb1. Avec des feuilles r\u00e9tror\u00e9fl\u00e9chissantes\u00a0\u00bb title_align=\u00a0\u00bbseparator_align_left\u00a0\u00bb el_class=\u00a0\u00bbh1&Prime;][\/vc_column][\/vc_row][vc_row column_spacing=\u00a0\u00bb20&Prime;][vc_column width=\u00a0\u00bb1\/2&Prime;][vc_column_text]\n<ul>\n<li>Fabrication sur une ou deux faces<\/li>\n<li>Corps en t\u00f4le galvanis\u00e9e de 0,5 mm<\/li>\n<li>Feuilles r\u00e9tror\u00e9fl\u00e9chissantes de classe<br \/>\nRA1, RA2 ou RA3.<\/li>\n<\/ul>\n[\/vc_column_text][vc_row_inner][vc_column_inner width=\u00a0\u00bb1\/2&Prime;][vc_empty_space height=\u00a0\u00bb68px\u00a0\u00bb][vc_single_image image=\u00a0\u00bb13994&Prime;][\/vc_column_inner][vc_column_inner width=\u00a0\u00bb1\/2&Prime;][vc_empty_space height=\u00a0\u00bb68px\u00a0\u00bb][vc_single_image image=\u00a0\u00bb13993&Prime;][\/vc_column_inner][\/vc_row_inner][\/vc_column][vc_column width=\u00a0\u00bb1\/2&Prime;][vc_single_image image=\u00a0\u00bb13988&Prime; css=\u00a0\u00bb.vc_custom_1466421289883{margin-top: -32px !important;}\u00a0\u00bb][\/vc_column][\/vc_row][vc_row column_spacing=\u00a0\u00bb20&Prime;][vc_column][vc_text_separator title=\u00a0\u00bb2. Avec des dispositifs r\u00e9tror\u00e9fl\u00e9chissants de type R2 ou catadioptres\u00a0\u00bb title_align=\u00a0\u00bbseparator_align_left\u00a0\u00bb element_type=\u00a0\u00bbh1&Prime; font_size=\u00a0\u00bb25&Prime; font_weight=\u00a0\u00bbnormal\u00a0\u00bb border_color=\u00a0\u00bb#ff0000&Prime; css=\u00a0\u00bb.vc_custom_1656511931016{padding-bottom: 10px !important;}\u00a0\u00bb el_class=\u00a0\u00bbh1&Prime;][vc_column_text]\n<table style=\"width: 100%;\">\n<tbody>\n<tr>\n<td style=\"width: 50%;\">\n<ul>\n<li>Le coefficient de r\u00e9tror\u00e9flexion est conforme aux<br \/>\nexigences de la norme UNE-EN 12899&#8211;3.<\/li>\n<li>Surface du catadioptre : 60 cm2<\/li>\n<li>Fabrication sur une ou deux faces<\/li>\n<\/ul>\n<\/td>\n<td style=\"width: 50%;\">\n<ul>\n<li>Vari\u00e9t\u00e9 de supports avec diff\u00e9rentes \u00e9paisseurs<br \/>\nde t\u00f4le<\/li>\n<li>Dispositif antivandalisme pour les catadioptres<\/li>\n<li>Installation facile<\/li>\n<\/ul>\n<\/td>\n<\/tr>\n<\/tbody>\n<\/table>\n[\/vc_column_text][vc_empty_space][vc_row_inner css=\u00a0\u00bb.vc_custom_1446025211910{margin-bottom: 0px !important;padding-bottom: 0px !important;}\u00a0\u00bb][vc_column_inner width=\u00a0\u00bb1\/2&Prime;][vc_single_image image=\u00a0\u00bb13290&Prime;][\/vc_column_inner][vc_column_inner width=\u00a0\u00bb1\/2&Prime;][vc_single_image image=\u00a0\u00bb13291&Prime; alignment=\u00a0\u00bbcenter\u00a0\u00bb][\/vc_column_inner][\/vc_row_inner][\/vc_column][\/vc_row][vc_row column_spacing=\u00a0\u00bb20&Prime;][vc_column][vc_empty_space][vc_text_separator title=\u00a0\u00bb3. Mod\u00e8les personnalis\u00e9s\u00a0\u00bb title_align=\u00a0\u00bbseparator_align_left\u00a0\u00bb element_type=\u00a0\u00bbh1&Prime; font_size=\u00a0\u00bb25&Prime; font_weight=\u00a0\u00bbnormal\u00a0\u00bb border_color=\u00a0\u00bb#ff0000&Prime; css=\u00a0\u00bb.vc_custom_1656512010351{padding-bottom: 10px !important;}\u00a0\u00bb el_class=\u00a0\u00bbh1&Prime;][vc_column_text]\n<ul>\n<li>Vari\u00e9t\u00e9 de formes, de tailles, de niveaux de r\u00e9tror\u00e9flexion et types de<br \/>\nsupports<\/li>\n<\/ul>\n[\/vc_column_text][vc_empty_space][vc_single_image image=\u00a0\u00bb13997&Prime;][vc_row_inner][vc_column_inner width=\u00a0\u00bb1\/6&Prime;][\/vc_column_inner][vc_column_inner width=\u00a0\u00bb2\/3&Prime;][vc_single_image image=\u00a0\u00bb13998&Prime;][\/vc_column_inner][vc_column_inner width=\u00a0\u00bb1\/6&Prime;][\/vc_column_inner][\/vc_row_inner][\/vc_column][\/vc_row][vc_row column_spacing=\u00a0\u00bb20&Prime;][vc_column][vc_text_separator title=\u00a0\u00bb4. Avec catadioptres pour New Jersey et\/ou garde-corps\u00a0\u00bb title_align=\u00a0\u00bbseparator_align_left\u00a0\u00bb element_type=\u00a0\u00bbh1&Prime; font_size=\u00a0\u00bb25&Prime; font_weight=\u00a0\u00bbnormal\u00a0\u00bb border_color=\u00a0\u00bb#ff0000&Prime; css=\u00a0\u00bb.vc_custom_1656512056135{padding-bottom: 10px !important;}\u00a0\u00bb el_class=\u00a0\u00bbh1&Prime;][vc_column_text]\n<table style=\"width: 100%;\">\n<tbody>\n<tr>\n<td>\n<ul>\n<li>Base en caoutchouc flexible. Reprend sa position apr\u00e8s un choc<\/li>\n<li>Fabrication sur une ou deux faces<\/li>\n<\/ul>\n<\/td>\n<td>\n<ul>\n<li>Dimension catadioptre : 10X7,5 cm<\/li>\n<li>Installation facile<\/li>\n<\/ul>\n<\/td>\n<\/tr>\n<\/tbody>\n<\/table>\n[\/vc_column_text][vc_empty_space][vc_row_inner css=\u00a0\u00bb.vc_custom_1446025211910{margin-bottom: 0px !important;padding-bottom: 0px !important;}\u00a0\u00bb][vc_column_inner width=\u00a0\u00bb2\/3&Prime;][vc_single_image image=\u00a0\u00bb13292&Prime; img_size=\u00a0\u00bb488&#215;282&Prime; alignment=\u00a0\u00bbleft\u00a0\u00bb][\/vc_column_inner][vc_column_inner width=\u00a0\u00bb1\/3&Prime;][vc_single_image image=\u00a0\u00bb13293&Prime; alignment=\u00a0\u00bbleft\u00a0\u00bb][\/vc_column_inner][\/vc_row_inner][\/vc_column][\/vc_row][vc_row center_row=\u00a0\u00bb\u00a0\u00bb][vc_column width=\u00a0\u00bb1\/2&Prime;][vc_empty_space][\/vc_column][vc_column width=\u00a0\u00bb1\/2&Prime;][vc_empty_space][vc_row_inner][vc_column_inner style=\u00a0\u00bbdefault\u00a0\u00bb visibility=\u00a0\u00bb\u00a0\u00bb css_animation=\u00a0\u00bb\u00a0\u00bb drop_shadow=\u00a0\u00bb\u00a0\u00bb bg_style=\u00a0\u00bbstretch\u00a0\u00bb][vc_empty_space][vc_single_image image=\u00a0\u00bb13097&Prime; img_size=\u00a0\u00bb64&#215;64&Prime; alignment=\u00a0\u00bbcenter\u00a0\u00bb][vc_column_text]\n<p style=\"text-align: center;\"><a title=\"T\u00e9l\u00e9charger la fiche en Pdf\" href=\"https:\/\/www.santutxu.com\/wp-content\/uploads\/2022\/06\/Captafaros-sist.-de-contencion-FR.pdf\" target=\"_blank\" rel=\"noopener\">T\u00e9l\u00e9charger la fiche en Pdf<\/a><\/p>\n[\/vc_column_text][\/vc_column_inner][\/vc_row_inner][\/vc_column][\/vc_row]\n<\/div>","protected":false},"excerpt":{"rendered":"<p>[vc_row column_spacing=\u00a0\u00bb20&Prime;][vc_column][rev_slider_vc alias=\u00a0\u00bbcaptafaros-para-sistemas-de-contencion-fr\u00a0\u00bb][\/vc_column][\/vc_row][vc_row column_spacing=\u00a0\u00bb20&Prime;][vc_column][vc_text_separator title=\u00a0\u00bb1. Avec des feuilles r\u00e9tror\u00e9fl\u00e9chissantes\u00a0\u00bb title_align=\u00a0\u00bbseparator_align_left\u00a0\u00bb el_class=\u00a0\u00bbh1&Prime;][\/vc_column][\/vc_row][vc_row column_spacing=\u00a0\u00bb20&Prime;][vc_column width=\u00a0\u00bb1\/2&Prime;][vc_column_text] Fabrication sur une ou deux faces Corps en t\u00f4le galvanis\u00e9e de 0,5 mm Feuilles r\u00e9tror\u00e9fl\u00e9chissantes de classe RA1, RA2 ou RA3. [\/vc_column_text][vc_row_inner][vc_column_inner width=\u00a0\u00bb1\/2&Prime;][vc_empty_space height=\u00a0\u00bb68px\u00a0\u00bb][vc_single_image image=\u00a0\u00bb13994&Prime;][\/vc_column_inner][vc_column_inner width=\u00a0\u00bb1\/2&Prime;][vc_empty_space height=\u00a0\u00bb68px\u00a0\u00bb][vc_single_image image=\u00a0\u00bb13993&Prime;][\/vc_column_inner][\/vc_row_inner][\/vc_column][vc_column width=\u00a0\u00bb1\/2&Prime;][vc_single_image image=\u00a0\u00bb13988&Prime; css=\u00a0\u00bb.vc_custom_1466421289883{margin-top: -32px !important;}\u00a0\u00bb][\/vc_column][\/vc_row][vc_row column_spacing=\u00a0\u00bb20&Prime;][vc_column][vc_text_separator title=\u00a0\u00bb2. Avec des dispositifs r\u00e9tror\u00e9fl\u00e9chissants de type R2&hellip;<\/p>\n","protected":false},"author":2,"featured_media":0,"parent":14827,"menu_order":0,"comment_status":"open","ping_status":"open","template":"","meta":{"footnotes":""},"class_list":["post-14909","page","type-page","status-publish","hentry","entry","no-media"],"yoast_head":"<!-- This site is optimized with the Yoast SEO plugin v27.2 - https:\/\/yoast.com\/product\/yoast-seo-wordpress\/ -->\n<title>Balises pour syst\u00e8mes de confinement - Asebal<\/title>\n<meta name=\"robots\" content=\"noindex, follow, max-snippet:-1, max-image-preview:large, max-video-preview:-1\" \/>\n<meta property=\"og:locale\" content=\"fr_FR\" \/>\n<meta property=\"og:type\" content=\"article\" \/>\n<meta property=\"og:title\" content=\"Balises pour syst\u00e8mes de confinement - Asebal\" \/>\n<meta property=\"og:description\" content=\"[vc_row column_spacing=\u00a0\u00bb20&Prime;][vc_column][rev_slider_vc alias=\u00a0\u00bbcaptafaros-para-sistemas-de-contencion-fr\u00a0\u00bb][\/vc_column][\/vc_row][vc_row column_spacing=\u00a0\u00bb20&Prime;][vc_column][vc_text_separator title=\u00a0\u00bb1. Avec des feuilles r\u00e9tror\u00e9fl\u00e9chissantes\u00a0\u00bb title_align=\u00a0\u00bbseparator_align_left\u00a0\u00bb el_class=\u00a0\u00bbh1&Prime;][\/vc_column][\/vc_row][vc_row column_spacing=\u00a0\u00bb20&Prime;][vc_column width=\u00a0\u00bb1\/2&Prime;][vc_column_text] Fabrication sur une ou deux faces Corps en t\u00f4le galvanis\u00e9e de 0,5 mm Feuilles r\u00e9tror\u00e9fl\u00e9chissantes de classe RA1, RA2 ou RA3. [\/vc_column_text][vc_row_inner][vc_column_inner width=\u00a0\u00bb1\/2&Prime;][vc_empty_space height=\u00a0\u00bb68px\u00a0\u00bb][vc_single_image image=\u00a0\u00bb13994&Prime;][\/vc_column_inner][vc_column_inner width=\u00a0\u00bb1\/2&Prime;][vc_empty_space height=\u00a0\u00bb68px\u00a0\u00bb][vc_single_image image=\u00a0\u00bb13993&Prime;][\/vc_column_inner][\/vc_row_inner][\/vc_column][vc_column width=\u00a0\u00bb1\/2&Prime;][vc_single_image image=\u00a0\u00bb13988&Prime; css=\u00a0\u00bb.vc_custom_1466421289883{margin-top: -32px !important;}\u00a0\u00bb][\/vc_column][\/vc_row][vc_row column_spacing=\u00a0\u00bb20&Prime;][vc_column][vc_text_separator title=\u00a0\u00bb2. Avec des dispositifs r\u00e9tror\u00e9fl\u00e9chissants de type R2&hellip;\" \/>\n<meta property=\"og:url\" content=\"https:\/\/www.santutxu.com\/fr\/equipement-routier\/accessoires-pour-la-securite-routiere\/balises-pour-systemes-de-confinement\/\" \/>\n<meta property=\"og:site_name\" content=\"Asebal\" \/>\n<meta property=\"article:modified_time\" content=\"2022-06-29T14:44:10+00:00\" \/>\n<meta name=\"twitter:card\" content=\"summary_large_image\" \/>\n<meta name=\"twitter:label1\" content=\"Dur\u00e9e de lecture estim\u00e9e\" \/>\n\t<meta name=\"twitter:data1\" content=\"1 minute\" \/>\n<script type=\"application\/ld+json\" class=\"yoast-schema-graph\">{\"@context\":\"https:\/\/schema.org\",\"@graph\":[{\"@type\":\"WebPage\",\"@id\":\"https:\/\/www.santutxu.com\/fr\/equipement-routier\/accessoires-pour-la-securite-routiere\/balises-pour-systemes-de-confinement\/\",\"url\":\"https:\/\/www.santutxu.com\/fr\/equipement-routier\/accessoires-pour-la-securite-routiere\/balises-pour-systemes-de-confinement\/\",\"name\":\"Balises pour syst\u00e8mes de confinement - Asebal\",\"isPartOf\":{\"@id\":\"https:\/\/www.santutxu.com\/#website\"},\"datePublished\":\"2022-06-29T08:22:03+00:00\",\"dateModified\":\"2022-06-29T14:44:10+00:00\",\"breadcrumb\":{\"@id\":\"https:\/\/www.santutxu.com\/fr\/equipement-routier\/accessoires-pour-la-securite-routiere\/balises-pour-systemes-de-confinement\/#breadcrumb\"},\"inLanguage\":\"fr-FR\",\"potentialAction\":[{\"@type\":\"ReadAction\",\"target\":[\"https:\/\/www.santutxu.com\/fr\/equipement-routier\/accessoires-pour-la-securite-routiere\/balises-pour-systemes-de-confinement\/\"]}]},{\"@type\":\"BreadcrumbList\",\"@id\":\"https:\/\/www.santutxu.com\/fr\/equipement-routier\/accessoires-pour-la-securite-routiere\/balises-pour-systemes-de-confinement\/#breadcrumb\",\"itemListElement\":[{\"@type\":\"ListItem\",\"position\":1,\"name\":\"\",\"item\":\"https:\/\/www.santutxu.com\/fr\/\"},{\"@type\":\"ListItem\",\"position\":2,\"name\":\"\u00c9quipement routier\",\"item\":\"https:\/\/www.santutxu.com\/fr\/equipement-routier\/\"},{\"@type\":\"ListItem\",\"position\":3,\"name\":\"Accessoires pour la s\u00e9curit\u00e9 routi\u00e8re\",\"item\":\"https:\/\/www.santutxu.com\/fr\/equipement-routier\/accessoires-pour-la-securite-routiere\/\"},{\"@type\":\"ListItem\",\"position\":4,\"name\":\"Balises pour syst\u00e8mes de confinement\"}]},{\"@type\":\"WebSite\",\"@id\":\"https:\/\/www.santutxu.com\/#website\",\"url\":\"https:\/\/www.santutxu.com\/\",\"name\":\"Asebal\",\"description\":\"Otro sitio realizado con WordPress\",\"publisher\":{\"@id\":\"https:\/\/www.santutxu.com\/#organization\"},\"potentialAction\":[{\"@type\":\"SearchAction\",\"target\":{\"@type\":\"EntryPoint\",\"urlTemplate\":\"https:\/\/www.santutxu.com\/?s={search_term_string}\"},\"query-input\":{\"@type\":\"PropertyValueSpecification\",\"valueRequired\":true,\"valueName\":\"search_term_string\"}}],\"inLanguage\":\"fr-FR\"},{\"@type\":\"Organization\",\"@id\":\"https:\/\/www.santutxu.com\/#organization\",\"name\":\"Asebal\",\"url\":\"https:\/\/www.santutxu.com\/\",\"logo\":{\"@type\":\"ImageObject\",\"inLanguage\":\"fr-FR\",\"@id\":\"https:\/\/www.santutxu.com\/#\/schema\/logo\/image\/\",\"url\":\"https:\/\/www.santutxu.com\/wp-content\/uploads\/2015\/06\/logo-asebal1.png\",\"contentUrl\":\"https:\/\/www.santutxu.com\/wp-content\/uploads\/2015\/06\/logo-asebal1.png\",\"width\":265,\"height\":50,\"caption\":\"Asebal\"},\"image\":{\"@id\":\"https:\/\/www.santutxu.com\/#\/schema\/logo\/image\/\"}}]}<\/script>\n<!-- \/ Yoast SEO plugin. -->","yoast_head_json":{"title":"Balises pour syst\u00e8mes de confinement - Asebal","robots":{"index":"noindex","follow":"follow","max-snippet":"max-snippet:-1","max-image-preview":"max-image-preview:large","max-video-preview":"max-video-preview:-1"},"og_locale":"fr_FR","og_type":"article","og_title":"Balises pour syst\u00e8mes de confinement - Asebal","og_description":"[vc_row column_spacing=\u00a0\u00bb20&Prime;][vc_column][rev_slider_vc alias=\u00a0\u00bbcaptafaros-para-sistemas-de-contencion-fr\u00a0\u00bb][\/vc_column][\/vc_row][vc_row column_spacing=\u00a0\u00bb20&Prime;][vc_column][vc_text_separator title=\u00a0\u00bb1. Avec des feuilles r\u00e9tror\u00e9fl\u00e9chissantes\u00a0\u00bb title_align=\u00a0\u00bbseparator_align_left\u00a0\u00bb el_class=\u00a0\u00bbh1&Prime;][\/vc_column][\/vc_row][vc_row column_spacing=\u00a0\u00bb20&Prime;][vc_column width=\u00a0\u00bb1\/2&Prime;][vc_column_text] Fabrication sur une ou deux faces Corps en t\u00f4le galvanis\u00e9e de 0,5 mm Feuilles r\u00e9tror\u00e9fl\u00e9chissantes de classe RA1, RA2 ou RA3. [\/vc_column_text][vc_row_inner][vc_column_inner width=\u00a0\u00bb1\/2&Prime;][vc_empty_space height=\u00a0\u00bb68px\u00a0\u00bb][vc_single_image image=\u00a0\u00bb13994&Prime;][\/vc_column_inner][vc_column_inner width=\u00a0\u00bb1\/2&Prime;][vc_empty_space height=\u00a0\u00bb68px\u00a0\u00bb][vc_single_image image=\u00a0\u00bb13993&Prime;][\/vc_column_inner][\/vc_row_inner][\/vc_column][vc_column width=\u00a0\u00bb1\/2&Prime;][vc_single_image image=\u00a0\u00bb13988&Prime; css=\u00a0\u00bb.vc_custom_1466421289883{margin-top: -32px !important;}\u00a0\u00bb][\/vc_column][\/vc_row][vc_row column_spacing=\u00a0\u00bb20&Prime;][vc_column][vc_text_separator title=\u00a0\u00bb2. Avec des dispositifs r\u00e9tror\u00e9fl\u00e9chissants de type R2&hellip;","og_url":"https:\/\/www.santutxu.com\/fr\/equipement-routier\/accessoires-pour-la-securite-routiere\/balises-pour-systemes-de-confinement\/","og_site_name":"Asebal","article_modified_time":"2022-06-29T14:44:10+00:00","twitter_card":"summary_large_image","twitter_misc":{"Dur\u00e9e de lecture estim\u00e9e":"1 minute"},"schema":{"@context":"https:\/\/schema.org","@graph":[{"@type":"WebPage","@id":"https:\/\/www.santutxu.com\/fr\/equipement-routier\/accessoires-pour-la-securite-routiere\/balises-pour-systemes-de-confinement\/","url":"https:\/\/www.santutxu.com\/fr\/equipement-routier\/accessoires-pour-la-securite-routiere\/balises-pour-systemes-de-confinement\/","name":"Balises pour syst\u00e8mes de confinement - Asebal","isPartOf":{"@id":"https:\/\/www.santutxu.com\/#website"},"datePublished":"2022-06-29T08:22:03+00:00","dateModified":"2022-06-29T14:44:10+00:00","breadcrumb":{"@id":"https:\/\/www.santutxu.com\/fr\/equipement-routier\/accessoires-pour-la-securite-routiere\/balises-pour-systemes-de-confinement\/#breadcrumb"},"inLanguage":"fr-FR","potentialAction":[{"@type":"ReadAction","target":["https:\/\/www.santutxu.com\/fr\/equipement-routier\/accessoires-pour-la-securite-routiere\/balises-pour-systemes-de-confinement\/"]}]},{"@type":"BreadcrumbList","@id":"https:\/\/www.santutxu.com\/fr\/equipement-routier\/accessoires-pour-la-securite-routiere\/balises-pour-systemes-de-confinement\/#breadcrumb","itemListElement":[{"@type":"ListItem","position":1,"name":"","item":"https:\/\/www.santutxu.com\/fr\/"},{"@type":"ListItem","position":2,"name":"\u00c9quipement routier","item":"https:\/\/www.santutxu.com\/fr\/equipement-routier\/"},{"@type":"ListItem","position":3,"name":"Accessoires pour la s\u00e9curit\u00e9 routi\u00e8re","item":"https:\/\/www.santutxu.com\/fr\/equipement-routier\/accessoires-pour-la-securite-routiere\/"},{"@type":"ListItem","position":4,"name":"Balises pour syst\u00e8mes de confinement"}]},{"@type":"WebSite","@id":"https:\/\/www.santutxu.com\/#website","url":"https:\/\/www.santutxu.com\/","name":"Asebal","description":"Otro sitio realizado con WordPress","publisher":{"@id":"https:\/\/www.santutxu.com\/#organization"},"potentialAction":[{"@type":"SearchAction","target":{"@type":"EntryPoint","urlTemplate":"https:\/\/www.santutxu.com\/?s={search_term_string}"},"query-input":{"@type":"PropertyValueSpecification","valueRequired":true,"valueName":"search_term_string"}}],"inLanguage":"fr-FR"},{"@type":"Organization","@id":"https:\/\/www.santutxu.com\/#organization","name":"Asebal","url":"https:\/\/www.santutxu.com\/","logo":{"@type":"ImageObject","inLanguage":"fr-FR","@id":"https:\/\/www.santutxu.com\/#\/schema\/logo\/image\/","url":"https:\/\/www.santutxu.com\/wp-content\/uploads\/2015\/06\/logo-asebal1.png","contentUrl":"https:\/\/www.santutxu.com\/wp-content\/uploads\/2015\/06\/logo-asebal1.png","width":265,"height":50,"caption":"Asebal"},"image":{"@id":"https:\/\/www.santutxu.com\/#\/schema\/logo\/image\/"}}]}},"_links":{"self":[{"href":"https:\/\/www.santutxu.com\/fr\/wp-json\/wp\/v2\/pages\/14909","targetHints":{"allow":["GET"]}}],"collection":[{"href":"https:\/\/www.santutxu.com\/fr\/wp-json\/wp\/v2\/pages"}],"about":[{"href":"https:\/\/www.santutxu.com\/fr\/wp-json\/wp\/v2\/types\/page"}],"author":[{"embeddable":true,"href":"https:\/\/www.santutxu.com\/fr\/wp-json\/wp\/v2\/users\/2"}],"replies":[{"embeddable":true,"href":"https:\/\/www.santutxu.com\/fr\/wp-json\/wp\/v2\/comments?post=14909"}],"version-history":[{"count":6,"href":"https:\/\/www.santutxu.com\/fr\/wp-json\/wp\/v2\/pages\/14909\/revisions"}],"predecessor-version":[{"id":14938,"href":"https:\/\/www.santutxu.com\/fr\/wp-json\/wp\/v2\/pages\/14909\/revisions\/14938"}],"up":[{"embeddable":true,"href":"https:\/\/www.santutxu.com\/fr\/wp-json\/wp\/v2\/pages\/14827"}],"wp:attachment":[{"href":"https:\/\/www.santutxu.com\/fr\/wp-json\/wp\/v2\/media?parent=14909"}],"curies":[{"name":"wp","href":"https:\/\/api.w.org\/{rel}","templated":true}]}}