{"id":14895,"date":"2022-06-29T08:15:32","date_gmt":"2022-06-29T08:15:32","guid":{"rendered":"https:\/\/www.santutxu.com\/?page_id=14895"},"modified":"2022-07-04T08:17:50","modified_gmt":"2022-07-04T08:17:50","slug":"poteaux-pour-panneaux-de-signalisation-et-dinformation-en-une-piece","status":"publish","type":"page","link":"https:\/\/www.santutxu.com\/fr\/equipement-routier\/accessoires-pour-la-securite-routiere\/poteaux-pour-panneaux-de-signalisation-et-dinformation-en-une-piece\/","title":{"rendered":"Poteaux pour panneaux de signalisation et d\u2019information en une pi\u00e8ce"},"content":{"rendered":"<div class=\"wpb-content-wrapper\">[vc_row column_spacing=\u00a0\u00bb20&Prime;][vc_column][rev_slider_vc alias=\u00a0\u00bbpostes-para-senales-y-carteles-fr\u00a0\u00bb][\/vc_column][\/vc_row][vc_row column_spacing=\u00a0\u00bb20&Prime;][vc_column][vc_text_separator title=\u00a0\u00bbD\u00e9finition\u00a0\u00bb title_align=\u00a0\u00bbseparator_align_left\u00a0\u00bb element_type=\u00a0\u00bbh1&Prime; font_size=\u00a0\u00bb25&Prime; font_weight=\u00a0\u00bbnormal\u00a0\u00bb border_color=\u00a0\u00bb#ff0000&Prime; css=\u00a0\u00bb.vc_custom_1656515761707{padding-bottom: 10px !important;}\u00a0\u00bb el_class=\u00a0\u00bbh1&Prime;][vc_column_text el_class=\u00a0\u00bbline-height: 1.2&Prime;]\u00c9l\u00e9ments de support pour les panneaux de signalisation et d\u2019information en une seule pi\u00e8ce.[\/vc_column_text][vc_empty_space][vc_text_separator title=\u00a0\u00bbCaract\u00e9ristiques techniques\u00a0\u00bb title_align=\u00a0\u00bbseparator_align_left\u00a0\u00bb element_type=\u00a0\u00bbh1&Prime; font_size=\u00a0\u00bb25&Prime; font_weight=\u00a0\u00bbnormal\u00a0\u00bb border_color=\u00a0\u00bb#ff0000&Prime; css=\u00a0\u00bb.vc_custom_1656515795090{padding-bottom: 10px !important;}\u00a0\u00bb el_class=\u00a0\u00bbh1&Prime;][vc_column_text el_class=\u00a0\u00bbline-height: 1.2&Prime;]\n<ul>\n<li>Fabriqu\u00e9s selon la norme UNE-EN 12899&#8211;1 et UNE 135314<\/li>\n<li>Qualit\u00e9 de l\u2019acier : minimum S235JR selon la norme UNE-EN 10025-2<\/li>\n<li>Galvanis\u00e9s \u00e0 chaud par immersion conform\u00e9ment \u00e0 la norme UNE-EN 1461<\/li>\n<li>Cache en acier soud\u00e9 sur tout le p\u00e9rim\u00e8tre<\/li>\n<li>Ils doivent respecter les calculs structurels sp\u00e9cifi\u00e9s dans la norme UNE-EN 12899&#8211;1<\/li>\n<\/ul>\n[\/vc_column_text][vc_empty_space][vc_text_separator title=\u00a0\u00bbSch\u00e9ma de d\u00e9finition de trous\u00a0\u00bb title_align=\u00a0\u00bbseparator_align_left\u00a0\u00bb element_type=\u00a0\u00bbh1&Prime; font_size=\u00a0\u00bb25&Prime; font_weight=\u00a0\u00bbnormal\u00a0\u00bb border_color=\u00a0\u00bb#ff0000&Prime; css=\u00a0\u00bb.vc_custom_1656515826996{padding-bottom: 10px !important;}\u00a0\u00bb el_class=\u00a0\u00bbh1&Prime;][vc_single_image image=\u00a0\u00bb13977&Prime; alignment=\u00a0\u00bbcenter\u00a0\u00bb onclick=\u00a0\u00bbimg_link_large\u00a0\u00bb][vc_empty_space][vc_text_separator title=\u00a0\u00bbDiff\u00e9rents types de poteaux et rev\u00eatements galvanis\u00e9s\u00a0\u00bb title_align=\u00a0\u00bbseparator_align_left\u00a0\u00bb element_type=\u00a0\u00bbh1&Prime; font_size=\u00a0\u00bb25&Prime; font_weight=\u00a0\u00bbnormal\u00a0\u00bb border_color=\u00a0\u00bb#ff0000&Prime; css=\u00a0\u00bb.vc_custom_1656515840802{padding-bottom: 10px !important;}\u00a0\u00bb el_class=\u00a0\u00bbh1&Prime;][vc_column_text]\n<table style=\"border: 1px solid #404040; height: auto;\" border=\"1\" width=\"100%\" cellpadding=\"1\">\n<tbody>\n<tr style=\"height: 32px;\">\n<td style=\"border: 1px solid #404040; background-color: #999999; text-align: center; vertical-align: middle; height: 69px;\" rowspan=\"2\"><span style=\"color: #ffffff;\">Dimensions<\/span><\/td>\n<td style=\"border: 1px solid #404040; background-color: #999999; text-align: center; vertical-align: middle; height: 69px;\" rowspan=\"2\"><span style=\"color: #ffffff;\">\u00c9paisseur nominale<\/span><\/td>\n<td style=\"border: 1px solid #404040; height: 32px; text-align: center; vertical-align: middle;\" colspan=\"2\" align=\"center\" bgcolor=\"#AFAFAF\" height=\"32\">\u00a0<span style=\"color: #ffffff;\">Rev\u00eatement moyen minimal galvanis\u00e9<\/span><\/td>\n<\/tr>\n<tr style=\"height: 37px;\">\n<td style=\"border: 1px solid #404040; height: 37px; text-align: center; vertical-align: middle;\" bgcolor=\"#999999\" height=\"37\"><span style=\"color: #ffffff;\">\u00c9paisseur (\u00b5m)<br \/>\n<\/span><\/td>\n<td style=\"border: 1px solid #404040; text-align: center; vertical-align: middle; height: 37px;\" bgcolor=\"#999999\"><span style=\"color: #ffffff;\">Masse (gr\/m\u00b2)<\/span><\/td>\n<\/tr>\n<tr style=\"height: 37px;\">\n<td style=\"border: 1px solid #404040; height: 37px; text-align: center; vertical-align: middle;\" align=\"center\" height=\"37\">80&#215;40 mm<\/td>\n<td style=\"border: 1px solid #404040; height: 37px; text-align: center; vertical-align: middle;\" align=\"center\">2 mm<\/td>\n<td style=\"border: 1px solid #404040; height: 37px; text-align: center; vertical-align: middle;\" align=\"center\">55<\/td>\n<td style=\"border: 1px solid #404040; height: 37px; text-align: center; vertical-align: middle;\" align=\"center\">395<\/td>\n<\/tr>\n<tr style=\"height: 37px;\">\n<td style=\"border: 1px solid #404040; height: 37px; text-align: center; vertical-align: middle;\" align=\"center\" height=\"33\">100&#215;50 mm<\/td>\n<td style=\"border: 1px solid #404040; height: 37px; text-align: center; vertical-align: middle;\" align=\"center\">2 y 3 mm<\/td>\n<td style=\"border: 1px solid #404040; height: 37px; text-align: center; vertical-align: middle;\" align=\"center\">55\/70<\/td>\n<td style=\"border: 1px solid #404040; height: 37px; text-align: center; vertical-align: middle;\" align=\"center\">395\/505<\/td>\n<\/tr>\n<tr style=\"height: 37px;\">\n<td style=\"border: 1px solid #404040; height: 37px; text-align: center; vertical-align: middle;\" align=\"center\" height=\"36\">120&#215;60 mm<\/td>\n<td style=\"border: 1px solid #404040; height: 37px; text-align: center; vertical-align: middle;\" align=\"center\">3 mm<\/td>\n<td style=\"border: 1px solid #404040; height: 37px; text-align: center; vertical-align: middle;\" align=\"center\">70<\/td>\n<td style=\"border: 1px solid #404040; height: 37px; text-align: center; vertical-align: middle;\" align=\"center\">505<\/td>\n<\/tr>\n<tr style=\"height: 37px;\">\n<td style=\"border: 1px solid #404040; height: 37px; text-align: center; vertical-align: middle;\" align=\"center\" height=\"38\">\u00d860 mm<\/td>\n<td style=\"border: 1px solid #404040; height: 37px; text-align: center; vertical-align: middle;\" align=\"center\">2 mm<\/td>\n<td style=\"border: 1px solid #404040; height: 37px; text-align: center; vertical-align: middle;\" align=\"center\">55<\/td>\n<td style=\"border: 1px solid #404040; height: 37px; text-align: center; vertical-align: middle;\" align=\"center\">395<\/td>\n<\/tr>\n<\/tbody>\n<\/table>\n[\/vc_column_text][\/vc_column][\/vc_row][vc_row][vc_column][\/vc_column][\/vc_row][vc_row center_row=\u00a0\u00bb\u00a0\u00bb][vc_column width=\u00a0\u00bb1\/2&Prime;][vc_empty_space][\/vc_column][vc_column width=\u00a0\u00bb1\/2&Prime;][vc_empty_space][vc_row_inner][vc_column_inner style=\u00a0\u00bbdefault\u00a0\u00bb visibility=\u00a0\u00bb\u00a0\u00bb css_animation=\u00a0\u00bb\u00a0\u00bb drop_shadow=\u00a0\u00bb\u00a0\u00bb bg_style=\u00a0\u00bbstretch\u00a0\u00bb][vc_empty_space][vc_single_image image=\u00a0\u00bb13097&Prime; img_size=\u00a0\u00bb64&#215;64&Prime; alignment=\u00a0\u00bbcenter\u00a0\u00bb][vc_column_text]\n<p style=\"text-align: center;\"><a title=\"Descargar Ficha en Pdf\" href=\"https:\/\/www.santutxu.com\/wp-content\/uploads\/2022\/06\/Postes-senales-carteles-FR.pdf\" target=\"_blank\" rel=\"noopener\">T\u00e9l\u00e9charger la fiche en Pdf<\/a><\/p>\n[\/vc_column_text][\/vc_column_inner][\/vc_row_inner][\/vc_column][\/vc_row]\n<\/div>","protected":false},"excerpt":{"rendered":"<p>[vc_row column_spacing=\u00a0\u00bb20&Prime;][vc_column][rev_slider_vc alias=\u00a0\u00bbpostes-para-senales-y-carteles-fr\u00a0\u00bb][\/vc_column][\/vc_row][vc_row column_spacing=\u00a0\u00bb20&Prime;][vc_column][vc_text_separator title=\u00a0\u00bbD\u00e9finition\u00a0\u00bb title_align=\u00a0\u00bbseparator_align_left\u00a0\u00bb element_type=\u00a0\u00bbh1&Prime; font_size=\u00a0\u00bb25&Prime; font_weight=\u00a0\u00bbnormal\u00a0\u00bb border_color=\u00a0\u00bb#ff0000&Prime; css=\u00a0\u00bb.vc_custom_1656515761707{padding-bottom: 10px !important;}\u00a0\u00bb el_class=\u00a0\u00bbh1&Prime;][vc_column_text el_class=\u00a0\u00bbline-height: 1.2&Prime;]\u00c9l\u00e9ments de support pour les panneaux de signalisation et d\u2019information en une seule pi\u00e8ce.[\/vc_column_text][vc_empty_space][vc_text_separator title=\u00a0\u00bbCaract\u00e9ristiques techniques\u00a0\u00bb title_align=\u00a0\u00bbseparator_align_left\u00a0\u00bb element_type=\u00a0\u00bbh1&Prime; font_size=\u00a0\u00bb25&Prime; font_weight=\u00a0\u00bbnormal\u00a0\u00bb border_color=\u00a0\u00bb#ff0000&Prime; css=\u00a0\u00bb.vc_custom_1656515795090{padding-bottom: 10px !important;}\u00a0\u00bb el_class=\u00a0\u00bbh1&Prime;][vc_column_text el_class=\u00a0\u00bbline-height: 1.2&Prime;] Fabriqu\u00e9s selon la norme UNE-EN 12899&#8211;1 et UNE 135314 Qualit\u00e9 de l\u2019acier :&hellip;<\/p>\n","protected":false},"author":2,"featured_media":0,"parent":14827,"menu_order":0,"comment_status":"open","ping_status":"open","template":"","meta":{"footnotes":""},"class_list":["post-14895","page","type-page","status-publish","hentry","entry","no-media"],"yoast_head":"<!-- This site is optimized with the Yoast SEO plugin v27.2 - https:\/\/yoast.com\/product\/yoast-seo-wordpress\/ -->\n<title>Poteaux pour panneaux de signalisation et d\u2019information en une pi\u00e8ce - Asebal<\/title>\n<meta name=\"robots\" content=\"noindex, follow, max-snippet:-1, max-image-preview:large, max-video-preview:-1\" \/>\n<meta property=\"og:locale\" content=\"fr_FR\" \/>\n<meta property=\"og:type\" content=\"article\" \/>\n<meta property=\"og:title\" content=\"Poteaux pour panneaux de signalisation et d\u2019information en une pi\u00e8ce - Asebal\" \/>\n<meta property=\"og:description\" content=\"[vc_row column_spacing=\u00a0\u00bb20&Prime;][vc_column][rev_slider_vc alias=\u00a0\u00bbpostes-para-senales-y-carteles-fr\u00a0\u00bb][\/vc_column][\/vc_row][vc_row column_spacing=\u00a0\u00bb20&Prime;][vc_column][vc_text_separator title=\u00a0\u00bbD\u00e9finition\u00a0\u00bb title_align=\u00a0\u00bbseparator_align_left\u00a0\u00bb element_type=\u00a0\u00bbh1&Prime; font_size=\u00a0\u00bb25&Prime; font_weight=\u00a0\u00bbnormal\u00a0\u00bb border_color=\u00a0\u00bb#ff0000&Prime; css=\u00a0\u00bb.vc_custom_1656515761707{padding-bottom: 10px !important;}\u00a0\u00bb el_class=\u00a0\u00bbh1&Prime;][vc_column_text el_class=\u00a0\u00bbline-height: 1.2&Prime;]\u00c9l\u00e9ments de support pour les panneaux de signalisation et d\u2019information en une seule pi\u00e8ce.[\/vc_column_text][vc_empty_space][vc_text_separator title=\u00a0\u00bbCaract\u00e9ristiques techniques\u00a0\u00bb title_align=\u00a0\u00bbseparator_align_left\u00a0\u00bb element_type=\u00a0\u00bbh1&Prime; font_size=\u00a0\u00bb25&Prime; font_weight=\u00a0\u00bbnormal\u00a0\u00bb border_color=\u00a0\u00bb#ff0000&Prime; css=\u00a0\u00bb.vc_custom_1656515795090{padding-bottom: 10px !important;}\u00a0\u00bb el_class=\u00a0\u00bbh1&Prime;][vc_column_text el_class=\u00a0\u00bbline-height: 1.2&Prime;] Fabriqu\u00e9s selon la norme UNE-EN 12899&#8211;1 et UNE 135314 Qualit\u00e9 de l\u2019acier :&hellip;\" \/>\n<meta property=\"og:url\" content=\"https:\/\/www.santutxu.com\/fr\/equipement-routier\/accessoires-pour-la-securite-routiere\/poteaux-pour-panneaux-de-signalisation-et-dinformation-en-une-piece\/\" \/>\n<meta property=\"og:site_name\" content=\"Asebal\" \/>\n<meta property=\"article:modified_time\" content=\"2022-07-04T08:17:50+00:00\" \/>\n<meta name=\"twitter:card\" content=\"summary_large_image\" \/>\n<meta name=\"twitter:label1\" content=\"Dur\u00e9e de lecture estim\u00e9e\" \/>\n\t<meta name=\"twitter:data1\" content=\"1 minute\" \/>\n<script type=\"application\/ld+json\" class=\"yoast-schema-graph\">{\"@context\":\"https:\/\/schema.org\",\"@graph\":[{\"@type\":\"WebPage\",\"@id\":\"https:\/\/www.santutxu.com\/fr\/equipement-routier\/accessoires-pour-la-securite-routiere\/poteaux-pour-panneaux-de-signalisation-et-dinformation-en-une-piece\/\",\"url\":\"https:\/\/www.santutxu.com\/fr\/equipement-routier\/accessoires-pour-la-securite-routiere\/poteaux-pour-panneaux-de-signalisation-et-dinformation-en-une-piece\/\",\"name\":\"Poteaux pour panneaux de signalisation et d\u2019information en une pi\u00e8ce - Asebal\",\"isPartOf\":{\"@id\":\"https:\/\/www.santutxu.com\/#website\"},\"datePublished\":\"2022-06-29T08:15:32+00:00\",\"dateModified\":\"2022-07-04T08:17:50+00:00\",\"breadcrumb\":{\"@id\":\"https:\/\/www.santutxu.com\/fr\/equipement-routier\/accessoires-pour-la-securite-routiere\/poteaux-pour-panneaux-de-signalisation-et-dinformation-en-une-piece\/#breadcrumb\"},\"inLanguage\":\"fr-FR\",\"potentialAction\":[{\"@type\":\"ReadAction\",\"target\":[\"https:\/\/www.santutxu.com\/fr\/equipement-routier\/accessoires-pour-la-securite-routiere\/poteaux-pour-panneaux-de-signalisation-et-dinformation-en-une-piece\/\"]}]},{\"@type\":\"BreadcrumbList\",\"@id\":\"https:\/\/www.santutxu.com\/fr\/equipement-routier\/accessoires-pour-la-securite-routiere\/poteaux-pour-panneaux-de-signalisation-et-dinformation-en-une-piece\/#breadcrumb\",\"itemListElement\":[{\"@type\":\"ListItem\",\"position\":1,\"name\":\"\",\"item\":\"https:\/\/www.santutxu.com\/fr\/\"},{\"@type\":\"ListItem\",\"position\":2,\"name\":\"\u00c9quipement routier\",\"item\":\"https:\/\/www.santutxu.com\/fr\/equipement-routier\/\"},{\"@type\":\"ListItem\",\"position\":3,\"name\":\"Accessoires pour la s\u00e9curit\u00e9 routi\u00e8re\",\"item\":\"https:\/\/www.santutxu.com\/fr\/equipement-routier\/accessoires-pour-la-securite-routiere\/\"},{\"@type\":\"ListItem\",\"position\":4,\"name\":\"Poteaux pour panneaux de signalisation et d\u2019information en une pi\u00e8ce\"}]},{\"@type\":\"WebSite\",\"@id\":\"https:\/\/www.santutxu.com\/#website\",\"url\":\"https:\/\/www.santutxu.com\/\",\"name\":\"Asebal\",\"description\":\"Otro sitio realizado con WordPress\",\"publisher\":{\"@id\":\"https:\/\/www.santutxu.com\/#organization\"},\"potentialAction\":[{\"@type\":\"SearchAction\",\"target\":{\"@type\":\"EntryPoint\",\"urlTemplate\":\"https:\/\/www.santutxu.com\/?s={search_term_string}\"},\"query-input\":{\"@type\":\"PropertyValueSpecification\",\"valueRequired\":true,\"valueName\":\"search_term_string\"}}],\"inLanguage\":\"fr-FR\"},{\"@type\":\"Organization\",\"@id\":\"https:\/\/www.santutxu.com\/#organization\",\"name\":\"Asebal\",\"url\":\"https:\/\/www.santutxu.com\/\",\"logo\":{\"@type\":\"ImageObject\",\"inLanguage\":\"fr-FR\",\"@id\":\"https:\/\/www.santutxu.com\/#\/schema\/logo\/image\/\",\"url\":\"https:\/\/www.santutxu.com\/wp-content\/uploads\/2015\/06\/logo-asebal1.png\",\"contentUrl\":\"https:\/\/www.santutxu.com\/wp-content\/uploads\/2015\/06\/logo-asebal1.png\",\"width\":265,\"height\":50,\"caption\":\"Asebal\"},\"image\":{\"@id\":\"https:\/\/www.santutxu.com\/#\/schema\/logo\/image\/\"}}]}<\/script>\n<!-- \/ Yoast SEO plugin. -->","yoast_head_json":{"title":"Poteaux pour panneaux de signalisation et d\u2019information en une pi\u00e8ce - Asebal","robots":{"index":"noindex","follow":"follow","max-snippet":"max-snippet:-1","max-image-preview":"max-image-preview:large","max-video-preview":"max-video-preview:-1"},"og_locale":"fr_FR","og_type":"article","og_title":"Poteaux pour panneaux de signalisation et d\u2019information en une pi\u00e8ce - Asebal","og_description":"[vc_row column_spacing=\u00a0\u00bb20&Prime;][vc_column][rev_slider_vc alias=\u00a0\u00bbpostes-para-senales-y-carteles-fr\u00a0\u00bb][\/vc_column][\/vc_row][vc_row column_spacing=\u00a0\u00bb20&Prime;][vc_column][vc_text_separator title=\u00a0\u00bbD\u00e9finition\u00a0\u00bb title_align=\u00a0\u00bbseparator_align_left\u00a0\u00bb element_type=\u00a0\u00bbh1&Prime; font_size=\u00a0\u00bb25&Prime; font_weight=\u00a0\u00bbnormal\u00a0\u00bb border_color=\u00a0\u00bb#ff0000&Prime; css=\u00a0\u00bb.vc_custom_1656515761707{padding-bottom: 10px !important;}\u00a0\u00bb el_class=\u00a0\u00bbh1&Prime;][vc_column_text el_class=\u00a0\u00bbline-height: 1.2&Prime;]\u00c9l\u00e9ments de support pour les panneaux de signalisation et d\u2019information en une seule pi\u00e8ce.[\/vc_column_text][vc_empty_space][vc_text_separator title=\u00a0\u00bbCaract\u00e9ristiques techniques\u00a0\u00bb title_align=\u00a0\u00bbseparator_align_left\u00a0\u00bb element_type=\u00a0\u00bbh1&Prime; font_size=\u00a0\u00bb25&Prime; font_weight=\u00a0\u00bbnormal\u00a0\u00bb border_color=\u00a0\u00bb#ff0000&Prime; css=\u00a0\u00bb.vc_custom_1656515795090{padding-bottom: 10px !important;}\u00a0\u00bb el_class=\u00a0\u00bbh1&Prime;][vc_column_text el_class=\u00a0\u00bbline-height: 1.2&Prime;] Fabriqu\u00e9s selon la norme UNE-EN 12899&#8211;1 et UNE 135314 Qualit\u00e9 de l\u2019acier :&hellip;","og_url":"https:\/\/www.santutxu.com\/fr\/equipement-routier\/accessoires-pour-la-securite-routiere\/poteaux-pour-panneaux-de-signalisation-et-dinformation-en-une-piece\/","og_site_name":"Asebal","article_modified_time":"2022-07-04T08:17:50+00:00","twitter_card":"summary_large_image","twitter_misc":{"Dur\u00e9e de lecture estim\u00e9e":"1 minute"},"schema":{"@context":"https:\/\/schema.org","@graph":[{"@type":"WebPage","@id":"https:\/\/www.santutxu.com\/fr\/equipement-routier\/accessoires-pour-la-securite-routiere\/poteaux-pour-panneaux-de-signalisation-et-dinformation-en-une-piece\/","url":"https:\/\/www.santutxu.com\/fr\/equipement-routier\/accessoires-pour-la-securite-routiere\/poteaux-pour-panneaux-de-signalisation-et-dinformation-en-une-piece\/","name":"Poteaux pour panneaux de signalisation et d\u2019information en une pi\u00e8ce - Asebal","isPartOf":{"@id":"https:\/\/www.santutxu.com\/#website"},"datePublished":"2022-06-29T08:15:32+00:00","dateModified":"2022-07-04T08:17:50+00:00","breadcrumb":{"@id":"https:\/\/www.santutxu.com\/fr\/equipement-routier\/accessoires-pour-la-securite-routiere\/poteaux-pour-panneaux-de-signalisation-et-dinformation-en-une-piece\/#breadcrumb"},"inLanguage":"fr-FR","potentialAction":[{"@type":"ReadAction","target":["https:\/\/www.santutxu.com\/fr\/equipement-routier\/accessoires-pour-la-securite-routiere\/poteaux-pour-panneaux-de-signalisation-et-dinformation-en-une-piece\/"]}]},{"@type":"BreadcrumbList","@id":"https:\/\/www.santutxu.com\/fr\/equipement-routier\/accessoires-pour-la-securite-routiere\/poteaux-pour-panneaux-de-signalisation-et-dinformation-en-une-piece\/#breadcrumb","itemListElement":[{"@type":"ListItem","position":1,"name":"","item":"https:\/\/www.santutxu.com\/fr\/"},{"@type":"ListItem","position":2,"name":"\u00c9quipement routier","item":"https:\/\/www.santutxu.com\/fr\/equipement-routier\/"},{"@type":"ListItem","position":3,"name":"Accessoires pour la s\u00e9curit\u00e9 routi\u00e8re","item":"https:\/\/www.santutxu.com\/fr\/equipement-routier\/accessoires-pour-la-securite-routiere\/"},{"@type":"ListItem","position":4,"name":"Poteaux pour panneaux de signalisation et d\u2019information en une pi\u00e8ce"}]},{"@type":"WebSite","@id":"https:\/\/www.santutxu.com\/#website","url":"https:\/\/www.santutxu.com\/","name":"Asebal","description":"Otro sitio realizado con WordPress","publisher":{"@id":"https:\/\/www.santutxu.com\/#organization"},"potentialAction":[{"@type":"SearchAction","target":{"@type":"EntryPoint","urlTemplate":"https:\/\/www.santutxu.com\/?s={search_term_string}"},"query-input":{"@type":"PropertyValueSpecification","valueRequired":true,"valueName":"search_term_string"}}],"inLanguage":"fr-FR"},{"@type":"Organization","@id":"https:\/\/www.santutxu.com\/#organization","name":"Asebal","url":"https:\/\/www.santutxu.com\/","logo":{"@type":"ImageObject","inLanguage":"fr-FR","@id":"https:\/\/www.santutxu.com\/#\/schema\/logo\/image\/","url":"https:\/\/www.santutxu.com\/wp-content\/uploads\/2015\/06\/logo-asebal1.png","contentUrl":"https:\/\/www.santutxu.com\/wp-content\/uploads\/2015\/06\/logo-asebal1.png","width":265,"height":50,"caption":"Asebal"},"image":{"@id":"https:\/\/www.santutxu.com\/#\/schema\/logo\/image\/"}}]}},"_links":{"self":[{"href":"https:\/\/www.santutxu.com\/fr\/wp-json\/wp\/v2\/pages\/14895","targetHints":{"allow":["GET"]}}],"collection":[{"href":"https:\/\/www.santutxu.com\/fr\/wp-json\/wp\/v2\/pages"}],"about":[{"href":"https:\/\/www.santutxu.com\/fr\/wp-json\/wp\/v2\/types\/page"}],"author":[{"embeddable":true,"href":"https:\/\/www.santutxu.com\/fr\/wp-json\/wp\/v2\/users\/2"}],"replies":[{"embeddable":true,"href":"https:\/\/www.santutxu.com\/fr\/wp-json\/wp\/v2\/comments?post=14895"}],"version-history":[{"count":7,"href":"https:\/\/www.santutxu.com\/fr\/wp-json\/wp\/v2\/pages\/14895\/revisions"}],"predecessor-version":[{"id":15210,"href":"https:\/\/www.santutxu.com\/fr\/wp-json\/wp\/v2\/pages\/14895\/revisions\/15210"}],"up":[{"embeddable":true,"href":"https:\/\/www.santutxu.com\/fr\/wp-json\/wp\/v2\/pages\/14827"}],"wp:attachment":[{"href":"https:\/\/www.santutxu.com\/fr\/wp-json\/wp\/v2\/media?parent=14895"}],"curies":[{"name":"wp","href":"https:\/\/api.w.org\/{rel}","templated":true}]}}