{"id":14889,"date":"2022-06-29T08:11:52","date_gmt":"2022-06-29T08:11:52","guid":{"rendered":"https:\/\/www.santutxu.com\/?page_id=14889"},"modified":"2022-07-04T08:14:55","modified_gmt":"2022-07-04T08:14:55","slug":"transition-glissiere-triple-ondulation","status":"publish","type":"page","link":"https:\/\/www.santutxu.com\/fr\/equipement-routier\/accessoires-pour-la-securite-routiere\/transition-glissiere-triple-ondulation\/","title":{"rendered":"Transition glissi\u00e8re triple ondulation"},"content":{"rendered":"<div class=\"wpb-content-wrapper\">[vc_row column_spacing=\u00a0\u00bb20&Prime;][vc_column][rev_slider_vc alias=\u00a0\u00bbtransicion-barrera-triple-onda-fr\u00a0\u00bb][\/vc_column][\/vc_row][vc_row column_spacing=\u00a0\u00bb20&Prime;][vc_column][vc_text_separator title=\u00a0\u00bbD\u00e9finition\u00a0\u00bb title_align=\u00a0\u00bbseparator_align_left\u00a0\u00bb element_type=\u00a0\u00bbh1&Prime; font_size=\u00a0\u00bb25&Prime; font_weight=\u00a0\u00bbnormal\u00a0\u00bb border_color=\u00a0\u00bb#ff0000&Prime; css=\u00a0\u00bb.vc_custom_1656517876905{padding-bottom: 10px !important;}\u00a0\u00bb el_class=\u00a0\u00bbh1&Prime;][vc_column_text el_class=\u00a0\u00bbline-height: 1.2&Prime;]Pi\u00e8ce sp\u00e9cialement con\u00e7ue pour effectuer une transition entre les dispositifs de glissi\u00e8re \u00e0 triple ondulation avec les dispositifs de glissi\u00e8re \u00e0 double ondulation. Compos\u00e9e d\u2019une seule pi\u00e8ce, elle ne pr\u00e9sente aucune soudure.[\/vc_column_text][vc_empty_space][vc_text_separator title=\u00a0\u00bbCaract\u00e9ristiques techniques\u00a0\u00bb title_align=\u00a0\u00bbseparator_align_left\u00a0\u00bb element_type=\u00a0\u00bbh1&Prime; font_size=\u00a0\u00bb25&Prime; font_weight=\u00a0\u00bbnormal\u00a0\u00bb border_color=\u00a0\u00bb#ff0000&Prime; css=\u00a0\u00bb.vc_custom_1656517907746{padding-bottom: 10px !important;}\u00a0\u00bb el_class=\u00a0\u00bbh1&Prime;][vc_column_text el_class=\u00a0\u00bbline-height: 1.2&Prime;]\n<ul>\n<li>Mat\u00e9riau de base : acier de 2,67 mm d\u2019\u00e9paisseur (calibre 12).<\/li>\n<li>Traitement superficiel : galvanis\u00e9 \u00e0 chaud selon la norme ASSHTO M-180 avec un<br \/>\nrev\u00eatement de zinc de 1,8 onces\/pied\u00b2.<\/li>\n<li>Longueur : 1 900 mm entre les trous aux extr\u00e9mit\u00e9s, pr\u00e9vus pour la fixation aux poteaux.<\/li>\n<\/ul>\n[\/vc_column_text][vc_empty_space][vc_text_separator title=\u00a0\u00bbExemples de transitions\u00a0\u00bb title_align=\u00a0\u00bbseparator_align_left\u00a0\u00bb element_type=\u00a0\u00bbh1&Prime; font_size=\u00a0\u00bb25&Prime; font_weight=\u00a0\u00bbnormal\u00a0\u00bb border_color=\u00a0\u00bb#ff0000&Prime; css=\u00a0\u00bb.vc_custom_1656517939913{padding-bottom: 10px !important;}\u00a0\u00bb el_class=\u00a0\u00bbh1&Prime;][vc_column_text]1. Transition de Dispositif H2 avec Dispositif N2[\/vc_column_text][vc_single_image image=\u00a0\u00bb14978&Prime; alignment=\u00a0\u00bbcenter\u00a0\u00bb][vc_empty_space][vc_column_text]2. Transition de Dispositif H2 avec Dispositif H1[\/vc_column_text][vc_single_image image=\u00a0\u00bb13279&Prime; alignment=\u00a0\u00bbcenter\u00a0\u00bb][\/vc_column][\/vc_row][vc_row][vc_column][\/vc_column][\/vc_row][vc_row center_row=\u00a0\u00bb\u00a0\u00bb][vc_column width=\u00a0\u00bb1\/2&Prime;][vc_empty_space][\/vc_column][vc_column width=\u00a0\u00bb1\/2&Prime;][vc_empty_space][vc_row_inner][vc_column_inner style=\u00a0\u00bbdefault\u00a0\u00bb visibility=\u00a0\u00bb\u00a0\u00bb css_animation=\u00a0\u00bb\u00a0\u00bb drop_shadow=\u00a0\u00bb\u00a0\u00bb bg_style=\u00a0\u00bbstretch\u00a0\u00bb][vc_empty_space][vc_single_image image=\u00a0\u00bb13097&Prime; img_size=\u00a0\u00bb64&#215;64&Prime; alignment=\u00a0\u00bbcenter\u00a0\u00bb][vc_column_text]\n<p style=\"text-align: center;\"><a title=\"T\u00e9l\u00e9charger la fiche en Pdf\" href=\"https:\/\/www.santutxu.com\/wp-content\/uploads\/2022\/06\/Transicion-Barrera-FR.pdf\" target=\"_blank\" rel=\"noopener\">T\u00e9l\u00e9charger la fiche en Pdf<\/a><\/p>\n[\/vc_column_text][\/vc_column_inner][\/vc_row_inner][\/vc_column][\/vc_row]\n<\/div>","protected":false},"excerpt":{"rendered":"<p>[vc_row column_spacing=\u00a0\u00bb20&Prime;][vc_column][rev_slider_vc alias=\u00a0\u00bbtransicion-barrera-triple-onda-fr\u00a0\u00bb][\/vc_column][\/vc_row][vc_row column_spacing=\u00a0\u00bb20&Prime;][vc_column][vc_text_separator title=\u00a0\u00bbD\u00e9finition\u00a0\u00bb title_align=\u00a0\u00bbseparator_align_left\u00a0\u00bb element_type=\u00a0\u00bbh1&Prime; font_size=\u00a0\u00bb25&Prime; font_weight=\u00a0\u00bbnormal\u00a0\u00bb border_color=\u00a0\u00bb#ff0000&Prime; css=\u00a0\u00bb.vc_custom_1656517876905{padding-bottom: 10px !important;}\u00a0\u00bb el_class=\u00a0\u00bbh1&Prime;][vc_column_text el_class=\u00a0\u00bbline-height: 1.2&Prime;]Pi\u00e8ce sp\u00e9cialement con\u00e7ue pour effectuer une transition entre les dispositifs de glissi\u00e8re \u00e0 triple ondulation avec les dispositifs de glissi\u00e8re \u00e0 double ondulation. Compos\u00e9e d\u2019une seule pi\u00e8ce, elle ne pr\u00e9sente aucune soudure.[\/vc_column_text][vc_empty_space][vc_text_separator title=\u00a0\u00bbCaract\u00e9ristiques techniques\u00a0\u00bb title_align=\u00a0\u00bbseparator_align_left\u00a0\u00bb element_type=\u00a0\u00bbh1&Prime; font_size=\u00a0\u00bb25&Prime; font_weight=\u00a0\u00bbnormal\u00a0\u00bb border_color=\u00a0\u00bb#ff0000&Prime; css=\u00a0\u00bb.vc_custom_1656517907746{padding-bottom:&hellip;<\/p>\n","protected":false},"author":2,"featured_media":0,"parent":14827,"menu_order":0,"comment_status":"open","ping_status":"open","template":"","meta":{"footnotes":""},"class_list":["post-14889","page","type-page","status-publish","hentry","entry","no-media"],"yoast_head":"<!-- This site is optimized with the Yoast SEO plugin v27.2 - https:\/\/yoast.com\/product\/yoast-seo-wordpress\/ -->\n<title>Transition glissi\u00e8re triple ondulation - Asebal<\/title>\n<meta name=\"robots\" content=\"noindex, follow, max-snippet:-1, max-image-preview:large, max-video-preview:-1\" \/>\n<meta property=\"og:locale\" content=\"fr_FR\" \/>\n<meta property=\"og:type\" content=\"article\" \/>\n<meta property=\"og:title\" content=\"Transition glissi\u00e8re triple ondulation - Asebal\" \/>\n<meta property=\"og:description\" content=\"[vc_row column_spacing=\u00a0\u00bb20&Prime;][vc_column][rev_slider_vc alias=\u00a0\u00bbtransicion-barrera-triple-onda-fr\u00a0\u00bb][\/vc_column][\/vc_row][vc_row column_spacing=\u00a0\u00bb20&Prime;][vc_column][vc_text_separator title=\u00a0\u00bbD\u00e9finition\u00a0\u00bb title_align=\u00a0\u00bbseparator_align_left\u00a0\u00bb element_type=\u00a0\u00bbh1&Prime; font_size=\u00a0\u00bb25&Prime; font_weight=\u00a0\u00bbnormal\u00a0\u00bb border_color=\u00a0\u00bb#ff0000&Prime; css=\u00a0\u00bb.vc_custom_1656517876905{padding-bottom: 10px !important;}\u00a0\u00bb el_class=\u00a0\u00bbh1&Prime;][vc_column_text el_class=\u00a0\u00bbline-height: 1.2&Prime;]Pi\u00e8ce sp\u00e9cialement con\u00e7ue pour effectuer une transition entre les dispositifs de glissi\u00e8re \u00e0 triple ondulation avec les dispositifs de glissi\u00e8re \u00e0 double ondulation. Compos\u00e9e d\u2019une seule pi\u00e8ce, elle ne pr\u00e9sente aucune soudure.[\/vc_column_text][vc_empty_space][vc_text_separator title=\u00a0\u00bbCaract\u00e9ristiques techniques\u00a0\u00bb title_align=\u00a0\u00bbseparator_align_left\u00a0\u00bb element_type=\u00a0\u00bbh1&Prime; font_size=\u00a0\u00bb25&Prime; font_weight=\u00a0\u00bbnormal\u00a0\u00bb border_color=\u00a0\u00bb#ff0000&Prime; css=\u00a0\u00bb.vc_custom_1656517907746{padding-bottom:&hellip;\" \/>\n<meta property=\"og:url\" content=\"https:\/\/www.santutxu.com\/fr\/equipement-routier\/accessoires-pour-la-securite-routiere\/transition-glissiere-triple-ondulation\/\" \/>\n<meta property=\"og:site_name\" content=\"Asebal\" \/>\n<meta property=\"article:modified_time\" content=\"2022-07-04T08:14:55+00:00\" \/>\n<meta name=\"twitter:card\" content=\"summary_large_image\" \/>\n<meta name=\"twitter:label1\" content=\"Dur\u00e9e de lecture estim\u00e9e\" \/>\n\t<meta name=\"twitter:data1\" content=\"1 minute\" \/>\n<script type=\"application\/ld+json\" class=\"yoast-schema-graph\">{\"@context\":\"https:\/\/schema.org\",\"@graph\":[{\"@type\":\"WebPage\",\"@id\":\"https:\/\/www.santutxu.com\/fr\/equipement-routier\/accessoires-pour-la-securite-routiere\/transition-glissiere-triple-ondulation\/\",\"url\":\"https:\/\/www.santutxu.com\/fr\/equipement-routier\/accessoires-pour-la-securite-routiere\/transition-glissiere-triple-ondulation\/\",\"name\":\"Transition glissi\u00e8re triple ondulation - Asebal\",\"isPartOf\":{\"@id\":\"https:\/\/www.santutxu.com\/#website\"},\"datePublished\":\"2022-06-29T08:11:52+00:00\",\"dateModified\":\"2022-07-04T08:14:55+00:00\",\"breadcrumb\":{\"@id\":\"https:\/\/www.santutxu.com\/fr\/equipement-routier\/accessoires-pour-la-securite-routiere\/transition-glissiere-triple-ondulation\/#breadcrumb\"},\"inLanguage\":\"fr-FR\",\"potentialAction\":[{\"@type\":\"ReadAction\",\"target\":[\"https:\/\/www.santutxu.com\/fr\/equipement-routier\/accessoires-pour-la-securite-routiere\/transition-glissiere-triple-ondulation\/\"]}]},{\"@type\":\"BreadcrumbList\",\"@id\":\"https:\/\/www.santutxu.com\/fr\/equipement-routier\/accessoires-pour-la-securite-routiere\/transition-glissiere-triple-ondulation\/#breadcrumb\",\"itemListElement\":[{\"@type\":\"ListItem\",\"position\":1,\"name\":\"\",\"item\":\"https:\/\/www.santutxu.com\/fr\/\"},{\"@type\":\"ListItem\",\"position\":2,\"name\":\"\u00c9quipement routier\",\"item\":\"https:\/\/www.santutxu.com\/fr\/equipement-routier\/\"},{\"@type\":\"ListItem\",\"position\":3,\"name\":\"Accessoires pour la s\u00e9curit\u00e9 routi\u00e8re\",\"item\":\"https:\/\/www.santutxu.com\/fr\/equipement-routier\/accessoires-pour-la-securite-routiere\/\"},{\"@type\":\"ListItem\",\"position\":4,\"name\":\"Transition glissi\u00e8re triple ondulation\"}]},{\"@type\":\"WebSite\",\"@id\":\"https:\/\/www.santutxu.com\/#website\",\"url\":\"https:\/\/www.santutxu.com\/\",\"name\":\"Asebal\",\"description\":\"Otro sitio realizado con WordPress\",\"publisher\":{\"@id\":\"https:\/\/www.santutxu.com\/#organization\"},\"potentialAction\":[{\"@type\":\"SearchAction\",\"target\":{\"@type\":\"EntryPoint\",\"urlTemplate\":\"https:\/\/www.santutxu.com\/?s={search_term_string}\"},\"query-input\":{\"@type\":\"PropertyValueSpecification\",\"valueRequired\":true,\"valueName\":\"search_term_string\"}}],\"inLanguage\":\"fr-FR\"},{\"@type\":\"Organization\",\"@id\":\"https:\/\/www.santutxu.com\/#organization\",\"name\":\"Asebal\",\"url\":\"https:\/\/www.santutxu.com\/\",\"logo\":{\"@type\":\"ImageObject\",\"inLanguage\":\"fr-FR\",\"@id\":\"https:\/\/www.santutxu.com\/#\/schema\/logo\/image\/\",\"url\":\"https:\/\/www.santutxu.com\/wp-content\/uploads\/2015\/06\/logo-asebal1.png\",\"contentUrl\":\"https:\/\/www.santutxu.com\/wp-content\/uploads\/2015\/06\/logo-asebal1.png\",\"width\":265,\"height\":50,\"caption\":\"Asebal\"},\"image\":{\"@id\":\"https:\/\/www.santutxu.com\/#\/schema\/logo\/image\/\"}}]}<\/script>\n<!-- \/ Yoast SEO plugin. -->","yoast_head_json":{"title":"Transition glissi\u00e8re triple ondulation - Asebal","robots":{"index":"noindex","follow":"follow","max-snippet":"max-snippet:-1","max-image-preview":"max-image-preview:large","max-video-preview":"max-video-preview:-1"},"og_locale":"fr_FR","og_type":"article","og_title":"Transition glissi\u00e8re triple ondulation - Asebal","og_description":"[vc_row column_spacing=\u00a0\u00bb20&Prime;][vc_column][rev_slider_vc alias=\u00a0\u00bbtransicion-barrera-triple-onda-fr\u00a0\u00bb][\/vc_column][\/vc_row][vc_row column_spacing=\u00a0\u00bb20&Prime;][vc_column][vc_text_separator title=\u00a0\u00bbD\u00e9finition\u00a0\u00bb title_align=\u00a0\u00bbseparator_align_left\u00a0\u00bb element_type=\u00a0\u00bbh1&Prime; font_size=\u00a0\u00bb25&Prime; font_weight=\u00a0\u00bbnormal\u00a0\u00bb border_color=\u00a0\u00bb#ff0000&Prime; css=\u00a0\u00bb.vc_custom_1656517876905{padding-bottom: 10px !important;}\u00a0\u00bb el_class=\u00a0\u00bbh1&Prime;][vc_column_text el_class=\u00a0\u00bbline-height: 1.2&Prime;]Pi\u00e8ce sp\u00e9cialement con\u00e7ue pour effectuer une transition entre les dispositifs de glissi\u00e8re \u00e0 triple ondulation avec les dispositifs de glissi\u00e8re \u00e0 double ondulation. Compos\u00e9e d\u2019une seule pi\u00e8ce, elle ne pr\u00e9sente aucune soudure.[\/vc_column_text][vc_empty_space][vc_text_separator title=\u00a0\u00bbCaract\u00e9ristiques techniques\u00a0\u00bb title_align=\u00a0\u00bbseparator_align_left\u00a0\u00bb element_type=\u00a0\u00bbh1&Prime; font_size=\u00a0\u00bb25&Prime; font_weight=\u00a0\u00bbnormal\u00a0\u00bb border_color=\u00a0\u00bb#ff0000&Prime; css=\u00a0\u00bb.vc_custom_1656517907746{padding-bottom:&hellip;","og_url":"https:\/\/www.santutxu.com\/fr\/equipement-routier\/accessoires-pour-la-securite-routiere\/transition-glissiere-triple-ondulation\/","og_site_name":"Asebal","article_modified_time":"2022-07-04T08:14:55+00:00","twitter_card":"summary_large_image","twitter_misc":{"Dur\u00e9e de lecture estim\u00e9e":"1 minute"},"schema":{"@context":"https:\/\/schema.org","@graph":[{"@type":"WebPage","@id":"https:\/\/www.santutxu.com\/fr\/equipement-routier\/accessoires-pour-la-securite-routiere\/transition-glissiere-triple-ondulation\/","url":"https:\/\/www.santutxu.com\/fr\/equipement-routier\/accessoires-pour-la-securite-routiere\/transition-glissiere-triple-ondulation\/","name":"Transition glissi\u00e8re triple ondulation - Asebal","isPartOf":{"@id":"https:\/\/www.santutxu.com\/#website"},"datePublished":"2022-06-29T08:11:52+00:00","dateModified":"2022-07-04T08:14:55+00:00","breadcrumb":{"@id":"https:\/\/www.santutxu.com\/fr\/equipement-routier\/accessoires-pour-la-securite-routiere\/transition-glissiere-triple-ondulation\/#breadcrumb"},"inLanguage":"fr-FR","potentialAction":[{"@type":"ReadAction","target":["https:\/\/www.santutxu.com\/fr\/equipement-routier\/accessoires-pour-la-securite-routiere\/transition-glissiere-triple-ondulation\/"]}]},{"@type":"BreadcrumbList","@id":"https:\/\/www.santutxu.com\/fr\/equipement-routier\/accessoires-pour-la-securite-routiere\/transition-glissiere-triple-ondulation\/#breadcrumb","itemListElement":[{"@type":"ListItem","position":1,"name":"","item":"https:\/\/www.santutxu.com\/fr\/"},{"@type":"ListItem","position":2,"name":"\u00c9quipement routier","item":"https:\/\/www.santutxu.com\/fr\/equipement-routier\/"},{"@type":"ListItem","position":3,"name":"Accessoires pour la s\u00e9curit\u00e9 routi\u00e8re","item":"https:\/\/www.santutxu.com\/fr\/equipement-routier\/accessoires-pour-la-securite-routiere\/"},{"@type":"ListItem","position":4,"name":"Transition glissi\u00e8re triple ondulation"}]},{"@type":"WebSite","@id":"https:\/\/www.santutxu.com\/#website","url":"https:\/\/www.santutxu.com\/","name":"Asebal","description":"Otro sitio realizado con WordPress","publisher":{"@id":"https:\/\/www.santutxu.com\/#organization"},"potentialAction":[{"@type":"SearchAction","target":{"@type":"EntryPoint","urlTemplate":"https:\/\/www.santutxu.com\/?s={search_term_string}"},"query-input":{"@type":"PropertyValueSpecification","valueRequired":true,"valueName":"search_term_string"}}],"inLanguage":"fr-FR"},{"@type":"Organization","@id":"https:\/\/www.santutxu.com\/#organization","name":"Asebal","url":"https:\/\/www.santutxu.com\/","logo":{"@type":"ImageObject","inLanguage":"fr-FR","@id":"https:\/\/www.santutxu.com\/#\/schema\/logo\/image\/","url":"https:\/\/www.santutxu.com\/wp-content\/uploads\/2015\/06\/logo-asebal1.png","contentUrl":"https:\/\/www.santutxu.com\/wp-content\/uploads\/2015\/06\/logo-asebal1.png","width":265,"height":50,"caption":"Asebal"},"image":{"@id":"https:\/\/www.santutxu.com\/#\/schema\/logo\/image\/"}}]}},"_links":{"self":[{"href":"https:\/\/www.santutxu.com\/fr\/wp-json\/wp\/v2\/pages\/14889","targetHints":{"allow":["GET"]}}],"collection":[{"href":"https:\/\/www.santutxu.com\/fr\/wp-json\/wp\/v2\/pages"}],"about":[{"href":"https:\/\/www.santutxu.com\/fr\/wp-json\/wp\/v2\/types\/page"}],"author":[{"embeddable":true,"href":"https:\/\/www.santutxu.com\/fr\/wp-json\/wp\/v2\/users\/2"}],"replies":[{"embeddable":true,"href":"https:\/\/www.santutxu.com\/fr\/wp-json\/wp\/v2\/comments?post=14889"}],"version-history":[{"count":6,"href":"https:\/\/www.santutxu.com\/fr\/wp-json\/wp\/v2\/pages\/14889\/revisions"}],"predecessor-version":[{"id":15208,"href":"https:\/\/www.santutxu.com\/fr\/wp-json\/wp\/v2\/pages\/14889\/revisions\/15208"}],"up":[{"embeddable":true,"href":"https:\/\/www.santutxu.com\/fr\/wp-json\/wp\/v2\/pages\/14827"}],"wp:attachment":[{"href":"https:\/\/www.santutxu.com\/fr\/wp-json\/wp\/v2\/media?parent=14889"}],"curies":[{"name":"wp","href":"https:\/\/api.w.org\/{rel}","templated":true}]}}