{"id":14854,"date":"2022-06-29T05:29:59","date_gmt":"2022-06-29T05:29:59","guid":{"rendered":"https:\/\/www.santutxu.com\/?page_id=14854"},"modified":"2022-07-08T07:04:32","modified_gmt":"2022-07-08T07:04:32","slug":"contact","status":"publish","type":"page","link":"https:\/\/www.santutxu.com\/fr\/entreprise\/contact\/","title":{"rendered":"Contact"},"content":{"rendered":"<div class=\"wpb-content-wrapper\">[vc_row column_spacing=\u00a0\u00bb20&Prime;][vc_column][vc_column_text]Si vous souhaitez nous contacter, veuillez remplir le formulaire suivant (<a href=\"https:\/\/www.santutxu.com\/fr\/entreprise\/contact\/contact-route\/\">route<\/a>\u00a0ou\u00a0<a href=\"https:\/\/www.santutxu.com\/fr\/entreprise\/contact\/contact-solaire\/\">solaire<\/a>), et nous vous contacterons dans les meilleurs d\u00e9lais. Vous pouvez \u00e9galement nous t\u00e9l\u00e9phoner aux num\u00e9ros apparaissant dans notre rubrique\u00a0<a href=\"https:\/\/www.santutxu.com\/fr\/entreprise\/localisation\/\">Localisation<\/a>[\/vc_column_text][vc_empty_space][\/vc_column][\/vc_row][vc_row column_spacing=\u00a0\u00bb20&Prime;][vc_column width=\u00a0\u00bb1\/2&Prime;][vc_text_separator title=\u00a0\u00bbContact Route\u00a0\u00bb title_align=\u00a0\u00bbseparator_align_left\u00a0\u00bb color=\u00a0\u00bbcustom\u00a0\u00bb el_class=\u00a0\u00bbh1&Prime;][vc_empty_space height=\u00a0\u00bb20px\u00a0\u00bb][vc_single_image image=\u00a0\u00bb14110&Prime; onclick=\u00a0\u00bbcustom_link\u00a0\u00bb link=\u00a0\u00bbhttps:\/\/www.santutxu.com\/contacto-carretera\/\u00a0\u00bb][\/vc_column][vc_column width=\u00a0\u00bb1\/2&Prime;][vc_text_separator title=\u00a0\u00bbContact Solaire\u00a0\u00bb title_align=\u00a0\u00bbseparator_align_left\u00a0\u00bb color=\u00a0\u00bbcustom\u00a0\u00bb el_class=\u00a0\u00bbh1&Prime;][vc_empty_space height=\u00a0\u00bb20px\u00a0\u00bb][vc_single_image image=\u00a0\u00bb14113&Prime; onclick=\u00a0\u00bbcustom_link\u00a0\u00bb link=\u00a0\u00bbhttps:\/\/www.santutxu.com\/contacto-solar\/\u00a0\u00bb][\/vc_column][\/vc_row]\n<\/div>","protected":false},"excerpt":{"rendered":"<p>[vc_row column_spacing=\u00a0\u00bb20&Prime;][vc_column][vc_column_text]Si vous souhaitez nous contacter, veuillez remplir le formulaire suivant (route\u00a0ou\u00a0solaire), et nous vous contacterons dans les meilleurs d\u00e9lais. Vous pouvez \u00e9galement nous t\u00e9l\u00e9phoner aux num\u00e9ros apparaissant dans notre rubrique\u00a0Localisation[\/vc_column_text][vc_empty_space][\/vc_column][\/vc_row][vc_row column_spacing=\u00a0\u00bb20&Prime;][vc_column width=\u00a0\u00bb1\/2&Prime;][vc_text_separator title=\u00a0\u00bbContact Route\u00a0\u00bb title_align=\u00a0\u00bbseparator_align_left\u00a0\u00bb color=\u00a0\u00bbcustom\u00a0\u00bb el_class=\u00a0\u00bbh1&Prime;][vc_empty_space height=\u00a0\u00bb20px\u00a0\u00bb][vc_single_image image=\u00a0\u00bb14110&Prime; onclick=\u00a0\u00bbcustom_link\u00a0\u00bb link=\u00a0\u00bbhttps:\/\/www.santutxu.com\/contacto-carretera\/\u00a0\u00bb][\/vc_column][vc_column width=\u00a0\u00bb1\/2&Prime;][vc_text_separator title=\u00a0\u00bbContact Solaire\u00a0\u00bb title_align=\u00a0\u00bbseparator_align_left\u00a0\u00bb color=\u00a0\u00bbcustom\u00a0\u00bb el_class=\u00a0\u00bbh1&Prime;][vc_empty_space height=\u00a0\u00bb20px\u00a0\u00bb][vc_single_image image=\u00a0\u00bb14113&Prime; onclick=\u00a0\u00bbcustom_link\u00a0\u00bb link=\u00a0\u00bbhttps:\/\/www.santutxu.com\/contacto-solar\/\u00a0\u00bb][\/vc_column][\/vc_row]<\/p>\n","protected":false},"author":2,"featured_media":0,"parent":14805,"menu_order":0,"comment_status":"open","ping_status":"open","template":"","meta":{"footnotes":""},"class_list":["post-14854","page","type-page","status-publish","hentry","entry","no-media"],"yoast_head":"<!-- This site is optimized with the Yoast SEO plugin v27.2 - https:\/\/yoast.com\/product\/yoast-seo-wordpress\/ -->\n<title>Contact - Asebal<\/title>\n<meta name=\"robots\" content=\"noindex, follow, max-snippet:-1, max-image-preview:large, max-video-preview:-1\" \/>\n<meta property=\"og:locale\" content=\"fr_FR\" \/>\n<meta property=\"og:type\" content=\"article\" \/>\n<meta property=\"og:title\" content=\"Contact - Asebal\" \/>\n<meta property=\"og:description\" content=\"[vc_row column_spacing=\u00a0\u00bb20&Prime;][vc_column][vc_column_text]Si vous souhaitez nous contacter, veuillez remplir le formulaire suivant (route\u00a0ou\u00a0solaire), et nous vous contacterons dans les meilleurs d\u00e9lais. Vous pouvez \u00e9galement nous t\u00e9l\u00e9phoner aux num\u00e9ros apparaissant dans notre rubrique\u00a0Localisation[\/vc_column_text][vc_empty_space][\/vc_column][\/vc_row][vc_row column_spacing=\u00a0\u00bb20&Prime;][vc_column width=\u00a0\u00bb1\/2&Prime;][vc_text_separator title=\u00a0\u00bbContact Route\u00a0\u00bb title_align=\u00a0\u00bbseparator_align_left\u00a0\u00bb color=\u00a0\u00bbcustom\u00a0\u00bb el_class=\u00a0\u00bbh1&Prime;][vc_empty_space height=\u00a0\u00bb20px\u00a0\u00bb][vc_single_image image=\u00a0\u00bb14110&Prime; onclick=\u00a0\u00bbcustom_link\u00a0\u00bb link=\u00a0\u00bbhttps:\/\/www.santutxu.com\/contacto-carretera\/\u00a0\u00bb][\/vc_column][vc_column width=\u00a0\u00bb1\/2&Prime;][vc_text_separator title=\u00a0\u00bbContact Solaire\u00a0\u00bb title_align=\u00a0\u00bbseparator_align_left\u00a0\u00bb color=\u00a0\u00bbcustom\u00a0\u00bb el_class=\u00a0\u00bbh1&Prime;][vc_empty_space height=\u00a0\u00bb20px\u00a0\u00bb][vc_single_image image=\u00a0\u00bb14113&Prime; onclick=\u00a0\u00bbcustom_link\u00a0\u00bb link=\u00a0\u00bbhttps:\/\/www.santutxu.com\/contacto-solar\/\u00a0\u00bb][\/vc_column][\/vc_row]\" \/>\n<meta property=\"og:url\" content=\"https:\/\/www.santutxu.com\/fr\/entreprise\/contact\/\" \/>\n<meta property=\"og:site_name\" content=\"Asebal\" \/>\n<meta property=\"article:modified_time\" content=\"2022-07-08T07:04:32+00:00\" \/>\n<meta name=\"twitter:card\" content=\"summary_large_image\" \/>\n<meta name=\"twitter:label1\" content=\"Dur\u00e9e de lecture estim\u00e9e\" \/>\n\t<meta name=\"twitter:data1\" content=\"1 minute\" \/>\n<script type=\"application\/ld+json\" class=\"yoast-schema-graph\">{\"@context\":\"https:\/\/schema.org\",\"@graph\":[{\"@type\":\"WebPage\",\"@id\":\"https:\/\/www.santutxu.com\/fr\/entreprise\/contact\/\",\"url\":\"https:\/\/www.santutxu.com\/fr\/entreprise\/contact\/\",\"name\":\"Contact - Asebal\",\"isPartOf\":{\"@id\":\"https:\/\/www.santutxu.com\/#website\"},\"datePublished\":\"2022-06-29T05:29:59+00:00\",\"dateModified\":\"2022-07-08T07:04:32+00:00\",\"breadcrumb\":{\"@id\":\"https:\/\/www.santutxu.com\/fr\/entreprise\/contact\/#breadcrumb\"},\"inLanguage\":\"fr-FR\",\"potentialAction\":[{\"@type\":\"ReadAction\",\"target\":[\"https:\/\/www.santutxu.com\/fr\/entreprise\/contact\/\"]}]},{\"@type\":\"BreadcrumbList\",\"@id\":\"https:\/\/www.santutxu.com\/fr\/entreprise\/contact\/#breadcrumb\",\"itemListElement\":[{\"@type\":\"ListItem\",\"position\":1,\"name\":\"\",\"item\":\"https:\/\/www.santutxu.com\/fr\/\"},{\"@type\":\"ListItem\",\"position\":2,\"name\":\"Entreprise\",\"item\":\"https:\/\/www.santutxu.com\/fr\/entreprise\/\"},{\"@type\":\"ListItem\",\"position\":3,\"name\":\"Contact\"}]},{\"@type\":\"WebSite\",\"@id\":\"https:\/\/www.santutxu.com\/#website\",\"url\":\"https:\/\/www.santutxu.com\/\",\"name\":\"Asebal\",\"description\":\"Otro sitio realizado con WordPress\",\"publisher\":{\"@id\":\"https:\/\/www.santutxu.com\/#organization\"},\"potentialAction\":[{\"@type\":\"SearchAction\",\"target\":{\"@type\":\"EntryPoint\",\"urlTemplate\":\"https:\/\/www.santutxu.com\/?s={search_term_string}\"},\"query-input\":{\"@type\":\"PropertyValueSpecification\",\"valueRequired\":true,\"valueName\":\"search_term_string\"}}],\"inLanguage\":\"fr-FR\"},{\"@type\":\"Organization\",\"@id\":\"https:\/\/www.santutxu.com\/#organization\",\"name\":\"Asebal\",\"url\":\"https:\/\/www.santutxu.com\/\",\"logo\":{\"@type\":\"ImageObject\",\"inLanguage\":\"fr-FR\",\"@id\":\"https:\/\/www.santutxu.com\/#\/schema\/logo\/image\/\",\"url\":\"https:\/\/www.santutxu.com\/wp-content\/uploads\/2015\/06\/logo-asebal1.png\",\"contentUrl\":\"https:\/\/www.santutxu.com\/wp-content\/uploads\/2015\/06\/logo-asebal1.png\",\"width\":265,\"height\":50,\"caption\":\"Asebal\"},\"image\":{\"@id\":\"https:\/\/www.santutxu.com\/#\/schema\/logo\/image\/\"}}]}<\/script>\n<!-- \/ Yoast SEO plugin. -->","yoast_head_json":{"title":"Contact - Asebal","robots":{"index":"noindex","follow":"follow","max-snippet":"max-snippet:-1","max-image-preview":"max-image-preview:large","max-video-preview":"max-video-preview:-1"},"og_locale":"fr_FR","og_type":"article","og_title":"Contact - Asebal","og_description":"[vc_row column_spacing=\u00a0\u00bb20&Prime;][vc_column][vc_column_text]Si vous souhaitez nous contacter, veuillez remplir le formulaire suivant (route\u00a0ou\u00a0solaire), et nous vous contacterons dans les meilleurs d\u00e9lais. Vous pouvez \u00e9galement nous t\u00e9l\u00e9phoner aux num\u00e9ros apparaissant dans notre rubrique\u00a0Localisation[\/vc_column_text][vc_empty_space][\/vc_column][\/vc_row][vc_row column_spacing=\u00a0\u00bb20&Prime;][vc_column width=\u00a0\u00bb1\/2&Prime;][vc_text_separator title=\u00a0\u00bbContact Route\u00a0\u00bb title_align=\u00a0\u00bbseparator_align_left\u00a0\u00bb color=\u00a0\u00bbcustom\u00a0\u00bb el_class=\u00a0\u00bbh1&Prime;][vc_empty_space height=\u00a0\u00bb20px\u00a0\u00bb][vc_single_image image=\u00a0\u00bb14110&Prime; onclick=\u00a0\u00bbcustom_link\u00a0\u00bb link=\u00a0\u00bbhttps:\/\/www.santutxu.com\/contacto-carretera\/\u00a0\u00bb][\/vc_column][vc_column width=\u00a0\u00bb1\/2&Prime;][vc_text_separator title=\u00a0\u00bbContact Solaire\u00a0\u00bb title_align=\u00a0\u00bbseparator_align_left\u00a0\u00bb color=\u00a0\u00bbcustom\u00a0\u00bb el_class=\u00a0\u00bbh1&Prime;][vc_empty_space height=\u00a0\u00bb20px\u00a0\u00bb][vc_single_image image=\u00a0\u00bb14113&Prime; onclick=\u00a0\u00bbcustom_link\u00a0\u00bb link=\u00a0\u00bbhttps:\/\/www.santutxu.com\/contacto-solar\/\u00a0\u00bb][\/vc_column][\/vc_row]","og_url":"https:\/\/www.santutxu.com\/fr\/entreprise\/contact\/","og_site_name":"Asebal","article_modified_time":"2022-07-08T07:04:32+00:00","twitter_card":"summary_large_image","twitter_misc":{"Dur\u00e9e de lecture estim\u00e9e":"1 minute"},"schema":{"@context":"https:\/\/schema.org","@graph":[{"@type":"WebPage","@id":"https:\/\/www.santutxu.com\/fr\/entreprise\/contact\/","url":"https:\/\/www.santutxu.com\/fr\/entreprise\/contact\/","name":"Contact - Asebal","isPartOf":{"@id":"https:\/\/www.santutxu.com\/#website"},"datePublished":"2022-06-29T05:29:59+00:00","dateModified":"2022-07-08T07:04:32+00:00","breadcrumb":{"@id":"https:\/\/www.santutxu.com\/fr\/entreprise\/contact\/#breadcrumb"},"inLanguage":"fr-FR","potentialAction":[{"@type":"ReadAction","target":["https:\/\/www.santutxu.com\/fr\/entreprise\/contact\/"]}]},{"@type":"BreadcrumbList","@id":"https:\/\/www.santutxu.com\/fr\/entreprise\/contact\/#breadcrumb","itemListElement":[{"@type":"ListItem","position":1,"name":"","item":"https:\/\/www.santutxu.com\/fr\/"},{"@type":"ListItem","position":2,"name":"Entreprise","item":"https:\/\/www.santutxu.com\/fr\/entreprise\/"},{"@type":"ListItem","position":3,"name":"Contact"}]},{"@type":"WebSite","@id":"https:\/\/www.santutxu.com\/#website","url":"https:\/\/www.santutxu.com\/","name":"Asebal","description":"Otro sitio realizado con WordPress","publisher":{"@id":"https:\/\/www.santutxu.com\/#organization"},"potentialAction":[{"@type":"SearchAction","target":{"@type":"EntryPoint","urlTemplate":"https:\/\/www.santutxu.com\/?s={search_term_string}"},"query-input":{"@type":"PropertyValueSpecification","valueRequired":true,"valueName":"search_term_string"}}],"inLanguage":"fr-FR"},{"@type":"Organization","@id":"https:\/\/www.santutxu.com\/#organization","name":"Asebal","url":"https:\/\/www.santutxu.com\/","logo":{"@type":"ImageObject","inLanguage":"fr-FR","@id":"https:\/\/www.santutxu.com\/#\/schema\/logo\/image\/","url":"https:\/\/www.santutxu.com\/wp-content\/uploads\/2015\/06\/logo-asebal1.png","contentUrl":"https:\/\/www.santutxu.com\/wp-content\/uploads\/2015\/06\/logo-asebal1.png","width":265,"height":50,"caption":"Asebal"},"image":{"@id":"https:\/\/www.santutxu.com\/#\/schema\/logo\/image\/"}}]}},"_links":{"self":[{"href":"https:\/\/www.santutxu.com\/fr\/wp-json\/wp\/v2\/pages\/14854","targetHints":{"allow":["GET"]}}],"collection":[{"href":"https:\/\/www.santutxu.com\/fr\/wp-json\/wp\/v2\/pages"}],"about":[{"href":"https:\/\/www.santutxu.com\/fr\/wp-json\/wp\/v2\/types\/page"}],"author":[{"embeddable":true,"href":"https:\/\/www.santutxu.com\/fr\/wp-json\/wp\/v2\/users\/2"}],"replies":[{"embeddable":true,"href":"https:\/\/www.santutxu.com\/fr\/wp-json\/wp\/v2\/comments?post=14854"}],"version-history":[{"count":6,"href":"https:\/\/www.santutxu.com\/fr\/wp-json\/wp\/v2\/pages\/14854\/revisions"}],"predecessor-version":[{"id":15496,"href":"https:\/\/www.santutxu.com\/fr\/wp-json\/wp\/v2\/pages\/14854\/revisions\/15496"}],"up":[{"embeddable":true,"href":"https:\/\/www.santutxu.com\/fr\/wp-json\/wp\/v2\/pages\/14805"}],"wp:attachment":[{"href":"https:\/\/www.santutxu.com\/fr\/wp-json\/wp\/v2\/media?parent=14854"}],"curies":[{"name":"wp","href":"https:\/\/api.w.org\/{rel}","templated":true}]}}