{"id":14846,"date":"2022-06-29T05:21:27","date_gmt":"2022-06-29T05:21:27","guid":{"rendered":"https:\/\/www.santutxu.com\/?page_id=14846"},"modified":"2022-07-07T06:03:02","modified_gmt":"2022-07-07T06:03:02","slug":"solaire","status":"publish","type":"page","link":"https:\/\/www.santutxu.com\/fr\/solaire\/","title":{"rendered":"Solaire"},"content":{"rendered":"<div class=\"wpb-content-wrapper\">[vc_row column_spacing=\u00a0\u00bb20&Prime;][vc_column][vc_column_text]Avec plus de 2\u00a0000\u00a0MW d\u2019exp\u00e9rience dans la fabrication de profil\u00e9s pour le secteur solaire, ASEBAL est pr\u00e9sente dans les principaux projets internationaux de fourniture de profil\u00e9s galvanis\u00e9s \u00e0 chaud pour les centrales photovolta\u00efques \u00e0 structure fixe ou \u00e0 tracker \u00e0 1 et 2 axes, ainsi que pour les projets thermosolaires. En outre, Asebal a \u00e9t\u00e9 en 2015 l\u2019une des premi\u00e8res entreprises \u00e0 introduire des rev\u00eatements Zn-Mg-Al, ZM310 dans son processus de fabrication selon la norme EN 10346:2015, avec 25 ans de garantie du fabricant (Magnelis\/Posmac).[\/vc_column_text][\/vc_column][\/vc_row][vc_row column_spacing=\u00a0\u00bb20&Prime;][vc_column width=\u00a0\u00bb1\/2&Prime;][vc_single_image image=\u00a0\u00bb14015&Prime; img_size=\u00a0\u00bb600&#215;350&Prime; onclick=\u00a0\u00bbcustom_link\u00a0\u00bb link=\u00a0\u00bbhttps:\/\/www.santutxu.com\/fr\/solaire\/references-douvrages\/\u00a0\u00bb][vc_text_separator title=\u00a0\u00bbR\u00e9f\u00e9rences d\u2019ouvrages\u00a0\u00bb title_align=\u00a0\u00bbseparator_align_left\u00a0\u00bb][\/vc_column][vc_column width=\u00a0\u00bb1\/2&Prime;][vc_single_image image=\u00a0\u00bb14024&Prime; img_size=\u00a0\u00bb600&#215;350&Prime; onclick=\u00a0\u00bbcustom_link\u00a0\u00bb link=\u00a0\u00bbhttps:\/\/www.santutxu.com\/fr\/solaire\/produits\/\u00a0\u00bb][vc_text_separator title=\u00a0\u00bbProduits\u00a0\u00bb title_align=\u00a0\u00bbseparator_align_left\u00a0\u00bb][\/vc_column][\/vc_row][vc_row column_spacing=\u00a0\u00bb20&Prime;][vc_column width=\u00a0\u00bb1\/2&Prime;][vc_single_image image=\u00a0\u00bb14025&Prime; img_size=\u00a0\u00bb600&#215;350&Prime; onclick=\u00a0\u00bbcustom_link\u00a0\u00bb link=\u00a0\u00bbhttps:\/\/www.santutxu.com\/fr\/solaire\/moyens-de-production\/\u00a0\u00bb][vc_text_separator title=\u00a0\u00bbMoyens de production\u00a0\u00bb title_align=\u00a0\u00bbseparator_align_left\u00a0\u00bb][\/vc_column][vc_column width=\u00a0\u00bb1\/2&Prime;][vc_single_image image=\u00a0\u00bb14037&Prime; img_size=\u00a0\u00bb600&#215;350&Prime; onclick=\u00a0\u00bbcustom_link\u00a0\u00bb link=\u00a0\u00bbhttps:\/\/www.santutxu.com\/fr\/solaire\/matieres-premieres\/\u00a0\u00bb][vc_text_separator title=\u00a0\u00bbMati\u00e8res premi\u00e8res\u00a0\u00bb title_align=\u00a0\u00bbseparator_align_left\u00a0\u00bb][\/vc_column][\/vc_row]\n<\/div>","protected":false},"excerpt":{"rendered":"<p>[vc_row column_spacing=\u00a0\u00bb20&Prime;][vc_column][vc_column_text]Avec plus de 2\u00a0000\u00a0MW d\u2019exp\u00e9rience dans la fabrication de profil\u00e9s pour le secteur solaire, ASEBAL est pr\u00e9sente dans les principaux projets internationaux de fourniture de profil\u00e9s galvanis\u00e9s \u00e0 chaud pour les centrales photovolta\u00efques \u00e0 structure fixe ou \u00e0 tracker \u00e0 1 et 2 axes, ainsi que pour les projets thermosolaires. En outre, Asebal a&hellip;<\/p>\n","protected":false},"author":2,"featured_media":0,"parent":0,"menu_order":0,"comment_status":"open","ping_status":"open","template":"","meta":{"footnotes":""},"class_list":["post-14846","page","type-page","status-publish","hentry","entry","no-media"],"yoast_head":"<!-- This site is optimized with the Yoast SEO plugin v27.2 - https:\/\/yoast.com\/product\/yoast-seo-wordpress\/ -->\n<title>Solaire - Asebal<\/title>\n<meta name=\"robots\" content=\"noindex, follow, max-snippet:-1, max-image-preview:large, max-video-preview:-1\" \/>\n<meta property=\"og:locale\" content=\"fr_FR\" \/>\n<meta property=\"og:type\" content=\"article\" \/>\n<meta property=\"og:title\" content=\"Solaire - Asebal\" \/>\n<meta property=\"og:description\" content=\"[vc_row column_spacing=\u00a0\u00bb20&Prime;][vc_column][vc_column_text]Avec plus de 2\u00a0000\u00a0MW d\u2019exp\u00e9rience dans la fabrication de profil\u00e9s pour le secteur solaire, ASEBAL est pr\u00e9sente dans les principaux projets internationaux de fourniture de profil\u00e9s galvanis\u00e9s \u00e0 chaud pour les centrales photovolta\u00efques \u00e0 structure fixe ou \u00e0 tracker \u00e0 1 et 2 axes, ainsi que pour les projets thermosolaires. En outre, Asebal a&hellip;\" \/>\n<meta property=\"og:url\" content=\"https:\/\/www.santutxu.com\/fr\/solaire\/\" \/>\n<meta property=\"og:site_name\" content=\"Asebal\" \/>\n<meta property=\"article:modified_time\" content=\"2022-07-07T06:03:02+00:00\" \/>\n<meta name=\"twitter:card\" content=\"summary_large_image\" \/>\n<meta name=\"twitter:label1\" content=\"Dur\u00e9e de lecture estim\u00e9e\" \/>\n\t<meta name=\"twitter:data1\" content=\"1 minute\" \/>\n<script type=\"application\/ld+json\" class=\"yoast-schema-graph\">{\"@context\":\"https:\/\/schema.org\",\"@graph\":[{\"@type\":\"WebPage\",\"@id\":\"https:\/\/www.santutxu.com\/fr\/solaire\/\",\"url\":\"https:\/\/www.santutxu.com\/fr\/solaire\/\",\"name\":\"Solaire - Asebal\",\"isPartOf\":{\"@id\":\"https:\/\/www.santutxu.com\/#website\"},\"datePublished\":\"2022-06-29T05:21:27+00:00\",\"dateModified\":\"2022-07-07T06:03:02+00:00\",\"breadcrumb\":{\"@id\":\"https:\/\/www.santutxu.com\/fr\/solaire\/#breadcrumb\"},\"inLanguage\":\"fr-FR\",\"potentialAction\":[{\"@type\":\"ReadAction\",\"target\":[\"https:\/\/www.santutxu.com\/fr\/solaire\/\"]}]},{\"@type\":\"BreadcrumbList\",\"@id\":\"https:\/\/www.santutxu.com\/fr\/solaire\/#breadcrumb\",\"itemListElement\":[{\"@type\":\"ListItem\",\"position\":1,\"name\":\"\",\"item\":\"https:\/\/www.santutxu.com\/fr\/\"},{\"@type\":\"ListItem\",\"position\":2,\"name\":\"Solaire\"}]},{\"@type\":\"WebSite\",\"@id\":\"https:\/\/www.santutxu.com\/#website\",\"url\":\"https:\/\/www.santutxu.com\/\",\"name\":\"Asebal\",\"description\":\"Otro sitio realizado con WordPress\",\"publisher\":{\"@id\":\"https:\/\/www.santutxu.com\/#organization\"},\"potentialAction\":[{\"@type\":\"SearchAction\",\"target\":{\"@type\":\"EntryPoint\",\"urlTemplate\":\"https:\/\/www.santutxu.com\/?s={search_term_string}\"},\"query-input\":{\"@type\":\"PropertyValueSpecification\",\"valueRequired\":true,\"valueName\":\"search_term_string\"}}],\"inLanguage\":\"fr-FR\"},{\"@type\":\"Organization\",\"@id\":\"https:\/\/www.santutxu.com\/#organization\",\"name\":\"Asebal\",\"url\":\"https:\/\/www.santutxu.com\/\",\"logo\":{\"@type\":\"ImageObject\",\"inLanguage\":\"fr-FR\",\"@id\":\"https:\/\/www.santutxu.com\/#\/schema\/logo\/image\/\",\"url\":\"https:\/\/www.santutxu.com\/wp-content\/uploads\/2015\/06\/logo-asebal1.png\",\"contentUrl\":\"https:\/\/www.santutxu.com\/wp-content\/uploads\/2015\/06\/logo-asebal1.png\",\"width\":265,\"height\":50,\"caption\":\"Asebal\"},\"image\":{\"@id\":\"https:\/\/www.santutxu.com\/#\/schema\/logo\/image\/\"}}]}<\/script>\n<!-- \/ Yoast SEO plugin. -->","yoast_head_json":{"title":"Solaire - Asebal","robots":{"index":"noindex","follow":"follow","max-snippet":"max-snippet:-1","max-image-preview":"max-image-preview:large","max-video-preview":"max-video-preview:-1"},"og_locale":"fr_FR","og_type":"article","og_title":"Solaire - Asebal","og_description":"[vc_row column_spacing=\u00a0\u00bb20&Prime;][vc_column][vc_column_text]Avec plus de 2\u00a0000\u00a0MW d\u2019exp\u00e9rience dans la fabrication de profil\u00e9s pour le secteur solaire, ASEBAL est pr\u00e9sente dans les principaux projets internationaux de fourniture de profil\u00e9s galvanis\u00e9s \u00e0 chaud pour les centrales photovolta\u00efques \u00e0 structure fixe ou \u00e0 tracker \u00e0 1 et 2 axes, ainsi que pour les projets thermosolaires. En outre, Asebal a&hellip;","og_url":"https:\/\/www.santutxu.com\/fr\/solaire\/","og_site_name":"Asebal","article_modified_time":"2022-07-07T06:03:02+00:00","twitter_card":"summary_large_image","twitter_misc":{"Dur\u00e9e de lecture estim\u00e9e":"1 minute"},"schema":{"@context":"https:\/\/schema.org","@graph":[{"@type":"WebPage","@id":"https:\/\/www.santutxu.com\/fr\/solaire\/","url":"https:\/\/www.santutxu.com\/fr\/solaire\/","name":"Solaire - Asebal","isPartOf":{"@id":"https:\/\/www.santutxu.com\/#website"},"datePublished":"2022-06-29T05:21:27+00:00","dateModified":"2022-07-07T06:03:02+00:00","breadcrumb":{"@id":"https:\/\/www.santutxu.com\/fr\/solaire\/#breadcrumb"},"inLanguage":"fr-FR","potentialAction":[{"@type":"ReadAction","target":["https:\/\/www.santutxu.com\/fr\/solaire\/"]}]},{"@type":"BreadcrumbList","@id":"https:\/\/www.santutxu.com\/fr\/solaire\/#breadcrumb","itemListElement":[{"@type":"ListItem","position":1,"name":"","item":"https:\/\/www.santutxu.com\/fr\/"},{"@type":"ListItem","position":2,"name":"Solaire"}]},{"@type":"WebSite","@id":"https:\/\/www.santutxu.com\/#website","url":"https:\/\/www.santutxu.com\/","name":"Asebal","description":"Otro sitio realizado con WordPress","publisher":{"@id":"https:\/\/www.santutxu.com\/#organization"},"potentialAction":[{"@type":"SearchAction","target":{"@type":"EntryPoint","urlTemplate":"https:\/\/www.santutxu.com\/?s={search_term_string}"},"query-input":{"@type":"PropertyValueSpecification","valueRequired":true,"valueName":"search_term_string"}}],"inLanguage":"fr-FR"},{"@type":"Organization","@id":"https:\/\/www.santutxu.com\/#organization","name":"Asebal","url":"https:\/\/www.santutxu.com\/","logo":{"@type":"ImageObject","inLanguage":"fr-FR","@id":"https:\/\/www.santutxu.com\/#\/schema\/logo\/image\/","url":"https:\/\/www.santutxu.com\/wp-content\/uploads\/2015\/06\/logo-asebal1.png","contentUrl":"https:\/\/www.santutxu.com\/wp-content\/uploads\/2015\/06\/logo-asebal1.png","width":265,"height":50,"caption":"Asebal"},"image":{"@id":"https:\/\/www.santutxu.com\/#\/schema\/logo\/image\/"}}]}},"_links":{"self":[{"href":"https:\/\/www.santutxu.com\/fr\/wp-json\/wp\/v2\/pages\/14846","targetHints":{"allow":["GET"]}}],"collection":[{"href":"https:\/\/www.santutxu.com\/fr\/wp-json\/wp\/v2\/pages"}],"about":[{"href":"https:\/\/www.santutxu.com\/fr\/wp-json\/wp\/v2\/types\/page"}],"author":[{"embeddable":true,"href":"https:\/\/www.santutxu.com\/fr\/wp-json\/wp\/v2\/users\/2"}],"replies":[{"embeddable":true,"href":"https:\/\/www.santutxu.com\/fr\/wp-json\/wp\/v2\/comments?post=14846"}],"version-history":[{"count":8,"href":"https:\/\/www.santutxu.com\/fr\/wp-json\/wp\/v2\/pages\/14846\/revisions"}],"predecessor-version":[{"id":15424,"href":"https:\/\/www.santutxu.com\/fr\/wp-json\/wp\/v2\/pages\/14846\/revisions\/15424"}],"wp:attachment":[{"href":"https:\/\/www.santutxu.com\/fr\/wp-json\/wp\/v2\/media?parent=14846"}],"curies":[{"name":"wp","href":"https:\/\/api.w.org\/{rel}","templated":true}]}}