{"id":14815,"date":"2022-06-29T04:23:36","date_gmt":"2022-06-29T04:23:36","guid":{"rendered":"https:\/\/www.santutxu.com\/?page_id=14815"},"modified":"2022-07-04T07:32:37","modified_gmt":"2022-07-04T07:32:37","slug":"glissieres-de-securite","status":"publish","type":"page","link":"https:\/\/www.santutxu.com\/fr\/equipement-routier\/glissieres-de-securite\/","title":{"rendered":"Glissi\u00e8res de s\u00e9curit\u00e9"},"content":{"rendered":"<div class=\"wpb-content-wrapper\">[vc_row column_spacing=\u00a0\u00bb20&Prime;][vc_column width=\u00a0\u00bb1\/3&Prime;][vc_single_image image=\u00a0\u00bb13125&Prime; img_size=\u00a0\u00bb470&#215;300&Prime; alignment=\u00a0\u00bbcenter\u00a0\u00bb style=\u00a0\u00bbvc_box_rounded\u00a0\u00bb onclick=\u00a0\u00bbcustom_link\u00a0\u00bb link=\u00a0\u00bbhttps:\/\/www.santutxu.com\/fr\/equipement-routier\/glissieres-de-securite\/glissieres-metalliques\/\u00a0\u00bb][vc_empty_space height=\u00a0\u00bb10px\u00a0\u00bb][vc_text_separator title=\u00a0\u00bbGlissi\u00e8res de s\u00e9curit\u00e9 m\u00e9talliques\u00a0\u00bb title_align=\u00a0\u00bbseparator_align_left\u00a0\u00bb][\/vc_column][vc_column width=\u00a0\u00bb1\/3&Prime;][vc_single_image image=\u00a0\u00bb14115&Prime; img_size=\u00a0\u00bb470&#215;300&Prime; alignment=\u00a0\u00bbcenter\u00a0\u00bb style=\u00a0\u00bbvc_box_rounded\u00a0\u00bb onclick=\u00a0\u00bbcustom_link\u00a0\u00bb link=\u00a0\u00bbhttps:\/\/www.santutxu.com\/fr\/equipement-routier\/glissieres-de-securite\/mixtes-metal-bois\/\u00a0\u00bb el_class=\u00a0\u00bbrounded: 25px\u00a0\u00bb][vc_empty_space height=\u00a0\u00bb10px\u00a0\u00bb][vc_text_separator title=\u00a0\u00bbGlissi\u00e8res de s\u00e9curit\u00e9 mixtes M\u00e9tal-Bois\u00a0\u00bb title_align=\u00a0\u00bbseparator_align_left\u00a0\u00bb][\/vc_column][vc_column width=\u00a0\u00bb1\/3&Prime;][vc_single_image image=\u00a0\u00bb13129&Prime; img_size=\u00a0\u00bb470&#215;300&Prime; alignment=\u00a0\u00bbcenter\u00a0\u00bb style=\u00a0\u00bbvc_box_rounded\u00a0\u00bb onclick=\u00a0\u00bbcustom_link\u00a0\u00bb link=\u00a0\u00bbhttps:\/\/www.santutxu.com\/fr\/equipement-routier\/glissieres-de-securite\/reglementation\/\u00a0\u00bb el_class=\u00a0\u00bbrounded: 25px\u00a0\u00bb][vc_empty_space height=\u00a0\u00bb10px\u00a0\u00bb][vc_text_separator title=\u00a0\u00bbR\u00e9glementation\u00a0\u00bb title_align=\u00a0\u00bbseparator_align_left\u00a0\u00bb][\/vc_column][\/vc_row]\n<\/div>","protected":false},"excerpt":{"rendered":"<p>[vc_row column_spacing=\u00a0\u00bb20&Prime;][vc_column width=\u00a0\u00bb1\/3&Prime;][vc_single_image image=\u00a0\u00bb13125&Prime; img_size=\u00a0\u00bb470&#215;300&Prime; alignment=\u00a0\u00bbcenter\u00a0\u00bb style=\u00a0\u00bbvc_box_rounded\u00a0\u00bb onclick=\u00a0\u00bbcustom_link\u00a0\u00bb link=\u00a0\u00bbhttps:\/\/www.santutxu.com\/fr\/equipement-routier\/glissieres-de-securite\/glissieres-metalliques\/\u00a0\u00bb][vc_empty_space height=\u00a0\u00bb10px\u00a0\u00bb][vc_text_separator title=\u00a0\u00bbGlissi\u00e8res de s\u00e9curit\u00e9 m\u00e9talliques\u00a0\u00bb title_align=\u00a0\u00bbseparator_align_left\u00a0\u00bb][\/vc_column][vc_column width=\u00a0\u00bb1\/3&Prime;][vc_single_image image=\u00a0\u00bb14115&Prime; img_size=\u00a0\u00bb470&#215;300&Prime; alignment=\u00a0\u00bbcenter\u00a0\u00bb style=\u00a0\u00bbvc_box_rounded\u00a0\u00bb onclick=\u00a0\u00bbcustom_link\u00a0\u00bb link=\u00a0\u00bbhttps:\/\/www.santutxu.com\/fr\/equipement-routier\/glissieres-de-securite\/mixtes-metal-bois\/\u00a0\u00bb el_class=\u00a0\u00bbrounded: 25px\u00a0\u00bb][vc_empty_space height=\u00a0\u00bb10px\u00a0\u00bb][vc_text_separator title=\u00a0\u00bbGlissi\u00e8res de s\u00e9curit\u00e9 mixtes M\u00e9tal-Bois\u00a0\u00bb title_align=\u00a0\u00bbseparator_align_left\u00a0\u00bb][\/vc_column][vc_column width=\u00a0\u00bb1\/3&Prime;][vc_single_image image=\u00a0\u00bb13129&Prime; img_size=\u00a0\u00bb470&#215;300&Prime; alignment=\u00a0\u00bbcenter\u00a0\u00bb style=\u00a0\u00bbvc_box_rounded\u00a0\u00bb onclick=\u00a0\u00bbcustom_link\u00a0\u00bb link=\u00a0\u00bbhttps:\/\/www.santutxu.com\/fr\/equipement-routier\/glissieres-de-securite\/reglementation\/\u00a0\u00bb el_class=\u00a0\u00bbrounded: 25px\u00a0\u00bb][vc_empty_space height=\u00a0\u00bb10px\u00a0\u00bb][vc_text_separator title=\u00a0\u00bbR\u00e9glementation\u00a0\u00bb title_align=\u00a0\u00bbseparator_align_left\u00a0\u00bb][\/vc_column][\/vc_row]<\/p>\n","protected":false},"author":2,"featured_media":0,"parent":14811,"menu_order":0,"comment_status":"open","ping_status":"open","template":"","meta":{"footnotes":""},"class_list":["post-14815","page","type-page","status-publish","hentry","entry","no-media"],"yoast_head":"<!-- This site is optimized with the Yoast SEO plugin v27.2 - https:\/\/yoast.com\/product\/yoast-seo-wordpress\/ -->\n<title>Glissi\u00e8res de s\u00e9curit\u00e9 - Asebal<\/title>\n<meta name=\"robots\" content=\"noindex, follow, max-snippet:-1, max-image-preview:large, max-video-preview:-1\" \/>\n<meta property=\"og:locale\" content=\"fr_FR\" \/>\n<meta property=\"og:type\" content=\"article\" \/>\n<meta property=\"og:title\" content=\"Glissi\u00e8res de s\u00e9curit\u00e9 - Asebal\" \/>\n<meta property=\"og:description\" content=\"[vc_row column_spacing=\u00a0\u00bb20&Prime;][vc_column width=\u00a0\u00bb1\/3&Prime;][vc_single_image image=\u00a0\u00bb13125&Prime; img_size=\u00a0\u00bb470&#215;300&Prime; alignment=\u00a0\u00bbcenter\u00a0\u00bb style=\u00a0\u00bbvc_box_rounded\u00a0\u00bb onclick=\u00a0\u00bbcustom_link\u00a0\u00bb link=\u00a0\u00bbhttps:\/\/www.santutxu.com\/fr\/equipement-routier\/glissieres-de-securite\/glissieres-metalliques\/\u00a0\u00bb][vc_empty_space height=\u00a0\u00bb10px\u00a0\u00bb][vc_text_separator title=\u00a0\u00bbGlissi\u00e8res de s\u00e9curit\u00e9 m\u00e9talliques\u00a0\u00bb title_align=\u00a0\u00bbseparator_align_left\u00a0\u00bb][\/vc_column][vc_column width=\u00a0\u00bb1\/3&Prime;][vc_single_image image=\u00a0\u00bb14115&Prime; img_size=\u00a0\u00bb470&#215;300&Prime; alignment=\u00a0\u00bbcenter\u00a0\u00bb style=\u00a0\u00bbvc_box_rounded\u00a0\u00bb onclick=\u00a0\u00bbcustom_link\u00a0\u00bb link=\u00a0\u00bbhttps:\/\/www.santutxu.com\/fr\/equipement-routier\/glissieres-de-securite\/mixtes-metal-bois\/\u00a0\u00bb el_class=\u00a0\u00bbrounded: 25px\u00a0\u00bb][vc_empty_space height=\u00a0\u00bb10px\u00a0\u00bb][vc_text_separator title=\u00a0\u00bbGlissi\u00e8res de s\u00e9curit\u00e9 mixtes M\u00e9tal-Bois\u00a0\u00bb title_align=\u00a0\u00bbseparator_align_left\u00a0\u00bb][\/vc_column][vc_column width=\u00a0\u00bb1\/3&Prime;][vc_single_image image=\u00a0\u00bb13129&Prime; img_size=\u00a0\u00bb470&#215;300&Prime; alignment=\u00a0\u00bbcenter\u00a0\u00bb style=\u00a0\u00bbvc_box_rounded\u00a0\u00bb onclick=\u00a0\u00bbcustom_link\u00a0\u00bb link=\u00a0\u00bbhttps:\/\/www.santutxu.com\/fr\/equipement-routier\/glissieres-de-securite\/reglementation\/\u00a0\u00bb el_class=\u00a0\u00bbrounded: 25px\u00a0\u00bb][vc_empty_space height=\u00a0\u00bb10px\u00a0\u00bb][vc_text_separator title=\u00a0\u00bbR\u00e9glementation\u00a0\u00bb title_align=\u00a0\u00bbseparator_align_left\u00a0\u00bb][\/vc_column][\/vc_row]\" \/>\n<meta property=\"og:url\" content=\"https:\/\/www.santutxu.com\/fr\/equipement-routier\/glissieres-de-securite\/\" \/>\n<meta property=\"og:site_name\" content=\"Asebal\" \/>\n<meta property=\"article:modified_time\" content=\"2022-07-04T07:32:37+00:00\" \/>\n<meta name=\"twitter:card\" content=\"summary_large_image\" \/>\n<meta name=\"twitter:label1\" content=\"Dur\u00e9e de lecture estim\u00e9e\" \/>\n\t<meta name=\"twitter:data1\" content=\"1 minute\" \/>\n<script type=\"application\/ld+json\" class=\"yoast-schema-graph\">{\"@context\":\"https:\/\/schema.org\",\"@graph\":[{\"@type\":\"WebPage\",\"@id\":\"https:\/\/www.santutxu.com\/fr\/equipement-routier\/glissieres-de-securite\/\",\"url\":\"https:\/\/www.santutxu.com\/fr\/equipement-routier\/glissieres-de-securite\/\",\"name\":\"Glissi\u00e8res de s\u00e9curit\u00e9 - Asebal\",\"isPartOf\":{\"@id\":\"https:\/\/www.santutxu.com\/#website\"},\"datePublished\":\"2022-06-29T04:23:36+00:00\",\"dateModified\":\"2022-07-04T07:32:37+00:00\",\"breadcrumb\":{\"@id\":\"https:\/\/www.santutxu.com\/fr\/equipement-routier\/glissieres-de-securite\/#breadcrumb\"},\"inLanguage\":\"fr-FR\",\"potentialAction\":[{\"@type\":\"ReadAction\",\"target\":[\"https:\/\/www.santutxu.com\/fr\/equipement-routier\/glissieres-de-securite\/\"]}]},{\"@type\":\"BreadcrumbList\",\"@id\":\"https:\/\/www.santutxu.com\/fr\/equipement-routier\/glissieres-de-securite\/#breadcrumb\",\"itemListElement\":[{\"@type\":\"ListItem\",\"position\":1,\"name\":\"\",\"item\":\"https:\/\/www.santutxu.com\/fr\/\"},{\"@type\":\"ListItem\",\"position\":2,\"name\":\"\u00c9quipement routier\",\"item\":\"https:\/\/www.santutxu.com\/fr\/equipement-routier\/\"},{\"@type\":\"ListItem\",\"position\":3,\"name\":\"Glissi\u00e8res de s\u00e9curit\u00e9\"}]},{\"@type\":\"WebSite\",\"@id\":\"https:\/\/www.santutxu.com\/#website\",\"url\":\"https:\/\/www.santutxu.com\/\",\"name\":\"Asebal\",\"description\":\"Otro sitio realizado con WordPress\",\"publisher\":{\"@id\":\"https:\/\/www.santutxu.com\/#organization\"},\"potentialAction\":[{\"@type\":\"SearchAction\",\"target\":{\"@type\":\"EntryPoint\",\"urlTemplate\":\"https:\/\/www.santutxu.com\/?s={search_term_string}\"},\"query-input\":{\"@type\":\"PropertyValueSpecification\",\"valueRequired\":true,\"valueName\":\"search_term_string\"}}],\"inLanguage\":\"fr-FR\"},{\"@type\":\"Organization\",\"@id\":\"https:\/\/www.santutxu.com\/#organization\",\"name\":\"Asebal\",\"url\":\"https:\/\/www.santutxu.com\/\",\"logo\":{\"@type\":\"ImageObject\",\"inLanguage\":\"fr-FR\",\"@id\":\"https:\/\/www.santutxu.com\/#\/schema\/logo\/image\/\",\"url\":\"https:\/\/www.santutxu.com\/wp-content\/uploads\/2015\/06\/logo-asebal1.png\",\"contentUrl\":\"https:\/\/www.santutxu.com\/wp-content\/uploads\/2015\/06\/logo-asebal1.png\",\"width\":265,\"height\":50,\"caption\":\"Asebal\"},\"image\":{\"@id\":\"https:\/\/www.santutxu.com\/#\/schema\/logo\/image\/\"}}]}<\/script>\n<!-- \/ Yoast SEO plugin. -->","yoast_head_json":{"title":"Glissi\u00e8res de s\u00e9curit\u00e9 - Asebal","robots":{"index":"noindex","follow":"follow","max-snippet":"max-snippet:-1","max-image-preview":"max-image-preview:large","max-video-preview":"max-video-preview:-1"},"og_locale":"fr_FR","og_type":"article","og_title":"Glissi\u00e8res de s\u00e9curit\u00e9 - Asebal","og_description":"[vc_row column_spacing=\u00a0\u00bb20&Prime;][vc_column width=\u00a0\u00bb1\/3&Prime;][vc_single_image image=\u00a0\u00bb13125&Prime; img_size=\u00a0\u00bb470&#215;300&Prime; alignment=\u00a0\u00bbcenter\u00a0\u00bb style=\u00a0\u00bbvc_box_rounded\u00a0\u00bb onclick=\u00a0\u00bbcustom_link\u00a0\u00bb link=\u00a0\u00bbhttps:\/\/www.santutxu.com\/fr\/equipement-routier\/glissieres-de-securite\/glissieres-metalliques\/\u00a0\u00bb][vc_empty_space height=\u00a0\u00bb10px\u00a0\u00bb][vc_text_separator title=\u00a0\u00bbGlissi\u00e8res de s\u00e9curit\u00e9 m\u00e9talliques\u00a0\u00bb title_align=\u00a0\u00bbseparator_align_left\u00a0\u00bb][\/vc_column][vc_column width=\u00a0\u00bb1\/3&Prime;][vc_single_image image=\u00a0\u00bb14115&Prime; img_size=\u00a0\u00bb470&#215;300&Prime; alignment=\u00a0\u00bbcenter\u00a0\u00bb style=\u00a0\u00bbvc_box_rounded\u00a0\u00bb onclick=\u00a0\u00bbcustom_link\u00a0\u00bb link=\u00a0\u00bbhttps:\/\/www.santutxu.com\/fr\/equipement-routier\/glissieres-de-securite\/mixtes-metal-bois\/\u00a0\u00bb el_class=\u00a0\u00bbrounded: 25px\u00a0\u00bb][vc_empty_space height=\u00a0\u00bb10px\u00a0\u00bb][vc_text_separator title=\u00a0\u00bbGlissi\u00e8res de s\u00e9curit\u00e9 mixtes M\u00e9tal-Bois\u00a0\u00bb title_align=\u00a0\u00bbseparator_align_left\u00a0\u00bb][\/vc_column][vc_column width=\u00a0\u00bb1\/3&Prime;][vc_single_image image=\u00a0\u00bb13129&Prime; img_size=\u00a0\u00bb470&#215;300&Prime; alignment=\u00a0\u00bbcenter\u00a0\u00bb style=\u00a0\u00bbvc_box_rounded\u00a0\u00bb onclick=\u00a0\u00bbcustom_link\u00a0\u00bb link=\u00a0\u00bbhttps:\/\/www.santutxu.com\/fr\/equipement-routier\/glissieres-de-securite\/reglementation\/\u00a0\u00bb el_class=\u00a0\u00bbrounded: 25px\u00a0\u00bb][vc_empty_space height=\u00a0\u00bb10px\u00a0\u00bb][vc_text_separator title=\u00a0\u00bbR\u00e9glementation\u00a0\u00bb title_align=\u00a0\u00bbseparator_align_left\u00a0\u00bb][\/vc_column][\/vc_row]","og_url":"https:\/\/www.santutxu.com\/fr\/equipement-routier\/glissieres-de-securite\/","og_site_name":"Asebal","article_modified_time":"2022-07-04T07:32:37+00:00","twitter_card":"summary_large_image","twitter_misc":{"Dur\u00e9e de lecture estim\u00e9e":"1 minute"},"schema":{"@context":"https:\/\/schema.org","@graph":[{"@type":"WebPage","@id":"https:\/\/www.santutxu.com\/fr\/equipement-routier\/glissieres-de-securite\/","url":"https:\/\/www.santutxu.com\/fr\/equipement-routier\/glissieres-de-securite\/","name":"Glissi\u00e8res de s\u00e9curit\u00e9 - Asebal","isPartOf":{"@id":"https:\/\/www.santutxu.com\/#website"},"datePublished":"2022-06-29T04:23:36+00:00","dateModified":"2022-07-04T07:32:37+00:00","breadcrumb":{"@id":"https:\/\/www.santutxu.com\/fr\/equipement-routier\/glissieres-de-securite\/#breadcrumb"},"inLanguage":"fr-FR","potentialAction":[{"@type":"ReadAction","target":["https:\/\/www.santutxu.com\/fr\/equipement-routier\/glissieres-de-securite\/"]}]},{"@type":"BreadcrumbList","@id":"https:\/\/www.santutxu.com\/fr\/equipement-routier\/glissieres-de-securite\/#breadcrumb","itemListElement":[{"@type":"ListItem","position":1,"name":"","item":"https:\/\/www.santutxu.com\/fr\/"},{"@type":"ListItem","position":2,"name":"\u00c9quipement routier","item":"https:\/\/www.santutxu.com\/fr\/equipement-routier\/"},{"@type":"ListItem","position":3,"name":"Glissi\u00e8res de s\u00e9curit\u00e9"}]},{"@type":"WebSite","@id":"https:\/\/www.santutxu.com\/#website","url":"https:\/\/www.santutxu.com\/","name":"Asebal","description":"Otro sitio realizado con WordPress","publisher":{"@id":"https:\/\/www.santutxu.com\/#organization"},"potentialAction":[{"@type":"SearchAction","target":{"@type":"EntryPoint","urlTemplate":"https:\/\/www.santutxu.com\/?s={search_term_string}"},"query-input":{"@type":"PropertyValueSpecification","valueRequired":true,"valueName":"search_term_string"}}],"inLanguage":"fr-FR"},{"@type":"Organization","@id":"https:\/\/www.santutxu.com\/#organization","name":"Asebal","url":"https:\/\/www.santutxu.com\/","logo":{"@type":"ImageObject","inLanguage":"fr-FR","@id":"https:\/\/www.santutxu.com\/#\/schema\/logo\/image\/","url":"https:\/\/www.santutxu.com\/wp-content\/uploads\/2015\/06\/logo-asebal1.png","contentUrl":"https:\/\/www.santutxu.com\/wp-content\/uploads\/2015\/06\/logo-asebal1.png","width":265,"height":50,"caption":"Asebal"},"image":{"@id":"https:\/\/www.santutxu.com\/#\/schema\/logo\/image\/"}}]}},"_links":{"self":[{"href":"https:\/\/www.santutxu.com\/fr\/wp-json\/wp\/v2\/pages\/14815","targetHints":{"allow":["GET"]}}],"collection":[{"href":"https:\/\/www.santutxu.com\/fr\/wp-json\/wp\/v2\/pages"}],"about":[{"href":"https:\/\/www.santutxu.com\/fr\/wp-json\/wp\/v2\/types\/page"}],"author":[{"embeddable":true,"href":"https:\/\/www.santutxu.com\/fr\/wp-json\/wp\/v2\/users\/2"}],"replies":[{"embeddable":true,"href":"https:\/\/www.santutxu.com\/fr\/wp-json\/wp\/v2\/comments?post=14815"}],"version-history":[{"count":9,"href":"https:\/\/www.santutxu.com\/fr\/wp-json\/wp\/v2\/pages\/14815\/revisions"}],"predecessor-version":[{"id":15185,"href":"https:\/\/www.santutxu.com\/fr\/wp-json\/wp\/v2\/pages\/14815\/revisions\/15185"}],"up":[{"embeddable":true,"href":"https:\/\/www.santutxu.com\/fr\/wp-json\/wp\/v2\/pages\/14811"}],"wp:attachment":[{"href":"https:\/\/www.santutxu.com\/fr\/wp-json\/wp\/v2\/media?parent=14815"}],"curies":[{"name":"wp","href":"https:\/\/api.w.org\/{rel}","templated":true}]}}