{"id":14805,"date":"2022-06-28T17:16:09","date_gmt":"2022-06-28T17:16:09","guid":{"rendered":"https:\/\/www.santutxu.com\/?page_id=14805"},"modified":"2025-02-05T10:47:43","modified_gmt":"2025-02-05T10:47:43","slug":"entreprise","status":"publish","type":"page","link":"https:\/\/www.santutxu.com\/fr\/entreprise\/","title":{"rendered":"Entreprise"},"content":{"rendered":"<div class=\"wpb-content-wrapper\">[vc_row column_spacing=\u00a0\u00bb20&Prime;][vc_column][rev_slider_vc alias=\u00a0\u00bbla-empresa\u00a0\u00bb][\/vc_column][\/vc_row][vc_row column_spacing=\u00a0\u00bb20&Prime;][vc_column][vc_text_separator title=\u00a0\u00bbHistoire\u00a0\u00bb title_align=\u00a0\u00bbseparator_align_left\u00a0\u00bb element_type=\u00a0\u00bbh1&Prime; font_weight=\u00a0\u00bbnormal\u00a0\u00bb border_color=\u00a0\u00bb#ff0000&Prime; font_size=\u00a0\u00bb25&Prime;][vc_empty_space height=\u00a0\u00bb10px\u00a0\u00bb][vc_column_text]Asebal est une entreprise qui se consacre \u00e0 la fabrication de produits en acier galvanis\u00e9 \u00e0 chaud, notamment des dispositifs de retenue routiers, des dispositifs de protection pour motocyclistes, des \u00e9crans d\u2019isolation acoustique et tous types de profil\u00e9s pour le secteur de l\u2019\u00e9nergie solaire.<\/p>\n<p>Elle a \u00e9t\u00e9 fond\u00e9e en 1994 \u00e0 Arrigorriaga, un emplacement id\u00e9al en raison de la confluence des grands axes routiers et de sa proximit\u00e9 avec le port de Bilbao.<\/p>\n<p>Depuis plus de 20 ans, Asebal a d\u00e9velopp\u00e9 \u00e0 la fois son catalogue de produits et le nombre de ses installations afin d\u2019offrir une meilleure qualit\u00e9 de service \u00e0 ses clients.<\/p>\n<p>Asebal poss\u00e8de actuellement deux principales lignes commerciales : les \u00e9quipements routiers et l\u2019\u00e9nergie solaire.<\/p>\n<p>Asebal et ses lignes commerciales sont pr\u00e9sentes dans plus de 30 pays, avec une repr\u00e9sentation sp\u00e9ciale en Am\u00e9rique latine.[\/vc_column_text][\/vc_column][\/vc_row][vc_row column_spacing=\u00a0\u00bb20&Prime;][vc_column][vc_text_separator title=\u00a0\u00bbMission, vision, valeurs\u00a0\u00bb title_align=\u00a0\u00bbseparator_align_left\u00a0\u00bb element_type=\u00a0\u00bbh1&Prime; font_weight=\u00a0\u00bbnormal\u00a0\u00bb border_color=\u00a0\u00bb#ff0000&Prime; font_size=\u00a0\u00bb25&Prime;][vc_empty_space height=\u00a0\u00bb10px\u00a0\u00bb][vc_column_text]<strong>Mission :<\/strong> Fabriquer des produits en acier galvanis\u00e9 \u00e0 chaud de qualit\u00e9 sup\u00e9rieure pour satisfaire les besoins de ses clients, en respectant l\u2019environnement et en g\u00e9n\u00e9rant de la richesse et des opportunit\u00e9s dans son environnement.<\/p>\n<p><strong>Vision :<\/strong> \u00catre une entreprise leader sur les march\u00e9s et dans les zones g\u00e9ographiques o\u00f9 elle op\u00e8re et \u00eatre reconnue pour la qualit\u00e9 de ses produits et l\u2019excellence du service qu\u2019elle offre \u00e0 ses clients.<\/p>\n<p><strong>Valeurs :<\/strong> Honn\u00eatet\u00e9, souci de la s\u00e9curit\u00e9 et de la sant\u00e9 au travail, orientation client et excellence du service.[\/vc_column_text][\/vc_column][\/vc_row][vc_row column_spacing=\u00a0\u00bb20&Prime;][vc_column][vc_text_separator title=\u00a0\u00bbMod\u00e8le de gestion\u00a0\u00bb title_align=\u00a0\u00bbseparator_align_left\u00a0\u00bb element_type=\u00a0\u00bbh1&Prime; font_weight=\u00a0\u00bbnormal\u00a0\u00bb border_color=\u00a0\u00bb#ff0000&Prime; font_size=\u00a0\u00bb25&Prime;][vc_empty_space height=\u00a0\u00bb10px\u00a0\u00bb][vc_column_text]La mission, la vision et les valeurs d\u00e9terminent le mod\u00e8le de gestion de notre entreprise et fixent les lignes d\u2019action dans chaque domaine.<\/p>\n<p><u>Personnes\u00a0<\/u>: Favoriser le d\u00e9veloppement professionnel et l\u2019\u00e9galit\u00e9 des chances, et promouvoir un environnement de travail favorable o\u00f9 chacun aspire chaque jour \u00e0 donner le meilleur de lui-m\u00eame.<\/p>\n<p><u>Qualit\u00e9\u00a0<\/u>: Fabriquer des produits de la plus haute qualit\u00e9 afin d\u2019obtenir l\u2019enti\u00e8re satisfaction des clients.\u00a0<a href=\"https:\/\/www.santutxu.com\/wp-content\/uploads\/2023\/03\/Politica-Integrada-Enero-2023.pdf\" target=\"_blank\" rel=\"noopener\">Politique de qualit\u00e9 et politique environnementale<\/a><\/p>\n<p><u>S\u00e9curit\u00e9\u00a0<\/u>: R\u00e9aliser tous les travaux li\u00e9s \u00e0 notre activit\u00e9 dans des conditions optimales de sant\u00e9 et de s\u00e9curit\u00e9 pour tous nos travailleurs.<\/p>\n<p><u>Environnement\u00a0<\/u>: Conserver une attitude responsable envers notre plan\u00e8te et promouvoir la durabilit\u00e9 de notre environnement imm\u00e9diat.<\/p>\n<p><u>Clients\u00a0<\/u>: Obtenir la satisfaction de nos clients est au c\u0153ur de notre mod\u00e8le de gestion.<\/p>\n<p><u>Fournisseurs\u00a0<\/u>: Afin de satisfaire ses clients, Asebal s\u2019appuie sur des fournisseurs et des collaborateurs de premier ordre.<\/p>\n<p><u>Logistique\u00a0<\/u>: Afin de garantir des processus logistiques de qualit\u00e9, Asebal dispose d\u2019une \u00e9quipe de professionnels dans le domaine de la logistique et du transport, ainsi que d\u2019un important r\u00e9seau de distribution \u00e0 travers des entreprises de transport terrestre et maritime au prestige reconnu.[\/vc_column_text][\/vc_column][\/vc_row][vc_row column_spacing=\u00a0\u00bb20&Prime;][vc_column][vc_text_separator title=\u00a0\u00bbLignes commerciales\u00a0\u00bb title_align=\u00a0\u00bbseparator_align_left\u00a0\u00bb element_type=\u00a0\u00bbh1&Prime; font_weight=\u00a0\u00bbnormal\u00a0\u00bb border_color=\u00a0\u00bb#ff0000&Prime; font_size=\u00a0\u00bb25&Prime;][vc_empty_space height=\u00a0\u00bb10px\u00a0\u00bb][vc_column_text]<u>\u00c9quipement routier\u00a0<\/u>: L\u2019activit\u00e9 traditionnelle d\u2019Asebal est focalis\u00e9e sur la fabrication et la commercialisation de produits pour la s\u00e9curit\u00e9 routi\u00e8re et contre la contamination acoustique.<\/p>\n<p>Nos dispositifs de retenue routiers sont test\u00e9s en grandeur nature et poss\u00e8dent les certificats correspondants exig\u00e9s par la r\u00e8glementation en vigueur.<\/p>\n<p><u>\u00c9nergie solaire\u00a0<\/u>: Asebal fabrique et commercialise tous types de profil\u00e9s m\u00e9talliques galvanis\u00e9s pour les projets d\u2019\u00e9nergie solaire (photovolta\u00efque et thermosolaire).[\/vc_column_text][\/vc_column][\/vc_row]\n<\/div>","protected":false},"excerpt":{"rendered":"<p>[vc_row column_spacing=\u00a0\u00bb20&Prime;][vc_column][rev_slider_vc alias=\u00a0\u00bbla-empresa\u00a0\u00bb][\/vc_column][\/vc_row][vc_row column_spacing=\u00a0\u00bb20&Prime;][vc_column][vc_text_separator title=\u00a0\u00bbHistoire\u00a0\u00bb title_align=\u00a0\u00bbseparator_align_left\u00a0\u00bb element_type=\u00a0\u00bbh1&Prime; font_weight=\u00a0\u00bbnormal\u00a0\u00bb border_color=\u00a0\u00bb#ff0000&Prime; font_size=\u00a0\u00bb25&Prime;][vc_empty_space height=\u00a0\u00bb10px\u00a0\u00bb][vc_column_text]Asebal est une entreprise qui se consacre \u00e0 la fabrication de produits en acier galvanis\u00e9 \u00e0 chaud, notamment des dispositifs de retenue routiers, des dispositifs de protection pour motocyclistes, des \u00e9crans d\u2019isolation acoustique et tous types de profil\u00e9s pour le secteur de l\u2019\u00e9nergie solaire. Elle&hellip;<\/p>\n","protected":false},"author":2,"featured_media":0,"parent":0,"menu_order":0,"comment_status":"open","ping_status":"open","template":"","meta":{"footnotes":""},"class_list":["post-14805","page","type-page","status-publish","hentry","entry","no-media"],"yoast_head":"<!-- This site is optimized with the Yoast SEO plugin v27.2 - https:\/\/yoast.com\/product\/yoast-seo-wordpress\/ -->\n<title>Entreprise - Asebal<\/title>\n<meta name=\"robots\" content=\"noindex, follow, max-snippet:-1, max-image-preview:large, max-video-preview:-1\" \/>\n<meta property=\"og:locale\" content=\"fr_FR\" \/>\n<meta property=\"og:type\" content=\"article\" \/>\n<meta property=\"og:title\" content=\"Entreprise - Asebal\" \/>\n<meta property=\"og:description\" content=\"[vc_row column_spacing=\u00a0\u00bb20&Prime;][vc_column][rev_slider_vc alias=\u00a0\u00bbla-empresa\u00a0\u00bb][\/vc_column][\/vc_row][vc_row column_spacing=\u00a0\u00bb20&Prime;][vc_column][vc_text_separator title=\u00a0\u00bbHistoire\u00a0\u00bb title_align=\u00a0\u00bbseparator_align_left\u00a0\u00bb element_type=\u00a0\u00bbh1&Prime; font_weight=\u00a0\u00bbnormal\u00a0\u00bb border_color=\u00a0\u00bb#ff0000&Prime; font_size=\u00a0\u00bb25&Prime;][vc_empty_space height=\u00a0\u00bb10px\u00a0\u00bb][vc_column_text]Asebal est une entreprise qui se consacre \u00e0 la fabrication de produits en acier galvanis\u00e9 \u00e0 chaud, notamment des dispositifs de retenue routiers, des dispositifs de protection pour motocyclistes, des \u00e9crans d\u2019isolation acoustique et tous types de profil\u00e9s pour le secteur de l\u2019\u00e9nergie solaire. Elle&hellip;\" \/>\n<meta property=\"og:url\" content=\"https:\/\/www.santutxu.com\/fr\/entreprise\/\" \/>\n<meta property=\"og:site_name\" content=\"Asebal\" \/>\n<meta property=\"article:modified_time\" content=\"2025-02-05T10:47:43+00:00\" \/>\n<meta name=\"twitter:card\" content=\"summary_large_image\" \/>\n<meta name=\"twitter:label1\" content=\"Dur\u00e9e de lecture estim\u00e9e\" \/>\n\t<meta name=\"twitter:data1\" content=\"3 minutes\" \/>\n<script type=\"application\/ld+json\" class=\"yoast-schema-graph\">{\"@context\":\"https:\/\/schema.org\",\"@graph\":[{\"@type\":\"WebPage\",\"@id\":\"https:\/\/www.santutxu.com\/fr\/entreprise\/\",\"url\":\"https:\/\/www.santutxu.com\/fr\/entreprise\/\",\"name\":\"Entreprise - Asebal\",\"isPartOf\":{\"@id\":\"https:\/\/www.santutxu.com\/#website\"},\"datePublished\":\"2022-06-28T17:16:09+00:00\",\"dateModified\":\"2025-02-05T10:47:43+00:00\",\"breadcrumb\":{\"@id\":\"https:\/\/www.santutxu.com\/fr\/entreprise\/#breadcrumb\"},\"inLanguage\":\"fr-FR\",\"potentialAction\":[{\"@type\":\"ReadAction\",\"target\":[\"https:\/\/www.santutxu.com\/fr\/entreprise\/\"]}]},{\"@type\":\"BreadcrumbList\",\"@id\":\"https:\/\/www.santutxu.com\/fr\/entreprise\/#breadcrumb\",\"itemListElement\":[{\"@type\":\"ListItem\",\"position\":1,\"name\":\"\",\"item\":\"https:\/\/www.santutxu.com\/fr\/\"},{\"@type\":\"ListItem\",\"position\":2,\"name\":\"Entreprise\"}]},{\"@type\":\"WebSite\",\"@id\":\"https:\/\/www.santutxu.com\/#website\",\"url\":\"https:\/\/www.santutxu.com\/\",\"name\":\"Asebal\",\"description\":\"Otro sitio realizado con WordPress\",\"publisher\":{\"@id\":\"https:\/\/www.santutxu.com\/#organization\"},\"potentialAction\":[{\"@type\":\"SearchAction\",\"target\":{\"@type\":\"EntryPoint\",\"urlTemplate\":\"https:\/\/www.santutxu.com\/?s={search_term_string}\"},\"query-input\":{\"@type\":\"PropertyValueSpecification\",\"valueRequired\":true,\"valueName\":\"search_term_string\"}}],\"inLanguage\":\"fr-FR\"},{\"@type\":\"Organization\",\"@id\":\"https:\/\/www.santutxu.com\/#organization\",\"name\":\"Asebal\",\"url\":\"https:\/\/www.santutxu.com\/\",\"logo\":{\"@type\":\"ImageObject\",\"inLanguage\":\"fr-FR\",\"@id\":\"https:\/\/www.santutxu.com\/#\/schema\/logo\/image\/\",\"url\":\"https:\/\/www.santutxu.com\/wp-content\/uploads\/2015\/06\/logo-asebal1.png\",\"contentUrl\":\"https:\/\/www.santutxu.com\/wp-content\/uploads\/2015\/06\/logo-asebal1.png\",\"width\":265,\"height\":50,\"caption\":\"Asebal\"},\"image\":{\"@id\":\"https:\/\/www.santutxu.com\/#\/schema\/logo\/image\/\"}}]}<\/script>\n<!-- \/ Yoast SEO plugin. -->","yoast_head_json":{"title":"Entreprise - Asebal","robots":{"index":"noindex","follow":"follow","max-snippet":"max-snippet:-1","max-image-preview":"max-image-preview:large","max-video-preview":"max-video-preview:-1"},"og_locale":"fr_FR","og_type":"article","og_title":"Entreprise - Asebal","og_description":"[vc_row column_spacing=\u00a0\u00bb20&Prime;][vc_column][rev_slider_vc alias=\u00a0\u00bbla-empresa\u00a0\u00bb][\/vc_column][\/vc_row][vc_row column_spacing=\u00a0\u00bb20&Prime;][vc_column][vc_text_separator title=\u00a0\u00bbHistoire\u00a0\u00bb title_align=\u00a0\u00bbseparator_align_left\u00a0\u00bb element_type=\u00a0\u00bbh1&Prime; font_weight=\u00a0\u00bbnormal\u00a0\u00bb border_color=\u00a0\u00bb#ff0000&Prime; font_size=\u00a0\u00bb25&Prime;][vc_empty_space height=\u00a0\u00bb10px\u00a0\u00bb][vc_column_text]Asebal est une entreprise qui se consacre \u00e0 la fabrication de produits en acier galvanis\u00e9 \u00e0 chaud, notamment des dispositifs de retenue routiers, des dispositifs de protection pour motocyclistes, des \u00e9crans d\u2019isolation acoustique et tous types de profil\u00e9s pour le secteur de l\u2019\u00e9nergie solaire. Elle&hellip;","og_url":"https:\/\/www.santutxu.com\/fr\/entreprise\/","og_site_name":"Asebal","article_modified_time":"2025-02-05T10:47:43+00:00","twitter_card":"summary_large_image","twitter_misc":{"Dur\u00e9e de lecture estim\u00e9e":"3 minutes"},"schema":{"@context":"https:\/\/schema.org","@graph":[{"@type":"WebPage","@id":"https:\/\/www.santutxu.com\/fr\/entreprise\/","url":"https:\/\/www.santutxu.com\/fr\/entreprise\/","name":"Entreprise - Asebal","isPartOf":{"@id":"https:\/\/www.santutxu.com\/#website"},"datePublished":"2022-06-28T17:16:09+00:00","dateModified":"2025-02-05T10:47:43+00:00","breadcrumb":{"@id":"https:\/\/www.santutxu.com\/fr\/entreprise\/#breadcrumb"},"inLanguage":"fr-FR","potentialAction":[{"@type":"ReadAction","target":["https:\/\/www.santutxu.com\/fr\/entreprise\/"]}]},{"@type":"BreadcrumbList","@id":"https:\/\/www.santutxu.com\/fr\/entreprise\/#breadcrumb","itemListElement":[{"@type":"ListItem","position":1,"name":"","item":"https:\/\/www.santutxu.com\/fr\/"},{"@type":"ListItem","position":2,"name":"Entreprise"}]},{"@type":"WebSite","@id":"https:\/\/www.santutxu.com\/#website","url":"https:\/\/www.santutxu.com\/","name":"Asebal","description":"Otro sitio realizado con WordPress","publisher":{"@id":"https:\/\/www.santutxu.com\/#organization"},"potentialAction":[{"@type":"SearchAction","target":{"@type":"EntryPoint","urlTemplate":"https:\/\/www.santutxu.com\/?s={search_term_string}"},"query-input":{"@type":"PropertyValueSpecification","valueRequired":true,"valueName":"search_term_string"}}],"inLanguage":"fr-FR"},{"@type":"Organization","@id":"https:\/\/www.santutxu.com\/#organization","name":"Asebal","url":"https:\/\/www.santutxu.com\/","logo":{"@type":"ImageObject","inLanguage":"fr-FR","@id":"https:\/\/www.santutxu.com\/#\/schema\/logo\/image\/","url":"https:\/\/www.santutxu.com\/wp-content\/uploads\/2015\/06\/logo-asebal1.png","contentUrl":"https:\/\/www.santutxu.com\/wp-content\/uploads\/2015\/06\/logo-asebal1.png","width":265,"height":50,"caption":"Asebal"},"image":{"@id":"https:\/\/www.santutxu.com\/#\/schema\/logo\/image\/"}}]}},"_links":{"self":[{"href":"https:\/\/www.santutxu.com\/fr\/wp-json\/wp\/v2\/pages\/14805","targetHints":{"allow":["GET"]}}],"collection":[{"href":"https:\/\/www.santutxu.com\/fr\/wp-json\/wp\/v2\/pages"}],"about":[{"href":"https:\/\/www.santutxu.com\/fr\/wp-json\/wp\/v2\/types\/page"}],"author":[{"embeddable":true,"href":"https:\/\/www.santutxu.com\/fr\/wp-json\/wp\/v2\/users\/2"}],"replies":[{"embeddable":true,"href":"https:\/\/www.santutxu.com\/fr\/wp-json\/wp\/v2\/comments?post=14805"}],"version-history":[{"count":6,"href":"https:\/\/www.santutxu.com\/fr\/wp-json\/wp\/v2\/pages\/14805\/revisions"}],"predecessor-version":[{"id":16923,"href":"https:\/\/www.santutxu.com\/fr\/wp-json\/wp\/v2\/pages\/14805\/revisions\/16923"}],"wp:attachment":[{"href":"https:\/\/www.santutxu.com\/fr\/wp-json\/wp\/v2\/media?parent=14805"}],"curies":[{"name":"wp","href":"https:\/\/api.w.org\/{rel}","templated":true}]}}